{"id":610,"date":"2022-02-21T12:54:25","date_gmt":"2022-02-21T12:54:25","guid":{"rendered":"http:\/\/turismoburgos.digital\/?page_id=610"},"modified":"2022-03-12T08:53:22","modified_gmt":"2022-03-12T08:53:22","slug":"museo-militar","status":"publish","type":"page","link":"https:\/\/turismoburgos.digital\/index.php\/museo-militar\/","title":{"rendered":"Museo Militar"},"content":{"rendered":"\n<hr class=\"wp-block-separator\"\/>\n\n\n\n<figure class=\"wp-block-image size-full is-resized\"><img loading=\"lazy\" src=\"http:\/\/turismoburgos.digital\/wp-content\/uploads\/2022\/02\/photo1jpg.jpg\" alt=\"\" class=\"wp-image-1029\" width=\"1240\" height=\"929\" srcset=\"https:\/\/turismoburgos.digital\/wp-content\/uploads\/2022\/02\/photo1jpg.jpg 550w, https:\/\/turismoburgos.digital\/wp-content\/uploads\/2022\/02\/photo1jpg-300x225.jpg 300w, https:\/\/turismoburgos.digital\/wp-content\/uploads\/2022\/02\/photo1jpg-389x292.jpg 389w, https:\/\/turismoburgos.digital\/wp-content\/uploads\/2022\/02\/photo1jpg-414x311.jpg 414w, https:\/\/turismoburgos.digital\/wp-content\/uploads\/2022\/02\/photo1jpg-512x384.jpg 512w\" sizes=\"(max-width: 1240px) 100vw, 1240px\" \/><figcaption>Museo Militar<\/figcaption><\/figure>\n\n\n\n<hr class=\"wp-block-separator\"\/>\n\n\n\n<p><strong>Los fondos se la colecci\u00f3n permanente del Museo Militar de Burgos se reparten en cinco espacios expositivos. La muestra cuenta un gran desfile militar en miniatura y una maqueta del Castillo de Burgos. Uniformes, instrumentos cient\u00edficos, material de transmisiones y de sanidad explican la evoluci\u00f3n del Ej\u00e9rcito y de la diversidad de la profesi\u00f3n militar. Im\u00e1genes, objetos art\u00edsticos y ense\u00f1as de las Unidades y Cuarteles familiares que formaron parte de la vida y la fisonom\u00eda de la ciudad.<\/strong><br><strong>&nbsp;&nbsp;&nbsp;&nbsp;&nbsp;Una secci\u00f3n recorre los episodios hist\u00f3ricos m\u00e1s recientes en los que han participado los soldados y la labor que realiza el Ej\u00e9rcito. Mientras que la Sala de banderas permite descubrir la evoluci\u00f3n de la Ense\u00f1a Nacional a trav\u00e9s de Banderas y Estandartes que llevaron Unidades asentadas o vinculadas con Burgos.<\/strong><\/p>\n\n\n\n<hr class=\"wp-block-separator\"\/>\n\n\n\n<figure class=\"wp-block-embed is-type-video is-provider-youtube wp-block-embed-youtube wp-embed-aspect-16-9 wp-has-aspect-ratio\"><div class=\"wp-block-embed__wrapper\">\n<iframe loading=\"lazy\" title=\"Museo Militar\" width=\"1032\" height=\"581\" src=\"https:\/\/www.youtube.com\/embed\/7UASXXo05X8?feature=oembed\" frameborder=\"0\" allow=\"accelerometer; autoplay; clipboard-write; encrypted-media; gyroscope; picture-in-picture\" allowfullscreen><\/iframe>\n<\/div><\/figure>\n\n\n\n<hr class=\"wp-block-separator\"\/>\n\n\n\n<figure class=\"wp-block-gallery has-nested-images columns-default is-cropped\">\n<figure class=\"wp-block-image size-large\"><img loading=\"lazy\" width=\"800\" height=\"506\" data-id=\"1032\"  src=\"http:\/\/turismoburgos.digital\/wp-content\/uploads\/2022\/02\/ihycm-3389-g.jpg\" alt=\"\" class=\"wp-image-1032\" srcset=\"https:\/\/turismoburgos.digital\/wp-content\/uploads\/2022\/02\/ihycm-3389-g.jpg 800w, https:\/\/turismoburgos.digital\/wp-content\/uploads\/2022\/02\/ihycm-3389-g-300x190.jpg 300w, https:\/\/turismoburgos.digital\/wp-content\/uploads\/2022\/02\/ihycm-3389-g-768x486.jpg 768w, https:\/\/turismoburgos.digital\/wp-content\/uploads\/2022\/02\/ihycm-3389-g-389x246.jpg 389w, https:\/\/turismoburgos.digital\/wp-content\/uploads\/2022\/02\/ihycm-3389-g-414x262.jpg 414w, https:\/\/turismoburgos.digital\/wp-content\/uploads\/2022\/02\/ihycm-3389-g-512x324.jpg 512w\" sizes=\"(max-width: 800px) 100vw, 800px\" \/><\/figure>\n\n\n\n<figure class=\"wp-block-image size-large\"><img loading=\"lazy\" width=\"550\" height=\"309\" data-id=\"1033\"  src=\"http:\/\/turismoburgos.digital\/wp-content\/uploads\/2022\/02\/img-20160917-wa0008-largejpg.jpg\" alt=\"\" class=\"wp-image-1033\" srcset=\"https:\/\/turismoburgos.digital\/wp-content\/uploads\/2022\/02\/img-20160917-wa0008-largejpg.jpg 550w, https:\/\/turismoburgos.digital\/wp-content\/uploads\/2022\/02\/img-20160917-wa0008-largejpg-300x169.jpg 300w, https:\/\/turismoburgos.digital\/wp-content\/uploads\/2022\/02\/img-20160917-wa0008-largejpg-389x219.jpg 389w, https:\/\/turismoburgos.digital\/wp-content\/uploads\/2022\/02\/img-20160917-wa0008-largejpg-414x233.jpg 414w, https:\/\/turismoburgos.digital\/wp-content\/uploads\/2022\/02\/img-20160917-wa0008-largejpg-512x288.jpg 512w\" sizes=\"(max-width: 550px) 100vw, 550px\" \/><\/figure>\n\n\n\n<figure class=\"wp-block-image size-large\"><img loading=\"lazy\" width=\"338\" height=\"450\" data-id=\"1031\"  src=\"http:\/\/turismoburgos.digital\/wp-content\/uploads\/2022\/02\/museo-historico-militar-1.jpg\" alt=\"\" class=\"wp-image-1031\" srcset=\"https:\/\/turismoburgos.digital\/wp-content\/uploads\/2022\/02\/museo-historico-militar-1.jpg 338w, https:\/\/turismoburgos.digital\/wp-content\/uploads\/2022\/02\/museo-historico-militar-1-225x300.jpg 225w\" sizes=\"(max-width: 338px) 100vw, 338px\" \/><\/figure>\n\n\n\n<figure class=\"wp-block-image size-large\"><img loading=\"lazy\" width=\"550\" height=\"413\" data-id=\"1034\"  src=\"http:\/\/turismoburgos.digital\/wp-content\/uploads\/2022\/02\/coleccion-museo-1.jpg\" alt=\"\" class=\"wp-image-1034\" srcset=\"https:\/\/turismoburgos.digital\/wp-content\/uploads\/2022\/02\/coleccion-museo-1.jpg 550w, https:\/\/turismoburgos.digital\/wp-content\/uploads\/2022\/02\/coleccion-museo-1-300x225.jpg 300w, https:\/\/turismoburgos.digital\/wp-content\/uploads\/2022\/02\/coleccion-museo-1-389x292.jpg 389w, https:\/\/turismoburgos.digital\/wp-content\/uploads\/2022\/02\/coleccion-museo-1-414x311.jpg 414w, https:\/\/turismoburgos.digital\/wp-content\/uploads\/2022\/02\/coleccion-museo-1-512x384.jpg 512w\" sizes=\"(max-width: 550px) 100vw, 550px\" \/><\/figure>\n\n\n\n<figure class=\"wp-block-image size-large\"><img loading=\"lazy\" width=\"550\" height=\"413\" data-id=\"1035\"  src=\"http:\/\/turismoburgos.digital\/wp-content\/uploads\/2022\/02\/museo-historico-militar.jpg\" alt=\"\" class=\"wp-image-1035\" srcset=\"https:\/\/turismoburgos.digital\/wp-content\/uploads\/2022\/02\/museo-historico-militar.jpg 550w, https:\/\/turismoburgos.digital\/wp-content\/uploads\/2022\/02\/museo-historico-militar-300x225.jpg 300w, https:\/\/turismoburgos.digital\/wp-content\/uploads\/2022\/02\/museo-historico-militar-389x292.jpg 389w, https:\/\/turismoburgos.digital\/wp-content\/uploads\/2022\/02\/museo-historico-militar-414x311.jpg 414w, https:\/\/turismoburgos.digital\/wp-content\/uploads\/2022\/02\/museo-historico-militar-512x384.jpg 512w\" sizes=\"(max-width: 550px) 100vw, 550px\" \/><\/figure>\n<\/figure>\n\n\n\n<hr class=\"wp-block-separator\"\/>\n\n\n\n<p><strong>Plaza de Alonso Mart\u00ednez, 3<\/strong><br><strong>09003 Burgos<\/strong><\/p>\n\n\n\n<p><strong>947 47 89 13<\/strong><\/p>\n\n\n\n<p><a href=\"https:\/\/ejercito.defensa.gob.es\/unidades\/Madrid\/ihycm\/Museos\/burgos.html\">https:\/\/ejercito.defensa.gob.es\/unidades\/Madrid\/ihycm\/Museos\/burgos.html<\/a><\/p>\n\n\n\n<hr class=\"wp-block-separator\"\/>\n\n\n\n<div class=\"wp-container-1 wp-block-buttons\">\n<div class=\"wp-block-button\"><a class=\"wp-block-button__link\" href=\"https:\/\/www.google.com\/maps\/place\/Museo+Militar+de+Burgos\/@42.3436766,-3.7006495,15z\/data=!4m2!3m1!1s0x0:0x8e9fd717caababd1?sa=X&amp;ved=2ahUKEwj50f-4qJP2AhUJPuwKHVsEADcQ_BJ6BAglEAU\" target=\"_blank\" rel=\"noreferrer noopener\">C\u00f3mo llegar<\/a><\/div>\n<\/div>\n\n\n\n<hr class=\"wp-block-separator\"\/>\n\n\n\n<hr class=\"wp-block-separator\"\/>\n","protected":false},"excerpt":{"rendered":"<p>Los fondos se la colecci\u00f3n permanente del Museo Militar de Burgos se reparten en cinco espacios expositivos. La muestra cuenta un gran desfile militar en &hellip;<\/p>\n","protected":false},"author":1,"featured_media":1417,"parent":0,"menu_order":0,"comment_status":"closed","ping_status":"closed","template":"","meta":{"_monsterinsights_skip_tracking":false,"_monsterinsights_sitenote_active":false,"_monsterinsights_sitenote_note":"","_monsterinsights_sitenote_category":0},"_links":{"self":[{"href":"https:\/\/turismoburgos.digital\/index.php\/wp-json\/wp\/v2\/pages\/610"}],"collection":[{"href":"https:\/\/turismoburgos.digital\/index.php\/wp-json\/wp\/v2\/pages"}],"about":[{"href":"https:\/\/turismoburgos.digital\/index.php\/wp-json\/wp\/v2\/types\/page"}],"author":[{"embeddable":true,"href":"https:\/\/turismoburgos.digital\/index.php\/wp-json\/wp\/v2\/users\/1"}],"replies":[{"embeddable":true,"href":"https:\/\/turismoburgos.digital\/index.php\/wp-json\/wp\/v2\/comments?post=610"}],"version-history":[{"count":3,"href":"https:\/\/turismoburgos.digital\/index.php\/wp-json\/wp\/v2\/pages\/610\/revisions"}],"predecessor-version":[{"id":1418,"href":"https:\/\/turismoburgos.digital\/index.php\/wp-json\/wp\/v2\/pages\/610\/revisions\/1418"}],"wp:featuredmedia":[{"embeddable":true,"href":"https:\/\/turismoburgos.digital\/index.php\/wp-json\/wp\/v2\/media\/1417"}],"wp:attachment":[{"href":"https:\/\/turismoburgos.digital\/index.php\/wp-json\/wp\/v2\/media?parent=610"}],"curies":[{"name":"wp","href":"https:\/\/api.w.org\/{rel}","templated":true}]}}