{"id":471,"date":"2022-02-21T09:28:42","date_gmt":"2022-02-21T09:28:42","guid":{"rendered":"http:\/\/turismoburgos.digital\/?page_id=471"},"modified":"2022-03-12T08:32:36","modified_gmt":"2022-03-12T08:32:36","slug":"iglesia-de-san-lorenzo","status":"publish","type":"page","link":"https:\/\/turismoburgos.digital\/index.php\/iglesia-de-san-lorenzo\/","title":{"rendered":"Iglesia de San Lorenzo"},"content":{"rendered":"\n<hr class=\"wp-block-separator\"\/>\n\n\n\n<figure class=\"wp-block-image size-large is-resized\"><img loading=\"lazy\" src=\"http:\/\/turismoburgos.digital\/wp-content\/uploads\/2022\/02\/3622342-1-768x1024.jpg\" alt=\"\" class=\"wp-image-932\" width=\"1240\" height=\"1654\" srcset=\"https:\/\/turismoburgos.digital\/wp-content\/uploads\/2022\/02\/3622342-1-768x1024.jpg 768w, https:\/\/turismoburgos.digital\/wp-content\/uploads\/2022\/02\/3622342-1-225x300.jpg 225w, https:\/\/turismoburgos.digital\/wp-content\/uploads\/2022\/02\/3622342-1-1152x1536.jpg 1152w, https:\/\/turismoburgos.digital\/wp-content\/uploads\/2022\/02\/3622342-1-1536x2048.jpg 1536w, https:\/\/turismoburgos.digital\/wp-content\/uploads\/2022\/02\/3622342-1-389x519.jpg 389w, https:\/\/turismoburgos.digital\/wp-content\/uploads\/2022\/02\/3622342-1-414x552.jpg 414w, https:\/\/turismoburgos.digital\/wp-content\/uploads\/2022\/02\/3622342-1-800x1067.jpg 800w, https:\/\/turismoburgos.digital\/wp-content\/uploads\/2022\/02\/3622342-1-512x683.jpg 512w, https:\/\/turismoburgos.digital\/wp-content\/uploads\/2022\/02\/3622342-1.jpg 1920w\" sizes=\"(max-width: 1240px) 100vw, 1240px\" \/><figcaption>Iglesia de San Lorenzo<\/figcaption><\/figure>\n\n\n\n<hr class=\"wp-block-separator\"\/>\n\n\n\n<p><strong>Al comienzo de la calle de Los Herreros se levanta esta iglesia, construida a finales del siglo XVII por los maestros Bernab\u00e9 de Hazas y Francisco Pont\u00f3n.<\/strong><br><strong>&nbsp;&nbsp;&nbsp;&nbsp;&nbsp;Su retablo mayor, tambi\u00e9n barroco, fue ejecutado en el primer tercio del siglo XVIII por Jos\u00e9 Vald\u00e1n.<\/strong><br><strong>&nbsp;&nbsp;&nbsp;&nbsp;&nbsp;Esta iglesia perteneci\u00f3 a los Jesuitas hasta su expulsi\u00f3n en 1767.<\/strong><\/p>\n\n\n\n<hr class=\"wp-block-separator\"\/>\n\n\n\n<figure class=\"wp-block-gallery has-nested-images columns-default is-cropped\">\n<figure class=\"wp-block-image size-large\"><img loading=\"lazy\" width=\"550\" height=\"733\" data-id=\"935\"  src=\"http:\/\/turismoburgos.digital\/wp-content\/uploads\/2022\/02\/3622342.jpg\" alt=\"\" class=\"wp-image-935\" srcset=\"https:\/\/turismoburgos.digital\/wp-content\/uploads\/2022\/02\/3622342.jpg 550w, https:\/\/turismoburgos.digital\/wp-content\/uploads\/2022\/02\/3622342-225x300.jpg 225w, https:\/\/turismoburgos.digital\/wp-content\/uploads\/2022\/02\/3622342-389x518.jpg 389w, https:\/\/turismoburgos.digital\/wp-content\/uploads\/2022\/02\/3622342-414x552.jpg 414w, https:\/\/turismoburgos.digital\/wp-content\/uploads\/2022\/02\/3622342-512x682.jpg 512w\" sizes=\"(max-width: 550px) 100vw, 550px\" \/><\/figure>\n\n\n\n<figure class=\"wp-block-image size-large\"><img loading=\"lazy\" width=\"1024\" height=\"1024\" data-id=\"936\"  src=\"http:\/\/turismoburgos.digital\/wp-content\/uploads\/2022\/02\/19814050-la-gente-durante-la-misa-en-la-iglesia-catolica-de-san-lorenzo-en-burgos-espana-1024x1024.webp\" alt=\"\" class=\"wp-image-936\" srcset=\"https:\/\/turismoburgos.digital\/wp-content\/uploads\/2022\/02\/19814050-la-gente-durante-la-misa-en-la-iglesia-catolica-de-san-lorenzo-en-burgos-espana-1024x1024.webp 1024w, https:\/\/turismoburgos.digital\/wp-content\/uploads\/2022\/02\/19814050-la-gente-durante-la-misa-en-la-iglesia-catolica-de-san-lorenzo-en-burgos-espana-300x300.webp 300w, https:\/\/turismoburgos.digital\/wp-content\/uploads\/2022\/02\/19814050-la-gente-durante-la-misa-en-la-iglesia-catolica-de-san-lorenzo-en-burgos-espana-150x150.webp 150w, https:\/\/turismoburgos.digital\/wp-content\/uploads\/2022\/02\/19814050-la-gente-durante-la-misa-en-la-iglesia-catolica-de-san-lorenzo-en-burgos-espana-768x768.webp 768w, https:\/\/turismoburgos.digital\/wp-content\/uploads\/2022\/02\/19814050-la-gente-durante-la-misa-en-la-iglesia-catolica-de-san-lorenzo-en-burgos-espana-389x389.webp 389w, https:\/\/turismoburgos.digital\/wp-content\/uploads\/2022\/02\/19814050-la-gente-durante-la-misa-en-la-iglesia-catolica-de-san-lorenzo-en-burgos-espana-414x414.webp 414w, https:\/\/turismoburgos.digital\/wp-content\/uploads\/2022\/02\/19814050-la-gente-durante-la-misa-en-la-iglesia-catolica-de-san-lorenzo-en-burgos-espana-800x800.webp 800w, https:\/\/turismoburgos.digital\/wp-content\/uploads\/2022\/02\/19814050-la-gente-durante-la-misa-en-la-iglesia-catolica-de-san-lorenzo-en-burgos-espana-512x512.webp 512w, https:\/\/turismoburgos.digital\/wp-content\/uploads\/2022\/02\/19814050-la-gente-durante-la-misa-en-la-iglesia-catolica-de-san-lorenzo-en-burgos-espana.webp 1300w\" sizes=\"(max-width: 1024px) 100vw, 1024px\" \/><\/figure>\n\n\n\n<figure class=\"wp-block-image size-large\"><img loading=\"lazy\" width=\"163\" height=\"217\" data-id=\"937\"  src=\"http:\/\/turismoburgos.digital\/wp-content\/uploads\/2022\/02\/Burgos_-_San_Lorenzo_16.jpg\" alt=\"\" class=\"wp-image-937\"\/><\/figure>\n\n\n\n<figure class=\"wp-block-image size-large\"><img loading=\"lazy\" width=\"432\" height=\"450\" data-id=\"934\"  src=\"http:\/\/turismoburgos.digital\/wp-content\/uploads\/2022\/02\/central-dome-hovering.jpg\" alt=\"\" class=\"wp-image-934\" srcset=\"https:\/\/turismoburgos.digital\/wp-content\/uploads\/2022\/02\/central-dome-hovering.jpg 432w, https:\/\/turismoburgos.digital\/wp-content\/uploads\/2022\/02\/central-dome-hovering-288x300.jpg 288w, https:\/\/turismoburgos.digital\/wp-content\/uploads\/2022\/02\/central-dome-hovering-389x405.jpg 389w, https:\/\/turismoburgos.digital\/wp-content\/uploads\/2022\/02\/central-dome-hovering-414x431.jpg 414w\" sizes=\"(max-width: 432px) 100vw, 432px\" \/><\/figure>\n\n\n\n<figure class=\"wp-block-image size-large\"><img loading=\"lazy\" width=\"550\" height=\"733\" data-id=\"933\"  src=\"http:\/\/turismoburgos.digital\/wp-content\/uploads\/2022\/02\/church-of-san-lorenzo.jpg\" alt=\"\" class=\"wp-image-933\" srcset=\"https:\/\/turismoburgos.digital\/wp-content\/uploads\/2022\/02\/church-of-san-lorenzo.jpg 550w, https:\/\/turismoburgos.digital\/wp-content\/uploads\/2022\/02\/church-of-san-lorenzo-225x300.jpg 225w, https:\/\/turismoburgos.digital\/wp-content\/uploads\/2022\/02\/church-of-san-lorenzo-389x518.jpg 389w, https:\/\/turismoburgos.digital\/wp-content\/uploads\/2022\/02\/church-of-san-lorenzo-414x552.jpg 414w, https:\/\/turismoburgos.digital\/wp-content\/uploads\/2022\/02\/church-of-san-lorenzo-512x682.jpg 512w\" sizes=\"(max-width: 550px) 100vw, 550px\" \/><\/figure>\n<\/figure>\n\n\n\n<hr class=\"wp-block-separator\"\/>\n\n\n\n<p><strong>Calle San Lorenzo, 32<\/strong><br><strong>09003 Burgos<\/strong><\/p>\n\n\n\n<p><strong>947 26 02 25<\/strong><\/p>\n\n\n\n<p><a href=\"https:\/\/es.wikipedia.org\/wiki\/Iglesia_de_San_Lorenzo_el_Real_(Burgos)\" target=\"_blank\" rel=\"noreferrer noopener\">https:\/\/es.wikipedia.org\/wiki\/Iglesia_de_San_Lorenzo_el_Real_(Burgos)<\/a><\/p>\n\n\n\n<hr class=\"wp-block-separator\"\/>\n\n\n\n<div class=\"wp-container-1 wp-block-buttons\">\n<div class=\"wp-block-button\"><a class=\"wp-block-button__link\" href=\"https:\/\/www.google.com\/maps\/place\/Parroquia+de+San+Lorenzo+el+Real\/@42.3426163,-3.7009439,15z\/data=!4m2!3m1!1s0x0:0xd8b4c8edf776b769?sa=X&amp;hl=es&amp;ved=2ahUKEwi1r8nQl5P2AhXyMuwKHRboC7UQ_BJ6BAgtEAU\" target=\"_blank\" rel=\"noreferrer noopener\">C\u00f3mo llegar<\/a><\/div>\n<\/div>\n\n\n\n<hr class=\"wp-block-separator\"\/>\n\n\n\n<hr class=\"wp-block-separator\"\/>\n","protected":false},"excerpt":{"rendered":"<p>Al comienzo de la calle de Los Herreros se levanta esta iglesia, construida a finales del siglo XVII por los maestros Bernab\u00e9 de Hazas y &hellip;<\/p>\n","protected":false},"author":1,"featured_media":1397,"parent":0,"menu_order":0,"comment_status":"closed","ping_status":"closed","template":"","meta":{"_monsterinsights_skip_tracking":false,"_monsterinsights_sitenote_active":false,"_monsterinsights_sitenote_note":"","_monsterinsights_sitenote_category":0},"_links":{"self":[{"href":"https:\/\/turismoburgos.digital\/index.php\/wp-json\/wp\/v2\/pages\/471"}],"collection":[{"href":"https:\/\/turismoburgos.digital\/index.php\/wp-json\/wp\/v2\/pages"}],"about":[{"href":"https:\/\/turismoburgos.digital\/index.php\/wp-json\/wp\/v2\/types\/page"}],"author":[{"embeddable":true,"href":"https:\/\/turismoburgos.digital\/index.php\/wp-json\/wp\/v2\/users\/1"}],"replies":[{"embeddable":true,"href":"https:\/\/turismoburgos.digital\/index.php\/wp-json\/wp\/v2\/comments?post=471"}],"version-history":[{"count":3,"href":"https:\/\/turismoburgos.digital\/index.php\/wp-json\/wp\/v2\/pages\/471\/revisions"}],"predecessor-version":[{"id":1398,"href":"https:\/\/turismoburgos.digital\/index.php\/wp-json\/wp\/v2\/pages\/471\/revisions\/1398"}],"wp:featuredmedia":[{"embeddable":true,"href":"https:\/\/turismoburgos.digital\/index.php\/wp-json\/wp\/v2\/media\/1397"}],"wp:attachment":[{"href":"https:\/\/turismoburgos.digital\/index.php\/wp-json\/wp\/v2\/media?parent=471"}],"curies":[{"name":"wp","href":"https:\/\/api.w.org\/{rel}","templated":true}]}}