{"id":45,"date":"2022-02-17T19:16:52","date_gmt":"2022-02-17T19:16:52","guid":{"rendered":"http:\/\/turismoburgos.digital\/?page_id=45"},"modified":"2022-03-12T07:31:32","modified_gmt":"2022-03-12T07:31:32","slug":"senderismo","status":"publish","type":"page","link":"https:\/\/turismoburgos.digital\/index.php\/senderismo\/","title":{"rendered":"Senderismo"},"content":{"rendered":"\n<hr class=\"wp-block-separator\"\/>\n\n\n\n<h2 id=\"las-mejores-rutas-de-senderismo-en-burgos\">Las mejores rutas de Senderismo en Burgos<\/h2>\n\n\n\n<hr class=\"wp-block-separator\"\/>\n\n\n\n<div class=\"wp-block-media-text alignwide is-stacked-on-mobile\"><figure class=\"wp-block-media-text__media\"><img loading=\"lazy\" width=\"300\" height=\"225\" src=\"http:\/\/turismoburgos.digital\/wp-content\/uploads\/2022\/02\/4656171Master.jpg\" alt=\"\" class=\"wp-image-642 size-full\"\/><\/figure><div class=\"wp-block-media-text__content\">\n<h3 id=\"los-caminos-del-agua-siguiendo-el-arlanzon-ruta-7-burgos\"><a href=\"https:\/\/es.wikiloc.com\/rutas-a-pie\/los-caminos-del-agua-siguiendo-el-arlanzon-ruta-7-burgos-7957002\">Los caminos del agua siguiendo el Arlanzon (Ruta 7-Burgos)<\/a><\/h3>\n\n\n\n<p><strong>8,62&nbsp;kil\u00f3metros<\/strong>&nbsp;&#8211;&nbsp;F\u00e1cil&nbsp;&#8211;&nbsp;<em>por&nbsp;<a href=\"https:\/\/es.wikiloc.com\/wikiloc\/user.do?id=360494\">nieto76<\/a><\/em><\/p>\n\n\n\n<p>cerca de&nbsp;Villacienzo, Castilla y Le\u00f3n (Espa\u00f1a)<\/p>\n<\/div><\/div>\n\n\n\n<hr class=\"wp-block-separator\"\/>\n\n\n\n<div class=\"wp-block-media-text alignwide is-stacked-on-mobile\"><figure class=\"wp-block-media-text__media\"><img loading=\"lazy\" width=\"525\" height=\"525\" src=\"http:\/\/turismoburgos.digital\/wp-content\/uploads\/2022\/02\/20674867Master.jpg\" alt=\"\" class=\"wp-image-645 size-full\" srcset=\"https:\/\/turismoburgos.digital\/wp-content\/uploads\/2022\/02\/20674867Master.jpg 525w, https:\/\/turismoburgos.digital\/wp-content\/uploads\/2022\/02\/20674867Master-300x300.jpg 300w, https:\/\/turismoburgos.digital\/wp-content\/uploads\/2022\/02\/20674867Master-150x150.jpg 150w, https:\/\/turismoburgos.digital\/wp-content\/uploads\/2022\/02\/20674867Master-389x389.jpg 389w, https:\/\/turismoburgos.digital\/wp-content\/uploads\/2022\/02\/20674867Master-414x414.jpg 414w, https:\/\/turismoburgos.digital\/wp-content\/uploads\/2022\/02\/20674867Master-512x512.jpg 512w\" sizes=\"(max-width: 525px) 100vw, 525px\" \/><\/figure><div class=\"wp-block-media-text__content\">\n<h3 id=\"muralla-medieval-puertas-y-arcos-defensivos-burgos-ene-19-ruta-historica-y-turistica\"><a href=\"https:\/\/es.wikiloc.com\/rutas-a-pie\/muralla-medieval-puertas-y-arcos-defensivos-burgos-ene-19-ruta-historica-y-turistica-32087807\">Muralla Medieval. Puertas y Arcos Defensivos. BURGOS. ENE 19. Ruta Hist\u00f3rica y Tur\u00edstica<\/a><\/h3>\n\n\n\n<p><strong>3,83&nbsp;kil\u00f3metros<\/strong>&nbsp;&#8211;&nbsp;Moderado&nbsp;&#8211;&nbsp;<em>por&nbsp;<a href=\"https:\/\/es.wikiloc.com\/wikiloc\/user.do?id=452487\">MiraBurgos<\/a><\/em><\/p>\n\n\n\n<p>cerca de&nbsp;Burgos, Castilla y Le\u00f3n (Espa\u00f1a)<\/p>\n<\/div><\/div>\n\n\n\n<hr class=\"wp-block-separator\"\/>\n\n\n\n<div class=\"wp-block-media-text alignwide is-stacked-on-mobile\"><figure class=\"wp-block-media-text__media\"><img loading=\"lazy\" width=\"1024\" height=\"768\" src=\"http:\/\/turismoburgos.digital\/wp-content\/uploads\/2022\/02\/47283666Master-1024x768.jpg\" alt=\"\" class=\"wp-image-646 size-full\" srcset=\"https:\/\/turismoburgos.digital\/wp-content\/uploads\/2022\/02\/47283666Master-1024x768.jpg 1024w, https:\/\/turismoburgos.digital\/wp-content\/uploads\/2022\/02\/47283666Master-300x225.jpg 300w, https:\/\/turismoburgos.digital\/wp-content\/uploads\/2022\/02\/47283666Master-768x576.jpg 768w, https:\/\/turismoburgos.digital\/wp-content\/uploads\/2022\/02\/47283666Master-1536x1152.jpg 1536w, https:\/\/turismoburgos.digital\/wp-content\/uploads\/2022\/02\/47283666Master-389x292.jpg 389w, https:\/\/turismoburgos.digital\/wp-content\/uploads\/2022\/02\/47283666Master-414x311.jpg 414w, https:\/\/turismoburgos.digital\/wp-content\/uploads\/2022\/02\/47283666Master-800x600.jpg 800w, https:\/\/turismoburgos.digital\/wp-content\/uploads\/2022\/02\/47283666Master-512x384.jpg 512w, https:\/\/turismoburgos.digital\/wp-content\/uploads\/2022\/02\/47283666Master.jpg 1600w\" sizes=\"(max-width: 1024px) 100vw, 1024px\" \/><\/figure><div class=\"wp-block-media-text__content\">\n<h3 id=\"camino-natural-santander-mediterraneo-paso-por-burgos\"><a href=\"https:\/\/es.wikiloc.com\/rutas-a-pie\/camino-natural-santander-mediterraneo-paso-por-burgos-71991028\">Camino natural Santander &#8211; Mediterr\u00e1neo. Paso por Burgos<\/a><\/h3>\n\n\n\n<p><strong>10,41&nbsp;kil\u00f3metros<\/strong>&nbsp;&#8211;&nbsp;F\u00e1cil&nbsp;&#8211;&nbsp;<em>por&nbsp;<a href=\"https:\/\/es.wikiloc.com\/wikiloc\/user.do?id=1670373\">fco.oceja<\/a><\/em><\/p>\n\n\n\n<p>cerca de&nbsp;Burgos, Castilla y Le\u00f3n (Espa\u00f1a)<\/p>\n<\/div><\/div>\n\n\n\n<hr class=\"wp-block-separator\"\/>\n\n\n\n<div class=\"wp-block-media-text alignwide is-stacked-on-mobile\"><figure class=\"wp-block-media-text__media\"><img loading=\"lazy\" width=\"768\" height=\"1024\" src=\"http:\/\/turismoburgos.digital\/wp-content\/uploads\/2022\/02\/12094093Master-768x1024.jpg\" alt=\"\" class=\"wp-image-647 size-full\" srcset=\"https:\/\/turismoburgos.digital\/wp-content\/uploads\/2022\/02\/12094093Master-768x1024.jpg 768w, https:\/\/turismoburgos.digital\/wp-content\/uploads\/2022\/02\/12094093Master-225x300.jpg 225w, https:\/\/turismoburgos.digital\/wp-content\/uploads\/2022\/02\/12094093Master-389x519.jpg 389w, https:\/\/turismoburgos.digital\/wp-content\/uploads\/2022\/02\/12094093Master-414x552.jpg 414w, https:\/\/turismoburgos.digital\/wp-content\/uploads\/2022\/02\/12094093Master-800x1067.jpg 800w, https:\/\/turismoburgos.digital\/wp-content\/uploads\/2022\/02\/12094093Master-512x683.jpg 512w, https:\/\/turismoburgos.digital\/wp-content\/uploads\/2022\/02\/12094093Master.jpg 900w\" sizes=\"(max-width: 768px) 100vw, 768px\" \/><\/figure><div class=\"wp-block-media-text__content\">\n<h3 id=\"gamonal-fuentes-blancas-por-la-cartuja-de-miraflores\"><a href=\"https:\/\/es.wikiloc.com\/rutas-a-pie\/gamonal-fuentes-blancas-por-la-cartuja-de-miraflores-19282479\">Gamonal Fuentes Blancas por la Cartuja de Miraflores<\/a><\/h3>\n\n\n\n<p><strong>7,37&nbsp;kil\u00f3metros<\/strong>&nbsp;&#8211;&nbsp;F\u00e1cil&nbsp;&#8211;&nbsp;<em>por&nbsp;<a href=\"https:\/\/es.wikiloc.com\/wikiloc\/user.do?id=1599295\">Jos\u00e9 Ignacio Gil<\/a><\/em><\/p>\n\n\n\n<p>cerca de&nbsp;Gamonal, Castilla y Le\u00f3n (Espa\u00f1a)<\/p>\n<\/div><\/div>\n\n\n\n<hr class=\"wp-block-separator\"\/>\n\n\n\n<h2 id=\"todas-estas-rutas-y-muchas-mas-las-puedes-encontrar-en\"><strong>Todas estas rutas y muchas m\u00e1s las puedes encontrar en:<\/strong><\/h2>\n\n\n\n<p><a href=\"https:\/\/es.wikiloc.com\/rutas\/a-pie\/espana\/castilla-y-leon\/burgos\" target=\"_blank\" rel=\"noreferrer noopener\">https:\/\/es.wikiloc.com\/rutas\/a-pie\/espana\/castilla-y-leon\/burgos<\/a><\/p>\n\n\n\n<hr class=\"wp-block-separator\"\/>\n\n\n\n<hr class=\"wp-block-separator\"\/>\n","protected":false},"excerpt":{"rendered":"<p>Las mejores rutas de Senderismo en Burgos Los caminos del agua siguiendo el Arlanzon (Ruta 7-Burgos) 8,62&nbsp;kil\u00f3metros&nbsp;&#8211;&nbsp;F\u00e1cil&nbsp;&#8211;&nbsp;por&nbsp;nieto76 cerca de&nbsp;Villacienzo, Castilla y Le\u00f3n (Espa\u00f1a) Muralla Medieval. &hellip;<\/p>\n","protected":false},"author":1,"featured_media":1327,"parent":0,"menu_order":0,"comment_status":"closed","ping_status":"closed","template":"","meta":{"_monsterinsights_skip_tracking":false,"_monsterinsights_sitenote_active":false,"_monsterinsights_sitenote_note":"","_monsterinsights_sitenote_category":0},"_links":{"self":[{"href":"https:\/\/turismoburgos.digital\/index.php\/wp-json\/wp\/v2\/pages\/45"}],"collection":[{"href":"https:\/\/turismoburgos.digital\/index.php\/wp-json\/wp\/v2\/pages"}],"about":[{"href":"https:\/\/turismoburgos.digital\/index.php\/wp-json\/wp\/v2\/types\/page"}],"author":[{"embeddable":true,"href":"https:\/\/turismoburgos.digital\/index.php\/wp-json\/wp\/v2\/users\/1"}],"replies":[{"embeddable":true,"href":"https:\/\/turismoburgos.digital\/index.php\/wp-json\/wp\/v2\/comments?post=45"}],"version-history":[{"count":4,"href":"https:\/\/turismoburgos.digital\/index.php\/wp-json\/wp\/v2\/pages\/45\/revisions"}],"predecessor-version":[{"id":648,"href":"https:\/\/turismoburgos.digital\/index.php\/wp-json\/wp\/v2\/pages\/45\/revisions\/648"}],"wp:featuredmedia":[{"embeddable":true,"href":"https:\/\/turismoburgos.digital\/index.php\/wp-json\/wp\/v2\/media\/1327"}],"wp:attachment":[{"href":"https:\/\/turismoburgos.digital\/index.php\/wp-json\/wp\/v2\/media?parent=45"}],"curies":[{"name":"wp","href":"https:\/\/api.w.org\/{rel}","templated":true}]}}