{"id":44,"date":"2022-02-17T19:16:52","date_gmt":"2022-02-17T19:16:52","guid":{"rendered":"http:\/\/turismoburgos.digital\/?page_id=44"},"modified":"2023-06-05T07:53:23","modified_gmt":"2023-06-05T07:53:23","slug":"hoteles","status":"publish","type":"page","link":"https:\/\/turismoburgos.digital\/index.php\/hoteles\/","title":{"rendered":"Hoteles"},"content":{"rendered":"\n<hr class=\"wp-block-separator\"\/>\n\n\n\n<h2 id=\"hoteles-recomendados\">HOTELES RECOMENDADOS<\/h2>\n\n\n\n<hr class=\"wp-block-separator\"\/>\n\n\n\n<div class=\"wp-block-media-text alignwide is-stacked-on-mobile\"><figure class=\"wp-block-media-text__media\"><img loading=\"lazy\" width=\"425\" height=\"113\" src=\"http:\/\/turismoburgos.digital\/wp-content\/uploads\/2022\/02\/2018-02-04-27.png\" alt=\"\" class=\"wp-image-635 size-full\" srcset=\"https:\/\/turismoburgos.digital\/wp-content\/uploads\/2022\/02\/2018-02-04-27.png 425w, https:\/\/turismoburgos.digital\/wp-content\/uploads\/2022\/02\/2018-02-04-27-300x80.png 300w, https:\/\/turismoburgos.digital\/wp-content\/uploads\/2022\/02\/2018-02-04-27-389x103.png 389w, https:\/\/turismoburgos.digital\/wp-content\/uploads\/2022\/02\/2018-02-04-27-414x110.png 414w\" sizes=\"(max-width: 425px) 100vw, 425px\" \/><\/figure><div class=\"wp-block-media-text__content\">\n<p class=\"has-large-font-size\">Hotel Abad\u00eda camino de santiago***<\/p>\n\n\n\n<p><strong>El Hotel Abad\u00eda en Burgos se encuentra situado a orillas del r\u00edo Arlanz\u00f3n. Hotel de 3 estrellas con todas las comodidades necesarias para que su estancia en la ciudad sea agradable. Disponemos de modernas estancias exteriores con wifi, algunas con ba\u00f1era hidromasaje, con desayuno continental en su cafeter\u00eda. Demostramos pasi\u00f3n por la Hosteler\u00eda y una filosof\u00eda de trabajo y respeto hacia el cliente.<\/strong><\/p>\n\n\n\n<figure class=\"wp-block-embed is-type-wp-embed is-provider-hotel-abadia-camino-de-santiago wp-block-embed-hotel-abadia-camino-de-santiago\"><div class=\"wp-block-embed__wrapper\">\n<blockquote class=\"wp-embedded-content\" data-secret=\"Pf14mrZYEy\"><a href=\"https:\/\/hotelabadiaburgos.com\/\">Inicio<\/a><\/blockquote><iframe class=\"wp-embedded-content\" sandbox=\"allow-scripts\" security=\"restricted\" style=\"position: absolute; clip: rect(1px, 1px, 1px, 1px);\" title=\"&#171;Inicio&#187; &#8212; Hotel Abad\u00eda Camino de Santiago\" src=\"https:\/\/hotelabadiaburgos.com\/embed\/#?secret=Pf14mrZYEy\" data-secret=\"Pf14mrZYEy\" width=\"600\" height=\"338\" frameborder=\"0\" marginwidth=\"0\" marginheight=\"0\" scrolling=\"no\"><\/iframe>\n<\/div><figcaption><a href=\"https:\/\/hotelabadiaburgos.com\/\" target=\"_blank\" rel=\"noreferrer noopener\">https:\/\/hotelabadiaburgos.com\/<\/a><\/figcaption><\/figure>\n<\/div><\/div>\n\n\n\n<hr class=\"wp-block-separator\"\/>\n\n\n\n<div class=\"wp-block-media-text alignwide is-stacked-on-mobile\"><figure class=\"wp-block-media-text__media\"><img loading=\"lazy\" width=\"1024\" height=\"545\" src=\"http:\/\/turismoburgos.digital\/wp-content\/uploads\/2022\/02\/Imagen4-1-1024x545.png\" alt=\"\" class=\"wp-image-630 size-full\" srcset=\"https:\/\/turismoburgos.digital\/wp-content\/uploads\/2022\/02\/Imagen4-1-1024x545.png 1024w, https:\/\/turismoburgos.digital\/wp-content\/uploads\/2022\/02\/Imagen4-1-300x160.png 300w, https:\/\/turismoburgos.digital\/wp-content\/uploads\/2022\/02\/Imagen4-1-768x409.png 768w, https:\/\/turismoburgos.digital\/wp-content\/uploads\/2022\/02\/Imagen4-1-1536x817.png 1536w, https:\/\/turismoburgos.digital\/wp-content\/uploads\/2022\/02\/Imagen4-1-389x207.png 389w, https:\/\/turismoburgos.digital\/wp-content\/uploads\/2022\/02\/Imagen4-1-414x220.png 414w, https:\/\/turismoburgos.digital\/wp-content\/uploads\/2022\/02\/Imagen4-1-800x426.png 800w, https:\/\/turismoburgos.digital\/wp-content\/uploads\/2022\/02\/Imagen4-1-512x272.png 512w, https:\/\/turismoburgos.digital\/wp-content\/uploads\/2022\/02\/Imagen4-1.png 1940w\" sizes=\"(max-width: 1024px) 100vw, 1024px\" \/><\/figure><div class=\"wp-block-media-text__content\">\n<p class=\"has-large-font-size\">Hotel Buenos Aires**<\/p>\n\n\n\n<p>E<strong>st\u00e1 situado a 10 minutos en coche del centro hist\u00f3rico de Burgos, en la ruta de peregrinaci\u00f3n del Camino de Santiago. Ofrece aparcamiento gratuito y habitaciones con WiFi gratuita.<\/strong><\/p>\n\n\n\n<p><a href=\"https:\/\/turismoburgos.es\/hotelbuenosaires\/\" target=\"_blank\" rel=\"noreferrer noopener\">https:\/\/turismoburgos.es\/hotelbuenosaires\/<\/a><\/p>\n<\/div><\/div>\n\n\n\n<hr class=\"wp-block-separator\"\/>\n\n\n\n<div class=\"wp-block-media-text alignwide is-stacked-on-mobile\"><figure class=\"wp-block-media-text__media\"><img loading=\"lazy\" width=\"1024\" height=\"659\" src=\"http:\/\/turismoburgos.digital\/wp-content\/uploads\/2022\/02\/Imagen3-1-1024x659.png\" alt=\"\" class=\"wp-image-631 size-full\" srcset=\"https:\/\/turismoburgos.digital\/wp-content\/uploads\/2022\/02\/Imagen3-1-1024x659.png 1024w, https:\/\/turismoburgos.digital\/wp-content\/uploads\/2022\/02\/Imagen3-1-300x193.png 300w, https:\/\/turismoburgos.digital\/wp-content\/uploads\/2022\/02\/Imagen3-1-768x494.png 768w, https:\/\/turismoburgos.digital\/wp-content\/uploads\/2022\/02\/Imagen3-1-1536x989.png 1536w, https:\/\/turismoburgos.digital\/wp-content\/uploads\/2022\/02\/Imagen3-1-389x250.png 389w, https:\/\/turismoburgos.digital\/wp-content\/uploads\/2022\/02\/Imagen3-1-414x266.png 414w, https:\/\/turismoburgos.digital\/wp-content\/uploads\/2022\/02\/Imagen3-1-800x515.png 800w, https:\/\/turismoburgos.digital\/wp-content\/uploads\/2022\/02\/Imagen3-1-512x330.png 512w, https:\/\/turismoburgos.digital\/wp-content\/uploads\/2022\/02\/Imagen3-1.png 1748w\" sizes=\"(max-width: 1024px) 100vw, 1024px\" \/><\/figure><div class=\"wp-block-media-text__content\">\n<p class=\"has-large-font-size\">Hotel Ciudad de Burgos***<\/p>\n\n\n\n<p><strong>El Hotel Ciudad de Burgos<br>te da la oportunidad de elegir entre diferentes servicios gastron\u00f3micos para que puedas realizar la m\u00e1s completa de las celebraciones,<br>&nbsp;invitar a los asistentes de tu evento,<br>comer a la carta o probar nuestras elaboraciones m\u00e1s desenfadadas en la cafeter\u00eda del hotel.<\/strong><\/p>\n\n\n\n<p><a href=\"https:\/\/turismoburgos.es\/hotelciudaddeburgos\/\" target=\"_blank\" rel=\"noreferrer noopener\">https:\/\/turismoburgos.es\/hotelciudaddeburgos\/<\/a><\/p>\n<\/div><\/div>\n\n\n\n<hr class=\"wp-block-separator\"\/>\n\n\n\n<div class=\"wp-block-media-text alignwide is-stacked-on-mobile\"><figure class=\"wp-block-media-text__media\"><a href=\"https:\/\/hotelasvegas.net\/\"><img loading=\"lazy\" width=\"1024\" height=\"712\" src=\"http:\/\/turismoburgos.digital\/wp-content\/uploads\/2022\/02\/Imagen5-1-1024x712.png\" alt=\"\" class=\"wp-image-632 size-full\" srcset=\"https:\/\/turismoburgos.digital\/wp-content\/uploads\/2022\/02\/Imagen5-1-1024x712.png 1024w, https:\/\/turismoburgos.digital\/wp-content\/uploads\/2022\/02\/Imagen5-1-300x209.png 300w, https:\/\/turismoburgos.digital\/wp-content\/uploads\/2022\/02\/Imagen5-1-768x534.png 768w, https:\/\/turismoburgos.digital\/wp-content\/uploads\/2022\/02\/Imagen5-1-1536x1068.png 1536w, https:\/\/turismoburgos.digital\/wp-content\/uploads\/2022\/02\/Imagen5-1-389x270.png 389w, https:\/\/turismoburgos.digital\/wp-content\/uploads\/2022\/02\/Imagen5-1-414x288.png 414w, https:\/\/turismoburgos.digital\/wp-content\/uploads\/2022\/02\/Imagen5-1-800x556.png 800w, https:\/\/turismoburgos.digital\/wp-content\/uploads\/2022\/02\/Imagen5-1-512x356.png 512w, https:\/\/turismoburgos.digital\/wp-content\/uploads\/2022\/02\/Imagen5-1.png 1716w\" sizes=\"(max-width: 1024px) 100vw, 1024px\" \/><\/a><\/figure><div class=\"wp-block-media-text__content\">\n<p class=\"has-large-font-size\">Hotel Las Vegas**<\/p>\n\n\n\n<p><strong>&#8220;Las Vegas&nbsp;**&nbsp;es un hotel de tradici\u00f3n familiar con m\u00e1s de cincuenta a\u00f1os de&nbsp;historia y de&nbsp;experiencia.&nbsp;A lo largo de este tiempo, hemos centrado nuestro&nbsp;esfuerzo en la mejora continua&nbsp;&nbsp;y en ofrecer siempre a nuestros clientes lo mejor&nbsp;de nosotros, cuidando tanto a los reci\u00e9n&nbsp;&nbsp;llegados como a los que llevan toda la vida&nbsp;aloj\u00e1ndose en casa.&nbsp;Para ello, hemos ido&nbsp;&nbsp;ampliando nuestras instalaciones y hemos&nbsp;hecho varias reformas en nuestras habitaciones y&nbsp;&nbsp;salones&#8221;.<\/strong><\/p>\n\n\n\n<p><a href=\"https:\/\/hotelasvegas.net\/\" target=\"_blank\" rel=\"noreferrer noopener\">http:\/\/hotelasvegas.net\/<\/a><\/p>\n<\/div><\/div>\n\n\n\n<hr class=\"wp-block-separator\"\/>\n\n\n\n<div class=\"wp-block-media-text alignwide is-stacked-on-mobile\"><figure class=\"wp-block-media-text__media\"><img loading=\"lazy\" width=\"340\" height=\"171\" src=\"http:\/\/turismoburgos.digital\/wp-content\/uploads\/2022\/02\/Irunako.png\" alt=\"\" class=\"wp-image-633 size-full\" srcset=\"https:\/\/turismoburgos.digital\/wp-content\/uploads\/2022\/02\/Irunako.png 340w, https:\/\/turismoburgos.digital\/wp-content\/uploads\/2022\/02\/Irunako-300x151.png 300w\" sizes=\"(max-width: 340px) 100vw, 340px\" \/><\/figure><div class=\"wp-block-media-text__content\">\n<p class=\"has-large-font-size\">Hostal Iru\u00f1ako<\/p>\n\n\n\n<p><strong>El Hostal Iru\u00f1ako&nbsp;es un referente en Burgos por su hospitalidad, su trato directo y cordial con el cliente y su&nbsp;renombrado restaurante.<\/strong><\/p>\n\n\n\n<p><strong>Estamos situados a diez minutos del centro hist\u00f3rico de&nbsp;Burgos&nbsp;y a 1 km del aeropuerto. Es una zona empresarial y de negocios, pr\u00f3xima a los yacimientos de Atapuerca y en pleno Camino de Santiago.<\/strong><\/p>\n\n\n\n<figure class=\"wp-block-embed is-type-wp-embed is-provider-irunako-tu-hostal-en-burgos-hostal-restaurante-irunako-burgos wp-block-embed-irunako-tu-hostal-en-burgos-hostal-restaurante-irunako-burgos\"><div class=\"wp-block-embed__wrapper\">\n<blockquote class=\"wp-embedded-content\" data-secret=\"AEQw4N8xgn\"><a href=\"https:\/\/www.irunako.es\/\">Iru\u00f1ako tu hostal en Burgos<\/a><\/blockquote><iframe class=\"wp-embedded-content\" sandbox=\"allow-scripts\" security=\"restricted\" style=\"position: absolute; clip: rect(1px, 1px, 1px, 1px);\" title=\"&#8220;Iru\u00f1ako tu hostal en Burgos&#8221; &#8212; Iru\u00f1ako, tu hostal en Burgos \u00b7 Hostal Restaurante Iru\u00f1ako Burgos\" src=\"https:\/\/www.irunako.es\/embed\/#?secret=AEQw4N8xgn\" data-secret=\"AEQw4N8xgn\" width=\"600\" height=\"338\" frameborder=\"0\" marginwidth=\"0\" marginheight=\"0\" scrolling=\"no\"><\/iframe>\n<\/div><figcaption><a href=\"https:\/\/www.irunako.es\/\" target=\"_blank\" rel=\"noreferrer noopener\">https:\/\/www.irunako.es\/<\/a><\/figcaption><\/figure>\n<\/div><\/div>\n\n\n\n<hr class=\"wp-block-separator\"\/>\n\n\n\n<div class=\"wp-block-media-text alignwide is-stacked-on-mobile\"><figure class=\"wp-block-media-text__media\"><img loading=\"lazy\" width=\"188\" height=\"209\" src=\"http:\/\/turismoburgos.digital\/wp-content\/uploads\/2022\/02\/Captura-de-pantalla-359.png\" alt=\"\" class=\"wp-image-634 size-full\"\/><\/figure><div class=\"wp-block-media-text__content\">\n<p class=\"has-large-font-size\">Hostal La Buena Villa<\/p>\n\n\n\n<p><strong>Hostal \/ Restaurante en el barrio de Villalonqu\u00e9jar, a las afuera de Burgos, donde ofrecemos desde alojamiento hasta txuleta de lujo. En constante cambio para el mejor descanso de nuestros clientes<\/strong><\/p>\n\n\n\n<p><strong>La Buena Villa se encuentra a 13 km de Burgos y a 27 km de Mata. El aeropuerto m\u00e1s cercano es el de Burgos, ubicado a 18 km del establecimiento.<\/strong><\/p>\n\n\n\n<p><a href=\"https:\/\/www.labuenavilla.es\/\" target=\"_blank\" rel=\"noreferrer noopener\">https:\/\/www.labuenavilla.es\/<\/a><\/p>\n<\/div><\/div>\n\n\n\n<hr class=\"wp-block-separator\"\/>\n\n\n\n<hr class=\"wp-block-separator\"\/>\n\n\n\n<hr class=\"wp-block-separator\"\/>\n","protected":false},"excerpt":{"rendered":"<p>HOTELES RECOMENDADOS Hotel Buenos Aires** Est\u00e1 situado a 10 minutos en coche del centro hist\u00f3rico de Burgos, en la ruta de peregrinaci\u00f3n del Camino de &hellip;<\/p>\n","protected":false},"author":1,"featured_media":1325,"parent":0,"menu_order":0,"comment_status":"closed","ping_status":"closed","template":"","meta":{"_monsterinsights_skip_tracking":false,"_monsterinsights_sitenote_active":false,"_monsterinsights_sitenote_note":"","_monsterinsights_sitenote_category":0},"_links":{"self":[{"href":"https:\/\/turismoburgos.digital\/index.php\/wp-json\/wp\/v2\/pages\/44"}],"collection":[{"href":"https:\/\/turismoburgos.digital\/index.php\/wp-json\/wp\/v2\/pages"}],"about":[{"href":"https:\/\/turismoburgos.digital\/index.php\/wp-json\/wp\/v2\/types\/page"}],"author":[{"embeddable":true,"href":"https:\/\/turismoburgos.digital\/index.php\/wp-json\/wp\/v2\/users\/1"}],"replies":[{"embeddable":true,"href":"https:\/\/turismoburgos.digital\/index.php\/wp-json\/wp\/v2\/comments?post=44"}],"version-history":[{"count":6,"href":"https:\/\/turismoburgos.digital\/index.php\/wp-json\/wp\/v2\/pages\/44\/revisions"}],"predecessor-version":[{"id":1645,"href":"https:\/\/turismoburgos.digital\/index.php\/wp-json\/wp\/v2\/pages\/44\/revisions\/1645"}],"wp:featuredmedia":[{"embeddable":true,"href":"https:\/\/turismoburgos.digital\/index.php\/wp-json\/wp\/v2\/media\/1325"}],"wp:attachment":[{"href":"https:\/\/turismoburgos.digital\/index.php\/wp-json\/wp\/v2\/media?parent=44"}],"curies":[{"name":"wp","href":"https:\/\/api.w.org\/{rel}","templated":true}]}}