{"id":41,"date":"2022-02-17T19:16:52","date_gmt":"2022-02-17T19:16:52","guid":{"rendered":"http:\/\/turismoburgos.digital\/?page_id=41"},"modified":"2022-03-12T08:40:07","modified_gmt":"2022-03-12T08:40:07","slug":"museos","status":"publish","type":"page","link":"https:\/\/turismoburgos.digital\/index.php\/museos\/","title":{"rendered":"Museos"},"content":{"rendered":"\n<hr class=\"wp-block-separator\"\/>\n\n\n\n<h2 id=\"museos\">Museos<\/h2>\n\n\n\n<div class=\"wp-block-media-text alignwide is-stacked-on-mobile\"><figure class=\"wp-block-media-text__media\"><a href=\"http:\/\/turismoburgos.digital\/index.php\/museo-de-la-evolucion\/\"><img loading=\"lazy\" width=\"1000\" height=\"550\" src=\"http:\/\/turismoburgos.digital\/wp-content\/uploads\/2022\/02\/horarios-y-precios-del-museo-de-la-evolucion-humana-min-1000x550-1.jpg\" alt=\"\" class=\"wp-image-541 size-full\" srcset=\"https:\/\/turismoburgos.digital\/wp-content\/uploads\/2022\/02\/horarios-y-precios-del-museo-de-la-evolucion-humana-min-1000x550-1.jpg 1000w, https:\/\/turismoburgos.digital\/wp-content\/uploads\/2022\/02\/horarios-y-precios-del-museo-de-la-evolucion-humana-min-1000x550-1-300x165.jpg 300w, https:\/\/turismoburgos.digital\/wp-content\/uploads\/2022\/02\/horarios-y-precios-del-museo-de-la-evolucion-humana-min-1000x550-1-768x422.jpg 768w, https:\/\/turismoburgos.digital\/wp-content\/uploads\/2022\/02\/horarios-y-precios-del-museo-de-la-evolucion-humana-min-1000x550-1-389x214.jpg 389w, https:\/\/turismoburgos.digital\/wp-content\/uploads\/2022\/02\/horarios-y-precios-del-museo-de-la-evolucion-humana-min-1000x550-1-414x228.jpg 414w, https:\/\/turismoburgos.digital\/wp-content\/uploads\/2022\/02\/horarios-y-precios-del-museo-de-la-evolucion-humana-min-1000x550-1-800x440.jpg 800w, https:\/\/turismoburgos.digital\/wp-content\/uploads\/2022\/02\/horarios-y-precios-del-museo-de-la-evolucion-humana-min-1000x550-1-512x282.jpg 512w\" sizes=\"(max-width: 1000px) 100vw, 1000px\" \/><\/a><\/figure><div class=\"wp-block-media-text__content\">\n<p class=\"has-large-font-size\">Museo de la Evoluci\u00f3n<\/p>\n\n\n\n<p><strong>El Museo de la evoluci\u00f3n humana, tambi\u00e9n conocido por sus siglas MEH, est\u00e1 situado en la ciudad espa\u00f1ola de Burgos y ha sido dise\u00f1ado por el arquitecto Juan Navarro Baldeweg.<\/strong><\/p>\n<\/div><\/div>\n\n\n\n<hr class=\"wp-block-separator\"\/>\n\n\n\n<div class=\"wp-block-media-text alignwide is-stacked-on-mobile\"><figure class=\"wp-block-media-text__media\"><a href=\"http:\/\/turismoburgos.digital\/index.php\/museo-de-burgos\/\"><img loading=\"lazy\" width=\"466\" height=\"349\" src=\"http:\/\/turismoburgos.digital\/wp-content\/uploads\/2022\/02\/1266339587-m_museo-de-burgos-1.jpg\" alt=\"\" class=\"wp-image-614 size-full\" srcset=\"https:\/\/turismoburgos.digital\/wp-content\/uploads\/2022\/02\/1266339587-m_museo-de-burgos-1.jpg 466w, https:\/\/turismoburgos.digital\/wp-content\/uploads\/2022\/02\/1266339587-m_museo-de-burgos-1-300x225.jpg 300w, https:\/\/turismoburgos.digital\/wp-content\/uploads\/2022\/02\/1266339587-m_museo-de-burgos-1-389x291.jpg 389w, https:\/\/turismoburgos.digital\/wp-content\/uploads\/2022\/02\/1266339587-m_museo-de-burgos-1-414x310.jpg 414w\" sizes=\"(max-width: 466px) 100vw, 466px\" \/><\/a><\/figure><div class=\"wp-block-media-text__content\">\n<p class=\"has-large-font-size\">Museo de Burgos<\/p>\n\n\n\n<p><strong>El Museo de Burgos aproxima al visitante la evoluci\u00f3n hist\u00f3rica de Burgos. Consta de distintas secciones, como la Prehistoria y la arqueolog\u00eda, situada en la Casa Miranda, un palacio renacentista.<\/strong><\/p>\n\n\n\n<p><strong>&nbsp;<\/strong><\/p>\n<\/div><\/div>\n\n\n\n<hr class=\"wp-block-separator\"\/>\n\n\n\n<figure class=\"wp-block-gallery has-nested-images columns-default is-cropped\">\n<figure class=\"wp-block-image size-full\"><a href=\"http:\/\/turismoburgos.digital\/index.php\/museo-militar\/\"><img loading=\"lazy\" width=\"550\" height=\"413\" data-id=\"617\"  src=\"http:\/\/turismoburgos.digital\/wp-content\/uploads\/2022\/02\/coleccion-museo.jpg\" alt=\"\" class=\"wp-image-617\" srcset=\"https:\/\/turismoburgos.digital\/wp-content\/uploads\/2022\/02\/coleccion-museo.jpg 550w, https:\/\/turismoburgos.digital\/wp-content\/uploads\/2022\/02\/coleccion-museo-300x225.jpg 300w, https:\/\/turismoburgos.digital\/wp-content\/uploads\/2022\/02\/coleccion-museo-389x292.jpg 389w, https:\/\/turismoburgos.digital\/wp-content\/uploads\/2022\/02\/coleccion-museo-414x311.jpg 414w, https:\/\/turismoburgos.digital\/wp-content\/uploads\/2022\/02\/coleccion-museo-512x384.jpg 512w\" sizes=\"(max-width: 550px) 100vw, 550px\" \/><\/a><figcaption>Museo Militar<\/figcaption><\/figure>\n\n\n\n<figure class=\"wp-block-image size-full\"><a href=\"http:\/\/turismoburgos.digital\/index.php\/museo-del-retablo\/\"><img loading=\"lazy\" width=\"800\" height=\"388\" data-id=\"543\"  src=\"http:\/\/turismoburgos.digital\/wp-content\/uploads\/2022\/02\/161096_1.jpg\" alt=\"\" class=\"wp-image-543\" srcset=\"https:\/\/turismoburgos.digital\/wp-content\/uploads\/2022\/02\/161096_1.jpg 800w, https:\/\/turismoburgos.digital\/wp-content\/uploads\/2022\/02\/161096_1-300x146.jpg 300w, https:\/\/turismoburgos.digital\/wp-content\/uploads\/2022\/02\/161096_1-768x372.jpg 768w, https:\/\/turismoburgos.digital\/wp-content\/uploads\/2022\/02\/161096_1-389x189.jpg 389w, https:\/\/turismoburgos.digital\/wp-content\/uploads\/2022\/02\/161096_1-414x201.jpg 414w, https:\/\/turismoburgos.digital\/wp-content\/uploads\/2022\/02\/161096_1-512x248.jpg 512w\" sizes=\"(max-width: 800px) 100vw, 800px\" \/><\/a><figcaption>Museo del Retablo<\/figcaption><\/figure>\n\n\n\n<figure class=\"wp-block-image size-large\"><a href=\"http:\/\/turismoburgos.digital\/index.php\/museo-de-telas\/\"><img loading=\"lazy\" width=\"1024\" height=\"661\" data-id=\"544\"  src=\"http:\/\/turismoburgos.digital\/wp-content\/uploads\/2022\/02\/b81c42fbe22151b63328d8c142f11344-1024x661.jpg\" alt=\"\" class=\"wp-image-544\" srcset=\"https:\/\/turismoburgos.digital\/wp-content\/uploads\/2022\/02\/b81c42fbe22151b63328d8c142f11344-1024x661.jpg 1024w, https:\/\/turismoburgos.digital\/wp-content\/uploads\/2022\/02\/b81c42fbe22151b63328d8c142f11344-300x194.jpg 300w, https:\/\/turismoburgos.digital\/wp-content\/uploads\/2022\/02\/b81c42fbe22151b63328d8c142f11344-768x496.jpg 768w, https:\/\/turismoburgos.digital\/wp-content\/uploads\/2022\/02\/b81c42fbe22151b63328d8c142f11344-389x251.jpg 389w, https:\/\/turismoburgos.digital\/wp-content\/uploads\/2022\/02\/b81c42fbe22151b63328d8c142f11344-414x267.jpg 414w, https:\/\/turismoburgos.digital\/wp-content\/uploads\/2022\/02\/b81c42fbe22151b63328d8c142f11344-800x516.jpg 800w, https:\/\/turismoburgos.digital\/wp-content\/uploads\/2022\/02\/b81c42fbe22151b63328d8c142f11344-512x331.jpg 512w, https:\/\/turismoburgos.digital\/wp-content\/uploads\/2022\/02\/b81c42fbe22151b63328d8c142f11344.jpg 1394w\" sizes=\"(max-width: 1024px) 100vw, 1024px\" \/><\/a><figcaption>Museo de Telas<\/figcaption><\/figure>\n\n\n\n<figure class=\"wp-block-image size-full\"><a href=\"http:\/\/turismoburgos.digital\/index.php\/museo-marceliano-santa-maria\/\"><img loading=\"lazy\" width=\"550\" height=\"309\" data-id=\"545\"  src=\"http:\/\/turismoburgos.digital\/wp-content\/uploads\/2022\/02\/museo-marceliano-santa-2.jpg\" alt=\"\" class=\"wp-image-545\" srcset=\"https:\/\/turismoburgos.digital\/wp-content\/uploads\/2022\/02\/museo-marceliano-santa-2.jpg 550w, https:\/\/turismoburgos.digital\/wp-content\/uploads\/2022\/02\/museo-marceliano-santa-2-300x169.jpg 300w, https:\/\/turismoburgos.digital\/wp-content\/uploads\/2022\/02\/museo-marceliano-santa-2-389x219.jpg 389w, https:\/\/turismoburgos.digital\/wp-content\/uploads\/2022\/02\/museo-marceliano-santa-2-414x233.jpg 414w, https:\/\/turismoburgos.digital\/wp-content\/uploads\/2022\/02\/museo-marceliano-santa-2-512x288.jpg 512w\" sizes=\"(max-width: 550px) 100vw, 550px\" \/><\/a><figcaption>Museo Marceliano Santa Mar\u00eda<\/figcaption><\/figure>\n\n\n\n<figure class=\"wp-block-image size-full\"><a href=\"http:\/\/turismoburgos.digital\/index.php\/museo-casa-gigantillos\/\"><img loading=\"lazy\" width=\"800\" height=\"621\" data-id=\"546\"  src=\"http:\/\/turismoburgos.digital\/wp-content\/uploads\/2022\/02\/947072_1.jpg\" alt=\"\" class=\"wp-image-546\" srcset=\"https:\/\/turismoburgos.digital\/wp-content\/uploads\/2022\/02\/947072_1.jpg 800w, https:\/\/turismoburgos.digital\/wp-content\/uploads\/2022\/02\/947072_1-300x233.jpg 300w, https:\/\/turismoburgos.digital\/wp-content\/uploads\/2022\/02\/947072_1-768x596.jpg 768w, https:\/\/turismoburgos.digital\/wp-content\/uploads\/2022\/02\/947072_1-389x302.jpg 389w, https:\/\/turismoburgos.digital\/wp-content\/uploads\/2022\/02\/947072_1-414x321.jpg 414w, https:\/\/turismoburgos.digital\/wp-content\/uploads\/2022\/02\/947072_1-512x397.jpg 512w\" sizes=\"(max-width: 800px) 100vw, 800px\" \/><\/a><figcaption>Museo  Casa Gigantillos<\/figcaption><\/figure>\n\n\n\n<figure class=\"wp-block-image size-large\"><a href=\"http:\/\/turismoburgos.digital\/index.php\/museo-del-libro\/\"><img loading=\"lazy\" width=\"590\" height=\"480\" data-id=\"548\"  src=\"http:\/\/turismoburgos.digital\/wp-content\/uploads\/2022\/02\/museo-del-libro.jpg\" alt=\"\" class=\"wp-image-548\" srcset=\"https:\/\/turismoburgos.digital\/wp-content\/uploads\/2022\/02\/museo-del-libro.jpg 590w, https:\/\/turismoburgos.digital\/wp-content\/uploads\/2022\/02\/museo-del-libro-300x244.jpg 300w, https:\/\/turismoburgos.digital\/wp-content\/uploads\/2022\/02\/museo-del-libro-389x316.jpg 389w, https:\/\/turismoburgos.digital\/wp-content\/uploads\/2022\/02\/museo-del-libro-414x337.jpg 414w, https:\/\/turismoburgos.digital\/wp-content\/uploads\/2022\/02\/museo-del-libro-512x417.jpg 512w\" sizes=\"(max-width: 590px) 100vw, 590px\" \/><\/a><figcaption>Museo del Libro<\/figcaption><\/figure>\n<\/figure>\n\n\n\n<h2 id=\"museos-y-monumentos-de-burgos-geoposicionados\">MUSEOS y MONUMENTOS de BURGOS GEOPOSICIONADOS<\/h2>\n\n\n\n<hr class=\"wp-block-separator\"\/>\n\n\n\n<iframe loading=\"lazy\" src=\"https:\/\/www.google.com\/maps\/d\/embed?mid=1KpuPl0fKyCq7tW6hYfFe-87tRpLYMYSr&amp;ehbc=2E312F\" width=\"640\" height=\"480\"><\/iframe>\n\n\n\n<hr class=\"wp-block-separator\"\/>\n\n\n\n<hr class=\"wp-block-separator\"\/>\n","protected":false},"excerpt":{"rendered":"<p>Museos Museo de la Evoluci\u00f3n El Museo de la evoluci\u00f3n humana, tambi\u00e9n conocido por sus siglas MEH, est\u00e1 situado en la ciudad espa\u00f1ola de Burgos &hellip;<\/p>\n","protected":false},"author":1,"featured_media":1405,"parent":0,"menu_order":0,"comment_status":"closed","ping_status":"closed","template":"","meta":{"_monsterinsights_skip_tracking":false,"_monsterinsights_sitenote_active":false,"_monsterinsights_sitenote_note":"","_monsterinsights_sitenote_category":0},"_links":{"self":[{"href":"https:\/\/turismoburgos.digital\/index.php\/wp-json\/wp\/v2\/pages\/41"}],"collection":[{"href":"https:\/\/turismoburgos.digital\/index.php\/wp-json\/wp\/v2\/pages"}],"about":[{"href":"https:\/\/turismoburgos.digital\/index.php\/wp-json\/wp\/v2\/types\/page"}],"author":[{"embeddable":true,"href":"https:\/\/turismoburgos.digital\/index.php\/wp-json\/wp\/v2\/users\/1"}],"replies":[{"embeddable":true,"href":"https:\/\/turismoburgos.digital\/index.php\/wp-json\/wp\/v2\/comments?post=41"}],"version-history":[{"count":7,"href":"https:\/\/turismoburgos.digital\/index.php\/wp-json\/wp\/v2\/pages\/41\/revisions"}],"predecessor-version":[{"id":1320,"href":"https:\/\/turismoburgos.digital\/index.php\/wp-json\/wp\/v2\/pages\/41\/revisions\/1320"}],"wp:featuredmedia":[{"embeddable":true,"href":"https:\/\/turismoburgos.digital\/index.php\/wp-json\/wp\/v2\/media\/1405"}],"wp:attachment":[{"href":"https:\/\/turismoburgos.digital\/index.php\/wp-json\/wp\/v2\/media?parent=41"}],"curies":[{"name":"wp","href":"https:\/\/api.w.org\/{rel}","templated":true}]}}