{"id":365,"date":"2022-02-20T23:16:38","date_gmt":"2022-02-20T23:16:38","guid":{"rendered":"http:\/\/turismoburgos.digital\/?page_id=365"},"modified":"2022-03-28T20:13:43","modified_gmt":"2022-03-28T20:13:43","slug":"tribunal-superior-de-justicia","status":"publish","type":"page","link":"https:\/\/turismoburgos.digital\/index.php\/tribunal-superior-de-justicia\/","title":{"rendered":"Tribunal Superior de Justicia"},"content":{"rendered":"\n<hr class=\"wp-block-separator\"\/>\n\n\n\n<figure class=\"wp-block-image size-full is-resized\"><img loading=\"lazy\" src=\"http:\/\/turismoburgos.digital\/wp-content\/uploads\/2022\/02\/28294_l-1.jpg\" alt=\"\" class=\"wp-image-1267\" width=\"1242\" height=\"829\" srcset=\"https:\/\/turismoburgos.digital\/wp-content\/uploads\/2022\/02\/28294_l-1.jpg 1024w, https:\/\/turismoburgos.digital\/wp-content\/uploads\/2022\/02\/28294_l-1-300x200.jpg 300w, https:\/\/turismoburgos.digital\/wp-content\/uploads\/2022\/02\/28294_l-1-768x512.jpg 768w, https:\/\/turismoburgos.digital\/wp-content\/uploads\/2022\/02\/28294_l-1-389x259.jpg 389w, https:\/\/turismoburgos.digital\/wp-content\/uploads\/2022\/02\/28294_l-1-414x276.jpg 414w, https:\/\/turismoburgos.digital\/wp-content\/uploads\/2022\/02\/28294_l-1-800x534.jpg 800w, https:\/\/turismoburgos.digital\/wp-content\/uploads\/2022\/02\/28294_l-1-512x342.jpg 512w\" sizes=\"(max-width: 1242px) 100vw, 1242px\" \/><figcaption>Tribunal Superior de Justicia de Castilla y Le\u00f3n<\/figcaption><\/figure>\n\n\n\n<hr class=\"wp-block-separator\"\/>\n\n\n\n<p><strong>La sede del Tribunal Superior de Justicia de Castilla y Le\u00f3n ha estado situada desde sus inicios en el hist\u00f3rico edificio de 1833 conocido como Palacio de Justicia de la Isla de Burgos.<\/strong><br><strong>&nbsp;&nbsp;&nbsp;&nbsp;&nbsp;Durante las obras de rehabilitaci\u00f3n y modernizaci\u00f3n de dicho edificio hist\u00f3rico la sede se traslad\u00f3 temporalmente al edificio de juzgados de la calle San Juan, n\u00famero 2, que actualmente es el centro c\u00edvico de San Juan.<\/strong><br><strong>&nbsp;&nbsp;&nbsp;&nbsp;&nbsp;En 2012, se inaugur\u00f3 la renovada sede, tras la rehabilitaci\u00f3n del Palacio de Justicia de Burgos, situado en el Paseo de la Audiencia, en pleno centro hist\u00f3rico de la ciudad. Comparte edificio con la Audiencia Provincial de Burgos.<\/strong><\/p>\n\n\n\n<hr class=\"wp-block-separator\"\/>\n\n\n\n<figure class=\"wp-block-gallery has-nested-images columns-default is-cropped\">\n<figure class=\"wp-block-image size-large\"><img loading=\"lazy\" width=\"800\" height=\"425\" data-id=\"1269\"  src=\"http:\/\/turismoburgos.digital\/wp-content\/uploads\/2022\/02\/28736_1.jpg\" alt=\"\" class=\"wp-image-1269\" srcset=\"https:\/\/turismoburgos.digital\/wp-content\/uploads\/2022\/02\/28736_1.jpg 800w, https:\/\/turismoburgos.digital\/wp-content\/uploads\/2022\/02\/28736_1-300x159.jpg 300w, https:\/\/turismoburgos.digital\/wp-content\/uploads\/2022\/02\/28736_1-768x408.jpg 768w, https:\/\/turismoburgos.digital\/wp-content\/uploads\/2022\/02\/28736_1-389x207.jpg 389w, https:\/\/turismoburgos.digital\/wp-content\/uploads\/2022\/02\/28736_1-414x220.jpg 414w, https:\/\/turismoburgos.digital\/wp-content\/uploads\/2022\/02\/28736_1-512x272.jpg 512w\" sizes=\"(max-width: 800px) 100vw, 800px\" \/><\/figure>\n\n\n\n<figure class=\"wp-block-image size-large\"><img loading=\"lazy\" width=\"644\" height=\"362\" data-id=\"1270\"  src=\"http:\/\/turismoburgos.digital\/wp-content\/uploads\/2022\/02\/ICAL205830-644x362-1.jpg\" alt=\"\" class=\"wp-image-1270\" srcset=\"https:\/\/turismoburgos.digital\/wp-content\/uploads\/2022\/02\/ICAL205830-644x362-1.jpg 644w, https:\/\/turismoburgos.digital\/wp-content\/uploads\/2022\/02\/ICAL205830-644x362-1-300x169.jpg 300w, https:\/\/turismoburgos.digital\/wp-content\/uploads\/2022\/02\/ICAL205830-644x362-1-389x219.jpg 389w, https:\/\/turismoburgos.digital\/wp-content\/uploads\/2022\/02\/ICAL205830-644x362-1-414x233.jpg 414w, https:\/\/turismoburgos.digital\/wp-content\/uploads\/2022\/02\/ICAL205830-644x362-1-512x288.jpg 512w\" sizes=\"(max-width: 644px) 100vw, 644px\" \/><\/figure>\n<\/figure>\n\n\n\n<figure class=\"wp-block-gallery has-nested-images columns-default is-cropped\">\n<figure class=\"wp-block-image size-large\"><img loading=\"lazy\" width=\"857\" height=\"570\" data-id=\"1271\"  src=\"http:\/\/turismoburgos.digital\/wp-content\/uploads\/2022\/02\/resizer.jpg\" alt=\"\" class=\"wp-image-1271\" srcset=\"https:\/\/turismoburgos.digital\/wp-content\/uploads\/2022\/02\/resizer.jpg 857w, https:\/\/turismoburgos.digital\/wp-content\/uploads\/2022\/02\/resizer-300x200.jpg 300w, https:\/\/turismoburgos.digital\/wp-content\/uploads\/2022\/02\/resizer-768x511.jpg 768w, https:\/\/turismoburgos.digital\/wp-content\/uploads\/2022\/02\/resizer-389x259.jpg 389w, https:\/\/turismoburgos.digital\/wp-content\/uploads\/2022\/02\/resizer-414x275.jpg 414w, https:\/\/turismoburgos.digital\/wp-content\/uploads\/2022\/02\/resizer-800x532.jpg 800w, https:\/\/turismoburgos.digital\/wp-content\/uploads\/2022\/02\/resizer-512x341.jpg 512w\" sizes=\"(max-width: 857px) 100vw, 857px\" \/><\/figure>\n<\/figure>\n\n\n\n<hr class=\"wp-block-separator\"\/>\n\n\n\n<figure class=\"wp-block-image size-full is-resized\"><img loading=\"lazy\" src=\"http:\/\/turismoburgos.digital\/wp-content\/uploads\/2022\/02\/11043742.jpg\" alt=\"\" class=\"wp-image-1272\" width=\"1238\" height=\"725\" srcset=\"https:\/\/turismoburgos.digital\/wp-content\/uploads\/2022\/02\/11043742.jpg 550w, https:\/\/turismoburgos.digital\/wp-content\/uploads\/2022\/02\/11043742-300x175.jpg 300w, https:\/\/turismoburgos.digital\/wp-content\/uploads\/2022\/02\/11043742-389x227.jpg 389w, https:\/\/turismoburgos.digital\/wp-content\/uploads\/2022\/02\/11043742-414x242.jpg 414w, https:\/\/turismoburgos.digital\/wp-content\/uploads\/2022\/02\/11043742-512x299.jpg 512w\" sizes=\"(max-width: 1238px) 100vw, 1238px\" \/><\/figure>\n\n\n\n<hr class=\"wp-block-separator\"\/>\n\n\n\n<p><strong>Avda. de la Audiencia, 10<\/strong><br><strong>09001 Burgos<\/strong><\/p>\n\n\n\n<p><a href=\"https:\/\/es.wikipedia.org\/wiki\/Tribunal_Superior_de_Justicia_de_Castilla_y_Le%C3%B3n\" target=\"_blank\" rel=\"noreferrer noopener\">https:\/\/es.wikipedia.org\/wiki\/Tribunal_Superior_de_Justicia_de_Castilla_y_Le%C3%B3n<\/a><\/p>\n\n\n\n<hr class=\"wp-block-separator\"\/>\n\n\n\n<div class=\"wp-container-1 wp-block-buttons\">\n<div class=\"wp-block-button\"><a class=\"wp-block-button__link\" href=\"https:\/\/www.google.com\/maps\/dir\/\/P.%C2%BA+de+la+Audiencia,+10+09003+Burgos\/@42.3385593,-3.7065473,17z\/data=!4m5!4m4!1m0!1m2!1m1!1s0xd45fd2bdcf7b031:0x86fce71527491c04\" target=\"_blank\" rel=\"noreferrer noopener\">C\u00f3mo llegar<\/a><\/div>\n<\/div>\n\n\n\n<hr class=\"wp-block-separator\"\/>\n\n\n\n<hr class=\"wp-block-separator\"\/>\n","protected":false},"excerpt":{"rendered":"<p>La sede del Tribunal Superior de Justicia de Castilla y Le\u00f3n ha estado situada desde sus inicios en el hist\u00f3rico edificio de 1833 conocido como &hellip;<\/p>\n","protected":false},"author":1,"featured_media":1505,"parent":0,"menu_order":0,"comment_status":"closed","ping_status":"closed","template":"","meta":{"_monsterinsights_skip_tracking":false,"_monsterinsights_sitenote_active":false,"_monsterinsights_sitenote_note":"","_monsterinsights_sitenote_category":0},"_links":{"self":[{"href":"https:\/\/turismoburgos.digital\/index.php\/wp-json\/wp\/v2\/pages\/365"}],"collection":[{"href":"https:\/\/turismoburgos.digital\/index.php\/wp-json\/wp\/v2\/pages"}],"about":[{"href":"https:\/\/turismoburgos.digital\/index.php\/wp-json\/wp\/v2\/types\/page"}],"author":[{"embeddable":true,"href":"https:\/\/turismoburgos.digital\/index.php\/wp-json\/wp\/v2\/users\/1"}],"replies":[{"embeddable":true,"href":"https:\/\/turismoburgos.digital\/index.php\/wp-json\/wp\/v2\/comments?post=365"}],"version-history":[{"count":3,"href":"https:\/\/turismoburgos.digital\/index.php\/wp-json\/wp\/v2\/pages\/365\/revisions"}],"predecessor-version":[{"id":1506,"href":"https:\/\/turismoburgos.digital\/index.php\/wp-json\/wp\/v2\/pages\/365\/revisions\/1506"}],"wp:featuredmedia":[{"embeddable":true,"href":"https:\/\/turismoburgos.digital\/index.php\/wp-json\/wp\/v2\/media\/1505"}],"wp:attachment":[{"href":"https:\/\/turismoburgos.digital\/index.php\/wp-json\/wp\/v2\/media?parent=365"}],"curies":[{"name":"wp","href":"https:\/\/api.w.org\/{rel}","templated":true}]}}