{"id":364,"date":"2022-02-20T23:16:38","date_gmt":"2022-02-20T23:16:38","guid":{"rendered":"http:\/\/turismoburgos.digital\/?page_id=364"},"modified":"2022-03-28T20:12:20","modified_gmt":"2022-03-28T20:12:20","slug":"templete","status":"publish","type":"page","link":"https:\/\/turismoburgos.digital\/index.php\/templete\/","title":{"rendered":"Templete"},"content":{"rendered":"\n<hr class=\"wp-block-separator\"\/>\n\n\n\n<figure class=\"wp-block-image size-full is-resized\"><img loading=\"lazy\" src=\"http:\/\/turismoburgos.digital\/wp-content\/uploads\/2022\/02\/00889297.jpg\" alt=\"\" class=\"wp-image-1261\" width=\"1240\" height=\"1374\" srcset=\"https:\/\/turismoburgos.digital\/wp-content\/uploads\/2022\/02\/00889297.jpg 520w, https:\/\/turismoburgos.digital\/wp-content\/uploads\/2022\/02\/00889297-271x300.jpg 271w, https:\/\/turismoburgos.digital\/wp-content\/uploads\/2022\/02\/00889297-389x431.jpg 389w, https:\/\/turismoburgos.digital\/wp-content\/uploads\/2022\/02\/00889297-414x459.jpg 414w, https:\/\/turismoburgos.digital\/wp-content\/uploads\/2022\/02\/00889297-512x567.jpg 512w\" sizes=\"(max-width: 1240px) 100vw, 1240px\" \/><figcaption>Templete<\/figcaption><\/figure>\n\n\n\n<hr class=\"wp-block-separator\"\/>\n\n\n\n<p><br><strong>&nbsp;&nbsp;&nbsp;&nbsp;&nbsp;&nbsp;&nbsp;&nbsp;El quiosco del Paseo Marceliano Santamar\u00eda, tambi\u00e9n llamado templete de la m\u00fasica, tiene un aspecto circular con un tejadillo en forma de c\u00fapula, sostenida por unas peque\u00f1as columnas, capaz de resguardar a los componentes de una orquesta, de las condiciones meteorol\u00f3gicas adversas, como la lluvia o la nieve, para poder realizar las diferentes actuaciones previstas en \u00e9l.<\/strong><\/p>\n\n\n\n<hr class=\"wp-block-separator\"\/>\n\n\n\n<figure class=\"wp-block-gallery has-nested-images columns-default is-cropped\">\n<figure class=\"wp-block-image size-large\"><img loading=\"lazy\" width=\"360\" height=\"240\" data-id=\"1262\"  src=\"http:\/\/turismoburgos.digital\/wp-content\/uploads\/2022\/02\/240_F_76902195_2EzRdrNb0Taruuz21YtPYgB8K82qSxgL-1.jpg\" alt=\"\" class=\"wp-image-1262\" srcset=\"https:\/\/turismoburgos.digital\/wp-content\/uploads\/2022\/02\/240_F_76902195_2EzRdrNb0Taruuz21YtPYgB8K82qSxgL-1.jpg 360w, https:\/\/turismoburgos.digital\/wp-content\/uploads\/2022\/02\/240_F_76902195_2EzRdrNb0Taruuz21YtPYgB8K82qSxgL-1-300x200.jpg 300w\" sizes=\"(max-width: 360px) 100vw, 360px\" \/><\/figure>\n<\/figure>\n\n\n\n<figure class=\"wp-block-gallery has-nested-images columns-default is-cropped\">\n<figure class=\"wp-block-image size-large\"><img loading=\"lazy\" width=\"1024\" height=\"767\" data-id=\"1264\"  src=\"http:\/\/turismoburgos.digital\/wp-content\/uploads\/2022\/02\/templete-espolon-1024x767.jpg\" alt=\"\" class=\"wp-image-1264\" srcset=\"https:\/\/turismoburgos.digital\/wp-content\/uploads\/2022\/02\/templete-espolon-1024x767.jpg 1024w, https:\/\/turismoburgos.digital\/wp-content\/uploads\/2022\/02\/templete-espolon-300x225.jpg 300w, https:\/\/turismoburgos.digital\/wp-content\/uploads\/2022\/02\/templete-espolon-768x575.jpg 768w, https:\/\/turismoburgos.digital\/wp-content\/uploads\/2022\/02\/templete-espolon-389x291.jpg 389w, https:\/\/turismoburgos.digital\/wp-content\/uploads\/2022\/02\/templete-espolon-414x310.jpg 414w, https:\/\/turismoburgos.digital\/wp-content\/uploads\/2022\/02\/templete-espolon-800x599.jpg 800w, https:\/\/turismoburgos.digital\/wp-content\/uploads\/2022\/02\/templete-espolon-512x383.jpg 512w, https:\/\/turismoburgos.digital\/wp-content\/uploads\/2022\/02\/templete-espolon.jpg 1373w\" sizes=\"(max-width: 1024px) 100vw, 1024px\" \/><\/figure>\n<\/figure>\n\n\n\n<hr class=\"wp-block-separator\"\/>\n\n\n\n<p><strong>Paseo Espol\u00f3n<\/strong><br><strong>09003 Burgos<\/strong><\/p>\n\n\n\n<hr class=\"wp-block-separator\"\/>\n\n\n\n<div class=\"wp-container-1 wp-block-buttons\">\n<div class=\"wp-block-button\"><a class=\"wp-block-button__link\" href=\"https:\/\/www.google.com\/maps\/place\/Paseo+del+Espol%C3%B3n\/@42.3403849,-3.7018424,15z\/data=!4m2!3m1!1s0x0:0x24019d37be02fb2d?sa=X&amp;ved=2ahUKEwjhweTE8pP2AhWIg_0HHRINDZgQ_BJ6BAgiEAU\" target=\"_blank\" rel=\"noreferrer noopener\">C\u00f3mo llegar<\/a><\/div>\n<\/div>\n\n\n\n<hr class=\"wp-block-separator\"\/>\n\n\n\n<hr class=\"wp-block-separator\"\/>\n","protected":false},"excerpt":{"rendered":"<p>&nbsp;&nbsp;&nbsp;&nbsp;&nbsp;&nbsp;&nbsp;&nbsp;El quiosco del Paseo Marceliano Santamar\u00eda, tambi\u00e9n llamado templete de la m\u00fasica, tiene un aspecto circular con un tejadillo en forma de c\u00fapula, sostenida por &hellip;<\/p>\n","protected":false},"author":1,"featured_media":1503,"parent":0,"menu_order":0,"comment_status":"closed","ping_status":"closed","template":"","meta":{"_monsterinsights_skip_tracking":false,"_monsterinsights_sitenote_active":false,"_monsterinsights_sitenote_note":"","_monsterinsights_sitenote_category":0},"_links":{"self":[{"href":"https:\/\/turismoburgos.digital\/index.php\/wp-json\/wp\/v2\/pages\/364"}],"collection":[{"href":"https:\/\/turismoburgos.digital\/index.php\/wp-json\/wp\/v2\/pages"}],"about":[{"href":"https:\/\/turismoburgos.digital\/index.php\/wp-json\/wp\/v2\/types\/page"}],"author":[{"embeddable":true,"href":"https:\/\/turismoburgos.digital\/index.php\/wp-json\/wp\/v2\/users\/1"}],"replies":[{"embeddable":true,"href":"https:\/\/turismoburgos.digital\/index.php\/wp-json\/wp\/v2\/comments?post=364"}],"version-history":[{"count":3,"href":"https:\/\/turismoburgos.digital\/index.php\/wp-json\/wp\/v2\/pages\/364\/revisions"}],"predecessor-version":[{"id":1504,"href":"https:\/\/turismoburgos.digital\/index.php\/wp-json\/wp\/v2\/pages\/364\/revisions\/1504"}],"wp:featuredmedia":[{"embeddable":true,"href":"https:\/\/turismoburgos.digital\/index.php\/wp-json\/wp\/v2\/media\/1503"}],"wp:attachment":[{"href":"https:\/\/turismoburgos.digital\/index.php\/wp-json\/wp\/v2\/media?parent=364"}],"curies":[{"name":"wp","href":"https:\/\/api.w.org\/{rel}","templated":true}]}}