{"id":362,"date":"2022-02-20T23:16:38","date_gmt":"2022-02-20T23:16:38","guid":{"rendered":"http:\/\/turismoburgos.digital\/?page_id=362"},"modified":"2022-03-28T20:09:18","modified_gmt":"2022-03-28T20:09:18","slug":"puente-de-san-pablo","status":"publish","type":"page","link":"https:\/\/turismoburgos.digital\/index.php\/puente-de-san-pablo\/","title":{"rendered":"Puente de San Pablo"},"content":{"rendered":"\n<hr class=\"wp-block-separator\"\/>\n\n\n\n<figure class=\"wp-block-image size-full is-resized\"><img loading=\"lazy\" src=\"http:\/\/turismoburgos.digital\/wp-content\/uploads\/2022\/02\/Puente-de-San-Pablo_Burgos_Spain_Davidsbeenhere-1.jpg\" alt=\"\" class=\"wp-image-1243\" width=\"1242\" height=\"700\" srcset=\"https:\/\/turismoburgos.digital\/wp-content\/uploads\/2022\/02\/Puente-de-San-Pablo_Burgos_Spain_Davidsbeenhere-1.jpg 700w, https:\/\/turismoburgos.digital\/wp-content\/uploads\/2022\/02\/Puente-de-San-Pablo_Burgos_Spain_Davidsbeenhere-1-300x169.jpg 300w, https:\/\/turismoburgos.digital\/wp-content\/uploads\/2022\/02\/Puente-de-San-Pablo_Burgos_Spain_Davidsbeenhere-1-389x219.jpg 389w, https:\/\/turismoburgos.digital\/wp-content\/uploads\/2022\/02\/Puente-de-San-Pablo_Burgos_Spain_Davidsbeenhere-1-414x233.jpg 414w, https:\/\/turismoburgos.digital\/wp-content\/uploads\/2022\/02\/Puente-de-San-Pablo_Burgos_Spain_Davidsbeenhere-1-512x288.jpg 512w\" sizes=\"(max-width: 1242px) 100vw, 1242px\" \/><figcaption>Puente de San Pablo<\/figcaption><\/figure>\n\n\n\n<hr class=\"wp-block-separator\"\/>\n\n\n\n<p><strong>Las primeras noticias del puente de San Pablo nos llevan al a\u00f1o 1242. Se sabe que ese a\u00f1o se procedi\u00f3 a su construcci\u00f3n, aunque pudo haber otro puente anterior.<\/strong><br><strong>&nbsp;&nbsp;&nbsp;&nbsp;&nbsp;Recibe su nombre por hallarse pr\u00f3ximo al convento dominico dedicado a San Pablo, hoy desaparecido, que se alzaba em la margen izquierda del r\u00edo, justo en el lugar donde se encuentra actualmente el Museo de la Evoluci\u00f3n Humana.<\/strong><\/p>\n\n\n\n<hr class=\"wp-block-separator\"\/>\n\n\n\n<figure class=\"wp-block-gallery has-nested-images columns-default is-cropped\">\n<figure class=\"wp-block-image size-large\"><img loading=\"lazy\" width=\"632\" height=\"474\" data-id=\"1245\"  src=\"http:\/\/turismoburgos.digital\/wp-content\/uploads\/2022\/02\/00354504.jpg\" alt=\"\" class=\"wp-image-1245\" srcset=\"https:\/\/turismoburgos.digital\/wp-content\/uploads\/2022\/02\/00354504.jpg 632w, https:\/\/turismoburgos.digital\/wp-content\/uploads\/2022\/02\/00354504-300x225.jpg 300w, https:\/\/turismoburgos.digital\/wp-content\/uploads\/2022\/02\/00354504-389x292.jpg 389w, https:\/\/turismoburgos.digital\/wp-content\/uploads\/2022\/02\/00354504-414x311.jpg 414w, https:\/\/turismoburgos.digital\/wp-content\/uploads\/2022\/02\/00354504-512x384.jpg 512w\" sizes=\"(max-width: 632px) 100vw, 632px\" \/><\/figure>\n<\/figure>\n\n\n\n<figure class=\"wp-block-gallery has-nested-images columns-default is-cropped\">\n<figure class=\"wp-block-image size-large\"><img loading=\"lazy\" width=\"768\" height=\"1024\" data-id=\"1246\"  src=\"http:\/\/turismoburgos.digital\/wp-content\/uploads\/2022\/02\/PB080078.jpg\" alt=\"\" class=\"wp-image-1246\" srcset=\"https:\/\/turismoburgos.digital\/wp-content\/uploads\/2022\/02\/PB080078.jpg 768w, https:\/\/turismoburgos.digital\/wp-content\/uploads\/2022\/02\/PB080078-225x300.jpg 225w, https:\/\/turismoburgos.digital\/wp-content\/uploads\/2022\/02\/PB080078-389x519.jpg 389w, https:\/\/turismoburgos.digital\/wp-content\/uploads\/2022\/02\/PB080078-414x552.jpg 414w, https:\/\/turismoburgos.digital\/wp-content\/uploads\/2022\/02\/PB080078-512x683.jpg 512w\" sizes=\"(max-width: 768px) 100vw, 768px\" \/><\/figure>\n\n\n\n<figure class=\"wp-block-image size-large\"><img loading=\"lazy\" width=\"980\" height=\"735\" data-id=\"1247\"  src=\"http:\/\/turismoburgos.digital\/wp-content\/uploads\/2022\/02\/puente-de-san-pablo-burgos_1199661.jpg\" alt=\"\" class=\"wp-image-1247\" srcset=\"https:\/\/turismoburgos.digital\/wp-content\/uploads\/2022\/02\/puente-de-san-pablo-burgos_1199661.jpg 980w, https:\/\/turismoburgos.digital\/wp-content\/uploads\/2022\/02\/puente-de-san-pablo-burgos_1199661-300x225.jpg 300w, https:\/\/turismoburgos.digital\/wp-content\/uploads\/2022\/02\/puente-de-san-pablo-burgos_1199661-768x576.jpg 768w, https:\/\/turismoburgos.digital\/wp-content\/uploads\/2022\/02\/puente-de-san-pablo-burgos_1199661-389x292.jpg 389w, https:\/\/turismoburgos.digital\/wp-content\/uploads\/2022\/02\/puente-de-san-pablo-burgos_1199661-414x311.jpg 414w, https:\/\/turismoburgos.digital\/wp-content\/uploads\/2022\/02\/puente-de-san-pablo-burgos_1199661-800x600.jpg 800w, https:\/\/turismoburgos.digital\/wp-content\/uploads\/2022\/02\/puente-de-san-pablo-burgos_1199661-512x384.jpg 512w\" sizes=\"(max-width: 980px) 100vw, 980px\" \/><\/figure>\n<\/figure>\n\n\n\n<hr class=\"wp-block-separator\"\/>\n\n\n\n<figure class=\"wp-block-gallery has-nested-images columns-default is-cropped\">\n<figure class=\"wp-block-image size-large\"><img loading=\"lazy\" width=\"1024\" height=\"670\" data-id=\"1248\"  src=\"http:\/\/turismoburgos.digital\/wp-content\/uploads\/2022\/02\/puente-sanpablo-burgos-1024x670.jpg\" alt=\"\" class=\"wp-image-1248\" srcset=\"https:\/\/turismoburgos.digital\/wp-content\/uploads\/2022\/02\/puente-sanpablo-burgos-1024x670.jpg 1024w, https:\/\/turismoburgos.digital\/wp-content\/uploads\/2022\/02\/puente-sanpablo-burgos-300x196.jpg 300w, https:\/\/turismoburgos.digital\/wp-content\/uploads\/2022\/02\/puente-sanpablo-burgos-768x502.jpg 768w, https:\/\/turismoburgos.digital\/wp-content\/uploads\/2022\/02\/puente-sanpablo-burgos-389x254.jpg 389w, https:\/\/turismoburgos.digital\/wp-content\/uploads\/2022\/02\/puente-sanpablo-burgos-414x271.jpg 414w, https:\/\/turismoburgos.digital\/wp-content\/uploads\/2022\/02\/puente-sanpablo-burgos-800x523.jpg 800w, https:\/\/turismoburgos.digital\/wp-content\/uploads\/2022\/02\/puente-sanpablo-burgos-512x335.jpg 512w, https:\/\/turismoburgos.digital\/wp-content\/uploads\/2022\/02\/puente-sanpablo-burgos.jpg 1220w\" sizes=\"(max-width: 1024px) 100vw, 1024px\" \/><\/figure>\n<\/figure>\n\n\n\n<figure class=\"wp-block-gallery has-nested-images columns-default is-cropped\">\n<figure class=\"wp-block-image size-large\"><img loading=\"lazy\" width=\"750\" height=\"492\" data-id=\"1249\"  src=\"http:\/\/turismoburgos.digital\/wp-content\/uploads\/2022\/02\/bu0181.jpg\" alt=\"\" class=\"wp-image-1249\" srcset=\"https:\/\/turismoburgos.digital\/wp-content\/uploads\/2022\/02\/bu0181.jpg 750w, https:\/\/turismoburgos.digital\/wp-content\/uploads\/2022\/02\/bu0181-300x197.jpg 300w, https:\/\/turismoburgos.digital\/wp-content\/uploads\/2022\/02\/bu0181-389x255.jpg 389w, https:\/\/turismoburgos.digital\/wp-content\/uploads\/2022\/02\/bu0181-414x272.jpg 414w, https:\/\/turismoburgos.digital\/wp-content\/uploads\/2022\/02\/bu0181-512x336.jpg 512w\" sizes=\"(max-width: 750px) 100vw, 750px\" \/><\/figure>\n<\/figure>\n\n\n\n<hr class=\"wp-block-separator\"\/>\n\n\n\n<p><strong>Puente de San Pablo<\/strong><br><strong>09003 Burgos<\/strong><\/p>\n\n\n\n<figure class=\"wp-block-embed is-type-link is-provider-burgospedia-la-enciclopedia-del-conocimiento-burgales wp-block-embed-burgospedia-la-enciclopedia-del-conocimiento-burgales\"><div class=\"wp-block-embed__wrapper\">\n<a href=\"https:\/\/burgospedia1.wordpress.com\/2009\/12\/22\/puente-de-san-pablo\/\">PUENTE DE SAN&nbsp;PABLO<\/a>\n<\/div><figcaption><a href=\"http:\/\/turismoburgos.digital\/\" target=\"_blank\" rel=\"noreferrer noopener\">http:\/\/turismoburgos.digital\/<\/a><\/figcaption><\/figure>\n\n\n\n<hr class=\"wp-block-separator\"\/>\n\n\n\n<div class=\"wp-container-1 wp-block-buttons\">\n<div class=\"wp-block-button\"><a class=\"wp-block-button__link\" href=\"https:\/\/www.google.com\/maps\/place\/Puente+de+San+Pablo\/@42.3401576,-3.6992778,15z\/data=!4m2!3m1!1s0x0:0x29831905cfb6e0a4?sa=X&amp;ved=2ahUKEwj63sGX8JP2AhWB7KQKHf31BJ4Q_BJ6BAglEAU\" target=\"_blank\" rel=\"noreferrer noopener\">C\u00f3mo llegar<\/a><\/div>\n<\/div>\n\n\n\n<hr class=\"wp-block-separator\"\/>\n\n\n\n<hr class=\"wp-block-separator\"\/>\n","protected":false},"excerpt":{"rendered":"<p>Las primeras noticias del puente de San Pablo nos llevan al a\u00f1o 1242. Se sabe que ese a\u00f1o se procedi\u00f3 a su construcci\u00f3n, aunque pudo &hellip;<\/p>\n","protected":false},"author":1,"featured_media":1500,"parent":0,"menu_order":0,"comment_status":"closed","ping_status":"closed","template":"","meta":{"_monsterinsights_skip_tracking":false,"_monsterinsights_sitenote_active":false,"_monsterinsights_sitenote_note":"","_monsterinsights_sitenote_category":0},"_links":{"self":[{"href":"https:\/\/turismoburgos.digital\/index.php\/wp-json\/wp\/v2\/pages\/362"}],"collection":[{"href":"https:\/\/turismoburgos.digital\/index.php\/wp-json\/wp\/v2\/pages"}],"about":[{"href":"https:\/\/turismoburgos.digital\/index.php\/wp-json\/wp\/v2\/types\/page"}],"author":[{"embeddable":true,"href":"https:\/\/turismoburgos.digital\/index.php\/wp-json\/wp\/v2\/users\/1"}],"replies":[{"embeddable":true,"href":"https:\/\/turismoburgos.digital\/index.php\/wp-json\/wp\/v2\/comments?post=362"}],"version-history":[{"count":3,"href":"https:\/\/turismoburgos.digital\/index.php\/wp-json\/wp\/v2\/pages\/362\/revisions"}],"predecessor-version":[{"id":1252,"href":"https:\/\/turismoburgos.digital\/index.php\/wp-json\/wp\/v2\/pages\/362\/revisions\/1252"}],"wp:featuredmedia":[{"embeddable":true,"href":"https:\/\/turismoburgos.digital\/index.php\/wp-json\/wp\/v2\/media\/1500"}],"wp:attachment":[{"href":"https:\/\/turismoburgos.digital\/index.php\/wp-json\/wp\/v2\/media?parent=362"}],"curies":[{"name":"wp","href":"https:\/\/api.w.org\/{rel}","templated":true}]}}