{"id":361,"date":"2022-02-20T23:16:38","date_gmt":"2022-02-20T23:16:38","guid":{"rendered":"http:\/\/turismoburgos.digital\/?page_id=361"},"modified":"2022-03-28T20:07:29","modified_gmt":"2022-03-28T20:07:29","slug":"plaza-santa-maria","status":"publish","type":"page","link":"https:\/\/turismoburgos.digital\/index.php\/plaza-santa-maria\/","title":{"rendered":"Plaza Santa Mar\u00eda"},"content":{"rendered":"\n<hr class=\"wp-block-separator\"\/>\n\n\n\n<figure class=\"wp-block-image size-full is-resized\"><img loading=\"lazy\" src=\"http:\/\/turismoburgos.digital\/wp-content\/uploads\/2022\/02\/pdobeson.jpg\" alt=\"\" class=\"wp-image-1236\" width=\"1242\" height=\"1112\" srcset=\"https:\/\/turismoburgos.digital\/wp-content\/uploads\/2022\/02\/pdobeson.jpg 1024w, https:\/\/turismoburgos.digital\/wp-content\/uploads\/2022\/02\/pdobeson-300x268.jpg 300w, https:\/\/turismoburgos.digital\/wp-content\/uploads\/2022\/02\/pdobeson-768x687.jpg 768w, https:\/\/turismoburgos.digital\/wp-content\/uploads\/2022\/02\/pdobeson-389x348.jpg 389w, https:\/\/turismoburgos.digital\/wp-content\/uploads\/2022\/02\/pdobeson-414x370.jpg 414w, https:\/\/turismoburgos.digital\/wp-content\/uploads\/2022\/02\/pdobeson-800x716.jpg 800w, https:\/\/turismoburgos.digital\/wp-content\/uploads\/2022\/02\/pdobeson-512x458.jpg 512w\" sizes=\"(max-width: 1242px) 100vw, 1242px\" \/><figcaption>Plaza de Santa Mar\u00eda<\/figcaption><\/figure>\n\n\n\n<hr class=\"wp-block-separator\"\/>\n\n\n\n<p><strong>Se llama de Santa Mar\u00eda porque nuestra Se\u00f1ora est\u00e1 en el centro, sobre esa fuente, presisiendo el concierto del agua, mientras que unos ni\u00f1os cabalgan sobre unos peces at\u00f3nitos.<\/strong><br><strong>&nbsp;&nbsp;&nbsp;&nbsp;&nbsp;&nbsp;La plaza tiene el sabor de la nobleza antigua. Vagar por estas esquinas, meditar a la luz de un sol asombrado, gustar de un plato t\u00edpico atisbando desde la mesa estos rincones y los detalles de la fachada de la catedral&#8230; son concesiones de privilegio.<\/strong><br><strong>&nbsp;&nbsp;&nbsp;&nbsp;&nbsp;En la cuesta nos podemos encontrar con Fadrique de Basilea, su casa de noble portada se ha convertido en un mes\u00f3n. Fadrique, venido de Alemania, impuso un arte nuevo en Burgos&#8230; la imprenta.<\/strong><br><strong>&nbsp;&nbsp;&nbsp;&nbsp;&nbsp;En sus talleres se imprimieron la Gam\u00e1tica del abad de O\u00f1a, en 1485, y la primera edici\u00f3n de la Celestina en 1499, nuestra m\u00e1s feroz y querida tragicomedia&#8230;<\/strong><\/p>\n\n\n\n<hr class=\"wp-block-separator\"\/>\n\n\n\n<figure class=\"wp-block-gallery has-nested-images columns-default is-cropped\">\n<figure class=\"wp-block-image size-large\"><img loading=\"lazy\" width=\"298\" height=\"395\" data-id=\"1237\"  src=\"http:\/\/turismoburgos.digital\/wp-content\/uploads\/2022\/02\/2018-01-30-18.png\" alt=\"\" class=\"wp-image-1237\" srcset=\"https:\/\/turismoburgos.digital\/wp-content\/uploads\/2022\/02\/2018-01-30-18.png 298w, https:\/\/turismoburgos.digital\/wp-content\/uploads\/2022\/02\/2018-01-30-18-226x300.png 226w\" sizes=\"(max-width: 298px) 100vw, 298px\" \/><\/figure>\n\n\n\n<figure class=\"wp-block-image size-large\"><img loading=\"lazy\" width=\"459\" height=\"603\" data-id=\"1238\"  src=\"http:\/\/turismoburgos.digital\/wp-content\/uploads\/2022\/02\/2018-01-30-19-1.png\" alt=\"\" class=\"wp-image-1238\" srcset=\"https:\/\/turismoburgos.digital\/wp-content\/uploads\/2022\/02\/2018-01-30-19-1.png 459w, https:\/\/turismoburgos.digital\/wp-content\/uploads\/2022\/02\/2018-01-30-19-1-228x300.png 228w, https:\/\/turismoburgos.digital\/wp-content\/uploads\/2022\/02\/2018-01-30-19-1-389x511.png 389w, https:\/\/turismoburgos.digital\/wp-content\/uploads\/2022\/02\/2018-01-30-19-1-414x544.png 414w\" sizes=\"(max-width: 459px) 100vw, 459px\" \/><\/figure>\n<\/figure>\n\n\n\n<figure class=\"wp-block-gallery has-nested-images columns-default is-cropped\">\n<figure class=\"wp-block-image size-large\"><img loading=\"lazy\" width=\"298\" height=\"399\" data-id=\"1240\"  src=\"http:\/\/turismoburgos.digital\/wp-content\/uploads\/2022\/02\/2018-01-30-20.png\" alt=\"\" class=\"wp-image-1240\" srcset=\"https:\/\/turismoburgos.digital\/wp-content\/uploads\/2022\/02\/2018-01-30-20.png 298w, https:\/\/turismoburgos.digital\/wp-content\/uploads\/2022\/02\/2018-01-30-20-224x300.png 224w\" sizes=\"(max-width: 298px) 100vw, 298px\" \/><\/figure>\n\n\n\n<figure class=\"wp-block-image size-large\"><img loading=\"lazy\" width=\"474\" height=\"632\" data-id=\"1239\"  src=\"http:\/\/turismoburgos.digital\/wp-content\/uploads\/2022\/02\/01558402.jpg\" alt=\"\" class=\"wp-image-1239\" srcset=\"https:\/\/turismoburgos.digital\/wp-content\/uploads\/2022\/02\/01558402.jpg 474w, https:\/\/turismoburgos.digital\/wp-content\/uploads\/2022\/02\/01558402-225x300.jpg 225w, https:\/\/turismoburgos.digital\/wp-content\/uploads\/2022\/02\/01558402-389x519.jpg 389w, https:\/\/turismoburgos.digital\/wp-content\/uploads\/2022\/02\/01558402-414x552.jpg 414w\" sizes=\"(max-width: 474px) 100vw, 474px\" \/><\/figure>\n<\/figure>\n\n\n\n<hr class=\"wp-block-separator\"\/>\n\n\n\n<figure class=\"wp-block-gallery has-nested-images columns-default is-cropped\">\n<figure class=\"wp-block-image size-large\"><img loading=\"lazy\" width=\"642\" height=\"401\" data-id=\"1241\"  src=\"http:\/\/turismoburgos.digital\/wp-content\/uploads\/2022\/02\/1538992783677Plaza-Santa-Maria251dn.jpg\" alt=\"\" class=\"wp-image-1241\" srcset=\"https:\/\/turismoburgos.digital\/wp-content\/uploads\/2022\/02\/1538992783677Plaza-Santa-Maria251dn.jpg 642w, https:\/\/turismoburgos.digital\/wp-content\/uploads\/2022\/02\/1538992783677Plaza-Santa-Maria251dn-300x187.jpg 300w, https:\/\/turismoburgos.digital\/wp-content\/uploads\/2022\/02\/1538992783677Plaza-Santa-Maria251dn-389x243.jpg 389w, https:\/\/turismoburgos.digital\/wp-content\/uploads\/2022\/02\/1538992783677Plaza-Santa-Maria251dn-414x259.jpg 414w, https:\/\/turismoburgos.digital\/wp-content\/uploads\/2022\/02\/1538992783677Plaza-Santa-Maria251dn-512x320.jpg 512w\" sizes=\"(max-width: 642px) 100vw, 642px\" \/><\/figure>\n<\/figure>\n\n\n\n<hr class=\"wp-block-separator\"\/>\n\n\n\n<p><strong>Plaza Sta. Mar\u00eda<\/strong><br><strong>09003 Burgos<\/strong><\/p>\n\n\n\n<hr class=\"wp-block-separator\"\/>\n\n\n\n<div class=\"wp-container-1 wp-block-buttons\">\n<div class=\"wp-block-button\"><a class=\"wp-block-button__link\" href=\"https:\/\/www.google.com\/maps\/place\/Pl.+Sta.+Mar%C3%ADa,+09003+Burgos\/data=!4m2!3m1!1s0xd45fd29a27579cb:0xd688d4316a41c424?sa=X&amp;ved=2ahUKEwjUta_h7pP2AhVv7rsIHVPFDCgQ8gF6BAgdEAE\" target=\"_blank\" rel=\"noreferrer noopener\">C\u00f3mo llegar<\/a><\/div>\n<\/div>\n\n\n\n<hr class=\"wp-block-separator\"\/>\n\n\n\n<hr class=\"wp-block-separator\"\/>\n","protected":false},"excerpt":{"rendered":"<p>Se llama de Santa Mar\u00eda porque nuestra Se\u00f1ora est\u00e1 en el centro, sobre esa fuente, presisiendo el concierto del agua, mientras que unos ni\u00f1os cabalgan &hellip;<\/p>\n","protected":false},"author":1,"featured_media":1498,"parent":0,"menu_order":0,"comment_status":"closed","ping_status":"closed","template":"","meta":{"_monsterinsights_skip_tracking":false,"_monsterinsights_sitenote_active":false,"_monsterinsights_sitenote_note":"","_monsterinsights_sitenote_category":0},"_links":{"self":[{"href":"https:\/\/turismoburgos.digital\/index.php\/wp-json\/wp\/v2\/pages\/361"}],"collection":[{"href":"https:\/\/turismoburgos.digital\/index.php\/wp-json\/wp\/v2\/pages"}],"about":[{"href":"https:\/\/turismoburgos.digital\/index.php\/wp-json\/wp\/v2\/types\/page"}],"author":[{"embeddable":true,"href":"https:\/\/turismoburgos.digital\/index.php\/wp-json\/wp\/v2\/users\/1"}],"replies":[{"embeddable":true,"href":"https:\/\/turismoburgos.digital\/index.php\/wp-json\/wp\/v2\/comments?post=361"}],"version-history":[{"count":3,"href":"https:\/\/turismoburgos.digital\/index.php\/wp-json\/wp\/v2\/pages\/361\/revisions"}],"predecessor-version":[{"id":1499,"href":"https:\/\/turismoburgos.digital\/index.php\/wp-json\/wp\/v2\/pages\/361\/revisions\/1499"}],"wp:featuredmedia":[{"embeddable":true,"href":"https:\/\/turismoburgos.digital\/index.php\/wp-json\/wp\/v2\/media\/1498"}],"wp:attachment":[{"href":"https:\/\/turismoburgos.digital\/index.php\/wp-json\/wp\/v2\/media?parent=361"}],"curies":[{"name":"wp","href":"https:\/\/api.w.org\/{rel}","templated":true}]}}