{"id":359,"date":"2022-02-20T23:16:38","date_gmt":"2022-02-20T23:16:38","guid":{"rendered":"http:\/\/turismoburgos.digital\/?page_id=359"},"modified":"2022-03-28T20:04:12","modified_gmt":"2022-03-28T20:04:12","slug":"plaza-mayor","status":"publish","type":"page","link":"https:\/\/turismoburgos.digital\/index.php\/plaza-mayor\/","title":{"rendered":"Plaza Mayor"},"content":{"rendered":"\n<hr class=\"wp-block-separator\"\/>\n\n\n\n<figure class=\"wp-block-image size-large is-resized\"><img loading=\"lazy\" src=\"http:\/\/turismoburgos.digital\/wp-content\/uploads\/2022\/02\/burgos-casco-antiguo-2015-11-1024x684.jpg\" alt=\"\" class=\"wp-image-1217\" width=\"1240\" height=\"828\" srcset=\"https:\/\/turismoburgos.digital\/wp-content\/uploads\/2022\/02\/burgos-casco-antiguo-2015-11-1024x684.jpg 1024w, https:\/\/turismoburgos.digital\/wp-content\/uploads\/2022\/02\/burgos-casco-antiguo-2015-11-300x200.jpg 300w, https:\/\/turismoburgos.digital\/wp-content\/uploads\/2022\/02\/burgos-casco-antiguo-2015-11-768x513.jpg 768w, https:\/\/turismoburgos.digital\/wp-content\/uploads\/2022\/02\/burgos-casco-antiguo-2015-11-1536x1025.jpg 1536w, https:\/\/turismoburgos.digital\/wp-content\/uploads\/2022\/02\/burgos-casco-antiguo-2015-11-389x260.jpg 389w, https:\/\/turismoburgos.digital\/wp-content\/uploads\/2022\/02\/burgos-casco-antiguo-2015-11-414x276.jpg 414w, https:\/\/turismoburgos.digital\/wp-content\/uploads\/2022\/02\/burgos-casco-antiguo-2015-11-800x534.jpg 800w, https:\/\/turismoburgos.digital\/wp-content\/uploads\/2022\/02\/burgos-casco-antiguo-2015-11-512x342.jpg 512w, https:\/\/turismoburgos.digital\/wp-content\/uploads\/2022\/02\/burgos-casco-antiguo-2015-11.jpg 2045w\" sizes=\"(max-width: 1240px) 100vw, 1240px\" \/><figcaption>Plaza Mayor<\/figcaption><\/figure>\n\n\n\n<hr class=\"wp-block-separator\"\/>\n\n\n\n<p><strong>En la antig\u00fcedad se le llam\u00f3 de distintas maneras: plaza del Mercado, Real, de la Constituci\u00f3n, de la Rep\u00fablica, de Jos\u00e9 Antonio&#8230;<\/strong><br><strong>&nbsp;&nbsp;&nbsp;&nbsp;&nbsp;&nbsp;La estatua que la preside fu\u00e9 colocada en 1774 y representa a Carlos III.<\/strong><\/p>\n\n\n\n<hr class=\"wp-block-separator\"\/>\n\n\n\n<figure class=\"wp-block-gallery has-nested-images columns-default is-cropped\">\n<figure class=\"wp-block-image size-large\"><img loading=\"lazy\" width=\"1024\" height=\"511\" data-id=\"1219\"  src=\"http:\/\/turismoburgos.digital\/wp-content\/uploads\/2022\/02\/plaza-mayor-1-1024x511.jpg\" alt=\"\" class=\"wp-image-1219\" srcset=\"https:\/\/turismoburgos.digital\/wp-content\/uploads\/2022\/02\/plaza-mayor-1-1024x511.jpg 1024w, https:\/\/turismoburgos.digital\/wp-content\/uploads\/2022\/02\/plaza-mayor-1-300x150.jpg 300w, https:\/\/turismoburgos.digital\/wp-content\/uploads\/2022\/02\/plaza-mayor-1-768x383.jpg 768w, https:\/\/turismoburgos.digital\/wp-content\/uploads\/2022\/02\/plaza-mayor-1-1536x766.jpg 1536w, https:\/\/turismoburgos.digital\/wp-content\/uploads\/2022\/02\/plaza-mayor-1-389x194.jpg 389w, https:\/\/turismoburgos.digital\/wp-content\/uploads\/2022\/02\/plaza-mayor-1-414x206.jpg 414w, https:\/\/turismoburgos.digital\/wp-content\/uploads\/2022\/02\/plaza-mayor-1-800x399.jpg 800w, https:\/\/turismoburgos.digital\/wp-content\/uploads\/2022\/02\/plaza-mayor-1-512x255.jpg 512w, https:\/\/turismoburgos.digital\/wp-content\/uploads\/2022\/02\/plaza-mayor-1.jpg 1600w\" sizes=\"(max-width: 1024px) 100vw, 1024px\" \/><\/figure>\n<\/figure>\n\n\n\n<hr class=\"wp-block-separator\"\/>\n\n\n\n<figure class=\"wp-block-gallery has-nested-images columns-default is-cropped\">\n<figure class=\"wp-block-image size-full\"><img loading=\"lazy\" width=\"720\" height=\"460\" data-id=\"1221\"  src=\"http:\/\/turismoburgos.digital\/wp-content\/uploads\/2022\/02\/49911107.jpg\" alt=\"\" class=\"wp-image-1221\" srcset=\"https:\/\/turismoburgos.digital\/wp-content\/uploads\/2022\/02\/49911107.jpg 720w, https:\/\/turismoburgos.digital\/wp-content\/uploads\/2022\/02\/49911107-300x192.jpg 300w, https:\/\/turismoburgos.digital\/wp-content\/uploads\/2022\/02\/49911107-389x249.jpg 389w, https:\/\/turismoburgos.digital\/wp-content\/uploads\/2022\/02\/49911107-414x265.jpg 414w, https:\/\/turismoburgos.digital\/wp-content\/uploads\/2022\/02\/49911107-512x327.jpg 512w\" sizes=\"(max-width: 720px) 100vw, 720px\" \/><\/figure>\n<\/figure>\n\n\n\n<figure class=\"wp-block-gallery has-nested-images columns-default is-cropped\">\n<figure class=\"wp-block-image size-large\"><img loading=\"lazy\" width=\"642\" height=\"405\" data-id=\"1222\"  src=\"http:\/\/turismoburgos.digital\/wp-content\/uploads\/2022\/02\/1550143971535marginal-333dn-1.jpg\" alt=\"\" class=\"wp-image-1222\" srcset=\"https:\/\/turismoburgos.digital\/wp-content\/uploads\/2022\/02\/1550143971535marginal-333dn-1.jpg 642w, https:\/\/turismoburgos.digital\/wp-content\/uploads\/2022\/02\/1550143971535marginal-333dn-1-300x189.jpg 300w, https:\/\/turismoburgos.digital\/wp-content\/uploads\/2022\/02\/1550143971535marginal-333dn-1-389x245.jpg 389w, https:\/\/turismoburgos.digital\/wp-content\/uploads\/2022\/02\/1550143971535marginal-333dn-1-414x261.jpg 414w, https:\/\/turismoburgos.digital\/wp-content\/uploads\/2022\/02\/1550143971535marginal-333dn-1-512x323.jpg 512w\" sizes=\"(max-width: 642px) 100vw, 642px\" \/><\/figure>\n<\/figure>\n\n\n\n<hr class=\"wp-block-separator\"\/>\n\n\n\n<p><strong>Plaza Mayor<\/strong><br><strong>09003 Burgos<\/strong><\/p>\n\n\n\n<hr class=\"wp-block-separator\"\/>\n\n\n\n<div class=\"wp-container-1 wp-block-buttons\">\n<div class=\"wp-block-button\"><a class=\"wp-block-button__link\" href=\"https:\/\/www.google.com\/maps\/place\/Pl.+Mayor,+09003+Burgos\/data=!4m2!3m1!1s0xd45fcd63782e379:0x56bde39d58e8efed?sa=X&amp;hl=es&amp;ved=2ahUKEwjhhMWZ65P2AhWVuaQKHeiSAeYQ8gF6BAgdEAE\" target=\"_blank\" rel=\"noreferrer noopener\">C\u00f3mo llegar<\/a><\/div>\n<\/div>\n\n\n\n<hr class=\"wp-block-separator\"\/>\n\n\n\n<hr class=\"wp-block-separator\"\/>\n","protected":false},"excerpt":{"rendered":"<p>En la antig\u00fcedad se le llam\u00f3 de distintas maneras: plaza del Mercado, Real, de la Constituci\u00f3n, de la Rep\u00fablica, de Jos\u00e9 Antonio&#8230;&nbsp;&nbsp;&nbsp;&nbsp;&nbsp;&nbsp;La estatua que la &hellip;<\/p>\n","protected":false},"author":1,"featured_media":1495,"parent":0,"menu_order":0,"comment_status":"closed","ping_status":"closed","template":"","meta":{"_monsterinsights_skip_tracking":false,"_monsterinsights_sitenote_active":false,"_monsterinsights_sitenote_note":"","_monsterinsights_sitenote_category":0},"_links":{"self":[{"href":"https:\/\/turismoburgos.digital\/index.php\/wp-json\/wp\/v2\/pages\/359"}],"collection":[{"href":"https:\/\/turismoburgos.digital\/index.php\/wp-json\/wp\/v2\/pages"}],"about":[{"href":"https:\/\/turismoburgos.digital\/index.php\/wp-json\/wp\/v2\/types\/page"}],"author":[{"embeddable":true,"href":"https:\/\/turismoburgos.digital\/index.php\/wp-json\/wp\/v2\/users\/1"}],"replies":[{"embeddable":true,"href":"https:\/\/turismoburgos.digital\/index.php\/wp-json\/wp\/v2\/comments?post=359"}],"version-history":[{"count":3,"href":"https:\/\/turismoburgos.digital\/index.php\/wp-json\/wp\/v2\/pages\/359\/revisions"}],"predecessor-version":[{"id":1496,"href":"https:\/\/turismoburgos.digital\/index.php\/wp-json\/wp\/v2\/pages\/359\/revisions\/1496"}],"wp:featuredmedia":[{"embeddable":true,"href":"https:\/\/turismoburgos.digital\/index.php\/wp-json\/wp\/v2\/media\/1495"}],"wp:attachment":[{"href":"https:\/\/turismoburgos.digital\/index.php\/wp-json\/wp\/v2\/media?parent=359"}],"curies":[{"name":"wp","href":"https:\/\/api.w.org\/{rel}","templated":true}]}}