{"id":358,"date":"2022-02-20T23:16:38","date_gmt":"2022-02-20T23:16:38","guid":{"rendered":"http:\/\/turismoburgos.digital\/?page_id=358"},"modified":"2022-03-28T20:02:34","modified_gmt":"2022-03-28T20:02:34","slug":"paseo-del-espolon","status":"publish","type":"page","link":"https:\/\/turismoburgos.digital\/index.php\/paseo-del-espolon\/","title":{"rendered":"Paseo del Espol\u00f3n"},"content":{"rendered":"\n<hr class=\"wp-block-separator\"\/>\n\n\n\n<figure class=\"wp-block-image size-full is-resized\"><img loading=\"lazy\" src=\"http:\/\/turismoburgos.digital\/wp-content\/uploads\/2022\/02\/2254953475_b09f6d8b8e_b-1.jpg\" alt=\"\" class=\"wp-image-1207\" width=\"1240\" height=\"930\" srcset=\"https:\/\/turismoburgos.digital\/wp-content\/uploads\/2022\/02\/2254953475_b09f6d8b8e_b-1.jpg 1024w, https:\/\/turismoburgos.digital\/wp-content\/uploads\/2022\/02\/2254953475_b09f6d8b8e_b-1-300x225.jpg 300w, https:\/\/turismoburgos.digital\/wp-content\/uploads\/2022\/02\/2254953475_b09f6d8b8e_b-1-768x576.jpg 768w, https:\/\/turismoburgos.digital\/wp-content\/uploads\/2022\/02\/2254953475_b09f6d8b8e_b-1-389x292.jpg 389w, https:\/\/turismoburgos.digital\/wp-content\/uploads\/2022\/02\/2254953475_b09f6d8b8e_b-1-414x311.jpg 414w, https:\/\/turismoburgos.digital\/wp-content\/uploads\/2022\/02\/2254953475_b09f6d8b8e_b-1-800x600.jpg 800w, https:\/\/turismoburgos.digital\/wp-content\/uploads\/2022\/02\/2254953475_b09f6d8b8e_b-1-512x384.jpg 512w\" sizes=\"(max-width: 1240px) 100vw, 1240px\" \/><figcaption>Paseo del Espol\u00f3n<\/figcaption><\/figure>\n\n\n\n<hr class=\"wp-block-separator\"\/>\n\n\n\n<p><strong>El Paseo del Espol\u00f3n es el m\u00e1s emblem\u00e1tico de la ciudad. Lugar de cita y de paseo, punto obligado de encuentro bajo el Morito, que hace sonar su viejo reloj con sones de enamorados en la fachada del Teatro Principal.<\/strong><br><strong>&nbsp;&nbsp;&nbsp;&nbsp;&nbsp;Venir a Burgos y no darse una &#8220;vueltecita&#8221; por el Espol\u00f3n no tiene perd\u00f3n de Dios, sobre todo en los meses de verano, disfrutando de sus terrazas o paseando por &#8220;Cuatro Reyes&#8221;, entre verdores de primavera por el Paseo de Marceliano Santamar\u00eda.<\/strong><\/p>\n\n\n\n<hr class=\"wp-block-separator\"\/>\n\n\n\n<figure class=\"wp-block-embed is-type-video is-provider-youtube wp-block-embed-youtube wp-embed-aspect-16-9 wp-has-aspect-ratio\"><div class=\"wp-block-embed__wrapper\">\n<iframe loading=\"lazy\" title=\"VR 360\u00b0 &quot;PRECIOSO&quot;\ud83d\ude0d paseo del espolon(BURGOS)qoocam 8k\" width=\"1032\" height=\"581\" src=\"https:\/\/www.youtube.com\/embed\/qsTlD4f9808?feature=oembed\" frameborder=\"0\" allow=\"accelerometer; autoplay; clipboard-write; encrypted-media; gyroscope; picture-in-picture\" allowfullscreen><\/iframe>\n<\/div><\/figure>\n\n\n\n<hr class=\"wp-block-separator\"\/>\n\n\n\n<figure class=\"wp-block-gallery has-nested-images columns-default is-cropped\">\n<figure class=\"wp-block-image size-large\"><img loading=\"lazy\" width=\"982\" height=\"654\" data-id=\"1210\"  src=\"http:\/\/turismoburgos.digital\/wp-content\/uploads\/2022\/02\/c230427c303c0684b5582388f5d0dfd7.jpg\" alt=\"\" class=\"wp-image-1210\" srcset=\"https:\/\/turismoburgos.digital\/wp-content\/uploads\/2022\/02\/c230427c303c0684b5582388f5d0dfd7.jpg 982w, https:\/\/turismoburgos.digital\/wp-content\/uploads\/2022\/02\/c230427c303c0684b5582388f5d0dfd7-300x200.jpg 300w, https:\/\/turismoburgos.digital\/wp-content\/uploads\/2022\/02\/c230427c303c0684b5582388f5d0dfd7-768x511.jpg 768w, https:\/\/turismoburgos.digital\/wp-content\/uploads\/2022\/02\/c230427c303c0684b5582388f5d0dfd7-389x259.jpg 389w, https:\/\/turismoburgos.digital\/wp-content\/uploads\/2022\/02\/c230427c303c0684b5582388f5d0dfd7-414x276.jpg 414w, https:\/\/turismoburgos.digital\/wp-content\/uploads\/2022\/02\/c230427c303c0684b5582388f5d0dfd7-800x533.jpg 800w, https:\/\/turismoburgos.digital\/wp-content\/uploads\/2022\/02\/c230427c303c0684b5582388f5d0dfd7-512x341.jpg 512w\" sizes=\"(max-width: 982px) 100vw, 982px\" \/><\/figure>\n\n\n\n<figure class=\"wp-block-image size-large\"><img loading=\"lazy\" width=\"302\" height=\"167\" data-id=\"1209\"  src=\"http:\/\/turismoburgos.digital\/wp-content\/uploads\/2022\/02\/descarga-14.jpg\" alt=\"\" class=\"wp-image-1209\" srcset=\"https:\/\/turismoburgos.digital\/wp-content\/uploads\/2022\/02\/descarga-14.jpg 302w, https:\/\/turismoburgos.digital\/wp-content\/uploads\/2022\/02\/descarga-14-300x166.jpg 300w\" sizes=\"(max-width: 302px) 100vw, 302px\" \/><\/figure>\n<\/figure>\n\n\n\n<figure class=\"wp-block-gallery has-nested-images columns-default is-cropped\">\n<figure class=\"wp-block-image size-large\"><img loading=\"lazy\" width=\"550\" height=\"365\" data-id=\"1211\"  src=\"http:\/\/turismoburgos.digital\/wp-content\/uploads\/2022\/02\/paseo-del-espolon.jpg\" alt=\"\" class=\"wp-image-1211\" srcset=\"https:\/\/turismoburgos.digital\/wp-content\/uploads\/2022\/02\/paseo-del-espolon.jpg 550w, https:\/\/turismoburgos.digital\/wp-content\/uploads\/2022\/02\/paseo-del-espolon-300x199.jpg 300w, https:\/\/turismoburgos.digital\/wp-content\/uploads\/2022\/02\/paseo-del-espolon-389x258.jpg 389w, https:\/\/turismoburgos.digital\/wp-content\/uploads\/2022\/02\/paseo-del-espolon-414x275.jpg 414w, https:\/\/turismoburgos.digital\/wp-content\/uploads\/2022\/02\/paseo-del-espolon-512x340.jpg 512w\" sizes=\"(max-width: 550px) 100vw, 550px\" \/><\/figure>\n\n\n\n<figure class=\"wp-block-image size-large\"><img loading=\"lazy\" width=\"1000\" height=\"666\" data-id=\"1212\"  src=\"http:\/\/turismoburgos.digital\/wp-content\/uploads\/2022\/02\/Reyes-Paseo-Espolon-Burgos.jpg\" alt=\"\" class=\"wp-image-1212\" srcset=\"https:\/\/turismoburgos.digital\/wp-content\/uploads\/2022\/02\/Reyes-Paseo-Espolon-Burgos.jpg 1000w, https:\/\/turismoburgos.digital\/wp-content\/uploads\/2022\/02\/Reyes-Paseo-Espolon-Burgos-300x200.jpg 300w, https:\/\/turismoburgos.digital\/wp-content\/uploads\/2022\/02\/Reyes-Paseo-Espolon-Burgos-768x511.jpg 768w, https:\/\/turismoburgos.digital\/wp-content\/uploads\/2022\/02\/Reyes-Paseo-Espolon-Burgos-389x259.jpg 389w, https:\/\/turismoburgos.digital\/wp-content\/uploads\/2022\/02\/Reyes-Paseo-Espolon-Burgos-414x276.jpg 414w, https:\/\/turismoburgos.digital\/wp-content\/uploads\/2022\/02\/Reyes-Paseo-Espolon-Burgos-800x533.jpg 800w, https:\/\/turismoburgos.digital\/wp-content\/uploads\/2022\/02\/Reyes-Paseo-Espolon-Burgos-512x341.jpg 512w\" sizes=\"(max-width: 1000px) 100vw, 1000px\" \/><\/figure>\n<\/figure>\n\n\n\n<figure class=\"wp-block-image size-full is-resized\"><img loading=\"lazy\" src=\"http:\/\/turismoburgos.digital\/wp-content\/uploads\/2022\/02\/P-CASTLE-022.jpg\" alt=\"\" class=\"wp-image-1213\" width=\"1239\" height=\"785\" srcset=\"https:\/\/turismoburgos.digital\/wp-content\/uploads\/2022\/02\/P-CASTLE-022.jpg 513w, https:\/\/turismoburgos.digital\/wp-content\/uploads\/2022\/02\/P-CASTLE-022-300x190.jpg 300w, https:\/\/turismoburgos.digital\/wp-content\/uploads\/2022\/02\/P-CASTLE-022-389x246.jpg 389w, https:\/\/turismoburgos.digital\/wp-content\/uploads\/2022\/02\/P-CASTLE-022-414x262.jpg 414w\" sizes=\"(max-width: 1239px) 100vw, 1239px\" \/><\/figure>\n\n\n\n<figure class=\"wp-block-image size-full is-resized\"><img loading=\"lazy\" src=\"http:\/\/turismoburgos.digital\/wp-content\/uploads\/2022\/02\/50119188_26488654.jpg\" alt=\"\" class=\"wp-image-1214\" width=\"1242\" height=\"828\" srcset=\"https:\/\/turismoburgos.digital\/wp-content\/uploads\/2022\/02\/50119188_26488654.jpg 720w, https:\/\/turismoburgos.digital\/wp-content\/uploads\/2022\/02\/50119188_26488654-300x200.jpg 300w, https:\/\/turismoburgos.digital\/wp-content\/uploads\/2022\/02\/50119188_26488654-389x259.jpg 389w, https:\/\/turismoburgos.digital\/wp-content\/uploads\/2022\/02\/50119188_26488654-414x276.jpg 414w, https:\/\/turismoburgos.digital\/wp-content\/uploads\/2022\/02\/50119188_26488654-512x341.jpg 512w\" sizes=\"(max-width: 1242px) 100vw, 1242px\" \/><\/figure>\n\n\n\n<hr class=\"wp-block-separator\"\/>\n\n\n\n<p><strong>Paseo del Espol\u00f3n<\/strong><br><strong>09003 Burgos<\/strong><\/p>\n\n\n\n<p><a href=\"https:\/\/es.wikipedia.org\/wiki\/Paseo_del_Espol%C3%B3n\" target=\"_blank\" rel=\"noreferrer noopener\">https:\/\/es.wikipedia.org\/wiki\/Paseo_del_Espol%C3%B3n<\/a><\/p>\n\n\n\n<hr class=\"wp-block-separator\"\/>\n\n\n\n<div class=\"wp-container-1 wp-block-buttons\">\n<div class=\"wp-block-button\"><a class=\"wp-block-button__link\" href=\"https:\/\/www.google.com\/maps\/place\/Paseo+del+Espol%C3%B3n\/@42.3403849,-3.7018424,15z\/data=!4m2!3m1!1s0x0:0x24019d37be02fb2d?sa=X&amp;ved=2ahUKEwjA0ZHY6ZP2AhUulP0HHYp_AqQQ_BJ6BAgkEAU\" target=\"_blank\" rel=\"noreferrer noopener\">C\u00f3mo llegar<\/a><\/div>\n<\/div>\n\n\n\n<hr class=\"wp-block-separator\"\/>\n\n\n\n<hr class=\"wp-block-separator\"\/>\n","protected":false},"excerpt":{"rendered":"<p>El Paseo del Espol\u00f3n es el m\u00e1s emblem\u00e1tico de la ciudad. Lugar de cita y de paseo, punto obligado de encuentro bajo el Morito, que &hellip;<\/p>\n","protected":false},"author":1,"featured_media":1493,"parent":0,"menu_order":0,"comment_status":"closed","ping_status":"closed","template":"","meta":{"_monsterinsights_skip_tracking":false,"_monsterinsights_sitenote_active":false,"_monsterinsights_sitenote_note":"","_monsterinsights_sitenote_category":0},"_links":{"self":[{"href":"https:\/\/turismoburgos.digital\/index.php\/wp-json\/wp\/v2\/pages\/358"}],"collection":[{"href":"https:\/\/turismoburgos.digital\/index.php\/wp-json\/wp\/v2\/pages"}],"about":[{"href":"https:\/\/turismoburgos.digital\/index.php\/wp-json\/wp\/v2\/types\/page"}],"author":[{"embeddable":true,"href":"https:\/\/turismoburgos.digital\/index.php\/wp-json\/wp\/v2\/users\/1"}],"replies":[{"embeddable":true,"href":"https:\/\/turismoburgos.digital\/index.php\/wp-json\/wp\/v2\/comments?post=358"}],"version-history":[{"count":3,"href":"https:\/\/turismoburgos.digital\/index.php\/wp-json\/wp\/v2\/pages\/358\/revisions"}],"predecessor-version":[{"id":1494,"href":"https:\/\/turismoburgos.digital\/index.php\/wp-json\/wp\/v2\/pages\/358\/revisions\/1494"}],"wp:featuredmedia":[{"embeddable":true,"href":"https:\/\/turismoburgos.digital\/index.php\/wp-json\/wp\/v2\/media\/1493"}],"wp:attachment":[{"href":"https:\/\/turismoburgos.digital\/index.php\/wp-json\/wp\/v2\/media?parent=358"}],"curies":[{"name":"wp","href":"https:\/\/api.w.org\/{rel}","templated":true}]}}