{"id":356,"date":"2022-02-20T23:16:38","date_gmt":"2022-02-20T23:16:38","guid":{"rendered":"http:\/\/turismoburgos.digital\/?page_id=356"},"modified":"2022-03-28T19:57:40","modified_gmt":"2022-03-28T19:57:40","slug":"parque-de-la-isla","status":"publish","type":"page","link":"https:\/\/turismoburgos.digital\/index.php\/parque-de-la-isla\/","title":{"rendered":"Parque de la Isla"},"content":{"rendered":"\n<hr class=\"wp-block-separator\"\/>\n\n\n\n<figure class=\"wp-block-image size-full is-resized\"><img loading=\"lazy\" src=\"http:\/\/turismoburgos.digital\/wp-content\/uploads\/2022\/02\/parque-de-la-isla-burgos.jpg\" alt=\"\" class=\"wp-image-1189\" width=\"1240\" height=\"592\" srcset=\"https:\/\/turismoburgos.digital\/wp-content\/uploads\/2022\/02\/parque-de-la-isla-burgos.jpg 730w, https:\/\/turismoburgos.digital\/wp-content\/uploads\/2022\/02\/parque-de-la-isla-burgos-300x143.jpg 300w, https:\/\/turismoburgos.digital\/wp-content\/uploads\/2022\/02\/parque-de-la-isla-burgos-389x185.jpg 389w, https:\/\/turismoburgos.digital\/wp-content\/uploads\/2022\/02\/parque-de-la-isla-burgos-414x197.jpg 414w, https:\/\/turismoburgos.digital\/wp-content\/uploads\/2022\/02\/parque-de-la-isla-burgos-512x244.jpg 512w\" sizes=\"(max-width: 1240px) 100vw, 1240px\" \/><figcaption>Paseo de la Isla<\/figcaption><\/figure>\n\n\n\n<hr class=\"wp-block-separator\"\/>\n\n\n\n<p><strong>La isla comienza en la plaza de Castilla, es un privilegiado jard\u00edn bot\u00e1nico en el que crecen los m\u00e1s diversos \u00e1rboles y arbustos: casta\u00f1os, arces, pl\u00e1tanos, hayas, chopos, secuoyas, cedros, cipreses, acebos&#8230;<\/strong><br><strong>&nbsp;&nbsp;&nbsp;&nbsp;&nbsp;En el centro, un estanque con peces de colores, y algunas importantes obras de arte tra\u00eddas de la provincia, como los arcos de Castilfal\u00e9, la fuente monumental de San Pedro de Arlanza.<\/strong>..<br><strong>&nbsp;&nbsp;&nbsp;&nbsp;&nbsp;A la derecha del paseo se levantan algunos nobles palacetes, como el de los Muguiro.<\/strong><\/p>\n\n\n\n<hr class=\"wp-block-separator\"\/>\n\n\n\n<figure class=\"wp-block-embed is-type-video is-provider-youtube wp-block-embed-youtube wp-embed-aspect-16-9 wp-has-aspect-ratio\"><div class=\"wp-block-embed__wrapper\">\n<iframe loading=\"lazy\" title=\"Explicaci\u00f3n del Paseo de la Isla de Burgos. Espa\u00f1a.\" width=\"1032\" height=\"581\" src=\"https:\/\/www.youtube.com\/embed\/hBovE9hOuiM?feature=oembed\" frameborder=\"0\" allow=\"accelerometer; autoplay; clipboard-write; encrypted-media; gyroscope; picture-in-picture\" allowfullscreen><\/iframe>\n<\/div><\/figure>\n\n\n\n<hr class=\"wp-block-separator\"\/>\n\n\n\n<figure class=\"wp-block-gallery has-nested-images columns-default is-cropped\">\n<figure class=\"wp-block-image size-large\"><img loading=\"lazy\" width=\"1024\" height=\"687\" data-id=\"1191\"  src=\"http:\/\/turismoburgos.digital\/wp-content\/uploads\/2022\/02\/imagen-1024x687.jpg\" alt=\"\" class=\"wp-image-1191\" srcset=\"https:\/\/turismoburgos.digital\/wp-content\/uploads\/2022\/02\/imagen-1024x687.jpg 1024w, https:\/\/turismoburgos.digital\/wp-content\/uploads\/2022\/02\/imagen-300x201.jpg 300w, https:\/\/turismoburgos.digital\/wp-content\/uploads\/2022\/02\/imagen-768x516.jpg 768w, https:\/\/turismoburgos.digital\/wp-content\/uploads\/2022\/02\/imagen-389x261.jpg 389w, https:\/\/turismoburgos.digital\/wp-content\/uploads\/2022\/02\/imagen-414x278.jpg 414w, https:\/\/turismoburgos.digital\/wp-content\/uploads\/2022\/02\/imagen-800x537.jpg 800w, https:\/\/turismoburgos.digital\/wp-content\/uploads\/2022\/02\/imagen-512x344.jpg 512w, https:\/\/turismoburgos.digital\/wp-content\/uploads\/2022\/02\/imagen.jpg 1500w\" sizes=\"(max-width: 1024px) 100vw, 1024px\" \/><\/figure>\n\n\n\n<figure class=\"wp-block-image size-large\"><img loading=\"lazy\" width=\"1024\" height=\"768\" data-id=\"1192\"  src=\"http:\/\/turismoburgos.digital\/wp-content\/uploads\/2022\/02\/parque-paseo-de-la-isla.jpg\" alt=\"\" class=\"wp-image-1192\" srcset=\"https:\/\/turismoburgos.digital\/wp-content\/uploads\/2022\/02\/parque-paseo-de-la-isla.jpg 1024w, https:\/\/turismoburgos.digital\/wp-content\/uploads\/2022\/02\/parque-paseo-de-la-isla-300x225.jpg 300w, https:\/\/turismoburgos.digital\/wp-content\/uploads\/2022\/02\/parque-paseo-de-la-isla-768x576.jpg 768w, https:\/\/turismoburgos.digital\/wp-content\/uploads\/2022\/02\/parque-paseo-de-la-isla-389x292.jpg 389w, https:\/\/turismoburgos.digital\/wp-content\/uploads\/2022\/02\/parque-paseo-de-la-isla-414x311.jpg 414w, https:\/\/turismoburgos.digital\/wp-content\/uploads\/2022\/02\/parque-paseo-de-la-isla-800x600.jpg 800w, https:\/\/turismoburgos.digital\/wp-content\/uploads\/2022\/02\/parque-paseo-de-la-isla-512x384.jpg 512w\" sizes=\"(max-width: 1024px) 100vw, 1024px\" \/><\/figure>\n<\/figure>\n\n\n\n<figure class=\"wp-block-gallery has-nested-images columns-default is-cropped\">\n<figure class=\"wp-block-image size-large\"><img loading=\"lazy\" width=\"700\" height=\"356\" data-id=\"1193\"  src=\"http:\/\/turismoburgos.digital\/wp-content\/uploads\/2022\/02\/5-paseo-de-la-isla-vista-aecc81rea-de-bingmaps.jpg\" alt=\"\" class=\"wp-image-1193\" srcset=\"https:\/\/turismoburgos.digital\/wp-content\/uploads\/2022\/02\/5-paseo-de-la-isla-vista-aecc81rea-de-bingmaps.jpg 700w, https:\/\/turismoburgos.digital\/wp-content\/uploads\/2022\/02\/5-paseo-de-la-isla-vista-aecc81rea-de-bingmaps-300x153.jpg 300w, https:\/\/turismoburgos.digital\/wp-content\/uploads\/2022\/02\/5-paseo-de-la-isla-vista-aecc81rea-de-bingmaps-389x198.jpg 389w, https:\/\/turismoburgos.digital\/wp-content\/uploads\/2022\/02\/5-paseo-de-la-isla-vista-aecc81rea-de-bingmaps-414x211.jpg 414w, https:\/\/turismoburgos.digital\/wp-content\/uploads\/2022\/02\/5-paseo-de-la-isla-vista-aecc81rea-de-bingmaps-512x260.jpg 512w\" sizes=\"(max-width: 700px) 100vw, 700px\" \/><\/figure>\n<\/figure>\n\n\n\n<figure class=\"wp-block-gallery has-nested-images columns-default is-cropped\">\n<figure class=\"wp-block-image size-large\"><img loading=\"lazy\" width=\"230\" height=\"230\" data-id=\"1194\"  src=\"http:\/\/turismoburgos.digital\/wp-content\/uploads\/2022\/02\/4577770.jpg\" alt=\"\" class=\"wp-image-1194\" srcset=\"https:\/\/turismoburgos.digital\/wp-content\/uploads\/2022\/02\/4577770.jpg 230w, https:\/\/turismoburgos.digital\/wp-content\/uploads\/2022\/02\/4577770-150x150.jpg 150w\" sizes=\"(max-width: 230px) 100vw, 230px\" \/><\/figure>\n\n\n\n<figure class=\"wp-block-image size-large\"><img loading=\"lazy\" width=\"266\" height=\"189\" data-id=\"1195\"  src=\"http:\/\/turismoburgos.digital\/wp-content\/uploads\/2022\/02\/images-1.jpg\" alt=\"\" class=\"wp-image-1195\"\/><\/figure>\n<\/figure>\n\n\n\n<hr class=\"wp-block-separator\"\/>\n\n\n\n<p><strong>Paseo de los Comendadores, 1<\/strong><br><strong>09001 Burgos<\/strong><\/p>\n\n\n\n<p><a href=\"https:\/\/es.wikipedia.org\/wiki\/Paseo_de_la_Isla\" target=\"_blank\" rel=\"noreferrer noopener\">https:\/\/es.wikipedia.org\/wiki\/Paseo_de_la_Isla<\/a><\/p>\n\n\n\n<hr class=\"wp-block-separator\"\/>\n\n\n\n<div class=\"wp-container-1 wp-block-buttons\">\n<div class=\"wp-block-button\"><a class=\"wp-block-button__link\" href=\"https:\/\/www.google.com\/maps\/place\/P.%C2%BA+de+la+Isla,+09003+Burgos\/data=!4m2!3m1!1s0xd45fd2e04ae297b:0x35ff03f049d71130?sa=X&amp;ved=2ahUKEwiL36Kf55P2AhUbgv0HHeXBDSUQ8gF6BAgcEAE\" target=\"_blank\" rel=\"noreferrer noopener\">C\u00f3mo llegar<\/a><\/div>\n<\/div>\n\n\n\n<hr class=\"wp-block-separator\"\/>\n\n\n\n<hr class=\"wp-block-separator\"\/>\n","protected":false},"excerpt":{"rendered":"<p>La isla comienza en la plaza de Castilla, es un privilegiado jard\u00edn bot\u00e1nico en el que crecen los m\u00e1s diversos \u00e1rboles y arbustos: casta\u00f1os, arces, &hellip;<\/p>\n","protected":false},"author":1,"featured_media":1490,"parent":0,"menu_order":0,"comment_status":"closed","ping_status":"closed","template":"","meta":{"_monsterinsights_skip_tracking":false,"_monsterinsights_sitenote_active":false,"_monsterinsights_sitenote_note":"","_monsterinsights_sitenote_category":0},"_links":{"self":[{"href":"https:\/\/turismoburgos.digital\/index.php\/wp-json\/wp\/v2\/pages\/356"}],"collection":[{"href":"https:\/\/turismoburgos.digital\/index.php\/wp-json\/wp\/v2\/pages"}],"about":[{"href":"https:\/\/turismoburgos.digital\/index.php\/wp-json\/wp\/v2\/types\/page"}],"author":[{"embeddable":true,"href":"https:\/\/turismoburgos.digital\/index.php\/wp-json\/wp\/v2\/users\/1"}],"replies":[{"embeddable":true,"href":"https:\/\/turismoburgos.digital\/index.php\/wp-json\/wp\/v2\/comments?post=356"}],"version-history":[{"count":3,"href":"https:\/\/turismoburgos.digital\/index.php\/wp-json\/wp\/v2\/pages\/356\/revisions"}],"predecessor-version":[{"id":1491,"href":"https:\/\/turismoburgos.digital\/index.php\/wp-json\/wp\/v2\/pages\/356\/revisions\/1491"}],"wp:featuredmedia":[{"embeddable":true,"href":"https:\/\/turismoburgos.digital\/index.php\/wp-json\/wp\/v2\/media\/1490"}],"wp:attachment":[{"href":"https:\/\/turismoburgos.digital\/index.php\/wp-json\/wp\/v2\/media?parent=356"}],"curies":[{"name":"wp","href":"https:\/\/api.w.org\/{rel}","templated":true}]}}