{"id":355,"date":"2022-02-20T23:16:38","date_gmt":"2022-02-20T23:16:38","guid":{"rendered":"http:\/\/turismoburgos.digital\/?page_id=355"},"modified":"2022-03-28T19:55:18","modified_gmt":"2022-03-28T19:55:18","slug":"parque-del-parral","status":"publish","type":"page","link":"https:\/\/turismoburgos.digital\/index.php\/parque-del-parral\/","title":{"rendered":"Parque del Parral"},"content":{"rendered":"\n<hr class=\"wp-block-separator\"\/>\n\n\n\n<figure class=\"wp-block-image size-full is-resized\"><img loading=\"lazy\" src=\"http:\/\/turismoburgos.digital\/wp-content\/uploads\/2022\/02\/ADBCE0DC-92C8-52D4-D477FDC5FA23A276.jpg\" alt=\"\" class=\"wp-image-1182\" width=\"1240\" height=\"863\" srcset=\"https:\/\/turismoburgos.digital\/wp-content\/uploads\/2022\/02\/ADBCE0DC-92C8-52D4-D477FDC5FA23A276.jpg 644w, https:\/\/turismoburgos.digital\/wp-content\/uploads\/2022\/02\/ADBCE0DC-92C8-52D4-D477FDC5FA23A276-300x208.jpg 300w, https:\/\/turismoburgos.digital\/wp-content\/uploads\/2022\/02\/ADBCE0DC-92C8-52D4-D477FDC5FA23A276-389x270.jpg 389w, https:\/\/turismoburgos.digital\/wp-content\/uploads\/2022\/02\/ADBCE0DC-92C8-52D4-D477FDC5FA23A276-414x287.jpg 414w, https:\/\/turismoburgos.digital\/wp-content\/uploads\/2022\/02\/ADBCE0DC-92C8-52D4-D477FDC5FA23A276-512x355.jpg 512w\" sizes=\"(max-width: 1240px) 100vw, 1240px\" \/><figcaption>Parque del Parral<\/figcaption><\/figure>\n\n\n\n<hr class=\"wp-block-separator\"\/>\n\n\n\n<p><strong>&nbsp;La fiesta del Curpillos o fiesta menor del Corpus es la celebraci\u00f3n m\u00e1s tradicional de la ciudad.<\/strong><br><strong>&nbsp;&nbsp;&nbsp;&nbsp;&nbsp;Tras la solemnidad que caracterizan los actos del Curpillos la celebraci\u00f3n culmina con la participaci\u00f3n popular en la tradicional jira del Parral y sobre la degustaci\u00f3n de los productos tradicionales: chorizo, morcilla, morro a la brasa, todo ello bien regado por los caldos de esta tierra.<\/strong><\/p>\n\n\n\n<hr class=\"wp-block-separator\"\/>\n\n\n\n<figure class=\"wp-block-embed is-type-video is-provider-youtube wp-block-embed-youtube wp-embed-aspect-4-3 wp-has-aspect-ratio\"><div class=\"wp-block-embed__wrapper\">\n<iframe loading=\"lazy\" title=\"Cintur\u00f3n verde de Burgos parque el Parral conoce Espa\u00f1a y sus maravillas\" width=\"1032\" height=\"774\" src=\"https:\/\/www.youtube.com\/embed\/1PH5fxTNZz0?feature=oembed\" frameborder=\"0\" allow=\"accelerometer; autoplay; clipboard-write; encrypted-media; gyroscope; picture-in-picture\" allowfullscreen><\/iframe>\n<\/div><\/figure>\n\n\n\n<hr class=\"wp-block-separator\"\/>\n\n\n\n<figure class=\"wp-block-gallery has-nested-images columns-default is-cropped\">\n<figure class=\"wp-block-image size-large\"><img loading=\"lazy\" width=\"644\" height=\"308\" data-id=\"1185\"  src=\"http:\/\/turismoburgos.digital\/wp-content\/uploads\/2022\/02\/02D57670-A9BD-B1C2-2E386A18A0901C4F.jpg\" alt=\"\" class=\"wp-image-1185\" srcset=\"https:\/\/turismoburgos.digital\/wp-content\/uploads\/2022\/02\/02D57670-A9BD-B1C2-2E386A18A0901C4F.jpg 644w, https:\/\/turismoburgos.digital\/wp-content\/uploads\/2022\/02\/02D57670-A9BD-B1C2-2E386A18A0901C4F-300x143.jpg 300w, https:\/\/turismoburgos.digital\/wp-content\/uploads\/2022\/02\/02D57670-A9BD-B1C2-2E386A18A0901C4F-389x186.jpg 389w, https:\/\/turismoburgos.digital\/wp-content\/uploads\/2022\/02\/02D57670-A9BD-B1C2-2E386A18A0901C4F-414x198.jpg 414w, https:\/\/turismoburgos.digital\/wp-content\/uploads\/2022\/02\/02D57670-A9BD-B1C2-2E386A18A0901C4F-512x245.jpg 512w\" sizes=\"(max-width: 644px) 100vw, 644px\" \/><\/figure>\n\n\n\n<figure class=\"wp-block-image size-large\"><img loading=\"lazy\" width=\"600\" height=\"400\" data-id=\"1184\"  src=\"http:\/\/turismoburgos.digital\/wp-content\/uploads\/2022\/02\/IMG_1790.jpg\" alt=\"\" class=\"wp-image-1184\" srcset=\"https:\/\/turismoburgos.digital\/wp-content\/uploads\/2022\/02\/IMG_1790.jpg 600w, https:\/\/turismoburgos.digital\/wp-content\/uploads\/2022\/02\/IMG_1790-300x200.jpg 300w, https:\/\/turismoburgos.digital\/wp-content\/uploads\/2022\/02\/IMG_1790-389x259.jpg 389w, https:\/\/turismoburgos.digital\/wp-content\/uploads\/2022\/02\/IMG_1790-414x276.jpg 414w, https:\/\/turismoburgos.digital\/wp-content\/uploads\/2022\/02\/IMG_1790-512x341.jpg 512w\" sizes=\"(max-width: 600px) 100vw, 600px\" \/><\/figure>\n<\/figure>\n\n\n\n<figure class=\"wp-block-gallery has-nested-images columns-default is-cropped\">\n<figure class=\"wp-block-image size-large\"><img loading=\"lazy\" width=\"1024\" height=\"576\" data-id=\"1186\"  src=\"http:\/\/turismoburgos.digital\/wp-content\/uploads\/2022\/02\/22285573906_3325a67921_b.jpg\" alt=\"\" class=\"wp-image-1186\" srcset=\"https:\/\/turismoburgos.digital\/wp-content\/uploads\/2022\/02\/22285573906_3325a67921_b.jpg 1024w, https:\/\/turismoburgos.digital\/wp-content\/uploads\/2022\/02\/22285573906_3325a67921_b-300x169.jpg 300w, https:\/\/turismoburgos.digital\/wp-content\/uploads\/2022\/02\/22285573906_3325a67921_b-768x432.jpg 768w, https:\/\/turismoburgos.digital\/wp-content\/uploads\/2022\/02\/22285573906_3325a67921_b-389x219.jpg 389w, https:\/\/turismoburgos.digital\/wp-content\/uploads\/2022\/02\/22285573906_3325a67921_b-414x233.jpg 414w, https:\/\/turismoburgos.digital\/wp-content\/uploads\/2022\/02\/22285573906_3325a67921_b-800x450.jpg 800w, https:\/\/turismoburgos.digital\/wp-content\/uploads\/2022\/02\/22285573906_3325a67921_b-512x288.jpg 512w\" sizes=\"(max-width: 1024px) 100vw, 1024px\" \/><\/figure>\n\n\n\n<figure class=\"wp-block-image size-large\"><img loading=\"lazy\" width=\"980\" height=\"653\" data-id=\"1187\"  src=\"http:\/\/turismoburgos.digital\/wp-content\/uploads\/2022\/02\/c8d88b31e117321afbea52dba0ef7320-1.jpg\" alt=\"\" class=\"wp-image-1187\" srcset=\"https:\/\/turismoburgos.digital\/wp-content\/uploads\/2022\/02\/c8d88b31e117321afbea52dba0ef7320-1.jpg 980w, https:\/\/turismoburgos.digital\/wp-content\/uploads\/2022\/02\/c8d88b31e117321afbea52dba0ef7320-1-300x200.jpg 300w, https:\/\/turismoburgos.digital\/wp-content\/uploads\/2022\/02\/c8d88b31e117321afbea52dba0ef7320-1-768x512.jpg 768w, https:\/\/turismoburgos.digital\/wp-content\/uploads\/2022\/02\/c8d88b31e117321afbea52dba0ef7320-1-389x259.jpg 389w, https:\/\/turismoburgos.digital\/wp-content\/uploads\/2022\/02\/c8d88b31e117321afbea52dba0ef7320-1-414x276.jpg 414w, https:\/\/turismoburgos.digital\/wp-content\/uploads\/2022\/02\/c8d88b31e117321afbea52dba0ef7320-1-800x533.jpg 800w, https:\/\/turismoburgos.digital\/wp-content\/uploads\/2022\/02\/c8d88b31e117321afbea52dba0ef7320-1-512x341.jpg 512w\" sizes=\"(max-width: 980px) 100vw, 980px\" \/><\/figure>\n<\/figure>\n\n\n\n<hr class=\"wp-block-separator\"\/>\n\n\n\n<p><strong>Paseo de los Comendadores, 1<\/strong><br><strong>09001 Burgos<\/strong><\/p>\n\n\n\n<hr class=\"wp-block-separator\"\/>\n\n\n\n<div class=\"wp-container-1 wp-block-buttons\">\n<div class=\"wp-block-button\"><a class=\"wp-block-button__link\" href=\"https:\/\/www.google.com\/maps\/place\/Parque+El+Parral+(Burgos)\/@42.339954,-3.722598,15z\/data=!4m2!3m1!1s0x0:0x1f4ff4491cb2700a?sa=X&amp;ved=2ahUKEwj79_7V5ZP2AhUFO-wKHQBLBFQQ_BJ6BAgjEAU\" target=\"_blank\" rel=\"noreferrer noopener\">C\u00f3mo llegar<\/a><\/div>\n<\/div>\n\n\n\n<hr class=\"wp-block-separator\"\/>\n\n\n\n<hr class=\"wp-block-separator\"\/>\n","protected":false},"excerpt":{"rendered":"<p>&nbsp;La fiesta del Curpillos o fiesta menor del Corpus es la celebraci\u00f3n m\u00e1s tradicional de la ciudad.&nbsp;&nbsp;&nbsp;&nbsp;&nbsp;Tras la solemnidad que caracterizan los actos del Curpillos &hellip;<\/p>\n","protected":false},"author":1,"featured_media":1488,"parent":0,"menu_order":0,"comment_status":"closed","ping_status":"closed","template":"","meta":{"_monsterinsights_skip_tracking":false,"_monsterinsights_sitenote_active":false,"_monsterinsights_sitenote_note":"","_monsterinsights_sitenote_category":0},"_links":{"self":[{"href":"https:\/\/turismoburgos.digital\/index.php\/wp-json\/wp\/v2\/pages\/355"}],"collection":[{"href":"https:\/\/turismoburgos.digital\/index.php\/wp-json\/wp\/v2\/pages"}],"about":[{"href":"https:\/\/turismoburgos.digital\/index.php\/wp-json\/wp\/v2\/types\/page"}],"author":[{"embeddable":true,"href":"https:\/\/turismoburgos.digital\/index.php\/wp-json\/wp\/v2\/users\/1"}],"replies":[{"embeddable":true,"href":"https:\/\/turismoburgos.digital\/index.php\/wp-json\/wp\/v2\/comments?post=355"}],"version-history":[{"count":3,"href":"https:\/\/turismoburgos.digital\/index.php\/wp-json\/wp\/v2\/pages\/355\/revisions"}],"predecessor-version":[{"id":1489,"href":"https:\/\/turismoburgos.digital\/index.php\/wp-json\/wp\/v2\/pages\/355\/revisions\/1489"}],"wp:featuredmedia":[{"embeddable":true,"href":"https:\/\/turismoburgos.digital\/index.php\/wp-json\/wp\/v2\/media\/1488"}],"wp:attachment":[{"href":"https:\/\/turismoburgos.digital\/index.php\/wp-json\/wp\/v2\/media?parent=355"}],"curies":[{"name":"wp","href":"https:\/\/api.w.org\/{rel}","templated":true}]}}