{"id":351,"date":"2022-02-20T23:16:38","date_gmt":"2022-02-20T23:16:38","guid":{"rendered":"http:\/\/turismoburgos.digital\/?page_id=351"},"modified":"2022-03-28T19:42:21","modified_gmt":"2022-03-28T19:42:21","slug":"murallas","status":"publish","type":"page","link":"https:\/\/turismoburgos.digital\/index.php\/murallas\/","title":{"rendered":"Murallas"},"content":{"rendered":"\n<hr class=\"wp-block-separator\"\/>\n\n\n\n<figure class=\"wp-block-image size-full is-resized\"><img loading=\"lazy\" src=\"http:\/\/turismoburgos.digital\/wp-content\/uploads\/2022\/02\/3.jpg\" alt=\"\" class=\"wp-image-1154\" width=\"1235\" height=\"925\" srcset=\"https:\/\/turismoburgos.digital\/wp-content\/uploads\/2022\/02\/3.jpg 533w, https:\/\/turismoburgos.digital\/wp-content\/uploads\/2022\/02\/3-300x225.jpg 300w, https:\/\/turismoburgos.digital\/wp-content\/uploads\/2022\/02\/3-389x292.jpg 389w, https:\/\/turismoburgos.digital\/wp-content\/uploads\/2022\/02\/3-414x311.jpg 414w, https:\/\/turismoburgos.digital\/wp-content\/uploads\/2022\/02\/3-512x384.jpg 512w\" sizes=\"(max-width: 1235px) 100vw, 1235px\" \/><figcaption>Murallas<\/figcaption><\/figure>\n\n\n\n<hr class=\"wp-block-separator\"\/>\n\n\n\n<p><strong>La muralla de Burgos es una cerca militar que rodea parte del casco hist\u00f3rico de la ciudad de Burgos (Espa\u00f1a). Su estructura actual remonta a la Baja Edad Media. Desde el siglo XVIII se comenz\u00f3 a derribar progresivamente en ciertos puntos, pero se han conservado varios tramos y puertas importantes, as\u00ed como algunas torres y lienzos aislados.<\/strong><\/p>\n\n\n\n<hr class=\"wp-block-separator\"\/>\n\n\n\n<figure class=\"wp-block-embed is-type-video is-provider-youtube wp-block-embed-youtube wp-embed-aspect-16-9 wp-has-aspect-ratio\"><div class=\"wp-block-embed__wrapper\">\n<iframe loading=\"lazy\" title=\"Historia en Piedra: Ep2 Las puertas de las murallas de Burgos. Parte 1\" width=\"1032\" height=\"581\" src=\"https:\/\/www.youtube.com\/embed\/xEJ0zG_lTio?feature=oembed\" frameborder=\"0\" allow=\"accelerometer; autoplay; clipboard-write; encrypted-media; gyroscope; picture-in-picture\" allowfullscreen><\/iframe>\n<\/div><\/figure>\n\n\n\n<hr class=\"wp-block-separator\"\/>\n\n\n\n<figure class=\"wp-block-embed is-type-video is-provider-youtube wp-block-embed-youtube wp-embed-aspect-16-9 wp-has-aspect-ratio\"><div class=\"wp-block-embed__wrapper\">\n<iframe loading=\"lazy\" title=\"Historia en Piedra: Ep2 Las puertas de las murallas de Burgos. Parte 1\" width=\"1032\" height=\"581\" src=\"https:\/\/www.youtube.com\/embed\/xEJ0zG_lTio?feature=oembed\" frameborder=\"0\" allow=\"accelerometer; autoplay; clipboard-write; encrypted-media; gyroscope; picture-in-picture\" allowfullscreen><\/iframe>\n<\/div><\/figure>\n\n\n\n<hr class=\"wp-block-separator\"\/>\n\n\n\n<figure class=\"wp-block-image size-full is-resized\"><img loading=\"lazy\" src=\"http:\/\/turismoburgos.digital\/wp-content\/uploads\/2022\/02\/4.jpg\" alt=\"\" class=\"wp-image-1155\" width=\"1242\" height=\"766\" srcset=\"https:\/\/turismoburgos.digital\/wp-content\/uploads\/2022\/02\/4.jpg 624w, https:\/\/turismoburgos.digital\/wp-content\/uploads\/2022\/02\/4-300x185.jpg 300w, https:\/\/turismoburgos.digital\/wp-content\/uploads\/2022\/02\/4-389x240.jpg 389w, https:\/\/turismoburgos.digital\/wp-content\/uploads\/2022\/02\/4-414x255.jpg 414w, https:\/\/turismoburgos.digital\/wp-content\/uploads\/2022\/02\/4-512x316.jpg 512w\" sizes=\"(max-width: 1242px) 100vw, 1242px\" \/><\/figure>\n\n\n\n<hr class=\"wp-block-separator\"\/>\n\n\n\n<figure class=\"wp-block-image size-full is-resized\"><img loading=\"lazy\" src=\"http:\/\/turismoburgos.digital\/wp-content\/uploads\/2022\/02\/600px-Braun_Burgos_UBHD.jpg\" alt=\"\" class=\"wp-image-1156\" width=\"1242\" height=\"429\" srcset=\"https:\/\/turismoburgos.digital\/wp-content\/uploads\/2022\/02\/600px-Braun_Burgos_UBHD.jpg 600w, https:\/\/turismoburgos.digital\/wp-content\/uploads\/2022\/02\/600px-Braun_Burgos_UBHD-300x104.jpg 300w, https:\/\/turismoburgos.digital\/wp-content\/uploads\/2022\/02\/600px-Braun_Burgos_UBHD-389x134.jpg 389w, https:\/\/turismoburgos.digital\/wp-content\/uploads\/2022\/02\/600px-Braun_Burgos_UBHD-414x143.jpg 414w, https:\/\/turismoburgos.digital\/wp-content\/uploads\/2022\/02\/600px-Braun_Burgos_UBHD-512x177.jpg 512w\" sizes=\"(max-width: 1242px) 100vw, 1242px\" \/><\/figure>\n\n\n\n<hr class=\"wp-block-separator\"\/>\n\n\n\n<p><a href=\"https:\/\/www.google.com\/maps\/search\/murallas+de+burgos\/@42.3437221,-3.7130504,14z\/data=!3m1!4b1\" target=\"_blank\" rel=\"noreferrer noopener\">https:\/\/www.google.com\/maps\/search\/murallas+de+burgos\/@42.3437221,-3.7130504,14z\/data=!3m1!4b1<\/a><\/p>\n\n\n\n<hr class=\"wp-block-separator\"\/>\n\n\n\n<hr class=\"wp-block-separator\"\/>\n\n\n\n<p><\/p>\n","protected":false},"excerpt":{"rendered":"<p>La muralla de Burgos es una cerca militar que rodea parte del casco hist\u00f3rico de la ciudad de Burgos (Espa\u00f1a). Su estructura actual remonta a &hellip;<\/p>\n","protected":false},"author":1,"featured_media":1481,"parent":0,"menu_order":0,"comment_status":"closed","ping_status":"closed","template":"","meta":{"_monsterinsights_skip_tracking":false,"_monsterinsights_sitenote_active":false,"_monsterinsights_sitenote_note":"","_monsterinsights_sitenote_category":0},"_links":{"self":[{"href":"https:\/\/turismoburgos.digital\/index.php\/wp-json\/wp\/v2\/pages\/351"}],"collection":[{"href":"https:\/\/turismoburgos.digital\/index.php\/wp-json\/wp\/v2\/pages"}],"about":[{"href":"https:\/\/turismoburgos.digital\/index.php\/wp-json\/wp\/v2\/types\/page"}],"author":[{"embeddable":true,"href":"https:\/\/turismoburgos.digital\/index.php\/wp-json\/wp\/v2\/users\/1"}],"replies":[{"embeddable":true,"href":"https:\/\/turismoburgos.digital\/index.php\/wp-json\/wp\/v2\/comments?post=351"}],"version-history":[{"count":2,"href":"https:\/\/turismoburgos.digital\/index.php\/wp-json\/wp\/v2\/pages\/351\/revisions"}],"predecessor-version":[{"id":1157,"href":"https:\/\/turismoburgos.digital\/index.php\/wp-json\/wp\/v2\/pages\/351\/revisions\/1157"}],"wp:featuredmedia":[{"embeddable":true,"href":"https:\/\/turismoburgos.digital\/index.php\/wp-json\/wp\/v2\/media\/1481"}],"wp:attachment":[{"href":"https:\/\/turismoburgos.digital\/index.php\/wp-json\/wp\/v2\/media?parent=351"}],"curies":[{"name":"wp","href":"https:\/\/api.w.org\/{rel}","templated":true}]}}