{"id":350,"date":"2022-02-20T23:16:38","date_gmt":"2022-02-20T23:16:38","guid":{"rendered":"http:\/\/turismoburgos.digital\/?page_id=350"},"modified":"2022-03-28T19:40:29","modified_gmt":"2022-03-28T19:40:29","slug":"hospital-de-barrantes","status":"publish","type":"page","link":"https:\/\/turismoburgos.digital\/index.php\/hospital-de-barrantes\/","title":{"rendered":"Hospital de Barrantes"},"content":{"rendered":"\n<hr class=\"wp-block-separator\"\/>\n\n\n\n<figure class=\"wp-block-image size-large is-resized\"><img loading=\"lazy\" src=\"http:\/\/turismoburgos.digital\/wp-content\/uploads\/2022\/02\/Burgos_-_Hospital_de_Barrantes_1-1-1024x768.jpg\" alt=\"\" class=\"wp-image-1143\" width=\"1240\" height=\"930\" srcset=\"https:\/\/turismoburgos.digital\/wp-content\/uploads\/2022\/02\/Burgos_-_Hospital_de_Barrantes_1-1-1024x768.jpg 1024w, https:\/\/turismoburgos.digital\/wp-content\/uploads\/2022\/02\/Burgos_-_Hospital_de_Barrantes_1-1-300x225.jpg 300w, https:\/\/turismoburgos.digital\/wp-content\/uploads\/2022\/02\/Burgos_-_Hospital_de_Barrantes_1-1-768x576.jpg 768w, https:\/\/turismoburgos.digital\/wp-content\/uploads\/2022\/02\/Burgos_-_Hospital_de_Barrantes_1-1-1536x1152.jpg 1536w, https:\/\/turismoburgos.digital\/wp-content\/uploads\/2022\/02\/Burgos_-_Hospital_de_Barrantes_1-1-389x292.jpg 389w, https:\/\/turismoburgos.digital\/wp-content\/uploads\/2022\/02\/Burgos_-_Hospital_de_Barrantes_1-1-414x311.jpg 414w, https:\/\/turismoburgos.digital\/wp-content\/uploads\/2022\/02\/Burgos_-_Hospital_de_Barrantes_1-1-800x600.jpg 800w, https:\/\/turismoburgos.digital\/wp-content\/uploads\/2022\/02\/Burgos_-_Hospital_de_Barrantes_1-1-512x384.jpg 512w, https:\/\/turismoburgos.digital\/wp-content\/uploads\/2022\/02\/Burgos_-_Hospital_de_Barrantes_1-1.jpg 2048w\" sizes=\"(max-width: 1240px) 100vw, 1240px\" \/><figcaption>Hospital de Barrantes<\/figcaption><\/figure>\n\n\n\n<hr class=\"wp-block-separator\"\/>\n\n\n\n<p><strong>El Hospital de San Juli\u00e1n y San Quirce (o de Barrantes), fu\u00e9 fundado a mediados del siglo XVII por los can\u00f3nigos don Pedro de Barrantes y Aldana y don Jer\u00f3nimo Pardo para dar asistencia a los pobres y enfermos de la urbe. El edificio fu\u00e9 muy ampliado en los siglos XVIII y XX.<\/strong><br><strong>&nbsp;&nbsp;&nbsp;&nbsp;&nbsp;De las construcciones primitivas a\u00fan se conserva la portada clasicista y la iglesia en la que se haya un interesante retablo barroco labrado por los hermanos Coert\u00e1s del Valle a mediados del siglo XVIII.<\/strong><br><strong>&nbsp;&nbsp;&nbsp;&nbsp;&nbsp;Hoy en d\u00eda es una residencia de ancianos.<\/strong><\/p>\n\n\n\n<hr class=\"wp-block-separator\"\/>\n\n\n\n<figure class=\"wp-block-gallery has-nested-images columns-default is-cropped\">\n<figure class=\"wp-block-image size-large\"><img loading=\"lazy\" width=\"328\" height=\"436\" data-id=\"1145\"  src=\"http:\/\/turismoburgos.digital\/wp-content\/uploads\/2022\/02\/2018-01-30-16-2.png\" alt=\"\" class=\"wp-image-1145\" srcset=\"https:\/\/turismoburgos.digital\/wp-content\/uploads\/2022\/02\/2018-01-30-16-2.png 328w, https:\/\/turismoburgos.digital\/wp-content\/uploads\/2022\/02\/2018-01-30-16-2-226x300.png 226w\" sizes=\"(max-width: 328px) 100vw, 328px\" \/><\/figure>\n\n\n\n<figure class=\"wp-block-image size-large\"><img loading=\"lazy\" width=\"768\" height=\"1024\" data-id=\"1146\"  src=\"http:\/\/turismoburgos.digital\/wp-content\/uploads\/2022\/02\/Burgos_-_Hospital_de_Barrantes_2-768x1024.jpg\" alt=\"\" class=\"wp-image-1146\" srcset=\"https:\/\/turismoburgos.digital\/wp-content\/uploads\/2022\/02\/Burgos_-_Hospital_de_Barrantes_2-768x1024.jpg 768w, https:\/\/turismoburgos.digital\/wp-content\/uploads\/2022\/02\/Burgos_-_Hospital_de_Barrantes_2-225x300.jpg 225w, https:\/\/turismoburgos.digital\/wp-content\/uploads\/2022\/02\/Burgos_-_Hospital_de_Barrantes_2-1152x1536.jpg 1152w, https:\/\/turismoburgos.digital\/wp-content\/uploads\/2022\/02\/Burgos_-_Hospital_de_Barrantes_2-389x519.jpg 389w, https:\/\/turismoburgos.digital\/wp-content\/uploads\/2022\/02\/Burgos_-_Hospital_de_Barrantes_2-414x552.jpg 414w, https:\/\/turismoburgos.digital\/wp-content\/uploads\/2022\/02\/Burgos_-_Hospital_de_Barrantes_2-800x1067.jpg 800w, https:\/\/turismoburgos.digital\/wp-content\/uploads\/2022\/02\/Burgos_-_Hospital_de_Barrantes_2-512x683.jpg 512w, https:\/\/turismoburgos.digital\/wp-content\/uploads\/2022\/02\/Burgos_-_Hospital_de_Barrantes_2.jpg 1536w\" sizes=\"(max-width: 768px) 100vw, 768px\" \/><\/figure>\n<\/figure>\n\n\n\n<figure class=\"wp-block-gallery has-nested-images columns-default is-cropped\">\n<figure class=\"wp-block-image size-large\"><img loading=\"lazy\" width=\"600\" height=\"450\" data-id=\"1147\"  src=\"http:\/\/turismoburgos.digital\/wp-content\/uploads\/2022\/02\/2017-08-27.jpg\" alt=\"\" class=\"wp-image-1147\" srcset=\"https:\/\/turismoburgos.digital\/wp-content\/uploads\/2022\/02\/2017-08-27.jpg 600w, https:\/\/turismoburgos.digital\/wp-content\/uploads\/2022\/02\/2017-08-27-300x225.jpg 300w, https:\/\/turismoburgos.digital\/wp-content\/uploads\/2022\/02\/2017-08-27-389x292.jpg 389w, https:\/\/turismoburgos.digital\/wp-content\/uploads\/2022\/02\/2017-08-27-414x311.jpg 414w, https:\/\/turismoburgos.digital\/wp-content\/uploads\/2022\/02\/2017-08-27-512x384.jpg 512w\" sizes=\"(max-width: 600px) 100vw, 600px\" \/><\/figure>\n\n\n\n<figure class=\"wp-block-image size-large\"><img loading=\"lazy\" width=\"835\" height=\"1024\" data-id=\"1148\"  src=\"http:\/\/turismoburgos.digital\/wp-content\/uploads\/2022\/02\/24608584513_3eee41e9e1_b.jpg\" alt=\"\" class=\"wp-image-1148\" srcset=\"https:\/\/turismoburgos.digital\/wp-content\/uploads\/2022\/02\/24608584513_3eee41e9e1_b.jpg 835w, https:\/\/turismoburgos.digital\/wp-content\/uploads\/2022\/02\/24608584513_3eee41e9e1_b-245x300.jpg 245w, https:\/\/turismoburgos.digital\/wp-content\/uploads\/2022\/02\/24608584513_3eee41e9e1_b-768x942.jpg 768w, https:\/\/turismoburgos.digital\/wp-content\/uploads\/2022\/02\/24608584513_3eee41e9e1_b-389x477.jpg 389w, https:\/\/turismoburgos.digital\/wp-content\/uploads\/2022\/02\/24608584513_3eee41e9e1_b-414x508.jpg 414w, https:\/\/turismoburgos.digital\/wp-content\/uploads\/2022\/02\/24608584513_3eee41e9e1_b-800x981.jpg 800w, https:\/\/turismoburgos.digital\/wp-content\/uploads\/2022\/02\/24608584513_3eee41e9e1_b-512x628.jpg 512w\" sizes=\"(max-width: 835px) 100vw, 835px\" \/><\/figure>\n<\/figure>\n\n\n\n<hr class=\"wp-block-separator\"\/>\n\n\n\n<p><strong>Calle Barrantes, 1<\/strong><br><strong>09003 Burgos<\/strong><\/p>\n\n\n\n<p><strong>947 25 12 91<\/strong><\/p>\n\n\n\n<hr class=\"wp-block-separator\"\/>\n\n\n\n<div class=\"wp-container-1 wp-block-buttons\">\n<div class=\"wp-block-button\"><a class=\"wp-block-button__link\" href=\"https:\/\/www.google.com\/maps\/place\/Hogar+Residencia+San+Juli%C3%A1n+y+San+Quirce+%22Barrantes%22\/@42.3388633,-3.7076191,15z\/data=!4m2!3m1!1s0x0:0xa0287acf25329e42?sa=X&amp;hl=es&amp;ved=2ahUKEwjTsozRwZP2AhXxx4UKHWDqCbwQ_BJ6BAgiEAU\" target=\"_blank\" rel=\"noreferrer noopener\">C\u00f3mo llegar<\/a><\/div>\n<\/div>\n\n\n\n<hr class=\"wp-block-separator\"\/>\n\n\n\n<hr class=\"wp-block-separator\"\/>\n","protected":false},"excerpt":{"rendered":"<p>El Hospital de San Juli\u00e1n y San Quirce (o de Barrantes), fu\u00e9 fundado a mediados del siglo XVII por los can\u00f3nigos don Pedro de Barrantes &hellip;<\/p>\n","protected":false},"author":1,"featured_media":1479,"parent":0,"menu_order":0,"comment_status":"closed","ping_status":"closed","template":"","meta":{"_monsterinsights_skip_tracking":false,"_monsterinsights_sitenote_active":false,"_monsterinsights_sitenote_note":"","_monsterinsights_sitenote_category":0},"_links":{"self":[{"href":"https:\/\/turismoburgos.digital\/index.php\/wp-json\/wp\/v2\/pages\/350"}],"collection":[{"href":"https:\/\/turismoburgos.digital\/index.php\/wp-json\/wp\/v2\/pages"}],"about":[{"href":"https:\/\/turismoburgos.digital\/index.php\/wp-json\/wp\/v2\/types\/page"}],"author":[{"embeddable":true,"href":"https:\/\/turismoburgos.digital\/index.php\/wp-json\/wp\/v2\/users\/1"}],"replies":[{"embeddable":true,"href":"https:\/\/turismoburgos.digital\/index.php\/wp-json\/wp\/v2\/comments?post=350"}],"version-history":[{"count":3,"href":"https:\/\/turismoburgos.digital\/index.php\/wp-json\/wp\/v2\/pages\/350\/revisions"}],"predecessor-version":[{"id":1480,"href":"https:\/\/turismoburgos.digital\/index.php\/wp-json\/wp\/v2\/pages\/350\/revisions\/1480"}],"wp:featuredmedia":[{"embeddable":true,"href":"https:\/\/turismoburgos.digital\/index.php\/wp-json\/wp\/v2\/media\/1479"}],"wp:attachment":[{"href":"https:\/\/turismoburgos.digital\/index.php\/wp-json\/wp\/v2\/media?parent=350"}],"curies":[{"name":"wp","href":"https:\/\/api.w.org\/{rel}","templated":true}]}}