{"id":35,"date":"2022-02-17T19:16:52","date_gmt":"2022-02-17T19:16:52","guid":{"rendered":"http:\/\/turismoburgos.digital\/?page_id=35"},"modified":"2022-04-05T09:41:07","modified_gmt":"2022-04-05T09:41:07","slug":"localidades","status":"publish","type":"page","link":"https:\/\/turismoburgos.digital\/index.php\/localidades\/","title":{"rendered":"Localidades"},"content":{"rendered":"\n<hr class=\"wp-block-separator\"\/>\n\n\n\n<p><strong>La provincia de Burgos se sit\u00faa en la zona interior de Espa\u00f1a, en el norte de la regi\u00f3n<\/strong><br><strong>de Castilla y Le\u00f3n.<\/strong><br><strong>Su capital, donde se encuentra la \u00fanica catedral de Espa\u00f1a reconocida de forma individual Patrimonio de la Humanidad por la UNESCO.<\/strong><br><strong>Otra buena muestra del rico patrimonio cultural de la provincia es el yacimiento de Atapuerca, uno de los m\u00e1s importantes de Europa y declarado<\/strong><br><strong>Patrimonio de la Humanidad por la UNESCO.<\/strong><br><strong>De inter\u00e9s son tambi\u00e9n los municipios de Santo Domingo de Silos, Covarrubias, Fr\u00edas<\/strong><br><strong>y Aranda de Duero.<\/strong><br><strong>En la gastronom\u00eda, destacan los vinos de la Ribera del Duero.<\/strong><br><strong>Adem\u00e1s, en esta zona es f\u00e1cil encontrar<\/strong><br><strong>m\u00faltiples actividades relacionadas con la enolog\u00eda<\/strong><br><strong>&nbsp;con las DO Ribera de Duero y Arlanza.<\/strong><br><strong>En la provincia, tambi\u00e9n es muy recomendable probar el lechazo y el queso de oveja.<\/strong><\/p>\n\n\n\n<hr class=\"wp-block-separator\"\/>\n\n\n\n<figure class=\"wp-block-image size-full is-resized\"><img loading=\"lazy\" src=\"http:\/\/turismoburgos.digital\/wp-content\/uploads\/2022\/02\/Imagen1-1.png\" alt=\"\" class=\"wp-image-650\" width=\"1238\" height=\"501\" srcset=\"https:\/\/turismoburgos.digital\/wp-content\/uploads\/2022\/02\/Imagen1-1.png 986w, https:\/\/turismoburgos.digital\/wp-content\/uploads\/2022\/02\/Imagen1-1-300x121.png 300w, https:\/\/turismoburgos.digital\/wp-content\/uploads\/2022\/02\/Imagen1-1-768x311.png 768w, https:\/\/turismoburgos.digital\/wp-content\/uploads\/2022\/02\/Imagen1-1-389x157.png 389w, https:\/\/turismoburgos.digital\/wp-content\/uploads\/2022\/02\/Imagen1-1-414x168.png 414w, https:\/\/turismoburgos.digital\/wp-content\/uploads\/2022\/02\/Imagen1-1-800x324.png 800w, https:\/\/turismoburgos.digital\/wp-content\/uploads\/2022\/02\/Imagen1-1-512x207.png 512w\" sizes=\"(max-width: 1238px) 100vw, 1238px\" \/><figcaption>Ojo Guare\u00f1a<\/figcaption><\/figure>\n\n\n\n<hr class=\"wp-block-separator\"\/>\n\n\n\n<h2 id=\"busca-la-localidad-que-deseas-encontrar-y-haz-click-en-su-enlace-en-el-mapa\"><strong>Busca la localidad que deseas encontrar y haz click en su enlace en el mapa.<\/strong><\/h2>\n\n\n\n<iframe loading=\"lazy\" src=\"https:\/\/www.google.com\/maps\/d\/embed?mid=1_KeowuqCt2NN_tGPSrDHqwds4w5u5anS&amp;ehbc=2E312F\" width=\"1200\" height=\"480\"><\/iframe>\n\n\n\n<hr class=\"wp-block-separator\"\/>\n\n\n\n<h2 id=\"si-te-es-mas-sencillo-haz-la-busqueda-en-la-lista-por-orden-alfabetico\"><strong>Si te es m\u00e1s sencillo, haz la b\u00fasqueda en la lista por orden alfab\u00e9tico.<\/strong><\/h2>\n\n\n\n<div class=\"wp-container-1 wp-block-buttons\">\n<div class=\"wp-block-button\"><a class=\"wp-block-button__link\" href=\"https:\/\/clickturismo.es\/localidadesburgos\/\" target=\"_blank\" rel=\"noreferrer noopener\">TODAS LAS LOCALIDADES<\/a><\/div>\n<\/div>\n\n\n\n<hr class=\"wp-block-separator\"\/>\n\n\n\n<hr class=\"wp-block-separator\"\/>\n","protected":false},"excerpt":{"rendered":"<p>La provincia de Burgos se sit\u00faa en la zona interior de Espa\u00f1a, en el norte de la regi\u00f3nde Castilla y Le\u00f3n.Su capital, donde se encuentra &hellip;<\/p>\n","protected":false},"author":1,"featured_media":1439,"parent":0,"menu_order":0,"comment_status":"closed","ping_status":"closed","template":"","meta":{"_monsterinsights_skip_tracking":false,"_monsterinsights_sitenote_active":false,"_monsterinsights_sitenote_note":"","_monsterinsights_sitenote_category":0},"_links":{"self":[{"href":"https:\/\/turismoburgos.digital\/index.php\/wp-json\/wp\/v2\/pages\/35"}],"collection":[{"href":"https:\/\/turismoburgos.digital\/index.php\/wp-json\/wp\/v2\/pages"}],"about":[{"href":"https:\/\/turismoburgos.digital\/index.php\/wp-json\/wp\/v2\/types\/page"}],"author":[{"embeddable":true,"href":"https:\/\/turismoburgos.digital\/index.php\/wp-json\/wp\/v2\/users\/1"}],"replies":[{"embeddable":true,"href":"https:\/\/turismoburgos.digital\/index.php\/wp-json\/wp\/v2\/comments?post=35"}],"version-history":[{"count":7,"href":"https:\/\/turismoburgos.digital\/index.php\/wp-json\/wp\/v2\/pages\/35\/revisions"}],"predecessor-version":[{"id":1594,"href":"https:\/\/turismoburgos.digital\/index.php\/wp-json\/wp\/v2\/pages\/35\/revisions\/1594"}],"wp:featuredmedia":[{"embeddable":true,"href":"https:\/\/turismoburgos.digital\/index.php\/wp-json\/wp\/v2\/media\/1439"}],"wp:attachment":[{"href":"https:\/\/turismoburgos.digital\/index.php\/wp-json\/wp\/v2\/media?parent=35"}],"curies":[{"name":"wp","href":"https:\/\/api.w.org\/{rel}","templated":true}]}}