{"id":349,"date":"2022-02-20T23:16:38","date_gmt":"2022-02-20T23:16:38","guid":{"rendered":"http:\/\/turismoburgos.digital\/?page_id=349"},"modified":"2022-03-28T19:38:34","modified_gmt":"2022-03-28T19:38:34","slug":"fuentes-blancas","status":"publish","type":"page","link":"https:\/\/turismoburgos.digital\/index.php\/fuentes-blancas\/","title":{"rendered":"Fuentes Blancas"},"content":{"rendered":"\n<hr class=\"wp-block-separator\"\/>\n\n\n\n<figure class=\"wp-block-image size-large is-resized\"><img loading=\"lazy\" src=\"http:\/\/turismoburgos.digital\/wp-content\/uploads\/2022\/02\/fuentes_blancas1_1284x642_q75_middle-1024x512.jpg\" alt=\"\" class=\"wp-image-1136\" width=\"1240\" height=\"620\" srcset=\"https:\/\/turismoburgos.digital\/wp-content\/uploads\/2022\/02\/fuentes_blancas1_1284x642_q75_middle-1024x512.jpg 1024w, https:\/\/turismoburgos.digital\/wp-content\/uploads\/2022\/02\/fuentes_blancas1_1284x642_q75_middle-300x150.jpg 300w, https:\/\/turismoburgos.digital\/wp-content\/uploads\/2022\/02\/fuentes_blancas1_1284x642_q75_middle-768x384.jpg 768w, https:\/\/turismoburgos.digital\/wp-content\/uploads\/2022\/02\/fuentes_blancas1_1284x642_q75_middle-389x195.jpg 389w, https:\/\/turismoburgos.digital\/wp-content\/uploads\/2022\/02\/fuentes_blancas1_1284x642_q75_middle-414x207.jpg 414w, https:\/\/turismoburgos.digital\/wp-content\/uploads\/2022\/02\/fuentes_blancas1_1284x642_q75_middle-800x400.jpg 800w, https:\/\/turismoburgos.digital\/wp-content\/uploads\/2022\/02\/fuentes_blancas1_1284x642_q75_middle-512x256.jpg 512w, https:\/\/turismoburgos.digital\/wp-content\/uploads\/2022\/02\/fuentes_blancas1_1284x642_q75_middle.jpg 1284w\" sizes=\"(max-width: 1240px) 100vw, 1240px\" \/><figcaption>Fuentes Blancas<\/figcaption><\/figure>\n\n\n\n<hr class=\"wp-block-separator\"\/>\n\n\n\n<p><strong>En el Parque se encuentra ubicado una senda natural que permite a los m\u00e1s peque\u00f1os acercarse a conocer las plantas y los animales aut\u00f3ctonos m\u00e1s representativos de Castilla y Le\u00f3n.<\/strong><br><strong>&nbsp;&nbsp;&nbsp;&nbsp;&nbsp;En este paraje id\u00edlico podr\u00e1n encontrar, entre las plantas, el acebo, orqu\u00eddeas, jacintos y tulipanes silvestres. Y peque\u00f1os animalitos como el c\u00e1rabo, el topillo, el topo, el carbonerogarrapinos o la ardilla.<\/strong><br><strong>&nbsp;&nbsp;&nbsp;&nbsp;&nbsp;&nbsp;El parque dispone de zonas de ocio, merenderos, restaurantes y un camping.<\/strong><\/p>\n\n\n\n<hr class=\"wp-block-separator\"\/>\n\n\n\n<figure class=\"wp-block-gallery has-nested-images columns-default is-cropped\">\n<figure class=\"wp-block-image size-large\"><img loading=\"lazy\" width=\"1024\" height=\"576\" data-id=\"1139\"  src=\"http:\/\/turismoburgos.digital\/wp-content\/uploads\/2022\/02\/22313535070_fbf492d50d_b.jpg\" alt=\"\" class=\"wp-image-1139\" srcset=\"https:\/\/turismoburgos.digital\/wp-content\/uploads\/2022\/02\/22313535070_fbf492d50d_b.jpg 1024w, https:\/\/turismoburgos.digital\/wp-content\/uploads\/2022\/02\/22313535070_fbf492d50d_b-300x169.jpg 300w, https:\/\/turismoburgos.digital\/wp-content\/uploads\/2022\/02\/22313535070_fbf492d50d_b-768x432.jpg 768w, https:\/\/turismoburgos.digital\/wp-content\/uploads\/2022\/02\/22313535070_fbf492d50d_b-389x219.jpg 389w, https:\/\/turismoburgos.digital\/wp-content\/uploads\/2022\/02\/22313535070_fbf492d50d_b-414x233.jpg 414w, https:\/\/turismoburgos.digital\/wp-content\/uploads\/2022\/02\/22313535070_fbf492d50d_b-800x450.jpg 800w, https:\/\/turismoburgos.digital\/wp-content\/uploads\/2022\/02\/22313535070_fbf492d50d_b-512x288.jpg 512w\" sizes=\"(max-width: 1024px) 100vw, 1024px\" \/><\/figure>\n\n\n\n<figure class=\"wp-block-image size-large\"><img loading=\"lazy\" width=\"500\" height=\"375\" data-id=\"1138\"  src=\"http:\/\/turismoburgos.digital\/wp-content\/uploads\/2022\/02\/parque-de-fuentes-blancas_695_1.jpg\" alt=\"\" class=\"wp-image-1138\" srcset=\"https:\/\/turismoburgos.digital\/wp-content\/uploads\/2022\/02\/parque-de-fuentes-blancas_695_1.jpg 500w, https:\/\/turismoburgos.digital\/wp-content\/uploads\/2022\/02\/parque-de-fuentes-blancas_695_1-300x225.jpg 300w, https:\/\/turismoburgos.digital\/wp-content\/uploads\/2022\/02\/parque-de-fuentes-blancas_695_1-389x292.jpg 389w, https:\/\/turismoburgos.digital\/wp-content\/uploads\/2022\/02\/parque-de-fuentes-blancas_695_1-414x311.jpg 414w\" sizes=\"(max-width: 500px) 100vw, 500px\" \/><\/figure>\n<\/figure>\n\n\n\n<figure class=\"wp-block-gallery has-nested-images columns-default is-cropped\">\n<figure class=\"wp-block-image size-large\"><img loading=\"lazy\" width=\"972\" height=\"571\" data-id=\"1141\"  src=\"http:\/\/turismoburgos.digital\/wp-content\/uploads\/2022\/02\/95737_1.jpg\" alt=\"\" class=\"wp-image-1141\" srcset=\"https:\/\/turismoburgos.digital\/wp-content\/uploads\/2022\/02\/95737_1.jpg 972w, https:\/\/turismoburgos.digital\/wp-content\/uploads\/2022\/02\/95737_1-300x176.jpg 300w, https:\/\/turismoburgos.digital\/wp-content\/uploads\/2022\/02\/95737_1-768x451.jpg 768w, https:\/\/turismoburgos.digital\/wp-content\/uploads\/2022\/02\/95737_1-389x229.jpg 389w, https:\/\/turismoburgos.digital\/wp-content\/uploads\/2022\/02\/95737_1-414x243.jpg 414w, https:\/\/turismoburgos.digital\/wp-content\/uploads\/2022\/02\/95737_1-800x470.jpg 800w, https:\/\/turismoburgos.digital\/wp-content\/uploads\/2022\/02\/95737_1-512x301.jpg 512w\" sizes=\"(max-width: 972px) 100vw, 972px\" \/><\/figure>\n\n\n\n<figure class=\"wp-block-image size-large\"><img loading=\"lazy\" width=\"1024\" height=\"576\" data-id=\"1140\"  src=\"http:\/\/turismoburgos.digital\/wp-content\/uploads\/2022\/02\/22313535070_fbf492d50d_b-1.jpg\" alt=\"\" class=\"wp-image-1140\" srcset=\"https:\/\/turismoburgos.digital\/wp-content\/uploads\/2022\/02\/22313535070_fbf492d50d_b-1.jpg 1024w, https:\/\/turismoburgos.digital\/wp-content\/uploads\/2022\/02\/22313535070_fbf492d50d_b-1-300x169.jpg 300w, https:\/\/turismoburgos.digital\/wp-content\/uploads\/2022\/02\/22313535070_fbf492d50d_b-1-768x432.jpg 768w, https:\/\/turismoburgos.digital\/wp-content\/uploads\/2022\/02\/22313535070_fbf492d50d_b-1-389x219.jpg 389w, https:\/\/turismoburgos.digital\/wp-content\/uploads\/2022\/02\/22313535070_fbf492d50d_b-1-414x233.jpg 414w, https:\/\/turismoburgos.digital\/wp-content\/uploads\/2022\/02\/22313535070_fbf492d50d_b-1-800x450.jpg 800w, https:\/\/turismoburgos.digital\/wp-content\/uploads\/2022\/02\/22313535070_fbf492d50d_b-1-512x288.jpg 512w\" sizes=\"(max-width: 1024px) 100vw, 1024px\" \/><\/figure>\n<\/figure>\n\n\n\n<hr class=\"wp-block-separator\"\/>\n\n\n\n<p><strong>Calle Cartuja de Miraflores<\/strong><br><strong>09001 Burgos<\/strong><\/p>\n\n\n\n<p><a href=\"https:\/\/es.wikipedia.org\/wiki\/Fuentes_Blancas\" target=\"_blank\" rel=\"noreferrer noopener\">https:\/\/es.wikipedia.org\/wiki\/Fuentes_Blancas<\/a><\/p>\n\n\n\n<hr class=\"wp-block-separator\"\/>\n\n\n\n<div class=\"wp-container-1 wp-block-buttons\">\n<div class=\"wp-block-button\"><a class=\"wp-block-button__link\" href=\"https:\/\/www.google.com\/maps\/place\/Parque+de+Fuentes+blancas\/@42.3388168,-3.6446483,15z\/data=!4m2!3m1!1s0x0:0x9cc2299fe0a07348?sa=X&amp;ved=2ahUKEwj0hYHVv5P2AhUjlP0HHZh0CckQ_BJ6BAgjEAU\" target=\"_blank\" rel=\"noreferrer noopener\">C\u00f3mo llegar<\/a><\/div>\n<\/div>\n\n\n\n<hr class=\"wp-block-separator\"\/>\n\n\n\n<hr class=\"wp-block-separator\"\/>\n","protected":false},"excerpt":{"rendered":"<p>En el Parque se encuentra ubicado una senda natural que permite a los m\u00e1s peque\u00f1os acercarse a conocer las plantas y los animales aut\u00f3ctonos m\u00e1s &hellip;<\/p>\n","protected":false},"author":1,"featured_media":1477,"parent":0,"menu_order":0,"comment_status":"closed","ping_status":"closed","template":"","meta":{"_monsterinsights_skip_tracking":false,"_monsterinsights_sitenote_active":false,"_monsterinsights_sitenote_note":"","_monsterinsights_sitenote_category":0},"_links":{"self":[{"href":"https:\/\/turismoburgos.digital\/index.php\/wp-json\/wp\/v2\/pages\/349"}],"collection":[{"href":"https:\/\/turismoburgos.digital\/index.php\/wp-json\/wp\/v2\/pages"}],"about":[{"href":"https:\/\/turismoburgos.digital\/index.php\/wp-json\/wp\/v2\/types\/page"}],"author":[{"embeddable":true,"href":"https:\/\/turismoburgos.digital\/index.php\/wp-json\/wp\/v2\/users\/1"}],"replies":[{"embeddable":true,"href":"https:\/\/turismoburgos.digital\/index.php\/wp-json\/wp\/v2\/comments?post=349"}],"version-history":[{"count":3,"href":"https:\/\/turismoburgos.digital\/index.php\/wp-json\/wp\/v2\/pages\/349\/revisions"}],"predecessor-version":[{"id":1478,"href":"https:\/\/turismoburgos.digital\/index.php\/wp-json\/wp\/v2\/pages\/349\/revisions\/1478"}],"wp:featuredmedia":[{"embeddable":true,"href":"https:\/\/turismoburgos.digital\/index.php\/wp-json\/wp\/v2\/media\/1477"}],"wp:attachment":[{"href":"https:\/\/turismoburgos.digital\/index.php\/wp-json\/wp\/v2\/media?parent=349"}],"curies":[{"name":"wp","href":"https:\/\/api.w.org\/{rel}","templated":true}]}}