{"id":345,"date":"2022-02-20T23:16:38","date_gmt":"2022-02-20T23:16:38","guid":{"rendered":"http:\/\/turismoburgos.digital\/?page_id=345"},"modified":"2022-03-28T19:32:54","modified_gmt":"2022-03-28T19:32:54","slug":"diputacion","status":"publish","type":"page","link":"https:\/\/turismoburgos.digital\/index.php\/diputacion\/","title":{"rendered":"Diputaci\u00f3n"},"content":{"rendered":"\n<hr class=\"wp-block-separator\"\/>\n\n\n\n<figure class=\"wp-block-image size-full is-resized\"><img loading=\"lazy\" src=\"http:\/\/turismoburgos.digital\/wp-content\/uploads\/2022\/02\/dipu2-1.jpg\" alt=\"\" class=\"wp-image-1112\" width=\"1240\" height=\"895\" srcset=\"https:\/\/turismoburgos.digital\/wp-content\/uploads\/2022\/02\/dipu2-1.jpg 1024w, https:\/\/turismoburgos.digital\/wp-content\/uploads\/2022\/02\/dipu2-1-300x217.jpg 300w, https:\/\/turismoburgos.digital\/wp-content\/uploads\/2022\/02\/dipu2-1-768x554.jpg 768w, https:\/\/turismoburgos.digital\/wp-content\/uploads\/2022\/02\/dipu2-1-389x281.jpg 389w, https:\/\/turismoburgos.digital\/wp-content\/uploads\/2022\/02\/dipu2-1-414x299.jpg 414w, https:\/\/turismoburgos.digital\/wp-content\/uploads\/2022\/02\/dipu2-1-800x577.jpg 800w, https:\/\/turismoburgos.digital\/wp-content\/uploads\/2022\/02\/dipu2-1-512x370.jpg 512w\" sizes=\"(max-width: 1240px) 100vw, 1240px\" \/><figcaption>Diputaci\u00f3n<\/figcaption><\/figure>\n\n\n\n<hr class=\"wp-block-separator\"\/>\n\n\n\n<p><strong>La Diputaci\u00f3n inaugur\u00f3 su sede en 1870, sobre la antigua puerta de San Pablo. Es un edificio neocl\u00e1sico, severo y noble, s\u00edntesis del se\u00f1or\u00edo de la provincia.<\/strong><br><strong>&nbsp;&nbsp;&nbsp;&nbsp;&nbsp;En su interior se ha colocado el Retablo de Castilla de maese Calvo y la c\u00fapula de la escalera principal se ilumina con las pinturas cidianas de Jos\u00e9 Vela Zanetti, un burgal\u00e9s que ha sabido sentarse por su propio derecho en el olimpo de los artistas.<\/strong><br><strong>&nbsp;&nbsp;&nbsp;&nbsp;En el Sal\u00f3n de Plenos penden dos cuadros de Marceliano Santamar\u00eda: Las Navas de Tolosa y el real\u00edsimo de el Esquileo.<\/strong><\/p>\n\n\n\n<hr class=\"wp-block-separator\"\/>\n\n\n\n<figure class=\"wp-block-gallery has-nested-images columns-default is-cropped\">\n<figure class=\"wp-block-image size-large\"><img loading=\"lazy\" width=\"642\" height=\"361\" data-id=\"1116\"  src=\"http:\/\/turismoburgos.digital\/wp-content\/uploads\/2022\/02\/1563539295937interior-diputaciondn.jpeg\" alt=\"\" class=\"wp-image-1116\" srcset=\"https:\/\/turismoburgos.digital\/wp-content\/uploads\/2022\/02\/1563539295937interior-diputaciondn.jpeg 642w, https:\/\/turismoburgos.digital\/wp-content\/uploads\/2022\/02\/1563539295937interior-diputaciondn-300x169.jpeg 300w, https:\/\/turismoburgos.digital\/wp-content\/uploads\/2022\/02\/1563539295937interior-diputaciondn-389x219.jpeg 389w, https:\/\/turismoburgos.digital\/wp-content\/uploads\/2022\/02\/1563539295937interior-diputaciondn-414x233.jpeg 414w, https:\/\/turismoburgos.digital\/wp-content\/uploads\/2022\/02\/1563539295937interior-diputaciondn-512x288.jpeg 512w\" sizes=\"(max-width: 642px) 100vw, 642px\" \/><\/figure>\n\n\n\n<figure class=\"wp-block-image size-large\"><img loading=\"lazy\" width=\"1024\" height=\"683\" data-id=\"1114\"  src=\"http:\/\/turismoburgos.digital\/wp-content\/uploads\/2022\/02\/Diputacixn_vidrieras-escaleras-1024x683.jpg\" alt=\"\" class=\"wp-image-1114\" srcset=\"https:\/\/turismoburgos.digital\/wp-content\/uploads\/2022\/02\/Diputacixn_vidrieras-escaleras-1024x683.jpg 1024w, https:\/\/turismoburgos.digital\/wp-content\/uploads\/2022\/02\/Diputacixn_vidrieras-escaleras-300x200.jpg 300w, https:\/\/turismoburgos.digital\/wp-content\/uploads\/2022\/02\/Diputacixn_vidrieras-escaleras-768x512.jpg 768w, https:\/\/turismoburgos.digital\/wp-content\/uploads\/2022\/02\/Diputacixn_vidrieras-escaleras-1536x1024.jpg 1536w, https:\/\/turismoburgos.digital\/wp-content\/uploads\/2022\/02\/Diputacixn_vidrieras-escaleras-2048x1365.jpg 2048w, https:\/\/turismoburgos.digital\/wp-content\/uploads\/2022\/02\/Diputacixn_vidrieras-escaleras-389x259.jpg 389w, https:\/\/turismoburgos.digital\/wp-content\/uploads\/2022\/02\/Diputacixn_vidrieras-escaleras-414x276.jpg 414w, https:\/\/turismoburgos.digital\/wp-content\/uploads\/2022\/02\/Diputacixn_vidrieras-escaleras-800x533.jpg 800w, https:\/\/turismoburgos.digital\/wp-content\/uploads\/2022\/02\/Diputacixn_vidrieras-escaleras-512x341.jpg 512w\" sizes=\"(max-width: 1024px) 100vw, 1024px\" \/><\/figure>\n\n\n\n<figure class=\"wp-block-image size-large\"><img loading=\"lazy\" width=\"1024\" height=\"683\" data-id=\"1115\"  src=\"http:\/\/turismoburgos.digital\/wp-content\/uploads\/2022\/02\/Diputacixn-escalera_vidrieras-1024x683.jpg\" alt=\"\" class=\"wp-image-1115\" srcset=\"https:\/\/turismoburgos.digital\/wp-content\/uploads\/2022\/02\/Diputacixn-escalera_vidrieras-1024x683.jpg 1024w, https:\/\/turismoburgos.digital\/wp-content\/uploads\/2022\/02\/Diputacixn-escalera_vidrieras-300x200.jpg 300w, https:\/\/turismoburgos.digital\/wp-content\/uploads\/2022\/02\/Diputacixn-escalera_vidrieras-768x512.jpg 768w, https:\/\/turismoburgos.digital\/wp-content\/uploads\/2022\/02\/Diputacixn-escalera_vidrieras-1536x1024.jpg 1536w, https:\/\/turismoburgos.digital\/wp-content\/uploads\/2022\/02\/Diputacixn-escalera_vidrieras-2048x1365.jpg 2048w, https:\/\/turismoburgos.digital\/wp-content\/uploads\/2022\/02\/Diputacixn-escalera_vidrieras-389x259.jpg 389w, https:\/\/turismoburgos.digital\/wp-content\/uploads\/2022\/02\/Diputacixn-escalera_vidrieras-414x276.jpg 414w, https:\/\/turismoburgos.digital\/wp-content\/uploads\/2022\/02\/Diputacixn-escalera_vidrieras-800x533.jpg 800w, https:\/\/turismoburgos.digital\/wp-content\/uploads\/2022\/02\/Diputacixn-escalera_vidrieras-512x341.jpg 512w\" sizes=\"(max-width: 1024px) 100vw, 1024px\" \/><\/figure>\n<\/figure>\n\n\n\n<figure class=\"wp-block-gallery has-nested-images columns-default is-cropped\">\n<figure class=\"wp-block-image size-large\"><img loading=\"lazy\" width=\"671\" height=\"416\" data-id=\"1117\"  src=\"http:\/\/turismoburgos.digital\/wp-content\/uploads\/2022\/02\/30230686243.jpg\" alt=\"\" class=\"wp-image-1117\" srcset=\"https:\/\/turismoburgos.digital\/wp-content\/uploads\/2022\/02\/30230686243.jpg 671w, https:\/\/turismoburgos.digital\/wp-content\/uploads\/2022\/02\/30230686243-300x186.jpg 300w, https:\/\/turismoburgos.digital\/wp-content\/uploads\/2022\/02\/30230686243-389x241.jpg 389w, https:\/\/turismoburgos.digital\/wp-content\/uploads\/2022\/02\/30230686243-414x257.jpg 414w, https:\/\/turismoburgos.digital\/wp-content\/uploads\/2022\/02\/30230686243-512x317.jpg 512w\" sizes=\"(max-width: 671px) 100vw, 671px\" \/><\/figure>\n<\/figure>\n\n\n\n<hr class=\"wp-block-separator\"\/>\n\n\n\n<p><strong>Paseo del Espol\u00f3n, 34<\/strong><br><strong>09003 Burgos<\/strong><\/p>\n\n\n\n<p><strong>947 25 86 00<\/strong><\/p>\n\n\n\n<p><a href=\"https:\/\/registro.diputaciondeburgos.es\/sta\/CarpetaPublic\/doEvent?APP_CODE=STA&amp;PAGE_CODE=PTS2_HOME\" target=\"_blank\" rel=\"noreferrer noopener\">https:\/\/registro.diputaciondeburgos.es\/sta\/CarpetaPublic\/doEvent?APP_CODE=STA&amp;PAGE_CODE=PTS2_HOME<\/a><\/p>\n\n\n\n<hr class=\"wp-block-separator\"\/>\n\n\n\n<div class=\"wp-container-1 wp-block-buttons\">\n<div class=\"wp-block-button\"><a class=\"wp-block-button__link\" href=\"https:\/\/www.google.com\/maps\/place\/Diputaci%C3%B3n+Provincial+de+Burgos\/@42.3409205,-3.7002533,15z\/data=!4m2!3m1!1s0x0:0xe99c2dee733e9d0f?sa=X&amp;hl=es&amp;ved=2ahUKEwisjv2uu5P2AhVVgs4BHfQYDL0Q_BJ6BAgvEAU\" target=\"_blank\" rel=\"noreferrer noopener\">C\u00f3mo llegar<\/a><\/div>\n<\/div>\n\n\n\n<hr class=\"wp-block-separator\"\/>\n\n\n\n<hr class=\"wp-block-separator\"\/>\n","protected":false},"excerpt":{"rendered":"<p>La Diputaci\u00f3n inaugur\u00f3 su sede en 1870, sobre la antigua puerta de San Pablo. Es un edificio neocl\u00e1sico, severo y noble, s\u00edntesis del se\u00f1or\u00edo de &hellip;<\/p>\n","protected":false},"author":1,"featured_media":1470,"parent":0,"menu_order":0,"comment_status":"closed","ping_status":"closed","template":"","meta":{"_monsterinsights_skip_tracking":false,"_monsterinsights_sitenote_active":false,"_monsterinsights_sitenote_note":"","_monsterinsights_sitenote_category":0},"_links":{"self":[{"href":"https:\/\/turismoburgos.digital\/index.php\/wp-json\/wp\/v2\/pages\/345"}],"collection":[{"href":"https:\/\/turismoburgos.digital\/index.php\/wp-json\/wp\/v2\/pages"}],"about":[{"href":"https:\/\/turismoburgos.digital\/index.php\/wp-json\/wp\/v2\/types\/page"}],"author":[{"embeddable":true,"href":"https:\/\/turismoburgos.digital\/index.php\/wp-json\/wp\/v2\/users\/1"}],"replies":[{"embeddable":true,"href":"https:\/\/turismoburgos.digital\/index.php\/wp-json\/wp\/v2\/comments?post=345"}],"version-history":[{"count":3,"href":"https:\/\/turismoburgos.digital\/index.php\/wp-json\/wp\/v2\/pages\/345\/revisions"}],"predecessor-version":[{"id":1471,"href":"https:\/\/turismoburgos.digital\/index.php\/wp-json\/wp\/v2\/pages\/345\/revisions\/1471"}],"wp:featuredmedia":[{"embeddable":true,"href":"https:\/\/turismoburgos.digital\/index.php\/wp-json\/wp\/v2\/media\/1470"}],"wp:attachment":[{"href":"https:\/\/turismoburgos.digital\/index.php\/wp-json\/wp\/v2\/media?parent=345"}],"curies":[{"name":"wp","href":"https:\/\/api.w.org\/{rel}","templated":true}]}}