{"id":342,"date":"2022-02-20T23:16:38","date_gmt":"2022-02-20T23:16:38","guid":{"rendered":"http:\/\/turismoburgos.digital\/?page_id=342"},"modified":"2022-03-28T19:28:37","modified_gmt":"2022-03-28T19:28:37","slug":"colegio-san-nicolas","status":"publish","type":"page","link":"https:\/\/turismoburgos.digital\/index.php\/colegio-san-nicolas\/","title":{"rendered":"Colegio San Nicol\u00e1s"},"content":{"rendered":"\n<hr class=\"wp-block-separator\"\/>\n\n\n\n<figure class=\"wp-block-image size-full is-resized\"><img loading=\"lazy\" src=\"http:\/\/turismoburgos.digital\/wp-content\/uploads\/2022\/02\/lopez-mendoza1-kH1G-U501159432828sgH-624x385@Burgosconecta.jpg\" alt=\"\" class=\"wp-image-1089\" width=\"1241\" height=\"769\" srcset=\"https:\/\/turismoburgos.digital\/wp-content\/uploads\/2022\/02\/lopez-mendoza1-kH1G-U501159432828sgH-624x385@Burgosconecta.jpg 623w, https:\/\/turismoburgos.digital\/wp-content\/uploads\/2022\/02\/lopez-mendoza1-kH1G-U501159432828sgH-624x385@Burgosconecta-300x185.jpg 300w, https:\/\/turismoburgos.digital\/wp-content\/uploads\/2022\/02\/lopez-mendoza1-kH1G-U501159432828sgH-624x385@Burgosconecta-389x240.jpg 389w, https:\/\/turismoburgos.digital\/wp-content\/uploads\/2022\/02\/lopez-mendoza1-kH1G-U501159432828sgH-624x385@Burgosconecta-414x256.jpg 414w, https:\/\/turismoburgos.digital\/wp-content\/uploads\/2022\/02\/lopez-mendoza1-kH1G-U501159432828sgH-624x385@Burgosconecta-512x316.jpg 512w\" sizes=\"(max-width: 1241px) 100vw, 1241px\" \/><figcaption>Colegio San Nicol\u00e1s<\/figcaption><\/figure>\n\n\n\n<hr class=\"wp-block-separator\"\/>\n\n\n\n<p><strong>Construido entre 1537 y 1579 en estilo renacentista como centro de ense\u00f1anza legado por el cardenal \u00cd\u00f1igo L\u00f3pez de Mendoza y Z\u00fa\u00f1iga (1489-1535). Intervinieron varios maestros canteros, siendo el m\u00e1s importante Pedro de Resines al que siguieron Baltasar de Casta\u00f1eda, Juan del Campo y otros.<\/strong><br><strong>&nbsp;&nbsp;&nbsp;&nbsp;&nbsp;La escultura, centrada en la portada y los escudos, es obra de Diego Guill\u00e9n y su sucesor Antonio de Elejade. En la fachada principal se funden las reminiscencias g\u00f3ticas de los estribos y ventanales del piso inferior con el manierismo del escultor Diego Guill\u00e9n.<\/strong><br><strong>&nbsp;&nbsp;&nbsp;&nbsp;&nbsp;Desde 1957 es el Instituto de Ense\u00f1anza Secundaria Cardenal L\u00f3pez de Mendoza.<\/strong><\/p>\n\n\n\n<p><strong>Desde 1905 alberga el Museo de Ciencias Naturales.<\/strong><\/p>\n\n\n\n<hr class=\"wp-block-separator\"\/>\n\n\n\n<figure class=\"wp-block-gallery has-nested-images columns-default is-cropped\">\n<figure class=\"wp-block-image size-large\"><img loading=\"lazy\" width=\"1024\" height=\"792\" data-id=\"1087\"  src=\"http:\/\/turismoburgos.digital\/wp-content\/uploads\/2022\/02\/1280px-Burgos_-_Colegio_de_San_Nicolas_IES_Cardenal_Lopez_de_Mendoza_4-1024x792.jpg\" alt=\"\" class=\"wp-image-1087\" srcset=\"https:\/\/turismoburgos.digital\/wp-content\/uploads\/2022\/02\/1280px-Burgos_-_Colegio_de_San_Nicolas_IES_Cardenal_Lopez_de_Mendoza_4-1024x792.jpg 1024w, https:\/\/turismoburgos.digital\/wp-content\/uploads\/2022\/02\/1280px-Burgos_-_Colegio_de_San_Nicolas_IES_Cardenal_Lopez_de_Mendoza_4-300x232.jpg 300w, https:\/\/turismoburgos.digital\/wp-content\/uploads\/2022\/02\/1280px-Burgos_-_Colegio_de_San_Nicolas_IES_Cardenal_Lopez_de_Mendoza_4-768x594.jpg 768w, https:\/\/turismoburgos.digital\/wp-content\/uploads\/2022\/02\/1280px-Burgos_-_Colegio_de_San_Nicolas_IES_Cardenal_Lopez_de_Mendoza_4-389x301.jpg 389w, https:\/\/turismoburgos.digital\/wp-content\/uploads\/2022\/02\/1280px-Burgos_-_Colegio_de_San_Nicolas_IES_Cardenal_Lopez_de_Mendoza_4-414x320.jpg 414w, https:\/\/turismoburgos.digital\/wp-content\/uploads\/2022\/02\/1280px-Burgos_-_Colegio_de_San_Nicolas_IES_Cardenal_Lopez_de_Mendoza_4-800x619.jpg 800w, https:\/\/turismoburgos.digital\/wp-content\/uploads\/2022\/02\/1280px-Burgos_-_Colegio_de_San_Nicolas_IES_Cardenal_Lopez_de_Mendoza_4-512x396.jpg 512w, https:\/\/turismoburgos.digital\/wp-content\/uploads\/2022\/02\/1280px-Burgos_-_Colegio_de_San_Nicolas_IES_Cardenal_Lopez_de_Mendoza_4.jpg 1280w\" sizes=\"(max-width: 1024px) 100vw, 1024px\" \/><\/figure>\n\n\n\n<figure class=\"wp-block-image size-large\"><img loading=\"lazy\" width=\"1024\" height=\"765\" data-id=\"1088\"  src=\"http:\/\/turismoburgos.digital\/wp-content\/uploads\/2022\/02\/mendoza-1-1-1024x765.jpg\" alt=\"\" class=\"wp-image-1088\" srcset=\"https:\/\/turismoburgos.digital\/wp-content\/uploads\/2022\/02\/mendoza-1-1-1024x765.jpg 1024w, https:\/\/turismoburgos.digital\/wp-content\/uploads\/2022\/02\/mendoza-1-1-300x224.jpg 300w, https:\/\/turismoburgos.digital\/wp-content\/uploads\/2022\/02\/mendoza-1-1-768x574.jpg 768w, https:\/\/turismoburgos.digital\/wp-content\/uploads\/2022\/02\/mendoza-1-1-389x291.jpg 389w, https:\/\/turismoburgos.digital\/wp-content\/uploads\/2022\/02\/mendoza-1-1-414x309.jpg 414w, https:\/\/turismoburgos.digital\/wp-content\/uploads\/2022\/02\/mendoza-1-1-800x598.jpg 800w, https:\/\/turismoburgos.digital\/wp-content\/uploads\/2022\/02\/mendoza-1-1-512x383.jpg 512w, https:\/\/turismoburgos.digital\/wp-content\/uploads\/2022\/02\/mendoza-1-1.jpg 1220w\" sizes=\"(max-width: 1024px) 100vw, 1024px\" \/><\/figure>\n<\/figure>\n\n\n\n<figure class=\"wp-block-gallery has-nested-images columns-default is-cropped\">\n<figure class=\"wp-block-image size-large\"><img loading=\"lazy\" width=\"644\" height=\"413\" data-id=\"1090\"  src=\"http:\/\/turismoburgos.digital\/wp-content\/uploads\/2022\/02\/45D4BB06-D3DE-082F-261272A005607E92.jpg\" alt=\"\" class=\"wp-image-1090\" srcset=\"https:\/\/turismoburgos.digital\/wp-content\/uploads\/2022\/02\/45D4BB06-D3DE-082F-261272A005607E92.jpg 644w, https:\/\/turismoburgos.digital\/wp-content\/uploads\/2022\/02\/45D4BB06-D3DE-082F-261272A005607E92-300x192.jpg 300w, https:\/\/turismoburgos.digital\/wp-content\/uploads\/2022\/02\/45D4BB06-D3DE-082F-261272A005607E92-389x249.jpg 389w, https:\/\/turismoburgos.digital\/wp-content\/uploads\/2022\/02\/45D4BB06-D3DE-082F-261272A005607E92-414x266.jpg 414w, https:\/\/turismoburgos.digital\/wp-content\/uploads\/2022\/02\/45D4BB06-D3DE-082F-261272A005607E92-512x328.jpg 512w\" sizes=\"(max-width: 644px) 100vw, 644px\" \/><\/figure>\n\n\n\n<figure class=\"wp-block-image size-large\"><img loading=\"lazy\" width=\"337\" height=\"150\" data-id=\"1091\"  src=\"http:\/\/turismoburgos.digital\/wp-content\/uploads\/2022\/02\/descarga-13.jpg\" alt=\"\" class=\"wp-image-1091\" srcset=\"https:\/\/turismoburgos.digital\/wp-content\/uploads\/2022\/02\/descarga-13.jpg 337w, https:\/\/turismoburgos.digital\/wp-content\/uploads\/2022\/02\/descarga-13-300x134.jpg 300w\" sizes=\"(max-width: 337px) 100vw, 337px\" \/><\/figure>\n<\/figure>\n\n\n\n<figure class=\"wp-block-image size-full is-resized\"><img loading=\"lazy\" src=\"http:\/\/turismoburgos.digital\/wp-content\/uploads\/2022\/02\/1491735757752mendoza2dn.jpg\" alt=\"\" class=\"wp-image-1092\" width=\"1239\" height=\"1023\" srcset=\"https:\/\/turismoburgos.digital\/wp-content\/uploads\/2022\/02\/1491735757752mendoza2dn.jpg 642w, https:\/\/turismoburgos.digital\/wp-content\/uploads\/2022\/02\/1491735757752mendoza2dn-300x248.jpg 300w, https:\/\/turismoburgos.digital\/wp-content\/uploads\/2022\/02\/1491735757752mendoza2dn-389x321.jpg 389w, https:\/\/turismoburgos.digital\/wp-content\/uploads\/2022\/02\/1491735757752mendoza2dn-414x342.jpg 414w, https:\/\/turismoburgos.digital\/wp-content\/uploads\/2022\/02\/1491735757752mendoza2dn-512x423.jpg 512w\" sizes=\"(max-width: 1239px) 100vw, 1239px\" \/><figcaption>Instituto Cardenal Mendoza, al fondo: antigua Iglesia del Carmen<\/figcaption><\/figure>\n\n\n\n<hr class=\"wp-block-separator\"\/>\n\n\n\n<p><strong>Plaza Luis Mart\u00edn Santos, s\/n<\/strong><br><strong>09002 Burgos<\/strong><\/p>\n\n\n\n<p><strong>947 25 77 01<\/strong><\/p>\n\n\n\n<hr class=\"wp-block-separator\"\/>\n\n\n\n<div class=\"wp-container-1 wp-block-buttons\">\n<div class=\"wp-block-button\"><a class=\"wp-block-button__link\" href=\"https:\/\/www.google.com\/maps\/place\/I.E.S.+Cardenal+L%C3%B3pez+de+Mendoza\/@42.337189,-3.7047053,15z\/data=!4m2!3m1!1s0x0:0x16e0816e6e9c9187?sa=X&amp;ved=2ahUKEwj1ktiftJP2AhWChP0HHVCzDS8Q_BJ6BAggEAU\" target=\"_blank\" rel=\"noreferrer noopener\">C\u00f3mo llegar<\/a><\/div>\n<\/div>\n\n\n\n<hr class=\"wp-block-separator\"\/>\n\n\n\n<hr class=\"wp-block-separator\"\/>\n","protected":false},"excerpt":{"rendered":"<p>Construido entre 1537 y 1579 en estilo renacentista como centro de ense\u00f1anza legado por el cardenal \u00cd\u00f1igo L\u00f3pez de Mendoza y Z\u00fa\u00f1iga (1489-1535). Intervinieron varios &hellip;<\/p>\n","protected":false},"author":1,"featured_media":1465,"parent":0,"menu_order":0,"comment_status":"closed","ping_status":"closed","template":"","meta":{"_monsterinsights_skip_tracking":false,"_monsterinsights_sitenote_active":false,"_monsterinsights_sitenote_note":"","_monsterinsights_sitenote_category":0},"_links":{"self":[{"href":"https:\/\/turismoburgos.digital\/index.php\/wp-json\/wp\/v2\/pages\/342"}],"collection":[{"href":"https:\/\/turismoburgos.digital\/index.php\/wp-json\/wp\/v2\/pages"}],"about":[{"href":"https:\/\/turismoburgos.digital\/index.php\/wp-json\/wp\/v2\/types\/page"}],"author":[{"embeddable":true,"href":"https:\/\/turismoburgos.digital\/index.php\/wp-json\/wp\/v2\/users\/1"}],"replies":[{"embeddable":true,"href":"https:\/\/turismoburgos.digital\/index.php\/wp-json\/wp\/v2\/comments?post=342"}],"version-history":[{"count":3,"href":"https:\/\/turismoburgos.digital\/index.php\/wp-json\/wp\/v2\/pages\/342\/revisions"}],"predecessor-version":[{"id":1466,"href":"https:\/\/turismoburgos.digital\/index.php\/wp-json\/wp\/v2\/pages\/342\/revisions\/1466"}],"wp:featuredmedia":[{"embeddable":true,"href":"https:\/\/turismoburgos.digital\/index.php\/wp-json\/wp\/v2\/media\/1465"}],"wp:attachment":[{"href":"https:\/\/turismoburgos.digital\/index.php\/wp-json\/wp\/v2\/media?parent=342"}],"curies":[{"name":"wp","href":"https:\/\/api.w.org\/{rel}","templated":true}]}}