{"id":340,"date":"2022-02-20T23:16:38","date_gmt":"2022-02-20T23:16:38","guid":{"rendered":"http:\/\/turismoburgos.digital\/?page_id=340"},"modified":"2022-03-28T19:25:07","modified_gmt":"2022-03-28T19:25:07","slug":"centro-civico-san-jose","status":"publish","type":"page","link":"https:\/\/turismoburgos.digital\/index.php\/centro-civico-san-jose\/","title":{"rendered":"Centro C\u00edvico San Juan"},"content":{"rendered":"\n<hr class=\"wp-block-separator\"\/>\n\n\n\n<figure class=\"wp-block-image size-full is-resized\"><img loading=\"lazy\" src=\"http:\/\/turismoburgos.digital\/wp-content\/uploads\/2022\/02\/83220_1-1.jpg\" alt=\"\" class=\"wp-image-1070\" width=\"1241\" height=\"890\" srcset=\"https:\/\/turismoburgos.digital\/wp-content\/uploads\/2022\/02\/83220_1-1.jpg 800w, https:\/\/turismoburgos.digital\/wp-content\/uploads\/2022\/02\/83220_1-1-300x215.jpg 300w, https:\/\/turismoburgos.digital\/wp-content\/uploads\/2022\/02\/83220_1-1-768x551.jpg 768w, https:\/\/turismoburgos.digital\/wp-content\/uploads\/2022\/02\/83220_1-1-389x279.jpg 389w, https:\/\/turismoburgos.digital\/wp-content\/uploads\/2022\/02\/83220_1-1-414x297.jpg 414w, https:\/\/turismoburgos.digital\/wp-content\/uploads\/2022\/02\/83220_1-1-512x367.jpg 512w\" sizes=\"(max-width: 1241px) 100vw, 1241px\" \/><figcaption>Centro C\u00edvico San Juan<\/figcaption><\/figure>\n\n\n\n<hr class=\"wp-block-separator\"\/>\n\n\n\n<p><strong>&nbsp;Antigua Audiencia Provincial.<\/strong><br><strong>&nbsp;&nbsp;&nbsp;&nbsp;&nbsp;Centro c\u00edvico del centro de la ciudad y la zona del ensanche.<\/strong><br><strong>&nbsp;&nbsp;&nbsp;&nbsp;&nbsp;Seg\u00fan los c\u00e1lculos municipales, las instalaciones dan servicio a unos 20.000 ciudadanos. Adem\u00e1s de las actividades y la atenci\u00f3n prestada por los CEAS, en la calle San Juan tambi\u00e9n da servicio la Casa de la Mujer, as\u00ed como \u00e1reas de la Gerencia de Servicios Sociales y los servicios de Juventud, Empleo, Mujer y Participaci\u00f3n Ciudadana.<\/strong><\/p>\n\n\n\n<hr class=\"wp-block-separator\"\/>\n\n\n\n<figure class=\"wp-block-gallery has-nested-images columns-default is-cropped\">\n<figure class=\"wp-block-image size-large\"><img loading=\"lazy\" width=\"644\" height=\"429\" data-id=\"1073\"  src=\"http:\/\/turismoburgos.digital\/wp-content\/uploads\/2022\/02\/848CD92C-0BF5-0CC4-1590FAAA005C4625.jpg\" alt=\"\" class=\"wp-image-1073\" srcset=\"https:\/\/turismoburgos.digital\/wp-content\/uploads\/2022\/02\/848CD92C-0BF5-0CC4-1590FAAA005C4625.jpg 644w, https:\/\/turismoburgos.digital\/wp-content\/uploads\/2022\/02\/848CD92C-0BF5-0CC4-1590FAAA005C4625-300x200.jpg 300w, https:\/\/turismoburgos.digital\/wp-content\/uploads\/2022\/02\/848CD92C-0BF5-0CC4-1590FAAA005C4625-389x259.jpg 389w, https:\/\/turismoburgos.digital\/wp-content\/uploads\/2022\/02\/848CD92C-0BF5-0CC4-1590FAAA005C4625-414x276.jpg 414w, https:\/\/turismoburgos.digital\/wp-content\/uploads\/2022\/02\/848CD92C-0BF5-0CC4-1590FAAA005C4625-512x341.jpg 512w\" sizes=\"(max-width: 644px) 100vw, 644px\" \/><\/figure>\n\n\n\n<figure class=\"wp-block-image size-large\"><img loading=\"lazy\" width=\"990\" height=\"580\" data-id=\"1072\"  src=\"http:\/\/turismoburgos.digital\/wp-content\/uploads\/2022\/02\/centrocivico_detail.jpg\" alt=\"\" class=\"wp-image-1072\" srcset=\"https:\/\/turismoburgos.digital\/wp-content\/uploads\/2022\/02\/centrocivico_detail.jpg 990w, https:\/\/turismoburgos.digital\/wp-content\/uploads\/2022\/02\/centrocivico_detail-300x176.jpg 300w, https:\/\/turismoburgos.digital\/wp-content\/uploads\/2022\/02\/centrocivico_detail-768x450.jpg 768w, https:\/\/turismoburgos.digital\/wp-content\/uploads\/2022\/02\/centrocivico_detail-389x228.jpg 389w, https:\/\/turismoburgos.digital\/wp-content\/uploads\/2022\/02\/centrocivico_detail-414x243.jpg 414w, https:\/\/turismoburgos.digital\/wp-content\/uploads\/2022\/02\/centrocivico_detail-800x469.jpg 800w, https:\/\/turismoburgos.digital\/wp-content\/uploads\/2022\/02\/centrocivico_detail-512x300.jpg 512w\" sizes=\"(max-width: 990px) 100vw, 990px\" \/><\/figure>\n<\/figure>\n\n\n\n<hr class=\"wp-block-separator\"\/>\n\n\n\n<p><strong>Calle San Juan, 2<\/strong><br><strong>09003 Burgos<\/strong><\/p>\n\n\n\n<p><a href=\"http:\/\/www.aytoburgos.es\/direcciones\/centro-civico-san-juan\" target=\"_blank\" rel=\"noreferrer noopener\">http:\/\/www.aytoburgos.es\/direcciones\/centro-civico-san-juan<\/a><\/p>\n\n\n\n<hr class=\"wp-block-separator\"\/>\n\n\n\n<div class=\"wp-container-1 wp-block-buttons\">\n<div class=\"wp-block-button\"><a class=\"wp-block-button__link\" href=\"https:\/\/www.google.com\/maps\/place\/Centro+C%C3%ADvico+San+Juan\/@42.3431161,-3.700507,15z\/data=!4m2!3m1!1s0x0:0x812d49e555aae55b?sa=X&amp;ved=2ahUKEwjDuNe8sZP2AhVCzYUKHfx2Bs0Q_BJ6BAgpEAU\" target=\"_blank\" rel=\"noreferrer noopener\">C\u00f3mo llegar<\/a><\/div>\n<\/div>\n\n\n\n<hr class=\"wp-block-separator\"\/>\n\n\n\n<hr class=\"wp-block-separator\"\/>\n","protected":false},"excerpt":{"rendered":"<p>&nbsp;Antigua Audiencia Provincial.&nbsp;&nbsp;&nbsp;&nbsp;&nbsp;Centro c\u00edvico del centro de la ciudad y la zona del ensanche.&nbsp;&nbsp;&nbsp;&nbsp;&nbsp;Seg\u00fan los c\u00e1lculos municipales, las instalaciones dan servicio a unos 20.000 ciudadanos. &hellip;<\/p>\n","protected":false},"author":1,"featured_media":1461,"parent":0,"menu_order":0,"comment_status":"closed","ping_status":"closed","template":"","meta":{"_monsterinsights_skip_tracking":false,"_monsterinsights_sitenote_active":false,"_monsterinsights_sitenote_note":"","_monsterinsights_sitenote_category":0},"_links":{"self":[{"href":"https:\/\/turismoburgos.digital\/index.php\/wp-json\/wp\/v2\/pages\/340"}],"collection":[{"href":"https:\/\/turismoburgos.digital\/index.php\/wp-json\/wp\/v2\/pages"}],"about":[{"href":"https:\/\/turismoburgos.digital\/index.php\/wp-json\/wp\/v2\/types\/page"}],"author":[{"embeddable":true,"href":"https:\/\/turismoburgos.digital\/index.php\/wp-json\/wp\/v2\/users\/1"}],"replies":[{"embeddable":true,"href":"https:\/\/turismoburgos.digital\/index.php\/wp-json\/wp\/v2\/comments?post=340"}],"version-history":[{"count":4,"href":"https:\/\/turismoburgos.digital\/index.php\/wp-json\/wp\/v2\/pages\/340\/revisions"}],"predecessor-version":[{"id":1462,"href":"https:\/\/turismoburgos.digital\/index.php\/wp-json\/wp\/v2\/pages\/340\/revisions\/1462"}],"wp:featuredmedia":[{"embeddable":true,"href":"https:\/\/turismoburgos.digital\/index.php\/wp-json\/wp\/v2\/media\/1461"}],"wp:attachment":[{"href":"https:\/\/turismoburgos.digital\/index.php\/wp-json\/wp\/v2\/media?parent=340"}],"curies":[{"name":"wp","href":"https:\/\/api.w.org\/{rel}","templated":true}]}}