{"id":339,"date":"2022-02-20T23:16:38","date_gmt":"2022-02-20T23:16:38","guid":{"rendered":"http:\/\/turismoburgos.digital\/?page_id=339"},"modified":"2022-03-28T19:23:39","modified_gmt":"2022-03-28T19:23:39","slug":"casa-de-los-cubos","status":"publish","type":"page","link":"https:\/\/turismoburgos.digital\/index.php\/casa-de-los-cubos\/","title":{"rendered":"Casa de los Cubos"},"content":{"rendered":"\n<hr class=\"wp-block-separator\"\/>\n\n\n\n<figure class=\"wp-block-image size-full is-resized\"><img loading=\"lazy\" src=\"http:\/\/turismoburgos.digital\/wp-content\/uploads\/2022\/02\/albergue_de_peregrinos_municipal_burgos_2-1.jpg\" alt=\"\" class=\"wp-image-1064\" width=\"1240\" height=\"851\" srcset=\"https:\/\/turismoburgos.digital\/wp-content\/uploads\/2022\/02\/albergue_de_peregrinos_municipal_burgos_2-1.jpg 1024w, https:\/\/turismoburgos.digital\/wp-content\/uploads\/2022\/02\/albergue_de_peregrinos_municipal_burgos_2-1-300x206.jpg 300w, https:\/\/turismoburgos.digital\/wp-content\/uploads\/2022\/02\/albergue_de_peregrinos_municipal_burgos_2-1-768x527.jpg 768w, https:\/\/turismoburgos.digital\/wp-content\/uploads\/2022\/02\/albergue_de_peregrinos_municipal_burgos_2-1-389x267.jpg 389w, https:\/\/turismoburgos.digital\/wp-content\/uploads\/2022\/02\/albergue_de_peregrinos_municipal_burgos_2-1-414x284.jpg 414w, https:\/\/turismoburgos.digital\/wp-content\/uploads\/2022\/02\/albergue_de_peregrinos_municipal_burgos_2-1-800x548.jpg 800w, https:\/\/turismoburgos.digital\/wp-content\/uploads\/2022\/02\/albergue_de_peregrinos_municipal_burgos_2-1-512x351.jpg 512w\" sizes=\"(max-width: 1240px) 100vw, 1240px\" \/><figcaption>Casa de los Cubos<\/figcaption><\/figure>\n\n\n\n<hr class=\"wp-block-separator\"\/>\n\n\n\n<p><strong>La Casa de los Cubos perteneci\u00f3 a la familia de los Porras, que fijaron su residencia en Espinosa.<\/strong><br><strong>&nbsp;&nbsp;&nbsp;&nbsp;&nbsp;Data de la primera mitad del siglo XV, a pesar de que en su portada haya una inscripci\u00f3n del XIV.<\/strong><br><strong>&nbsp;&nbsp;&nbsp;&nbsp;&nbsp;Es un edificio de planta cuadrada, con cubos que flanquean las esquinas, en ellos existen reproducciones de los escudos primitivos consistentes en cinco flores de lis y un castillo. La torre, constru\u00edda con mamposter\u00eda, qued\u00f3 desmochada, perdiendo as\u00ed su car\u00e1cter defensivo.<\/strong><br><strong>&nbsp;&nbsp;&nbsp;&nbsp;&nbsp;Actualmente pertenece al Ayuntamiento y es usado como albergue por los peregrinos del Camino de Santiago.<\/strong><\/p>\n\n\n\n<hr class=\"wp-block-separator\"\/>\n\n\n\n<figure class=\"wp-block-gallery has-nested-images columns-default is-cropped\">\n<figure class=\"wp-block-image size-large\"><img loading=\"lazy\" width=\"768\" height=\"1024\" data-id=\"1065\"  src=\"http:\/\/turismoburgos.digital\/wp-content\/uploads\/2022\/02\/118345468.jpg\" alt=\"\" class=\"wp-image-1065\" srcset=\"https:\/\/turismoburgos.digital\/wp-content\/uploads\/2022\/02\/118345468.jpg 768w, https:\/\/turismoburgos.digital\/wp-content\/uploads\/2022\/02\/118345468-225x300.jpg 225w, https:\/\/turismoburgos.digital\/wp-content\/uploads\/2022\/02\/118345468-389x519.jpg 389w, https:\/\/turismoburgos.digital\/wp-content\/uploads\/2022\/02\/118345468-414x552.jpg 414w, https:\/\/turismoburgos.digital\/wp-content\/uploads\/2022\/02\/118345468-512x683.jpg 512w\" sizes=\"(max-width: 768px) 100vw, 768px\" \/><\/figure>\n\n\n\n<figure class=\"wp-block-image size-large\"><img loading=\"lazy\" width=\"600\" height=\"307\" data-id=\"1066\"  src=\"http:\/\/turismoburgos.digital\/wp-content\/uploads\/2022\/02\/Albergue-Municipal-Casa-del-Cubo-in-Burgos1.png\" alt=\"\" class=\"wp-image-1066\" srcset=\"https:\/\/turismoburgos.digital\/wp-content\/uploads\/2022\/02\/Albergue-Municipal-Casa-del-Cubo-in-Burgos1.png 600w, https:\/\/turismoburgos.digital\/wp-content\/uploads\/2022\/02\/Albergue-Municipal-Casa-del-Cubo-in-Burgos1-300x154.png 300w, https:\/\/turismoburgos.digital\/wp-content\/uploads\/2022\/02\/Albergue-Municipal-Casa-del-Cubo-in-Burgos1-389x199.png 389w, https:\/\/turismoburgos.digital\/wp-content\/uploads\/2022\/02\/Albergue-Municipal-Casa-del-Cubo-in-Burgos1-414x212.png 414w, https:\/\/turismoburgos.digital\/wp-content\/uploads\/2022\/02\/Albergue-Municipal-Casa-del-Cubo-in-Burgos1-512x262.png 512w\" sizes=\"(max-width: 600px) 100vw, 600px\" \/><\/figure>\n\n\n\n<figure class=\"wp-block-image size-large\"><img loading=\"lazy\" width=\"600\" height=\"375\" data-id=\"1067\"  src=\"http:\/\/turismoburgos.digital\/wp-content\/uploads\/2022\/02\/th_c34ce7d0a9924e1e70c4be0b1d166dc8_Albergue-Casa-del-Cubo-en-Burgos.jpg\" alt=\"\" class=\"wp-image-1067\" srcset=\"https:\/\/turismoburgos.digital\/wp-content\/uploads\/2022\/02\/th_c34ce7d0a9924e1e70c4be0b1d166dc8_Albergue-Casa-del-Cubo-en-Burgos.jpg 600w, https:\/\/turismoburgos.digital\/wp-content\/uploads\/2022\/02\/th_c34ce7d0a9924e1e70c4be0b1d166dc8_Albergue-Casa-del-Cubo-en-Burgos-300x188.jpg 300w, https:\/\/turismoburgos.digital\/wp-content\/uploads\/2022\/02\/th_c34ce7d0a9924e1e70c4be0b1d166dc8_Albergue-Casa-del-Cubo-en-Burgos-389x243.jpg 389w, https:\/\/turismoburgos.digital\/wp-content\/uploads\/2022\/02\/th_c34ce7d0a9924e1e70c4be0b1d166dc8_Albergue-Casa-del-Cubo-en-Burgos-414x259.jpg 414w, https:\/\/turismoburgos.digital\/wp-content\/uploads\/2022\/02\/th_c34ce7d0a9924e1e70c4be0b1d166dc8_Albergue-Casa-del-Cubo-en-Burgos-512x320.jpg 512w\" sizes=\"(max-width: 600px) 100vw, 600px\" \/><\/figure>\n<\/figure>\n\n\n\n<figure class=\"wp-block-image size-full is-resized\"><img loading=\"lazy\" src=\"http:\/\/turismoburgos.digital\/wp-content\/uploads\/2022\/02\/16468705.jpg\" alt=\"\" class=\"wp-image-1068\" width=\"1240\" height=\"797\" srcset=\"https:\/\/turismoburgos.digital\/wp-content\/uploads\/2022\/02\/16468705.jpg 550w, https:\/\/turismoburgos.digital\/wp-content\/uploads\/2022\/02\/16468705-300x193.jpg 300w, https:\/\/turismoburgos.digital\/wp-content\/uploads\/2022\/02\/16468705-389x250.jpg 389w, https:\/\/turismoburgos.digital\/wp-content\/uploads\/2022\/02\/16468705-414x266.jpg 414w, https:\/\/turismoburgos.digital\/wp-content\/uploads\/2022\/02\/16468705-512x330.jpg 512w\" sizes=\"(max-width: 1240px) 100vw, 1240px\" \/><\/figure>\n\n\n\n<hr class=\"wp-block-separator\"\/>\n\n\n\n<p><strong>Calle de Fern\u00e1n Gonz\u00e1lez, 28<\/strong><br><strong>09003 Burgos<\/strong><\/p>\n\n\n\n<p><strong>947 46 09 22<\/strong><\/p>\n\n\n\n<figure class=\"wp-block-embed is-type-wp-embed is-provider-albergues-del-camino-de-santiago wp-block-embed-albergues-del-camino-de-santiago\"><div class=\"wp-block-embed__wrapper\">\n<blockquote class=\"wp-embedded-content\" data-secret=\"Zf1ldxhFu2\"><a href=\"https:\/\/www.alberguescaminosantiago.com\/albergues\/albergue-de-peregrinos-municipal-casa-del-cubo-burgos\/\">Albergue de peregrinos municipal Casa del Cubo, Burgos &#8211; Camino Franc\u00e9s<\/a><\/blockquote><iframe class=\"wp-embedded-content\" sandbox=\"allow-scripts\" security=\"restricted\" style=\"position: absolute; clip: rect(1px, 1px, 1px, 1px);\" title=\"\u00abAlbergue de peregrinos municipal Casa del Cubo, Burgos &#8211; Camino Franc\u00e9s\u00bb \u2014 Albergues del Camino de Santiago\" src=\"https:\/\/www.alberguescaminosantiago.com\/albergues\/albergue-de-peregrinos-municipal-casa-del-cubo-burgos\/embed\/#?secret=Lzl1JnCqcL#?secret=Zf1ldxhFu2\" data-secret=\"Zf1ldxhFu2\" width=\"600\" height=\"338\" frameborder=\"0\" marginwidth=\"0\" marginheight=\"0\" scrolling=\"no\"><\/iframe>\n<\/div><\/figure>\n","protected":false},"excerpt":{"rendered":"<p>La Casa de los Cubos perteneci\u00f3 a la familia de los Porras, que fijaron su residencia en Espinosa.&nbsp;&nbsp;&nbsp;&nbsp;&nbsp;Data de la primera mitad del siglo XV, &hellip;<\/p>\n","protected":false},"author":1,"featured_media":1459,"parent":0,"menu_order":0,"comment_status":"closed","ping_status":"closed","template":"","meta":{"_monsterinsights_skip_tracking":false,"_monsterinsights_sitenote_active":false,"_monsterinsights_sitenote_note":"","_monsterinsights_sitenote_category":0},"_links":{"self":[{"href":"https:\/\/turismoburgos.digital\/index.php\/wp-json\/wp\/v2\/pages\/339"}],"collection":[{"href":"https:\/\/turismoburgos.digital\/index.php\/wp-json\/wp\/v2\/pages"}],"about":[{"href":"https:\/\/turismoburgos.digital\/index.php\/wp-json\/wp\/v2\/types\/page"}],"author":[{"embeddable":true,"href":"https:\/\/turismoburgos.digital\/index.php\/wp-json\/wp\/v2\/users\/1"}],"replies":[{"embeddable":true,"href":"https:\/\/turismoburgos.digital\/index.php\/wp-json\/wp\/v2\/comments?post=339"}],"version-history":[{"count":3,"href":"https:\/\/turismoburgos.digital\/index.php\/wp-json\/wp\/v2\/pages\/339\/revisions"}],"predecessor-version":[{"id":1460,"href":"https:\/\/turismoburgos.digital\/index.php\/wp-json\/wp\/v2\/pages\/339\/revisions\/1460"}],"wp:featuredmedia":[{"embeddable":true,"href":"https:\/\/turismoburgos.digital\/index.php\/wp-json\/wp\/v2\/media\/1459"}],"wp:attachment":[{"href":"https:\/\/turismoburgos.digital\/index.php\/wp-json\/wp\/v2\/media?parent=339"}],"curies":[{"name":"wp","href":"https:\/\/api.w.org\/{rel}","templated":true}]}}