{"id":335,"date":"2022-02-20T23:16:38","date_gmt":"2022-02-20T23:16:38","guid":{"rendered":"http:\/\/turismoburgos.digital\/?page_id=335"},"modified":"2022-03-28T19:15:48","modified_gmt":"2022-03-28T19:15:48","slug":"ayuntamiento","status":"publish","type":"page","link":"https:\/\/turismoburgos.digital\/index.php\/ayuntamiento\/","title":{"rendered":"Ayuntamiento"},"content":{"rendered":"\n<hr class=\"wp-block-separator\"\/>\n\n\n\n<figure class=\"wp-block-image size-full is-resized\"><img loading=\"lazy\" src=\"http:\/\/turismoburgos.digital\/wp-content\/uploads\/2022\/02\/2020111216111872122.png\" alt=\"\" class=\"wp-image-1038\" width=\"1239\" height=\"908\" srcset=\"https:\/\/turismoburgos.digital\/wp-content\/uploads\/2022\/02\/2020111216111872122.png 680w, https:\/\/turismoburgos.digital\/wp-content\/uploads\/2022\/02\/2020111216111872122-300x220.png 300w, https:\/\/turismoburgos.digital\/wp-content\/uploads\/2022\/02\/2020111216111872122-389x285.png 389w, https:\/\/turismoburgos.digital\/wp-content\/uploads\/2022\/02\/2020111216111872122-414x303.png 414w, https:\/\/turismoburgos.digital\/wp-content\/uploads\/2022\/02\/2020111216111872122-512x375.png 512w\" sizes=\"(max-width: 1239px) 100vw, 1239px\" \/><figcaption>Ayuntamiento<\/figcaption><\/figure>\n\n\n\n<hr class=\"wp-block-separator\"\/>\n\n\n\n<p><strong>A mitad del Paseo del Espol\u00f3n se encuentran las Casas Consistoriales. Su fachada principal da a la Plaza Mayor. El Ayuntamiento fu\u00e9 dise\u00f1ado por Ventura Rodr\u00edguez, seg\u00fan su fr\u00edo y limpio estilo; se inaugur\u00f3 el 17 de Julio de 1791, asent\u00e1ndose definitivamente el Concejo que, hasta entonces, se hab\u00eda reunido en la catedral o en el arco de Santa Mar\u00eda.<\/strong><br><strong>&nbsp;&nbsp;&nbsp;&nbsp;&nbsp;Encierra salones nobles, como el de los Jueces o la Sala de Sesiones. El Cid a caballo, seg\u00fan la pintura de Marceliano Santamar\u00eda, preside la escalera principal. Guarda insignes reliquias de la historia, como el patr\u00f3n de la vara castellana y el estandarte de la ciudad.<\/strong><\/p>\n\n\n\n<hr class=\"wp-block-separator\"\/>\n\n\n\n<figure class=\"wp-block-image size-full is-resized\"><img loading=\"lazy\" src=\"http:\/\/turismoburgos.digital\/wp-content\/uploads\/2022\/02\/1587127194228.jpg\" alt=\"\" class=\"wp-image-1039\" width=\"1240\" height=\"422\" srcset=\"https:\/\/turismoburgos.digital\/wp-content\/uploads\/2022\/02\/1587127194228.jpg 976w, https:\/\/turismoburgos.digital\/wp-content\/uploads\/2022\/02\/1587127194228-300x102.jpg 300w, https:\/\/turismoburgos.digital\/wp-content\/uploads\/2022\/02\/1587127194228-768x261.jpg 768w, https:\/\/turismoburgos.digital\/wp-content\/uploads\/2022\/02\/1587127194228-389x132.jpg 389w, https:\/\/turismoburgos.digital\/wp-content\/uploads\/2022\/02\/1587127194228-414x141.jpg 414w, https:\/\/turismoburgos.digital\/wp-content\/uploads\/2022\/02\/1587127194228-800x272.jpg 800w, https:\/\/turismoburgos.digital\/wp-content\/uploads\/2022\/02\/1587127194228-512x174.jpg 512w\" sizes=\"(max-width: 1240px) 100vw, 1240px\" \/><\/figure>\n\n\n\n<figure class=\"wp-block-gallery has-nested-images columns-default is-cropped\">\n<figure class=\"wp-block-image size-large\"><img loading=\"lazy\" width=\"1024\" height=\"667\" data-id=\"1043\"  src=\"http:\/\/turismoburgos.digital\/wp-content\/uploads\/2022\/02\/FO-5583_Fede-1.jpg-351.3-KB-1-1-1024x667.jpg\" alt=\"\" class=\"wp-image-1043\" srcset=\"https:\/\/turismoburgos.digital\/wp-content\/uploads\/2022\/02\/FO-5583_Fede-1.jpg-351.3-KB-1-1-1024x667.jpg 1024w, https:\/\/turismoburgos.digital\/wp-content\/uploads\/2022\/02\/FO-5583_Fede-1.jpg-351.3-KB-1-1-300x195.jpg 300w, https:\/\/turismoburgos.digital\/wp-content\/uploads\/2022\/02\/FO-5583_Fede-1.jpg-351.3-KB-1-1-768x500.jpg 768w, https:\/\/turismoburgos.digital\/wp-content\/uploads\/2022\/02\/FO-5583_Fede-1.jpg-351.3-KB-1-1-389x253.jpg 389w, https:\/\/turismoburgos.digital\/wp-content\/uploads\/2022\/02\/FO-5583_Fede-1.jpg-351.3-KB-1-1-414x270.jpg 414w, https:\/\/turismoburgos.digital\/wp-content\/uploads\/2022\/02\/FO-5583_Fede-1.jpg-351.3-KB-1-1-800x521.jpg 800w, https:\/\/turismoburgos.digital\/wp-content\/uploads\/2022\/02\/FO-5583_Fede-1.jpg-351.3-KB-1-1-512x334.jpg 512w, https:\/\/turismoburgos.digital\/wp-content\/uploads\/2022\/02\/FO-5583_Fede-1.jpg-351.3-KB-1-1.jpg 1271w\" sizes=\"(max-width: 1024px) 100vw, 1024px\" \/><\/figure>\n<\/figure>\n\n\n\n<hr class=\"wp-block-separator\"\/>\n\n\n\n<p><strong>Plaza Mayor, 1<\/strong><br><strong>09001 Burgos<\/strong><\/p>\n\n\n\n<p><strong>947 28 88 00<\/strong><\/p>\n\n\n\n<p><a href=\"http:\/\/www.aytoburgos.es\/\" target=\"_blank\" rel=\"noreferrer noopener\">http:\/\/www.aytoburgos.es\/<\/a><\/p>\n\n\n\n<hr class=\"wp-block-separator\"\/>\n\n\n\n<div class=\"wp-container-1 wp-block-buttons\">\n<div class=\"wp-block-button\"><a class=\"wp-block-button__link\" href=\"https:\/\/www.google.com\/maps\/place\/Ayuntamiento+de+Burgos\/@42.3407203,-3.7022041,15z\/data=!4m2!3m1!1s0x0:0x174b3c42efae06c1?sa=X&amp;ved=2ahUKEwjUh478qJP2AhUB76QKHT5KBCcQ_BJ6BAg-EAU\" target=\"_blank\" rel=\"noreferrer noopener\">C\u00f3mo llegar<\/a><\/div>\n<\/div>\n\n\n\n<hr class=\"wp-block-separator\"\/>\n\n\n\n<hr class=\"wp-block-separator\"\/>\n","protected":false},"excerpt":{"rendered":"<p>A mitad del Paseo del Espol\u00f3n se encuentran las Casas Consistoriales. Su fachada principal da a la Plaza Mayor. El Ayuntamiento fu\u00e9 dise\u00f1ado por Ventura &hellip;<\/p>\n","protected":false},"author":1,"featured_media":1454,"parent":0,"menu_order":0,"comment_status":"closed","ping_status":"closed","template":"","meta":{"_monsterinsights_skip_tracking":false,"_monsterinsights_sitenote_active":false,"_monsterinsights_sitenote_note":"","_monsterinsights_sitenote_category":0},"_links":{"self":[{"href":"https:\/\/turismoburgos.digital\/index.php\/wp-json\/wp\/v2\/pages\/335"}],"collection":[{"href":"https:\/\/turismoburgos.digital\/index.php\/wp-json\/wp\/v2\/pages"}],"about":[{"href":"https:\/\/turismoburgos.digital\/index.php\/wp-json\/wp\/v2\/types\/page"}],"author":[{"embeddable":true,"href":"https:\/\/turismoburgos.digital\/index.php\/wp-json\/wp\/v2\/users\/1"}],"replies":[{"embeddable":true,"href":"https:\/\/turismoburgos.digital\/index.php\/wp-json\/wp\/v2\/comments?post=335"}],"version-history":[{"count":3,"href":"https:\/\/turismoburgos.digital\/index.php\/wp-json\/wp\/v2\/pages\/335\/revisions"}],"predecessor-version":[{"id":1455,"href":"https:\/\/turismoburgos.digital\/index.php\/wp-json\/wp\/v2\/pages\/335\/revisions\/1455"}],"wp:featuredmedia":[{"embeddable":true,"href":"https:\/\/turismoburgos.digital\/index.php\/wp-json\/wp\/v2\/media\/1454"}],"wp:attachment":[{"href":"https:\/\/turismoburgos.digital\/index.php\/wp-json\/wp\/v2\/media?parent=335"}],"curies":[{"name":"wp","href":"https:\/\/api.w.org\/{rel}","templated":true}]}}