{"id":31,"date":"2022-02-17T19:16:52","date_gmt":"2022-02-17T19:16:52","guid":{"rendered":"http:\/\/turismoburgos.digital\/?page_id=31"},"modified":"2022-03-17T22:05:30","modified_gmt":"2022-03-17T22:05:30","slug":"burgos-2","status":"publish","type":"page","link":"https:\/\/turismoburgos.digital\/index.php\/burgos-2\/","title":{"rendered":"Burgos"},"content":{"rendered":"\n<hr class=\"wp-block-separator\"\/>\n\n\n\n<p>Merece la pena visitar Burgos, pasear por sus elegantes calles, paseos y zonas verdes, Burgos combina historia y modernidad.<br>Es obligado contemplar su catedral g\u00f3tica Patrimonio de la Humanidad, visitar el Museo de la Evoluci\u00f3n Humana<br>y los yacimientos de Atapuerca, a apenas 10 kms de la capital,<br>que cada d\u00eda nos sorprenden con nuevos hallazgos que permiten descifrar los or\u00edgenes de la especie humana.<br>Es imprescindible disfrutar de su gastronom\u00eda, cada vez m\u00e1s reconocida a nivel nacional e internacional<br>y de sus vinos, tanto de la<br>D.O Ribera del Duero como Arlanza.<\/p>\n\n\n\n<hr class=\"wp-block-separator\"\/>\n\n\n\n<figure class=\"wp-block-embed is-type-video is-provider-youtube wp-block-embed-youtube wp-embed-aspect-16-9 wp-has-aspect-ratio\"><div class=\"wp-block-embed__wrapper\">\n<iframe loading=\"lazy\" title=\"Turismo Burgos\" width=\"1032\" height=\"581\" src=\"https:\/\/www.youtube.com\/embed\/bB13cmigfxk?start=46&#038;feature=oembed\" frameborder=\"0\" allow=\"accelerometer; autoplay; clipboard-write; encrypted-media; gyroscope; picture-in-picture\" allowfullscreen><\/iframe>\n<\/div><\/figure>\n\n\n\n<hr class=\"wp-block-separator\"\/>\n\n\n\n<figure class=\"wp-block-image size-full is-resized\"><a href=\"http:\/\/turismoburgos.digital\/index.php\/historia\/\"><img loading=\"lazy\" src=\"http:\/\/turismoburgos.digital\/wp-content\/uploads\/2022\/02\/Imagen1.png\" alt=\"\" class=\"wp-image-122\" width=\"1240\" height=\"182\" srcset=\"https:\/\/turismoburgos.digital\/wp-content\/uploads\/2022\/02\/Imagen1.png 806w, https:\/\/turismoburgos.digital\/wp-content\/uploads\/2022\/02\/Imagen1-300x44.png 300w, https:\/\/turismoburgos.digital\/wp-content\/uploads\/2022\/02\/Imagen1-768x112.png 768w, https:\/\/turismoburgos.digital\/wp-content\/uploads\/2022\/02\/Imagen1-389x57.png 389w, https:\/\/turismoburgos.digital\/wp-content\/uploads\/2022\/02\/Imagen1-414x61.png 414w, https:\/\/turismoburgos.digital\/wp-content\/uploads\/2022\/02\/Imagen1-800x117.png 800w, https:\/\/turismoburgos.digital\/wp-content\/uploads\/2022\/02\/Imagen1-512x75.png 512w\" sizes=\"(max-width: 1240px) 100vw, 1240px\" \/><\/a><\/figure>\n\n\n\n<figure class=\"wp-block-image size-full is-resized\"><a href=\"http:\/\/turismoburgos.digital\/index.php\/monumentos\/\"><img loading=\"lazy\" src=\"http:\/\/turismoburgos.digital\/wp-content\/uploads\/2022\/02\/Imagen2.png\" alt=\"\" class=\"wp-image-123\" width=\"1241\" height=\"185\" srcset=\"https:\/\/turismoburgos.digital\/wp-content\/uploads\/2022\/02\/Imagen2.png 805w, https:\/\/turismoburgos.digital\/wp-content\/uploads\/2022\/02\/Imagen2-300x45.png 300w, https:\/\/turismoburgos.digital\/wp-content\/uploads\/2022\/02\/Imagen2-768x114.png 768w, https:\/\/turismoburgos.digital\/wp-content\/uploads\/2022\/02\/Imagen2-389x58.png 389w, https:\/\/turismoburgos.digital\/wp-content\/uploads\/2022\/02\/Imagen2-414x62.png 414w, https:\/\/turismoburgos.digital\/wp-content\/uploads\/2022\/02\/Imagen2-800x119.png 800w, https:\/\/turismoburgos.digital\/wp-content\/uploads\/2022\/02\/Imagen2-512x76.png 512w\" sizes=\"(max-width: 1241px) 100vw, 1241px\" \/><\/a><\/figure>\n\n\n\n<figure class=\"wp-block-image size-full is-resized\"><a href=\"http:\/\/turismoburgos.digital\/index.php\/lugares-de-interes\/\"><img loading=\"lazy\" src=\"http:\/\/turismoburgos.digital\/wp-content\/uploads\/2022\/02\/Imagen3.png\" alt=\"\" class=\"wp-image-124\" width=\"1239\" height=\"185\" srcset=\"https:\/\/turismoburgos.digital\/wp-content\/uploads\/2022\/02\/Imagen3.png 805w, https:\/\/turismoburgos.digital\/wp-content\/uploads\/2022\/02\/Imagen3-300x45.png 300w, https:\/\/turismoburgos.digital\/wp-content\/uploads\/2022\/02\/Imagen3-768x114.png 768w, https:\/\/turismoburgos.digital\/wp-content\/uploads\/2022\/02\/Imagen3-389x58.png 389w, https:\/\/turismoburgos.digital\/wp-content\/uploads\/2022\/02\/Imagen3-414x62.png 414w, https:\/\/turismoburgos.digital\/wp-content\/uploads\/2022\/02\/Imagen3-800x119.png 800w, https:\/\/turismoburgos.digital\/wp-content\/uploads\/2022\/02\/Imagen3-512x76.png 512w\" sizes=\"(max-width: 1239px) 100vw, 1239px\" \/><\/a><\/figure>\n\n\n\n<figure class=\"wp-block-image size-full is-resized\"><a href=\"http:\/\/turismoburgos.digital\/index.php\/fiestas\/\"><img loading=\"lazy\" src=\"http:\/\/turismoburgos.digital\/wp-content\/uploads\/2022\/02\/Imagen4.png\" alt=\"\" class=\"wp-image-125\" width=\"1241\" height=\"185\" srcset=\"https:\/\/turismoburgos.digital\/wp-content\/uploads\/2022\/02\/Imagen4.png 805w, https:\/\/turismoburgos.digital\/wp-content\/uploads\/2022\/02\/Imagen4-300x45.png 300w, https:\/\/turismoburgos.digital\/wp-content\/uploads\/2022\/02\/Imagen4-768x114.png 768w, https:\/\/turismoburgos.digital\/wp-content\/uploads\/2022\/02\/Imagen4-389x58.png 389w, https:\/\/turismoburgos.digital\/wp-content\/uploads\/2022\/02\/Imagen4-414x62.png 414w, https:\/\/turismoburgos.digital\/wp-content\/uploads\/2022\/02\/Imagen4-800x119.png 800w, https:\/\/turismoburgos.digital\/wp-content\/uploads\/2022\/02\/Imagen4-512x76.png 512w\" sizes=\"(max-width: 1241px) 100vw, 1241px\" \/><\/a><\/figure>\n\n\n\n<figure class=\"wp-block-image size-full is-resized\"><a href=\"http:\/\/mesaymantel.digital\/index.php\/restaurantes-burgos\/\"><img loading=\"lazy\" src=\"http:\/\/turismoburgos.digital\/wp-content\/uploads\/2022\/02\/Imagen5.png\" alt=\"\" class=\"wp-image-126\" width=\"1240\" height=\"185\" srcset=\"https:\/\/turismoburgos.digital\/wp-content\/uploads\/2022\/02\/Imagen5.png 805w, https:\/\/turismoburgos.digital\/wp-content\/uploads\/2022\/02\/Imagen5-300x45.png 300w, https:\/\/turismoburgos.digital\/wp-content\/uploads\/2022\/02\/Imagen5-768x114.png 768w, https:\/\/turismoburgos.digital\/wp-content\/uploads\/2022\/02\/Imagen5-389x58.png 389w, https:\/\/turismoburgos.digital\/wp-content\/uploads\/2022\/02\/Imagen5-414x62.png 414w, https:\/\/turismoburgos.digital\/wp-content\/uploads\/2022\/02\/Imagen5-800x119.png 800w, https:\/\/turismoburgos.digital\/wp-content\/uploads\/2022\/02\/Imagen5-512x76.png 512w\" sizes=\"(max-width: 1240px) 100vw, 1240px\" \/><\/a><\/figure>\n\n\n\n<figure class=\"wp-block-image size-full is-resized\"><a href=\"http:\/\/mesaymantel.digital\/index.php\/restaurantes-burgos\/\"><img loading=\"lazy\" src=\"http:\/\/turismoburgos.digital\/wp-content\/uploads\/2022\/02\/Imagen6.png\" alt=\"\" class=\"wp-image-127\" width=\"1239\" height=\"185\" srcset=\"https:\/\/turismoburgos.digital\/wp-content\/uploads\/2022\/02\/Imagen6.png 805w, https:\/\/turismoburgos.digital\/wp-content\/uploads\/2022\/02\/Imagen6-300x45.png 300w, https:\/\/turismoburgos.digital\/wp-content\/uploads\/2022\/02\/Imagen6-768x114.png 768w, https:\/\/turismoburgos.digital\/wp-content\/uploads\/2022\/02\/Imagen6-389x58.png 389w, https:\/\/turismoburgos.digital\/wp-content\/uploads\/2022\/02\/Imagen6-414x62.png 414w, https:\/\/turismoburgos.digital\/wp-content\/uploads\/2022\/02\/Imagen6-800x119.png 800w, https:\/\/turismoburgos.digital\/wp-content\/uploads\/2022\/02\/Imagen6-512x76.png 512w\" sizes=\"(max-width: 1239px) 100vw, 1239px\" \/><\/a><\/figure>\n\n\n\n<figure class=\"wp-block-image size-full is-resized\"><a href=\"https:\/\/clickturismo.es\/decopasburgos\/\"><img loading=\"lazy\" src=\"http:\/\/turismoburgos.digital\/wp-content\/uploads\/2022\/02\/Imagen7.png\" alt=\"\" class=\"wp-image-128\" width=\"1239\" height=\"184\" srcset=\"https:\/\/turismoburgos.digital\/wp-content\/uploads\/2022\/02\/Imagen7.png 806w, https:\/\/turismoburgos.digital\/wp-content\/uploads\/2022\/02\/Imagen7-300x45.png 300w, https:\/\/turismoburgos.digital\/wp-content\/uploads\/2022\/02\/Imagen7-768x114.png 768w, https:\/\/turismoburgos.digital\/wp-content\/uploads\/2022\/02\/Imagen7-389x58.png 389w, https:\/\/turismoburgos.digital\/wp-content\/uploads\/2022\/02\/Imagen7-414x62.png 414w, https:\/\/turismoburgos.digital\/wp-content\/uploads\/2022\/02\/Imagen7-800x119.png 800w, https:\/\/turismoburgos.digital\/wp-content\/uploads\/2022\/02\/Imagen7-512x76.png 512w\" sizes=\"(max-width: 1239px) 100vw, 1239px\" \/><\/a><\/figure>\n\n\n\n<figure class=\"wp-block-image size-full is-resized\"><a href=\"http:\/\/turismoburgos.digital\/index.php\/hoteles\/\"><img loading=\"lazy\" src=\"http:\/\/turismoburgos.digital\/wp-content\/uploads\/2022\/02\/Imagen8.png\" alt=\"\" class=\"wp-image-129\" width=\"1241\" height=\"185\" srcset=\"https:\/\/turismoburgos.digital\/wp-content\/uploads\/2022\/02\/Imagen8.png 806w, https:\/\/turismoburgos.digital\/wp-content\/uploads\/2022\/02\/Imagen8-300x45.png 300w, https:\/\/turismoburgos.digital\/wp-content\/uploads\/2022\/02\/Imagen8-768x114.png 768w, https:\/\/turismoburgos.digital\/wp-content\/uploads\/2022\/02\/Imagen8-389x58.png 389w, https:\/\/turismoburgos.digital\/wp-content\/uploads\/2022\/02\/Imagen8-414x62.png 414w, https:\/\/turismoburgos.digital\/wp-content\/uploads\/2022\/02\/Imagen8-800x119.png 800w, https:\/\/turismoburgos.digital\/wp-content\/uploads\/2022\/02\/Imagen8-512x76.png 512w\" sizes=\"(max-width: 1241px) 100vw, 1241px\" \/><\/a><\/figure>\n\n\n\n<figure class=\"wp-block-image size-full is-resized\"><a href=\"http:\/\/turismoburgos.digital\/index.php\/senderismo\/\"><img loading=\"lazy\" src=\"http:\/\/turismoburgos.digital\/wp-content\/uploads\/2022\/02\/Imagen9.png\" alt=\"\" class=\"wp-image-130\" width=\"1241\" height=\"183\" srcset=\"https:\/\/turismoburgos.digital\/wp-content\/uploads\/2022\/02\/Imagen9.png 806w, https:\/\/turismoburgos.digital\/wp-content\/uploads\/2022\/02\/Imagen9-300x44.png 300w, https:\/\/turismoburgos.digital\/wp-content\/uploads\/2022\/02\/Imagen9-768x113.png 768w, https:\/\/turismoburgos.digital\/wp-content\/uploads\/2022\/02\/Imagen9-389x57.png 389w, https:\/\/turismoburgos.digital\/wp-content\/uploads\/2022\/02\/Imagen9-414x61.png 414w, https:\/\/turismoburgos.digital\/wp-content\/uploads\/2022\/02\/Imagen9-800x118.png 800w, https:\/\/turismoburgos.digital\/wp-content\/uploads\/2022\/02\/Imagen9-512x76.png 512w\" sizes=\"(max-width: 1241px) 100vw, 1241px\" \/><\/a><\/figure>\n\n\n\n<hr class=\"wp-block-separator\"\/>\n\n\n\n<figure class=\"wp-block-embed is-type-video is-provider-youtube wp-block-embed-youtube wp-embed-aspect-16-9 wp-has-aspect-ratio\"><div class=\"wp-block-embed__wrapper\">\n<iframe loading=\"lazy\" title=\"2021: el a\u00f1o de nuestra Catedral\" width=\"1032\" height=\"581\" src=\"https:\/\/www.youtube.com\/embed\/e_z0azjJWBE?feature=oembed\" frameborder=\"0\" allow=\"accelerometer; autoplay; clipboard-write; encrypted-media; gyroscope; picture-in-picture\" allowfullscreen><\/iframe>\n<\/div><\/figure>\n\n\n\n<hr class=\"wp-block-separator\"\/>\n","protected":false},"excerpt":{"rendered":"<p>Merece la pena visitar Burgos, pasear por sus elegantes calles, paseos y zonas verdes, Burgos combina historia y modernidad.Es obligado contemplar su catedral g\u00f3tica Patrimonio &hellip;<\/p>\n","protected":false},"author":1,"featured_media":1318,"parent":0,"menu_order":0,"comment_status":"closed","ping_status":"closed","template":"","meta":{"_monsterinsights_skip_tracking":false,"_monsterinsights_sitenote_active":false,"_monsterinsights_sitenote_note":"","_monsterinsights_sitenote_category":0},"_links":{"self":[{"href":"https:\/\/turismoburgos.digital\/index.php\/wp-json\/wp\/v2\/pages\/31"}],"collection":[{"href":"https:\/\/turismoburgos.digital\/index.php\/wp-json\/wp\/v2\/pages"}],"about":[{"href":"https:\/\/turismoburgos.digital\/index.php\/wp-json\/wp\/v2\/types\/page"}],"author":[{"embeddable":true,"href":"https:\/\/turismoburgos.digital\/index.php\/wp-json\/wp\/v2\/users\/1"}],"replies":[{"embeddable":true,"href":"https:\/\/turismoburgos.digital\/index.php\/wp-json\/wp\/v2\/comments?post=31"}],"version-history":[{"count":5,"href":"https:\/\/turismoburgos.digital\/index.php\/wp-json\/wp\/v2\/pages\/31\/revisions"}],"predecessor-version":[{"id":1450,"href":"https:\/\/turismoburgos.digital\/index.php\/wp-json\/wp\/v2\/pages\/31\/revisions\/1450"}],"wp:featuredmedia":[{"embeddable":true,"href":"https:\/\/turismoburgos.digital\/index.php\/wp-json\/wp\/v2\/media\/1318"}],"wp:attachment":[{"href":"https:\/\/turismoburgos.digital\/index.php\/wp-json\/wp\/v2\/media?parent=31"}],"curies":[{"name":"wp","href":"https:\/\/api.w.org\/{rel}","templated":true}]}}