{"id":303,"date":"2022-02-20T22:10:12","date_gmt":"2022-02-20T22:10:12","guid":{"rendered":"http:\/\/turismoburgos.digital\/?page_id=303"},"modified":"2022-03-12T08:49:40","modified_gmt":"2022-03-12T08:49:40","slug":"museo-marceliano-santa-maria","status":"publish","type":"page","link":"https:\/\/turismoburgos.digital\/index.php\/museo-marceliano-santa-maria\/","title":{"rendered":"Museo Marceliano Santa Mar\u00eda"},"content":{"rendered":"\n<hr class=\"wp-block-separator\"\/>\n\n\n\n<figure class=\"wp-block-image size-full is-resized\"><img loading=\"lazy\" src=\"http:\/\/turismoburgos.digital\/wp-content\/uploads\/2022\/02\/museo-marceliano-santa1.jpg\" alt=\"\" class=\"wp-image-1005\" width=\"1237\" height=\"695\" srcset=\"https:\/\/turismoburgos.digital\/wp-content\/uploads\/2022\/02\/museo-marceliano-santa1.jpg 550w, https:\/\/turismoburgos.digital\/wp-content\/uploads\/2022\/02\/museo-marceliano-santa1-300x169.jpg 300w, https:\/\/turismoburgos.digital\/wp-content\/uploads\/2022\/02\/museo-marceliano-santa1-389x219.jpg 389w, https:\/\/turismoburgos.digital\/wp-content\/uploads\/2022\/02\/museo-marceliano-santa1-414x233.jpg 414w, https:\/\/turismoburgos.digital\/wp-content\/uploads\/2022\/02\/museo-marceliano-santa1-512x288.jpg 512w\" sizes=\"(max-width: 1237px) 100vw, 1237px\" \/><figcaption>Museo Marceliano Santamar\u00eda<\/figcaption><\/figure>\n\n\n\n<hr class=\"wp-block-separator\"\/>\n\n\n\n<p><strong>El Museo de Marcelino Santa Mar\u00eda, en la ciudad de Burgos, expone las principales obras de uno de los pintores castellanos m\u00e1s importantes de la modernidad, Marcelino Santa Mar\u00eda, entre sus obras destacan \u2018Ang\u00e9lica y Medoro\u2019, \u2018El triunfo de la Santa Cruz\u2019 y \u2018Burgalesa\u2019.<\/strong><br><strong>&nbsp;&nbsp;&nbsp;&nbsp;&nbsp;El museo es de titularidad municipal, la entrada es gratuita y ocupa la primera planta de los restos del Monasterio de San Juan.<\/strong><\/p>\n\n\n\n<hr class=\"wp-block-separator\"\/>\n\n\n\n<figure class=\"wp-block-gallery has-nested-images columns-default is-cropped\">\n<figure class=\"wp-block-image size-large\"><img loading=\"lazy\" width=\"666\" height=\"1024\" data-id=\"1007\"  src=\"http:\/\/turismoburgos.digital\/wp-content\/uploads\/2022\/02\/800px-1906-05-05_Blanco_y_Negro_Marceliano_Santamaria-666x1024.jpg\" alt=\"\" class=\"wp-image-1007\" srcset=\"https:\/\/turismoburgos.digital\/wp-content\/uploads\/2022\/02\/800px-1906-05-05_Blanco_y_Negro_Marceliano_Santamaria-666x1024.jpg 666w, https:\/\/turismoburgos.digital\/wp-content\/uploads\/2022\/02\/800px-1906-05-05_Blanco_y_Negro_Marceliano_Santamaria-195x300.jpg 195w, https:\/\/turismoburgos.digital\/wp-content\/uploads\/2022\/02\/800px-1906-05-05_Blanco_y_Negro_Marceliano_Santamaria-768x1181.jpg 768w, https:\/\/turismoburgos.digital\/wp-content\/uploads\/2022\/02\/800px-1906-05-05_Blanco_y_Negro_Marceliano_Santamaria-389x598.jpg 389w, https:\/\/turismoburgos.digital\/wp-content\/uploads\/2022\/02\/800px-1906-05-05_Blanco_y_Negro_Marceliano_Santamaria-414x637.jpg 414w, https:\/\/turismoburgos.digital\/wp-content\/uploads\/2022\/02\/800px-1906-05-05_Blanco_y_Negro_Marceliano_Santamaria-512x787.jpg 512w, https:\/\/turismoburgos.digital\/wp-content\/uploads\/2022\/02\/800px-1906-05-05_Blanco_y_Negro_Marceliano_Santamaria.jpg 800w\" sizes=\"(max-width: 666px) 100vw, 666px\" \/><\/figure>\n\n\n\n<figure class=\"wp-block-image size-large\"><img loading=\"lazy\" width=\"640\" height=\"853\" data-id=\"1008\"  src=\"http:\/\/turismoburgos.digital\/wp-content\/uploads\/2022\/02\/autorretrato-marceliano-santa-maria-1936.jpg\" alt=\"\" class=\"wp-image-1008\" srcset=\"https:\/\/turismoburgos.digital\/wp-content\/uploads\/2022\/02\/autorretrato-marceliano-santa-maria-1936.jpg 640w, https:\/\/turismoburgos.digital\/wp-content\/uploads\/2022\/02\/autorretrato-marceliano-santa-maria-1936-225x300.jpg 225w, https:\/\/turismoburgos.digital\/wp-content\/uploads\/2022\/02\/autorretrato-marceliano-santa-maria-1936-389x518.jpg 389w, https:\/\/turismoburgos.digital\/wp-content\/uploads\/2022\/02\/autorretrato-marceliano-santa-maria-1936-414x552.jpg 414w, https:\/\/turismoburgos.digital\/wp-content\/uploads\/2022\/02\/autorretrato-marceliano-santa-maria-1936-512x682.jpg 512w\" sizes=\"(max-width: 640px) 100vw, 640px\" \/><figcaption>Autorretrato<\/figcaption><\/figure>\n<\/figure>\n\n\n\n<figure class=\"wp-block-gallery has-nested-images columns-default is-cropped\">\n<figure class=\"wp-block-image size-large\"><img loading=\"lazy\" width=\"470\" height=\"349\" data-id=\"1009\"  src=\"http:\/\/turismoburgos.digital\/wp-content\/uploads\/2022\/02\/1238069907_0.jpg\" alt=\"\" class=\"wp-image-1009\" srcset=\"https:\/\/turismoburgos.digital\/wp-content\/uploads\/2022\/02\/1238069907_0.jpg 470w, https:\/\/turismoburgos.digital\/wp-content\/uploads\/2022\/02\/1238069907_0-300x223.jpg 300w, https:\/\/turismoburgos.digital\/wp-content\/uploads\/2022\/02\/1238069907_0-389x289.jpg 389w, https:\/\/turismoburgos.digital\/wp-content\/uploads\/2022\/02\/1238069907_0-414x307.jpg 414w\" sizes=\"(max-width: 470px) 100vw, 470px\" \/><\/figure>\n\n\n\n<figure class=\"wp-block-image size-large\"><img loading=\"lazy\" width=\"1024\" height=\"538\" data-id=\"1010\"  src=\"http:\/\/turismoburgos.digital\/wp-content\/uploads\/2022\/02\/museo-marceliano-santa-maria1679-1024x538.jpg\" alt=\"\" class=\"wp-image-1010\" srcset=\"https:\/\/turismoburgos.digital\/wp-content\/uploads\/2022\/02\/museo-marceliano-santa-maria1679-1024x538.jpg 1024w, https:\/\/turismoburgos.digital\/wp-content\/uploads\/2022\/02\/museo-marceliano-santa-maria1679-300x158.jpg 300w, https:\/\/turismoburgos.digital\/wp-content\/uploads\/2022\/02\/museo-marceliano-santa-maria1679-768x403.jpg 768w, https:\/\/turismoburgos.digital\/wp-content\/uploads\/2022\/02\/museo-marceliano-santa-maria1679-389x204.jpg 389w, https:\/\/turismoburgos.digital\/wp-content\/uploads\/2022\/02\/museo-marceliano-santa-maria1679-414x217.jpg 414w, https:\/\/turismoburgos.digital\/wp-content\/uploads\/2022\/02\/museo-marceliano-santa-maria1679-800x420.jpg 800w, https:\/\/turismoburgos.digital\/wp-content\/uploads\/2022\/02\/museo-marceliano-santa-maria1679-512x269.jpg 512w, https:\/\/turismoburgos.digital\/wp-content\/uploads\/2022\/02\/museo-marceliano-santa-maria1679.jpg 1200w\" sizes=\"(max-width: 1024px) 100vw, 1024px\" \/><\/figure>\n\n\n\n<figure class=\"wp-block-image size-large\"><img loading=\"lazy\" width=\"1024\" height=\"768\" data-id=\"1011\"  src=\"http:\/\/turismoburgos.digital\/wp-content\/uploads\/2022\/02\/Puentedey_de_Marceliano_Santa_Maria-1024x768.jpg\" alt=\"\" class=\"wp-image-1011\" srcset=\"https:\/\/turismoburgos.digital\/wp-content\/uploads\/2022\/02\/Puentedey_de_Marceliano_Santa_Maria-1024x768.jpg 1024w, https:\/\/turismoburgos.digital\/wp-content\/uploads\/2022\/02\/Puentedey_de_Marceliano_Santa_Maria-300x225.jpg 300w, https:\/\/turismoburgos.digital\/wp-content\/uploads\/2022\/02\/Puentedey_de_Marceliano_Santa_Maria-768x576.jpg 768w, https:\/\/turismoburgos.digital\/wp-content\/uploads\/2022\/02\/Puentedey_de_Marceliano_Santa_Maria-1536x1152.jpg 1536w, https:\/\/turismoburgos.digital\/wp-content\/uploads\/2022\/02\/Puentedey_de_Marceliano_Santa_Maria-2048x1536.jpg 2048w, https:\/\/turismoburgos.digital\/wp-content\/uploads\/2022\/02\/Puentedey_de_Marceliano_Santa_Maria-389x292.jpg 389w, https:\/\/turismoburgos.digital\/wp-content\/uploads\/2022\/02\/Puentedey_de_Marceliano_Santa_Maria-414x311.jpg 414w, https:\/\/turismoburgos.digital\/wp-content\/uploads\/2022\/02\/Puentedey_de_Marceliano_Santa_Maria-800x600.jpg 800w, https:\/\/turismoburgos.digital\/wp-content\/uploads\/2022\/02\/Puentedey_de_Marceliano_Santa_Maria-512x384.jpg 512w\" sizes=\"(max-width: 1024px) 100vw, 1024px\" \/><\/figure>\n<\/figure>\n\n\n\n<figure class=\"wp-block-image size-full is-resized\"><img loading=\"lazy\" src=\"http:\/\/turismoburgos.digital\/wp-content\/uploads\/2022\/02\/museo-marceliano-santa-2-1.jpg\" alt=\"\" class=\"wp-image-1012\" width=\"1240\" height=\"696\" srcset=\"https:\/\/turismoburgos.digital\/wp-content\/uploads\/2022\/02\/museo-marceliano-santa-2-1.jpg 550w, https:\/\/turismoburgos.digital\/wp-content\/uploads\/2022\/02\/museo-marceliano-santa-2-1-300x169.jpg 300w, https:\/\/turismoburgos.digital\/wp-content\/uploads\/2022\/02\/museo-marceliano-santa-2-1-389x219.jpg 389w, https:\/\/turismoburgos.digital\/wp-content\/uploads\/2022\/02\/museo-marceliano-santa-2-1-414x233.jpg 414w, https:\/\/turismoburgos.digital\/wp-content\/uploads\/2022\/02\/museo-marceliano-santa-2-1-512x288.jpg 512w\" sizes=\"(max-width: 1240px) 100vw, 1240px\" \/><\/figure>\n\n\n\n<figure class=\"wp-block-image size-full is-resized\"><img loading=\"lazy\" src=\"http:\/\/turismoburgos.digital\/wp-content\/uploads\/2022\/02\/46_big-1.jpg\" alt=\"\" class=\"wp-image-1013\" width=\"1240\" height=\"929\" srcset=\"https:\/\/turismoburgos.digital\/wp-content\/uploads\/2022\/02\/46_big-1.jpg 700w, https:\/\/turismoburgos.digital\/wp-content\/uploads\/2022\/02\/46_big-1-300x225.jpg 300w, https:\/\/turismoburgos.digital\/wp-content\/uploads\/2022\/02\/46_big-1-389x292.jpg 389w, https:\/\/turismoburgos.digital\/wp-content\/uploads\/2022\/02\/46_big-1-414x311.jpg 414w, https:\/\/turismoburgos.digital\/wp-content\/uploads\/2022\/02\/46_big-1-512x384.jpg 512w\" sizes=\"(max-width: 1240px) 100vw, 1240px\" \/><\/figure>\n\n\n\n<hr class=\"wp-block-separator\"\/>\n\n\n\n<p><strong>Plaza San Juan<\/strong><br><strong>09004 Burgos<\/strong><\/p>\n\n\n\n<p><strong>947 205 687<\/strong><\/p>\n\n\n\n<figure class=\"wp-block-embed is-type-link is-provider-blog-de-jaime-urcelay wp-block-embed-blog-de-jaime-urcelay\"><div class=\"wp-block-embed__wrapper\">\n<a href=\"https:\/\/jaimeurcelay.me\/2020\/11\/22\/el-pintor-marceliano-santa-maria-1866-1952-y-poza-de-la-sal\/\">El pintor Marceliano Santa Mar\u00eda (1866-1952) y Poza de la&nbsp;Sal<\/a>\n<\/div><figcaption><a href=\"https:\/\/jaimeurcelay.me\/2020\/11\/22\/el-pintor-marceliano-santa-maria-1866-1952-y-poza-de-la-sal\/\" target=\"_blank\" rel=\"noreferrer noopener\">https:\/\/jaimeurcelay.me\/2020\/11\/22\/el-pintor-marceliano-santa-maria-1866-1952-y-poza-de-la-sal\/<\/a><\/figcaption><\/figure>\n\n\n\n<hr class=\"wp-block-separator\"\/>\n\n\n\n<div class=\"wp-container-1 wp-block-buttons\">\n<div class=\"wp-block-button\"><a class=\"wp-block-button__link\" href=\"https:\/\/www.google.com\/maps\/dir\/\/Pl.+San+Juan+09004+Burgos\/@42.3428958,-3.6964673,17z\/data=!4m5!4m4!1m0!1m2!1m1!1s0xd45fcd0f4aed15d:0xc4c9404445edfdb8\" target=\"_blank\" rel=\"noreferrer noopener\">C\u00f3mo llegar<\/a><\/div>\n<\/div>\n\n\n\n<hr class=\"wp-block-separator\"\/>\n\n\n\n<hr class=\"wp-block-separator\"\/>\n","protected":false},"excerpt":{"rendered":"<p>El Museo de Marcelino Santa Mar\u00eda, en la ciudad de Burgos, expone las principales obras de uno de los pintores castellanos m\u00e1s importantes de la &hellip;<\/p>\n","protected":false},"author":1,"featured_media":1415,"parent":0,"menu_order":0,"comment_status":"closed","ping_status":"closed","template":"","meta":{"_monsterinsights_skip_tracking":false,"_monsterinsights_sitenote_active":false,"_monsterinsights_sitenote_note":"","_monsterinsights_sitenote_category":0},"_links":{"self":[{"href":"https:\/\/turismoburgos.digital\/index.php\/wp-json\/wp\/v2\/pages\/303"}],"collection":[{"href":"https:\/\/turismoburgos.digital\/index.php\/wp-json\/wp\/v2\/pages"}],"about":[{"href":"https:\/\/turismoburgos.digital\/index.php\/wp-json\/wp\/v2\/types\/page"}],"author":[{"embeddable":true,"href":"https:\/\/turismoburgos.digital\/index.php\/wp-json\/wp\/v2\/users\/1"}],"replies":[{"embeddable":true,"href":"https:\/\/turismoburgos.digital\/index.php\/wp-json\/wp\/v2\/comments?post=303"}],"version-history":[{"count":3,"href":"https:\/\/turismoburgos.digital\/index.php\/wp-json\/wp\/v2\/pages\/303\/revisions"}],"predecessor-version":[{"id":1414,"href":"https:\/\/turismoburgos.digital\/index.php\/wp-json\/wp\/v2\/pages\/303\/revisions\/1414"}],"wp:featuredmedia":[{"embeddable":true,"href":"https:\/\/turismoburgos.digital\/index.php\/wp-json\/wp\/v2\/media\/1415"}],"wp:attachment":[{"href":"https:\/\/turismoburgos.digital\/index.php\/wp-json\/wp\/v2\/media?parent=303"}],"curies":[{"name":"wp","href":"https:\/\/api.w.org\/{rel}","templated":true}]}}