{"id":300,"date":"2022-02-20T22:10:12","date_gmt":"2022-02-20T22:10:12","guid":{"rendered":"http:\/\/turismoburgos.digital\/?page_id=300"},"modified":"2022-02-22T12:26:51","modified_gmt":"2022-02-22T12:26:51","slug":"museo-del-libro","status":"publish","type":"page","link":"https:\/\/turismoburgos.digital\/index.php\/museo-del-libro\/","title":{"rendered":"Museo del Libro"},"content":{"rendered":"\n<hr class=\"wp-block-separator\"\/>\n\n\n\n<figure class=\"wp-block-image size-full is-resized\"><img loading=\"lazy\" src=\"http:\/\/turismoburgos.digital\/wp-content\/uploads\/2022\/02\/museo-del-libro-1.jpg\" alt=\"\" class=\"wp-image-1022\" width=\"1241\" height=\"1010\" srcset=\"https:\/\/turismoburgos.digital\/wp-content\/uploads\/2022\/02\/museo-del-libro-1.jpg 590w, https:\/\/turismoburgos.digital\/wp-content\/uploads\/2022\/02\/museo-del-libro-1-300x244.jpg 300w, https:\/\/turismoburgos.digital\/wp-content\/uploads\/2022\/02\/museo-del-libro-1-389x316.jpg 389w, https:\/\/turismoburgos.digital\/wp-content\/uploads\/2022\/02\/museo-del-libro-1-414x337.jpg 414w, https:\/\/turismoburgos.digital\/wp-content\/uploads\/2022\/02\/museo-del-libro-1-512x417.jpg 512w\" sizes=\"(max-width: 1241px) 100vw, 1241px\" \/><figcaption>Museo del Libro<\/figcaption><\/figure>\n\n\n\n<hr class=\"wp-block-separator\"\/>\n\n\n\n<p><strong>Ubicado en el centro, entre la Plaza Mayor y el Paseo del Espol\u00f3n, muestra en sus cuatro plantas la evoluci\u00f3n del libro en la historia, desde las primeras manifestaciones escritas hasta el libro electr\u00f3nico.<\/strong><br><strong>\u00a0\u00a0\u00a0\u00a0\u00a0El museo del libro Fadrique de Basilea es una iniciativa privada de la editorial Silo\u00e9.<\/strong><br><strong>\u00a0\u00a0\u00a0\u00a0\u00a0Se trata de una interesante propuesta de turismo familiar que introducir\u00e1 a los m\u00e1s peque\u00f1os en los papiros, pergaminos e incunables.<\/strong><br><strong>\u00a0\u00a0\u00a0\u00a0\u00a0Adem\u00e1s es un lugar ideal para los bibli\u00f3filos ya que podr\u00e1n adquirir ejemplares de algunas de las obras m\u00e1s importantes del patrimonio bibliogr\u00e1fico mundial.<\/strong><\/p>\n\n\n\n<hr class=\"wp-block-separator\"\/>\n\n\n\n<figure class=\"wp-block-embed is-type-video is-provider-youtube wp-block-embed-youtube wp-embed-aspect-16-9 wp-has-aspect-ratio\"><div class=\"wp-block-embed__wrapper\">\n<iframe loading=\"lazy\" title=\"Museo del libro Fadrique de Basilea en Burgos\" width=\"1032\" height=\"581\" src=\"https:\/\/www.youtube.com\/embed\/xLFxyI5KWcM?feature=oembed\" frameborder=\"0\" allow=\"accelerometer; autoplay; clipboard-write; encrypted-media; gyroscope; picture-in-picture\" allowfullscreen><\/iframe>\n<\/div><\/figure>\n\n\n\n<hr class=\"wp-block-separator\"\/>\n\n\n\n<figure class=\"wp-block-gallery has-nested-images columns-default is-cropped\">\n<figure class=\"wp-block-image size-large\"><img loading=\"lazy\" width=\"644\" height=\"412\" data-id=\"1026\"  src=\"http:\/\/turismoburgos.digital\/wp-content\/uploads\/2022\/02\/9238E12F-D82E-372D-44FDC6BA287DF88F.jpg\" alt=\"\" class=\"wp-image-1026\" srcset=\"https:\/\/turismoburgos.digital\/wp-content\/uploads\/2022\/02\/9238E12F-D82E-372D-44FDC6BA287DF88F.jpg 644w, https:\/\/turismoburgos.digital\/wp-content\/uploads\/2022\/02\/9238E12F-D82E-372D-44FDC6BA287DF88F-300x192.jpg 300w, https:\/\/turismoburgos.digital\/wp-content\/uploads\/2022\/02\/9238E12F-D82E-372D-44FDC6BA287DF88F-389x249.jpg 389w, https:\/\/turismoburgos.digital\/wp-content\/uploads\/2022\/02\/9238E12F-D82E-372D-44FDC6BA287DF88F-414x265.jpg 414w, https:\/\/turismoburgos.digital\/wp-content\/uploads\/2022\/02\/9238E12F-D82E-372D-44FDC6BA287DF88F-512x328.jpg 512w\" sizes=\"(max-width: 644px) 100vw, 644px\" \/><\/figure>\n\n\n\n<figure class=\"wp-block-image size-large\"><img loading=\"lazy\" width=\"550\" height=\"330\" data-id=\"1024\"  src=\"http:\/\/turismoburgos.digital\/wp-content\/uploads\/2022\/02\/museo-del-libro-fadrique.jpg\" alt=\"\" class=\"wp-image-1024\" srcset=\"https:\/\/turismoburgos.digital\/wp-content\/uploads\/2022\/02\/museo-del-libro-fadrique.jpg 550w, https:\/\/turismoburgos.digital\/wp-content\/uploads\/2022\/02\/museo-del-libro-fadrique-300x180.jpg 300w, https:\/\/turismoburgos.digital\/wp-content\/uploads\/2022\/02\/museo-del-libro-fadrique-389x233.jpg 389w, https:\/\/turismoburgos.digital\/wp-content\/uploads\/2022\/02\/museo-del-libro-fadrique-414x248.jpg 414w, https:\/\/turismoburgos.digital\/wp-content\/uploads\/2022\/02\/museo-del-libro-fadrique-512x307.jpg 512w\" sizes=\"(max-width: 550px) 100vw, 550px\" \/><\/figure>\n\n\n\n<figure class=\"wp-block-image size-large\"><img loading=\"lazy\" width=\"624\" height=\"385\" data-id=\"1025\"  src=\"http:\/\/turismoburgos.digital\/wp-content\/uploads\/2022\/02\/museo-libro-kv7-624x385@El-Norte.jpg\" alt=\"\" class=\"wp-image-1025\" srcset=\"https:\/\/turismoburgos.digital\/wp-content\/uploads\/2022\/02\/museo-libro-kv7-624x385@El-Norte.jpg 624w, https:\/\/turismoburgos.digital\/wp-content\/uploads\/2022\/02\/museo-libro-kv7-624x385@El-Norte-300x185.jpg 300w, https:\/\/turismoburgos.digital\/wp-content\/uploads\/2022\/02\/museo-libro-kv7-624x385@El-Norte-389x240.jpg 389w, https:\/\/turismoburgos.digital\/wp-content\/uploads\/2022\/02\/museo-libro-kv7-624x385@El-Norte-414x255.jpg 414w, https:\/\/turismoburgos.digital\/wp-content\/uploads\/2022\/02\/museo-libro-kv7-624x385@El-Norte-512x316.jpg 512w\" sizes=\"(max-width: 624px) 100vw, 624px\" \/><\/figure>\n<\/figure>\n\n\n\n<figure class=\"wp-block-image size-full is-resized\"><img loading=\"lazy\" src=\"http:\/\/turismoburgos.digital\/wp-content\/uploads\/2022\/02\/1293017618_0-1.jpg\" alt=\"\" class=\"wp-image-1027\" width=\"1240\" height=\"538\" srcset=\"https:\/\/turismoburgos.digital\/wp-content\/uploads\/2022\/02\/1293017618_0-1.jpg 640w, https:\/\/turismoburgos.digital\/wp-content\/uploads\/2022\/02\/1293017618_0-1-300x130.jpg 300w, https:\/\/turismoburgos.digital\/wp-content\/uploads\/2022\/02\/1293017618_0-1-389x168.jpg 389w, https:\/\/turismoburgos.digital\/wp-content\/uploads\/2022\/02\/1293017618_0-1-414x179.jpg 414w, https:\/\/turismoburgos.digital\/wp-content\/uploads\/2022\/02\/1293017618_0-1-512x222.jpg 512w\" sizes=\"(max-width: 1240px) 100vw, 1240px\" \/><\/figure>\n\n\n\n<hr class=\"wp-block-separator\"\/>\n\n\n\n<p><strong>Travesia del Mercado, 3<\/strong><br><strong>09003 Burgos<\/strong><\/p>\n\n\n\n<p><strong>947 25 29 30<\/strong><\/p>\n\n\n\n<p><a href=\"https:\/\/es.wikipedia.org\/wiki\/Museo_del_Libro_Fadrique_de_Basilea\">https:\/\/es.wikipedia.org\/wiki\/Museo_del_Libro_Fadrique_de_Basilea<\/a><\/p>\n\n\n\n<hr class=\"wp-block-separator\"\/>\n\n\n\n<div class=\"wp-container-1 wp-block-buttons\">\n<div class=\"wp-block-button\"><a class=\"wp-block-button__link\" href=\"https:\/\/www.google.com\/maps\/place\/Museo+del+Libro+Fadrique+de+Basilea+y+Museo+del+Cid\/@42.341178,-3.7006805,15z\/data=!4m2!3m1!1s0x0:0x561775634325760b?sa=X&amp;ved=2ahUKEwjfq4KUp5P2AhVD1xoKHWNuAr0Q_BJ6BAgrEAU\" target=\"_blank\" rel=\"noreferrer noopener\">C\u00f3mo llegar<\/a><\/div>\n<\/div>\n\n\n\n<hr class=\"wp-block-separator\"\/>\n\n\n\n<hr class=\"wp-block-separator\"\/>\n","protected":false},"excerpt":{"rendered":"<p>Ubicado en el centro, entre la Plaza Mayor y el Paseo del Espol\u00f3n, muestra en sus cuatro plantas la evoluci\u00f3n del libro en la historia, &hellip;<\/p>\n","protected":false},"author":1,"featured_media":0,"parent":0,"menu_order":0,"comment_status":"closed","ping_status":"closed","template":"","meta":{"_monsterinsights_skip_tracking":false,"_monsterinsights_sitenote_active":false,"_monsterinsights_sitenote_note":"","_monsterinsights_sitenote_category":0},"_links":{"self":[{"href":"https:\/\/turismoburgos.digital\/index.php\/wp-json\/wp\/v2\/pages\/300"}],"collection":[{"href":"https:\/\/turismoburgos.digital\/index.php\/wp-json\/wp\/v2\/pages"}],"about":[{"href":"https:\/\/turismoburgos.digital\/index.php\/wp-json\/wp\/v2\/types\/page"}],"author":[{"embeddable":true,"href":"https:\/\/turismoburgos.digital\/index.php\/wp-json\/wp\/v2\/users\/1"}],"replies":[{"embeddable":true,"href":"https:\/\/turismoburgos.digital\/index.php\/wp-json\/wp\/v2\/comments?post=300"}],"version-history":[{"count":2,"href":"https:\/\/turismoburgos.digital\/index.php\/wp-json\/wp\/v2\/pages\/300\/revisions"}],"predecessor-version":[{"id":1028,"href":"https:\/\/turismoburgos.digital\/index.php\/wp-json\/wp\/v2\/pages\/300\/revisions\/1028"}],"wp:attachment":[{"href":"https:\/\/turismoburgos.digital\/index.php\/wp-json\/wp\/v2\/media?parent=300"}],"curies":[{"name":"wp","href":"https:\/\/api.w.org\/{rel}","templated":true}]}}