{"id":30,"date":"2022-02-17T19:16:52","date_gmt":"2022-02-17T19:16:52","guid":{"rendered":"http:\/\/turismoburgos.digital\/?page_id=30"},"modified":"2022-03-12T07:22:37","modified_gmt":"2022-03-12T07:22:37","slug":"historia","status":"publish","type":"page","link":"https:\/\/turismoburgos.digital\/index.php\/historia\/","title":{"rendered":"Historia"},"content":{"rendered":"\n<hr class=\"wp-block-separator\"\/>\n\n\n\n<div class=\"wp-block-media-text alignwide is-stacked-on-mobile\"><figure class=\"wp-block-media-text__media\"><img loading=\"lazy\" width=\"1024\" height=\"646\" src=\"http:\/\/turismoburgos.digital\/wp-content\/uploads\/2022\/02\/historiaburgosciudad001010-1024x646.jpg\" alt=\"\" class=\"wp-image-160 size-full\" srcset=\"https:\/\/turismoburgos.digital\/wp-content\/uploads\/2022\/02\/historiaburgosciudad001010-1024x646.jpg 1024w, https:\/\/turismoburgos.digital\/wp-content\/uploads\/2022\/02\/historiaburgosciudad001010-300x189.jpg 300w, https:\/\/turismoburgos.digital\/wp-content\/uploads\/2022\/02\/historiaburgosciudad001010-768x484.jpg 768w, https:\/\/turismoburgos.digital\/wp-content\/uploads\/2022\/02\/historiaburgosciudad001010-389x245.jpg 389w, https:\/\/turismoburgos.digital\/wp-content\/uploads\/2022\/02\/historiaburgosciudad001010-414x261.jpg 414w, https:\/\/turismoburgos.digital\/wp-content\/uploads\/2022\/02\/historiaburgosciudad001010-800x505.jpg 800w, https:\/\/turismoburgos.digital\/wp-content\/uploads\/2022\/02\/historiaburgosciudad001010-512x323.jpg 512w, https:\/\/turismoburgos.digital\/wp-content\/uploads\/2022\/02\/historiaburgosciudad001010.jpg 1200w\" sizes=\"(max-width: 1024px) 100vw, 1024px\" \/><\/figure><div class=\"wp-block-media-text__content\">\n<p><img src=\"https:\/\/www.google.com\/images\/cleardot.gif\" alt=\"\"><strong>Existen muestras evidentes de un asentamiento humano en el cerro del castillo que domina la ciudad en el Neol\u00edtico (4.500 a\u00f1os a. de C.) y en la primera Edad del Hierro (850 a. de C.) aunque la ciudad de Burgos es fundada como tal por Diego Rodr\u00edguez conocido con el sobrenombre de &#8220;Porcelos&#8221;, en el a\u00f1o 884. Alfonso III Rey de Le\u00f3n intentando frenar el avance sarraceno, orden\u00f3 al Conde D. Diego que fundase un burgo murado a orillas del Arlanz\u00f3n.<\/strong><\/p>\n<\/div><\/div>\n\n\n\n<div class=\"wp-block-media-text alignwide is-stacked-on-mobile\"><figure class=\"wp-block-media-text__media\"><img loading=\"lazy\" width=\"600\" height=\"366\" src=\"http:\/\/turismoburgos.digital\/wp-content\/uploads\/2022\/02\/historiaburgosciudad001009.jpg\" alt=\"\" class=\"wp-image-161 size-full\" srcset=\"https:\/\/turismoburgos.digital\/wp-content\/uploads\/2022\/02\/historiaburgosciudad001009.jpg 600w, https:\/\/turismoburgos.digital\/wp-content\/uploads\/2022\/02\/historiaburgosciudad001009-300x183.jpg 300w, https:\/\/turismoburgos.digital\/wp-content\/uploads\/2022\/02\/historiaburgosciudad001009-389x237.jpg 389w, https:\/\/turismoburgos.digital\/wp-content\/uploads\/2022\/02\/historiaburgosciudad001009-414x253.jpg 414w, https:\/\/turismoburgos.digital\/wp-content\/uploads\/2022\/02\/historiaburgosciudad001009-512x312.jpg 512w\" sizes=\"(max-width: 600px) 100vw, 600px\" \/><\/figure><div class=\"wp-block-media-text__content\">\n<p><strong>Burgos permanece en la oscuridad durante el siglo X y gran parte del siglo XI, hasta 1071 en que Sancho II encierra en Burgos a su hermano Garc\u00eda y poco despu\u00e9s hace lo mismo con su hermano Alfonso. Nada queda anterior a estas fechas de la historia de la Ciudad. Es a partir de 1071, cuando de modo ininterrumpido se desarrolla la Ciudad, alcanzando su m\u00e1ximo esplendor en el siglo XVI.<\/strong><\/p>\n<\/div><\/div>\n\n\n\n<div class=\"wp-block-media-text alignwide is-stacked-on-mobile\"><figure class=\"wp-block-media-text__media\"><img loading=\"lazy\" width=\"599\" height=\"450\" src=\"http:\/\/turismoburgos.digital\/wp-content\/uploads\/2022\/02\/historiaburgosciudad001008.jpg\" alt=\"\" class=\"wp-image-162 size-full\" srcset=\"https:\/\/turismoburgos.digital\/wp-content\/uploads\/2022\/02\/historiaburgosciudad001008.jpg 599w, https:\/\/turismoburgos.digital\/wp-content\/uploads\/2022\/02\/historiaburgosciudad001008-300x225.jpg 300w, https:\/\/turismoburgos.digital\/wp-content\/uploads\/2022\/02\/historiaburgosciudad001008-389x292.jpg 389w, https:\/\/turismoburgos.digital\/wp-content\/uploads\/2022\/02\/historiaburgosciudad001008-414x311.jpg 414w, https:\/\/turismoburgos.digital\/wp-content\/uploads\/2022\/02\/historiaburgosciudad001008-512x385.jpg 512w\" sizes=\"(max-width: 599px) 100vw, 599px\" \/><\/figure><div class=\"wp-block-media-text__content\">\n<p><strong>El siglo XVI es para Burgos el siglo de plenitud. En los monumentos finales del siglo XV y comienzos del siglo XVI, la Ciudad que hab\u00eda nacido sobre un medio agr\u00edcola, vuelve las espaldas al campo y dedica a funciones polarizadas en torno al Comercio. Puede asegurarse que es durante el siglo XVI cuando Burgos explota al m\u00e1ximo las ventajas de su situaci\u00f3n y emplazamiento.<\/strong><\/p>\n<\/div><\/div>\n\n\n\n<figure class=\"wp-block-image size-large is-resized\"><img loading=\"lazy\" src=\"http:\/\/turismoburgos.digital\/wp-content\/uploads\/2022\/02\/historiaburgosciudad001007-1024x560.jpg\" alt=\"\" class=\"wp-image-163\" width=\"1239\" height=\"678\" srcset=\"https:\/\/turismoburgos.digital\/wp-content\/uploads\/2022\/02\/historiaburgosciudad001007-1024x560.jpg 1024w, https:\/\/turismoburgos.digital\/wp-content\/uploads\/2022\/02\/historiaburgosciudad001007-300x164.jpg 300w, https:\/\/turismoburgos.digital\/wp-content\/uploads\/2022\/02\/historiaburgosciudad001007-768x420.jpg 768w, https:\/\/turismoburgos.digital\/wp-content\/uploads\/2022\/02\/historiaburgosciudad001007-389x213.jpg 389w, https:\/\/turismoburgos.digital\/wp-content\/uploads\/2022\/02\/historiaburgosciudad001007-414x226.jpg 414w, https:\/\/turismoburgos.digital\/wp-content\/uploads\/2022\/02\/historiaburgosciudad001007-800x437.jpg 800w, https:\/\/turismoburgos.digital\/wp-content\/uploads\/2022\/02\/historiaburgosciudad001007-512x280.jpg 512w, https:\/\/turismoburgos.digital\/wp-content\/uploads\/2022\/02\/historiaburgosciudad001007.jpg 1200w\" sizes=\"(max-width: 1239px) 100vw, 1239px\" \/><\/figure>\n\n\n\n<p><strong>El siglo XIX trae dos acontecimientos: Uno pol\u00edtico y otro institucional de vital importancia: La Guerra Napole\u00f3nica y las Cortes de C\u00e1diz. Burgos resiste desde su entrada en Espa\u00f1a y en la Ciudad, a los Franceses y soporta durante cuatro a\u00f1os la presencia en su recinto de tropas extranjeras.<\/strong><\/p>\n\n\n\n<figure class=\"wp-block-image size-large is-resized\"><img loading=\"lazy\" src=\"http:\/\/turismoburgos.digital\/wp-content\/uploads\/2022\/02\/historiaburgosciudad001006-1024x534.jpg\" alt=\"\" class=\"wp-image-164\" width=\"1241\" height=\"647\" srcset=\"https:\/\/turismoburgos.digital\/wp-content\/uploads\/2022\/02\/historiaburgosciudad001006-1024x534.jpg 1024w, https:\/\/turismoburgos.digital\/wp-content\/uploads\/2022\/02\/historiaburgosciudad001006-300x157.jpg 300w, https:\/\/turismoburgos.digital\/wp-content\/uploads\/2022\/02\/historiaburgosciudad001006-768x401.jpg 768w, https:\/\/turismoburgos.digital\/wp-content\/uploads\/2022\/02\/historiaburgosciudad001006-389x203.jpg 389w, https:\/\/turismoburgos.digital\/wp-content\/uploads\/2022\/02\/historiaburgosciudad001006-414x216.jpg 414w, https:\/\/turismoburgos.digital\/wp-content\/uploads\/2022\/02\/historiaburgosciudad001006-800x417.jpg 800w, https:\/\/turismoburgos.digital\/wp-content\/uploads\/2022\/02\/historiaburgosciudad001006-512x267.jpg 512w, https:\/\/turismoburgos.digital\/wp-content\/uploads\/2022\/02\/historiaburgosciudad001006.jpg 1200w\" sizes=\"(max-width: 1241px) 100vw, 1241px\" \/><\/figure>\n\n\n\n<p><strong>El siglo XX<\/strong>.<br><strong>Las nuevas funciones burocr\u00e1ticas: Capitan\u00eda General y Diputaci\u00f3n Provincial (construida en 1846), tienden a instalarse en el Este. Solamente la Audiencia se alza en el antiguo Covento de la Victoria, en el sector Oeste, por los a\u00f1os 1872.<br>Aumenta la poblaci\u00f3n, y al terminar el siglo casi se ha triplicado.<\/strong><\/p>\n\n\n\n<figure class=\"wp-block-image size-large is-resized\"><img loading=\"lazy\" src=\"http:\/\/turismoburgos.digital\/wp-content\/uploads\/2022\/02\/historiaburgosciudad001005-1024x578.jpg\" alt=\"\" class=\"wp-image-165\" width=\"1240\" height=\"700\" srcset=\"https:\/\/turismoburgos.digital\/wp-content\/uploads\/2022\/02\/historiaburgosciudad001005-1024x578.jpg 1024w, https:\/\/turismoburgos.digital\/wp-content\/uploads\/2022\/02\/historiaburgosciudad001005-300x169.jpg 300w, https:\/\/turismoburgos.digital\/wp-content\/uploads\/2022\/02\/historiaburgosciudad001005-768x433.jpg 768w, https:\/\/turismoburgos.digital\/wp-content\/uploads\/2022\/02\/historiaburgosciudad001005-389x219.jpg 389w, https:\/\/turismoburgos.digital\/wp-content\/uploads\/2022\/02\/historiaburgosciudad001005-414x234.jpg 414w, https:\/\/turismoburgos.digital\/wp-content\/uploads\/2022\/02\/historiaburgosciudad001005-800x451.jpg 800w, https:\/\/turismoburgos.digital\/wp-content\/uploads\/2022\/02\/historiaburgosciudad001005-512x289.jpg 512w, https:\/\/turismoburgos.digital\/wp-content\/uploads\/2022\/02\/historiaburgosciudad001005.jpg 1200w\" sizes=\"(max-width: 1240px) 100vw, 1240px\" \/><\/figure>\n\n\n\n<p><strong>El siglo XXI.<\/strong><\/p>\n\n\n\n<p><strong>En este siglo la ciudad y las administraciones apuestan, a trav\u00e9s del plan estrat\u00e9gico de Burgos (2001-2015) por una serie de proyectos y de l\u00edneas de actuaci\u00f3n decisivas para el futuro de la ciudad en el \u00e1mbito urban\u00edstico, econ\u00f3mico, cultural y de bienestar social de los ciudadanos.<\/strong><\/p>\n\n\n\n<hr class=\"wp-block-separator\"\/>\n\n\n\n<hr class=\"wp-block-separator\"\/>\n\n\n\n<p><\/p>\n","protected":false},"excerpt":{"rendered":"<p>Existen muestras evidentes de un asentamiento humano en el cerro del castillo que domina la ciudad en el Neol\u00edtico (4.500 a\u00f1os a. de C.) y &hellip;<\/p>\n","protected":false},"author":1,"featured_media":1319,"parent":0,"menu_order":0,"comment_status":"closed","ping_status":"closed","template":"","meta":{"_monsterinsights_skip_tracking":false,"_monsterinsights_sitenote_active":false,"_monsterinsights_sitenote_note":"","_monsterinsights_sitenote_category":0},"_links":{"self":[{"href":"https:\/\/turismoburgos.digital\/index.php\/wp-json\/wp\/v2\/pages\/30"}],"collection":[{"href":"https:\/\/turismoburgos.digital\/index.php\/wp-json\/wp\/v2\/pages"}],"about":[{"href":"https:\/\/turismoburgos.digital\/index.php\/wp-json\/wp\/v2\/types\/page"}],"author":[{"embeddable":true,"href":"https:\/\/turismoburgos.digital\/index.php\/wp-json\/wp\/v2\/users\/1"}],"replies":[{"embeddable":true,"href":"https:\/\/turismoburgos.digital\/index.php\/wp-json\/wp\/v2\/comments?post=30"}],"version-history":[{"count":3,"href":"https:\/\/turismoburgos.digital\/index.php\/wp-json\/wp\/v2\/pages\/30\/revisions"}],"predecessor-version":[{"id":167,"href":"https:\/\/turismoburgos.digital\/index.php\/wp-json\/wp\/v2\/pages\/30\/revisions\/167"}],"wp:featuredmedia":[{"embeddable":true,"href":"https:\/\/turismoburgos.digital\/index.php\/wp-json\/wp\/v2\/media\/1319"}],"wp:attachment":[{"href":"https:\/\/turismoburgos.digital\/index.php\/wp-json\/wp\/v2\/media?parent=30"}],"curies":[{"name":"wp","href":"https:\/\/api.w.org\/{rel}","templated":true}]}}