{"id":298,"date":"2022-02-20T22:10:12","date_gmt":"2022-02-20T22:10:12","guid":{"rendered":"http:\/\/turismoburgos.digital\/?page_id=298"},"modified":"2022-03-12T08:42:39","modified_gmt":"2022-03-12T08:42:39","slug":"museo-de-burgos","status":"publish","type":"page","link":"https:\/\/turismoburgos.digital\/index.php\/museo-de-burgos\/","title":{"rendered":"Museo de Burgos"},"content":{"rendered":"\n<hr class=\"wp-block-separator\"\/>\n\n\n\n<figure class=\"wp-block-image size-large is-resized\"><img loading=\"lazy\" src=\"http:\/\/turismoburgos.digital\/wp-content\/uploads\/2022\/02\/Burgos_-_Museo_de_Burgos_Casa_de_Miranda_1-768x1024.jpg\" alt=\"\" class=\"wp-image-979\" width=\"1239\" height=\"1654\" srcset=\"https:\/\/turismoburgos.digital\/wp-content\/uploads\/2022\/02\/Burgos_-_Museo_de_Burgos_Casa_de_Miranda_1-768x1024.jpg 768w, https:\/\/turismoburgos.digital\/wp-content\/uploads\/2022\/02\/Burgos_-_Museo_de_Burgos_Casa_de_Miranda_1-225x300.jpg 225w, https:\/\/turismoburgos.digital\/wp-content\/uploads\/2022\/02\/Burgos_-_Museo_de_Burgos_Casa_de_Miranda_1-389x519.jpg 389w, https:\/\/turismoburgos.digital\/wp-content\/uploads\/2022\/02\/Burgos_-_Museo_de_Burgos_Casa_de_Miranda_1-414x552.jpg 414w, https:\/\/turismoburgos.digital\/wp-content\/uploads\/2022\/02\/Burgos_-_Museo_de_Burgos_Casa_de_Miranda_1-800x1067.jpg 800w, https:\/\/turismoburgos.digital\/wp-content\/uploads\/2022\/02\/Burgos_-_Museo_de_Burgos_Casa_de_Miranda_1-512x683.jpg 512w\" sizes=\"(max-width: 1239px) 100vw, 1239px\" \/><figcaption>Museo de Burgos<\/figcaption><\/figure>\n\n\n\n<hr class=\"wp-block-separator\"\/>\n\n\n\n<p><strong>El Museo de Burgos aproxima al visitante la evoluci\u00f3n hist\u00f3rica de Burgos. Consta de distintas secciones, como la Prehistoria y la arqueolog\u00eda, situada en la Casa Miranda, un palacio renacentista. Aqu\u00ed se exhiben objetos paleol\u00edticos procedentes de Atapuerca y Ojo Guare\u00f1a as\u00ed como de las necr\u00f3polis de Miraveche, Ubierna y Villanueva de Teba y los romanos de la ciudad de Clunia.<\/strong><br><strong>&nbsp;&nbsp;&nbsp;&nbsp;&nbsp;El edificio contiguo de la Casa Angulo cobija el apartado de Bellas Artes, con una importante colecci\u00f3n que abarca desde la \u00e9poca moz\u00e1rabe hasta la actual, con piezas como el frontal rom\u00e1nico del Monasterio de Santo Domingo de Silos y el sepulcro de Juan de Padilla, obra de Gil de Silo\u00e9, as\u00ed como pinturas de los siglos XV y XVI y obras del per\u00edodo barroco.<\/strong><\/p>\n\n\n\n<hr class=\"wp-block-separator\"\/>\n\n\n\n<figure class=\"wp-block-embed is-type-video is-provider-youtube wp-block-embed-youtube wp-embed-aspect-16-9 wp-has-aspect-ratio\"><div class=\"wp-block-embed__wrapper\">\n<iframe loading=\"lazy\" title=\"Museo de Burgos.\" width=\"1032\" height=\"581\" src=\"https:\/\/www.youtube.com\/embed\/62wyT3j2Pd4?feature=oembed\" frameborder=\"0\" allow=\"accelerometer; autoplay; clipboard-write; encrypted-media; gyroscope; picture-in-picture\" allowfullscreen><\/iframe>\n<\/div><\/figure>\n\n\n\n<hr class=\"wp-block-separator\"\/>\n\n\n\n<figure class=\"wp-block-image size-large is-resized\"><img loading=\"lazy\" src=\"http:\/\/turismoburgos.digital\/wp-content\/uploads\/2022\/02\/36436_SC_1-1024x370.jpg\" alt=\"\" class=\"wp-image-981\" width=\"1240\" height=\"448\" srcset=\"https:\/\/turismoburgos.digital\/wp-content\/uploads\/2022\/02\/36436_SC_1-1024x370.jpg 1024w, https:\/\/turismoburgos.digital\/wp-content\/uploads\/2022\/02\/36436_SC_1-300x108.jpg 300w, https:\/\/turismoburgos.digital\/wp-content\/uploads\/2022\/02\/36436_SC_1-768x277.jpg 768w, https:\/\/turismoburgos.digital\/wp-content\/uploads\/2022\/02\/36436_SC_1-389x140.jpg 389w, https:\/\/turismoburgos.digital\/wp-content\/uploads\/2022\/02\/36436_SC_1-414x150.jpg 414w, https:\/\/turismoburgos.digital\/wp-content\/uploads\/2022\/02\/36436_SC_1-800x289.jpg 800w, https:\/\/turismoburgos.digital\/wp-content\/uploads\/2022\/02\/36436_SC_1-512x185.jpg 512w, https:\/\/turismoburgos.digital\/wp-content\/uploads\/2022\/02\/36436_SC_1.jpg 1440w\" sizes=\"(max-width: 1240px) 100vw, 1240px\" \/><\/figure>\n\n\n\n<figure class=\"wp-block-image size-large is-resized\"><img loading=\"lazy\" src=\"http:\/\/turismoburgos.digital\/wp-content\/uploads\/2022\/02\/36436_SC_3-1024x370.jpg\" alt=\"\" class=\"wp-image-982\" width=\"1240\" height=\"448\" srcset=\"https:\/\/turismoburgos.digital\/wp-content\/uploads\/2022\/02\/36436_SC_3-1024x370.jpg 1024w, https:\/\/turismoburgos.digital\/wp-content\/uploads\/2022\/02\/36436_SC_3-300x108.jpg 300w, https:\/\/turismoburgos.digital\/wp-content\/uploads\/2022\/02\/36436_SC_3-768x277.jpg 768w, https:\/\/turismoburgos.digital\/wp-content\/uploads\/2022\/02\/36436_SC_3-389x140.jpg 389w, https:\/\/turismoburgos.digital\/wp-content\/uploads\/2022\/02\/36436_SC_3-414x150.jpg 414w, https:\/\/turismoburgos.digital\/wp-content\/uploads\/2022\/02\/36436_SC_3-800x289.jpg 800w, https:\/\/turismoburgos.digital\/wp-content\/uploads\/2022\/02\/36436_SC_3-512x185.jpg 512w, https:\/\/turismoburgos.digital\/wp-content\/uploads\/2022\/02\/36436_SC_3.jpg 1440w\" sizes=\"(max-width: 1240px) 100vw, 1240px\" \/><\/figure>\n\n\n\n<figure class=\"wp-block-image size-large is-resized\"><img loading=\"lazy\" src=\"http:\/\/turismoburgos.digital\/wp-content\/uploads\/2022\/02\/36436_SD_0-1024x370.jpg\" alt=\"\" class=\"wp-image-983\" width=\"1240\" height=\"449\" srcset=\"https:\/\/turismoburgos.digital\/wp-content\/uploads\/2022\/02\/36436_SD_0-1024x370.jpg 1024w, https:\/\/turismoburgos.digital\/wp-content\/uploads\/2022\/02\/36436_SD_0-300x108.jpg 300w, https:\/\/turismoburgos.digital\/wp-content\/uploads\/2022\/02\/36436_SD_0-768x277.jpg 768w, https:\/\/turismoburgos.digital\/wp-content\/uploads\/2022\/02\/36436_SD_0-389x140.jpg 389w, https:\/\/turismoburgos.digital\/wp-content\/uploads\/2022\/02\/36436_SD_0-414x150.jpg 414w, https:\/\/turismoburgos.digital\/wp-content\/uploads\/2022\/02\/36436_SD_0-800x289.jpg 800w, https:\/\/turismoburgos.digital\/wp-content\/uploads\/2022\/02\/36436_SD_0-512x185.jpg 512w, https:\/\/turismoburgos.digital\/wp-content\/uploads\/2022\/02\/36436_SD_0.jpg 1440w\" sizes=\"(max-width: 1240px) 100vw, 1240px\" \/><\/figure>\n\n\n\n<figure class=\"wp-block-image size-full is-resized\"><img loading=\"lazy\" src=\"http:\/\/turismoburgos.digital\/wp-content\/uploads\/2022\/02\/r_museo_burgos_t0900660.jpg_369272544.jpg\" alt=\"\" class=\"wp-image-984\" width=\"1239\" height=\"503\" srcset=\"https:\/\/turismoburgos.digital\/wp-content\/uploads\/2022\/02\/r_museo_burgos_t0900660.jpg_369272544.jpg 550w, https:\/\/turismoburgos.digital\/wp-content\/uploads\/2022\/02\/r_museo_burgos_t0900660.jpg_369272544-300x122.jpg 300w, https:\/\/turismoburgos.digital\/wp-content\/uploads\/2022\/02\/r_museo_burgos_t0900660.jpg_369272544-389x158.jpg 389w, https:\/\/turismoburgos.digital\/wp-content\/uploads\/2022\/02\/r_museo_burgos_t0900660.jpg_369272544-414x169.jpg 414w, https:\/\/turismoburgos.digital\/wp-content\/uploads\/2022\/02\/r_museo_burgos_t0900660.jpg_369272544-512x209.jpg 512w\" sizes=\"(max-width: 1239px) 100vw, 1239px\" \/><\/figure>\n\n\n\n<hr class=\"wp-block-separator\"\/>\n\n\n\n<p><strong>Calle Miranda, 13<\/strong><br><strong>09002 Burgos<\/strong><\/p>\n\n\n\n<p><strong>947 26 58 75<\/strong><\/p>\n\n\n\n<p><a href=\"http:\/\/www.museodeburgos.com\/\" target=\"_blank\" rel=\"noreferrer noopener\">http:\/\/www.museodeburgos.com\/<\/a><\/p>\n\n\n\n<hr class=\"wp-block-separator\"\/>\n\n\n\n<div class=\"wp-container-1 wp-block-buttons\">\n<div class=\"wp-block-button\"><a class=\"wp-block-button__link\" href=\"https:\/\/www.google.com\/maps\/dir\/\/C.+Miranda,+13+09002+Burgos\/@42.3384361,-3.7000503,17z\/data=!4m5!4m4!1m0!1m2!1m1!1s0xd45fcd431572f0d:0x4764367ac2c02356\" target=\"_blank\" rel=\"noreferrer noopener\">C\u00f3mo llegar<\/a><\/div>\n<\/div>\n\n\n\n<hr class=\"wp-block-separator\"\/>\n\n\n\n<hr class=\"wp-block-separator\"\/>\n","protected":false},"excerpt":{"rendered":"<p>El Museo de Burgos aproxima al visitante la evoluci\u00f3n hist\u00f3rica de Burgos. Consta de distintas secciones, como la Prehistoria y la arqueolog\u00eda, situada en la &hellip;<\/p>\n","protected":false},"author":1,"featured_media":1407,"parent":0,"menu_order":0,"comment_status":"closed","ping_status":"closed","template":"","meta":{"_monsterinsights_skip_tracking":false,"_monsterinsights_sitenote_active":false,"_monsterinsights_sitenote_note":"","_monsterinsights_sitenote_category":0},"_links":{"self":[{"href":"https:\/\/turismoburgos.digital\/index.php\/wp-json\/wp\/v2\/pages\/298"}],"collection":[{"href":"https:\/\/turismoburgos.digital\/index.php\/wp-json\/wp\/v2\/pages"}],"about":[{"href":"https:\/\/turismoburgos.digital\/index.php\/wp-json\/wp\/v2\/types\/page"}],"author":[{"embeddable":true,"href":"https:\/\/turismoburgos.digital\/index.php\/wp-json\/wp\/v2\/users\/1"}],"replies":[{"embeddable":true,"href":"https:\/\/turismoburgos.digital\/index.php\/wp-json\/wp\/v2\/comments?post=298"}],"version-history":[{"count":3,"href":"https:\/\/turismoburgos.digital\/index.php\/wp-json\/wp\/v2\/pages\/298\/revisions"}],"predecessor-version":[{"id":1408,"href":"https:\/\/turismoburgos.digital\/index.php\/wp-json\/wp\/v2\/pages\/298\/revisions\/1408"}],"wp:featuredmedia":[{"embeddable":true,"href":"https:\/\/turismoburgos.digital\/index.php\/wp-json\/wp\/v2\/media\/1407"}],"wp:attachment":[{"href":"https:\/\/turismoburgos.digital\/index.php\/wp-json\/wp\/v2\/media?parent=298"}],"curies":[{"name":"wp","href":"https:\/\/api.w.org\/{rel}","templated":true}]}}