{"id":243,"date":"2022-02-20T22:03:59","date_gmt":"2022-02-20T22:03:59","guid":{"rendered":"http:\/\/turismoburgos.digital\/?page_id=243"},"modified":"2022-03-12T08:36:46","modified_gmt":"2022-03-12T08:36:46","slug":"iglesia-de-san-pedro-y-san-felices","status":"publish","type":"page","link":"https:\/\/turismoburgos.digital\/index.php\/iglesia-de-san-pedro-y-san-felices\/","title":{"rendered":"Iglesia de San Pedro y San Felices"},"content":{"rendered":"\n<hr class=\"wp-block-separator\"\/>\n\n\n\n<figure class=\"wp-block-image size-full is-resized\"><img loading=\"lazy\" src=\"http:\/\/turismoburgos.digital\/wp-content\/uploads\/2022\/02\/parroquia-burgos-san-pedro-y-san-felices-2.jpg\" alt=\"\" class=\"wp-image-947\" width=\"1242\" height=\"834\" srcset=\"https:\/\/turismoburgos.digital\/wp-content\/uploads\/2022\/02\/parroquia-burgos-san-pedro-y-san-felices-2.jpg 900w, https:\/\/turismoburgos.digital\/wp-content\/uploads\/2022\/02\/parroquia-burgos-san-pedro-y-san-felices-2-300x201.jpg 300w, https:\/\/turismoburgos.digital\/wp-content\/uploads\/2022\/02\/parroquia-burgos-san-pedro-y-san-felices-2-768x515.jpg 768w, https:\/\/turismoburgos.digital\/wp-content\/uploads\/2022\/02\/parroquia-burgos-san-pedro-y-san-felices-2-389x261.jpg 389w, https:\/\/turismoburgos.digital\/wp-content\/uploads\/2022\/02\/parroquia-burgos-san-pedro-y-san-felices-2-414x278.jpg 414w, https:\/\/turismoburgos.digital\/wp-content\/uploads\/2022\/02\/parroquia-burgos-san-pedro-y-san-felices-2-800x537.jpg 800w, https:\/\/turismoburgos.digital\/wp-content\/uploads\/2022\/02\/parroquia-burgos-san-pedro-y-san-felices-2-512x344.jpg 512w\" sizes=\"(max-width: 1242px) 100vw, 1242px\" \/><figcaption>Iglesia de San Pedro y San Felices<\/figcaption><\/figure>\n\n\n\n<hr class=\"wp-block-separator\"\/>\n\n\n\n<p><strong>&nbsp;&nbsp;&nbsp;&nbsp;&nbsp;La colina en la que se encuentra esta iglesia se llamaba ya en 1420 de los Ahorcados.<\/strong><br><strong>&nbsp;&nbsp;&nbsp;&nbsp;&nbsp;La ocupaci\u00f3n napole\u00f3nica extrem\u00f3 este concepto instalando tres horcas en las que siempre danzaban cuerpos de guerrilleros. En represalia, en las encinas, pr\u00f3ximas entonces, los patriotas colgaban a los invasores.<\/strong><\/p>\n\n\n\n<hr class=\"wp-block-separator\"\/>\n\n\n\n<figure class=\"wp-block-gallery has-nested-images columns-default is-cropped\">\n<figure class=\"wp-block-image size-large\"><img loading=\"lazy\" width=\"540\" height=\"540\" data-id=\"952\"  src=\"http:\/\/turismoburgos.digital\/wp-content\/uploads\/2022\/02\/11204875_565491056939640_8199710365527712623_n.jpg\" alt=\"\" class=\"wp-image-952\" srcset=\"https:\/\/turismoburgos.digital\/wp-content\/uploads\/2022\/02\/11204875_565491056939640_8199710365527712623_n.jpg 540w, https:\/\/turismoburgos.digital\/wp-content\/uploads\/2022\/02\/11204875_565491056939640_8199710365527712623_n-300x300.jpg 300w, https:\/\/turismoburgos.digital\/wp-content\/uploads\/2022\/02\/11204875_565491056939640_8199710365527712623_n-150x150.jpg 150w, https:\/\/turismoburgos.digital\/wp-content\/uploads\/2022\/02\/11204875_565491056939640_8199710365527712623_n-389x389.jpg 389w, https:\/\/turismoburgos.digital\/wp-content\/uploads\/2022\/02\/11204875_565491056939640_8199710365527712623_n-414x414.jpg 414w, https:\/\/turismoburgos.digital\/wp-content\/uploads\/2022\/02\/11204875_565491056939640_8199710365527712623_n-512x512.jpg 512w\" sizes=\"(max-width: 540px) 100vw, 540px\" \/><\/figure>\n\n\n\n<figure class=\"wp-block-image size-large\"><img loading=\"lazy\" width=\"756\" height=\"756\" data-id=\"951\"  src=\"http:\/\/turismoburgos.digital\/wp-content\/uploads\/2022\/02\/16265553_741078769380867_5401462118180343807_n.jpg\" alt=\"\" class=\"wp-image-951\" srcset=\"https:\/\/turismoburgos.digital\/wp-content\/uploads\/2022\/02\/16265553_741078769380867_5401462118180343807_n.jpg 756w, https:\/\/turismoburgos.digital\/wp-content\/uploads\/2022\/02\/16265553_741078769380867_5401462118180343807_n-300x300.jpg 300w, https:\/\/turismoburgos.digital\/wp-content\/uploads\/2022\/02\/16265553_741078769380867_5401462118180343807_n-150x150.jpg 150w, https:\/\/turismoburgos.digital\/wp-content\/uploads\/2022\/02\/16265553_741078769380867_5401462118180343807_n-389x389.jpg 389w, https:\/\/turismoburgos.digital\/wp-content\/uploads\/2022\/02\/16265553_741078769380867_5401462118180343807_n-414x414.jpg 414w, https:\/\/turismoburgos.digital\/wp-content\/uploads\/2022\/02\/16265553_741078769380867_5401462118180343807_n-512x512.jpg 512w\" sizes=\"(max-width: 756px) 100vw, 756px\" \/><\/figure>\n\n\n\n<figure class=\"wp-block-image size-large\"><img loading=\"lazy\" width=\"540\" height=\"960\" data-id=\"950\"  src=\"http:\/\/turismoburgos.digital\/wp-content\/uploads\/2022\/02\/22405459_881488982006511_3927886206251952718_n.jpg\" alt=\"\" class=\"wp-image-950\" srcset=\"https:\/\/turismoburgos.digital\/wp-content\/uploads\/2022\/02\/22405459_881488982006511_3927886206251952718_n.jpg 540w, https:\/\/turismoburgos.digital\/wp-content\/uploads\/2022\/02\/22405459_881488982006511_3927886206251952718_n-169x300.jpg 169w, https:\/\/turismoburgos.digital\/wp-content\/uploads\/2022\/02\/22405459_881488982006511_3927886206251952718_n-389x692.jpg 389w, https:\/\/turismoburgos.digital\/wp-content\/uploads\/2022\/02\/22405459_881488982006511_3927886206251952718_n-414x736.jpg 414w, https:\/\/turismoburgos.digital\/wp-content\/uploads\/2022\/02\/22405459_881488982006511_3927886206251952718_n-512x910.jpg 512w\" sizes=\"(max-width: 540px) 100vw, 540px\" \/><\/figure>\n\n\n\n<figure class=\"wp-block-image size-large\"><img loading=\"lazy\" width=\"275\" height=\"183\" data-id=\"949\"  src=\"http:\/\/turismoburgos.digital\/wp-content\/uploads\/2022\/02\/descarga-9.jpg\" alt=\"\" class=\"wp-image-949\"\/><\/figure>\n<\/figure>\n\n\n\n<hr class=\"wp-block-separator\"\/>\n\n\n\n<p><strong>Calle Sta. Ana, 8<\/strong><br><strong>09001 Burgos<\/strong><\/p>\n\n\n\n<p><strong>947 20 38 67<\/strong><\/p>\n\n\n\n<p><a href=\"https:\/\/es.wikipedia.org\/wiki\/Iglesia_de_San_Pedro_y_San_Felices_(Burgos)\" target=\"_blank\" rel=\"noreferrer noopener\">https:\/\/es.wikipedia.org\/wiki\/Iglesia_de_San_Pedro_y_San_Felices_(Burgos)<\/a><\/p>\n\n\n\n<hr class=\"wp-block-separator\"\/>\n\n\n\n<div class=\"wp-container-1 wp-block-buttons\">\n<div class=\"wp-block-button\"><a class=\"wp-block-button__link\" href=\"https:\/\/www.google.com\/maps\/place\/Iglesia+de+San+Pedro+y+San+Felices\/@42.3320256,-3.7042149,15z\/data=!4m2!3m1!1s0x0:0x1126acb9f7774f3?sa=X&amp;hl=es&amp;ved=2ahUKEwiHuJOKmpP2AhUiRuUKHeX8CLEQ_BJ6BAgoEAU\" target=\"_blank\" rel=\"noreferrer noopener\">C\u00f3mo llegar<\/a><\/div>\n<\/div>\n\n\n\n<hr class=\"wp-block-separator\"\/>\n\n\n\n<hr class=\"wp-block-separator\"\/>\n","protected":false},"excerpt":{"rendered":"<p>&nbsp;&nbsp;&nbsp;&nbsp;&nbsp;La colina en la que se encuentra esta iglesia se llamaba ya en 1420 de los Ahorcados.&nbsp;&nbsp;&nbsp;&nbsp;&nbsp;La ocupaci\u00f3n napole\u00f3nica extrem\u00f3 este concepto instalando tres horcas &hellip;<\/p>\n","protected":false},"author":1,"featured_media":1401,"parent":0,"menu_order":0,"comment_status":"closed","ping_status":"closed","template":"","meta":{"_monsterinsights_skip_tracking":false,"_monsterinsights_sitenote_active":false,"_monsterinsights_sitenote_note":"","_monsterinsights_sitenote_category":0},"_links":{"self":[{"href":"https:\/\/turismoburgos.digital\/index.php\/wp-json\/wp\/v2\/pages\/243"}],"collection":[{"href":"https:\/\/turismoburgos.digital\/index.php\/wp-json\/wp\/v2\/pages"}],"about":[{"href":"https:\/\/turismoburgos.digital\/index.php\/wp-json\/wp\/v2\/types\/page"}],"author":[{"embeddable":true,"href":"https:\/\/turismoburgos.digital\/index.php\/wp-json\/wp\/v2\/users\/1"}],"replies":[{"embeddable":true,"href":"https:\/\/turismoburgos.digital\/index.php\/wp-json\/wp\/v2\/comments?post=243"}],"version-history":[{"count":3,"href":"https:\/\/turismoburgos.digital\/index.php\/wp-json\/wp\/v2\/pages\/243\/revisions"}],"predecessor-version":[{"id":1402,"href":"https:\/\/turismoburgos.digital\/index.php\/wp-json\/wp\/v2\/pages\/243\/revisions\/1402"}],"wp:featuredmedia":[{"embeddable":true,"href":"https:\/\/turismoburgos.digital\/index.php\/wp-json\/wp\/v2\/media\/1401"}],"wp:attachment":[{"href":"https:\/\/turismoburgos.digital\/index.php\/wp-json\/wp\/v2\/media?parent=243"}],"curies":[{"name":"wp","href":"https:\/\/api.w.org\/{rel}","templated":true}]}}