{"id":240,"date":"2022-02-20T22:03:59","date_gmt":"2022-02-20T22:03:59","guid":{"rendered":"http:\/\/turismoburgos.digital\/?page_id=240"},"modified":"2022-03-12T08:27:18","modified_gmt":"2022-03-12T08:27:18","slug":"iglesia-de-san-jose-y-santa-ana","status":"publish","type":"page","link":"https:\/\/turismoburgos.digital\/index.php\/iglesia-de-san-jose-y-santa-ana\/","title":{"rendered":"Iglesia de San Jos\u00e9 y Santa Ana"},"content":{"rendered":"\n<hr class=\"wp-block-separator\"\/>\n\n\n\n<figure class=\"wp-block-image size-large is-resized\"><img loading=\"lazy\" src=\"http:\/\/turismoburgos.digital\/wp-content\/uploads\/2022\/02\/p18dpc09c9pj5r8q71us801fnt6-1-1024x768.jpg\" alt=\"\" class=\"wp-image-915\" width=\"1242\" height=\"932\" srcset=\"https:\/\/turismoburgos.digital\/wp-content\/uploads\/2022\/02\/p18dpc09c9pj5r8q71us801fnt6-1-1024x768.jpg 1024w, https:\/\/turismoburgos.digital\/wp-content\/uploads\/2022\/02\/p18dpc09c9pj5r8q71us801fnt6-1-300x225.jpg 300w, https:\/\/turismoburgos.digital\/wp-content\/uploads\/2022\/02\/p18dpc09c9pj5r8q71us801fnt6-1-768x576.jpg 768w, https:\/\/turismoburgos.digital\/wp-content\/uploads\/2022\/02\/p18dpc09c9pj5r8q71us801fnt6-1-389x292.jpg 389w, https:\/\/turismoburgos.digital\/wp-content\/uploads\/2022\/02\/p18dpc09c9pj5r8q71us801fnt6-1-414x311.jpg 414w, https:\/\/turismoburgos.digital\/wp-content\/uploads\/2022\/02\/p18dpc09c9pj5r8q71us801fnt6-1-800x600.jpg 800w, https:\/\/turismoburgos.digital\/wp-content\/uploads\/2022\/02\/p18dpc09c9pj5r8q71us801fnt6-1-512x384.jpg 512w, https:\/\/turismoburgos.digital\/wp-content\/uploads\/2022\/02\/p18dpc09c9pj5r8q71us801fnt6-1.jpg 1200w\" sizes=\"(max-width: 1242px) 100vw, 1242px\" \/><figcaption>Iglesia de San Jos\u00e9 y Santa Ana<\/figcaption><\/figure>\n\n\n\n<hr class=\"wp-block-separator\"\/>\n\n\n\n<p><strong>\u00daltimo de los conventos fundados por la Santa de \u00c1vila a instancias de do\u00f1a Catalina de Tolosa, en 1581.<\/strong><br><strong>&nbsp;&nbsp;&nbsp;&nbsp;&nbsp;En un solar extramuros, al lado del r\u00edo, adquirido a la familia Mansinos se construy\u00f3 este convento de estilo tardog\u00f3ticog\u00f3tico y en cuyo interior podemos apreciar un altar neog\u00f3tico y varias esculturas de Santa Teresa.<\/strong><\/p>\n\n\n\n<hr class=\"wp-block-separator\"\/>\n\n\n\n<figure class=\"wp-block-gallery has-nested-images columns-default is-cropped\">\n<figure class=\"wp-block-image size-large\"><img loading=\"lazy\" width=\"683\" height=\"1024\" data-id=\"918\"  src=\"http:\/\/turismoburgos.digital\/wp-content\/uploads\/2022\/02\/Burgos_-_Convento_de_San_Jose_y_Santa_Ana_2-683x1024.jpg\" alt=\"\" class=\"wp-image-918\" srcset=\"https:\/\/turismoburgos.digital\/wp-content\/uploads\/2022\/02\/Burgos_-_Convento_de_San_Jose_y_Santa_Ana_2-683x1024.jpg 683w, https:\/\/turismoburgos.digital\/wp-content\/uploads\/2022\/02\/Burgos_-_Convento_de_San_Jose_y_Santa_Ana_2-200x300.jpg 200w, https:\/\/turismoburgos.digital\/wp-content\/uploads\/2022\/02\/Burgos_-_Convento_de_San_Jose_y_Santa_Ana_2-768x1152.jpg 768w, https:\/\/turismoburgos.digital\/wp-content\/uploads\/2022\/02\/Burgos_-_Convento_de_San_Jose_y_Santa_Ana_2-389x584.jpg 389w, https:\/\/turismoburgos.digital\/wp-content\/uploads\/2022\/02\/Burgos_-_Convento_de_San_Jose_y_Santa_Ana_2-414x621.jpg 414w, https:\/\/turismoburgos.digital\/wp-content\/uploads\/2022\/02\/Burgos_-_Convento_de_San_Jose_y_Santa_Ana_2-512x768.jpg 512w, https:\/\/turismoburgos.digital\/wp-content\/uploads\/2022\/02\/Burgos_-_Convento_de_San_Jose_y_Santa_Ana_2.jpg 800w\" sizes=\"(max-width: 683px) 100vw, 683px\" \/><\/figure>\n\n\n\n<figure class=\"wp-block-image size-large\"><img loading=\"lazy\" width=\"683\" height=\"1024\" data-id=\"917\"  src=\"http:\/\/turismoburgos.digital\/wp-content\/uploads\/2022\/02\/Burgos_-_Convento_de_San_Jose_y_Santa_Ana_3-683x1024.jpg\" alt=\"\" class=\"wp-image-917\" srcset=\"https:\/\/turismoburgos.digital\/wp-content\/uploads\/2022\/02\/Burgos_-_Convento_de_San_Jose_y_Santa_Ana_3-683x1024.jpg 683w, https:\/\/turismoburgos.digital\/wp-content\/uploads\/2022\/02\/Burgos_-_Convento_de_San_Jose_y_Santa_Ana_3-200x300.jpg 200w, https:\/\/turismoburgos.digital\/wp-content\/uploads\/2022\/02\/Burgos_-_Convento_de_San_Jose_y_Santa_Ana_3-768x1152.jpg 768w, https:\/\/turismoburgos.digital\/wp-content\/uploads\/2022\/02\/Burgos_-_Convento_de_San_Jose_y_Santa_Ana_3-389x584.jpg 389w, https:\/\/turismoburgos.digital\/wp-content\/uploads\/2022\/02\/Burgos_-_Convento_de_San_Jose_y_Santa_Ana_3-414x621.jpg 414w, https:\/\/turismoburgos.digital\/wp-content\/uploads\/2022\/02\/Burgos_-_Convento_de_San_Jose_y_Santa_Ana_3-512x768.jpg 512w, https:\/\/turismoburgos.digital\/wp-content\/uploads\/2022\/02\/Burgos_-_Convento_de_San_Jose_y_Santa_Ana_3.jpg 800w\" sizes=\"(max-width: 683px) 100vw, 683px\" \/><\/figure>\n<\/figure>\n\n\n\n<figure class=\"wp-block-image size-full is-resized\"><img loading=\"lazy\" src=\"http:\/\/turismoburgos.digital\/wp-content\/uploads\/2022\/02\/5ca99469-eb44-a7e9-68f61366938312c7.jpg\" alt=\"\" class=\"wp-image-919\" width=\"1240\" height=\"1202\" srcset=\"https:\/\/turismoburgos.digital\/wp-content\/uploads\/2022\/02\/5ca99469-eb44-a7e9-68f61366938312c7.jpg 394w, https:\/\/turismoburgos.digital\/wp-content\/uploads\/2022\/02\/5ca99469-eb44-a7e9-68f61366938312c7-300x291.jpg 300w, https:\/\/turismoburgos.digital\/wp-content\/uploads\/2022\/02\/5ca99469-eb44-a7e9-68f61366938312c7-389x377.jpg 389w\" sizes=\"(max-width: 1240px) 100vw, 1240px\" \/><\/figure>\n\n\n\n<hr class=\"wp-block-separator\"\/>\n\n\n\n<p><strong>Paseo Sierra de Atapuerca 4<\/strong><br><strong>&nbsp;09002 Burgos<\/strong><\/p>\n\n\n\n<p><strong>920 35 40 00<\/strong><\/p>\n\n\n\n<p><a href=\"https:\/\/es.wikipedia.org\/wiki\/Convento_de_San_Jos%C3%A9_y_Santa_Ana_(Burgos)\" target=\"_blank\" rel=\"noreferrer noopener\">https:\/\/es.wikipedia.org\/wiki\/Convento_de_San_Jos%C3%A9_y_Santa_Ana_(Burgos)<\/a><\/p>\n\n\n\n<hr class=\"wp-block-separator\"\/>\n\n\n\n<div class=\"wp-container-1 wp-block-buttons\">\n<div class=\"wp-block-button\"><a class=\"wp-block-button__link\" href=\"https:\/\/www.google.com\/maps\/place\/Convento+de+San+Jos%C3%A9+y+Santa+Ana\/@42.3400715,-3.6942994,15z\/data=!4m2!3m1!1s0x0:0x13cd608448e35e75?sa=X&amp;hl=es&amp;ved=2ahUKEwjMjuiylJP2AhWMO-wKHQBiDwwQ_BJ6BAgiEAU\" target=\"_blank\" rel=\"noreferrer noopener\">C\u00f3mo llegar<\/a><\/div>\n<\/div>\n\n\n\n<hr class=\"wp-block-separator\"\/>\n\n\n\n<hr class=\"wp-block-separator\"\/>\n","protected":false},"excerpt":{"rendered":"<p>\u00daltimo de los conventos fundados por la Santa de \u00c1vila a instancias de do\u00f1a Catalina de Tolosa, en 1581.&nbsp;&nbsp;&nbsp;&nbsp;&nbsp;En un solar extramuros, al lado del &hellip;<\/p>\n","protected":false},"author":1,"featured_media":1393,"parent":0,"menu_order":0,"comment_status":"closed","ping_status":"closed","template":"","meta":{"_monsterinsights_skip_tracking":false,"_monsterinsights_sitenote_active":false,"_monsterinsights_sitenote_note":"","_monsterinsights_sitenote_category":0},"_links":{"self":[{"href":"https:\/\/turismoburgos.digital\/index.php\/wp-json\/wp\/v2\/pages\/240"}],"collection":[{"href":"https:\/\/turismoburgos.digital\/index.php\/wp-json\/wp\/v2\/pages"}],"about":[{"href":"https:\/\/turismoburgos.digital\/index.php\/wp-json\/wp\/v2\/types\/page"}],"author":[{"embeddable":true,"href":"https:\/\/turismoburgos.digital\/index.php\/wp-json\/wp\/v2\/users\/1"}],"replies":[{"embeddable":true,"href":"https:\/\/turismoburgos.digital\/index.php\/wp-json\/wp\/v2\/comments?post=240"}],"version-history":[{"count":3,"href":"https:\/\/turismoburgos.digital\/index.php\/wp-json\/wp\/v2\/pages\/240\/revisions"}],"predecessor-version":[{"id":1394,"href":"https:\/\/turismoburgos.digital\/index.php\/wp-json\/wp\/v2\/pages\/240\/revisions\/1394"}],"wp:featuredmedia":[{"embeddable":true,"href":"https:\/\/turismoburgos.digital\/index.php\/wp-json\/wp\/v2\/media\/1393"}],"wp:attachment":[{"href":"https:\/\/turismoburgos.digital\/index.php\/wp-json\/wp\/v2\/media?parent=240"}],"curies":[{"name":"wp","href":"https:\/\/api.w.org\/{rel}","templated":true}]}}