{"id":239,"date":"2022-02-20T22:03:59","date_gmt":"2022-02-20T22:03:59","guid":{"rendered":"http:\/\/turismoburgos.digital\/?page_id=239"},"modified":"2022-03-12T08:25:37","modified_gmt":"2022-03-12T08:25:37","slug":"iglesia-de-san-gil","status":"publish","type":"page","link":"https:\/\/turismoburgos.digital\/index.php\/iglesia-de-san-gil\/","title":{"rendered":"Iglesia de San Gil"},"content":{"rendered":"\n<hr class=\"wp-block-separator\"\/>\n\n\n\n<figure class=\"wp-block-image size-large is-resized\"><img loading=\"lazy\" src=\"http:\/\/turismoburgos.digital\/wp-content\/uploads\/2022\/02\/burgos-2012-144-2-1024x768.jpg\" alt=\"\" class=\"wp-image-905\" width=\"1240\" height=\"930\" srcset=\"https:\/\/turismoburgos.digital\/wp-content\/uploads\/2022\/02\/burgos-2012-144-2-1024x768.jpg 1024w, https:\/\/turismoburgos.digital\/wp-content\/uploads\/2022\/02\/burgos-2012-144-2-300x225.jpg 300w, https:\/\/turismoburgos.digital\/wp-content\/uploads\/2022\/02\/burgos-2012-144-2-768x576.jpg 768w, https:\/\/turismoburgos.digital\/wp-content\/uploads\/2022\/02\/burgos-2012-144-2-1536x1152.jpg 1536w, https:\/\/turismoburgos.digital\/wp-content\/uploads\/2022\/02\/burgos-2012-144-2-389x292.jpg 389w, https:\/\/turismoburgos.digital\/wp-content\/uploads\/2022\/02\/burgos-2012-144-2-414x311.jpg 414w, https:\/\/turismoburgos.digital\/wp-content\/uploads\/2022\/02\/burgos-2012-144-2-800x600.jpg 800w, https:\/\/turismoburgos.digital\/wp-content\/uploads\/2022\/02\/burgos-2012-144-2-512x384.jpg 512w, https:\/\/turismoburgos.digital\/wp-content\/uploads\/2022\/02\/burgos-2012-144-2.jpg 1600w\" sizes=\"(max-width: 1240px) 100vw, 1240px\" \/><figcaption>Iglesia de San Gil<\/figcaption><\/figure>\n\n\n\n<hr class=\"wp-block-separator\"\/>\n\n\n\n<p><strong>Nos encontramos frente a la puerta de San Gil y escalinata del mismo nombre. Hay pocos templos tan meritorios, en la piedad y en el arte, como \u00e9ste de San Gil. La sencillez de su entrada recompensa con la buena factura y elegancia de sus naves. Es parroquia desde tiempo inmemorial y figura entre las &#8220;colaciones&#8221;de la ciudad.<\/strong><br><strong>&nbsp;&nbsp;&nbsp;&nbsp;&nbsp;Poderosas familias de las sangre y el comercio erigieron en esta parroquia sus capillas sepulcrales y llamaron a los mejores artistas de su momento para construirlos. As\u00ed se emparejan una vez m\u00e1s los apellidos Lerma, Castro, Mazuelo, Medina, Camargo, Maluenda y otros con los gloriosos de Silo\u00e9, Colonia y Vallejo.<\/strong><br><strong>&nbsp;&nbsp;&nbsp;&nbsp;&nbsp;Ha de visitarse detenidamente la capilla de la Natividad, modelo de gracia arquitect\u00f3nica; es valiosa la reja, el retablo renacentista; los sepulcros; los cuadros, entre ellos dos de Gerardo David; el roset\u00f3n de triple circunferencia con que se corona; la cenefa de plata que hiciera maese Calvo para la carroza de los Dolores y la pila bautismal en la que fu\u00e9 acristianado Diego Luis de San V\u00edtores. Juan de Vallejo hizo la capilla dela Santo Cristo, una de las devociones m\u00e1s arraigadas entre los burgaleses. Es un regalo de San Juan de la Mata, fundador de los Trinitarios. La tradici\u00f3n refiere violencias y ternuras, sangre y palabras benignas; y la sagrada imagen ah\u00ed est\u00e1, con su doliente patetismo.<\/strong><\/p>\n\n\n\n<hr class=\"wp-block-separator\"\/>\n\n\n\n<figure class=\"wp-block-embed is-type-video is-provider-youtube wp-block-embed-youtube wp-embed-aspect-4-3 wp-has-aspect-ratio\"><div class=\"wp-block-embed__wrapper\">\n<iframe loading=\"lazy\" title=\"Salida del Cristo de Burgos de la parroquia de San Gil Abad (S. Santa 2009)\" width=\"1032\" height=\"774\" src=\"https:\/\/www.youtube.com\/embed\/AYJ5-u9alQA?feature=oembed\" frameborder=\"0\" allow=\"accelerometer; autoplay; clipboard-write; encrypted-media; gyroscope; picture-in-picture\" allowfullscreen><\/iframe>\n<\/div><\/figure>\n\n\n\n<hr class=\"wp-block-separator\"\/>\n\n\n\n<figure class=\"wp-block-gallery has-nested-images columns-default is-cropped\">\n<figure class=\"wp-block-image size-large\"><img loading=\"lazy\" width=\"768\" height=\"1024\" data-id=\"908\"  src=\"http:\/\/turismoburgos.digital\/wp-content\/uploads\/2022\/02\/800px-Burgos_-_San_Gil_6-768x1024.jpg\" alt=\"\" class=\"wp-image-908\" srcset=\"https:\/\/turismoburgos.digital\/wp-content\/uploads\/2022\/02\/800px-Burgos_-_San_Gil_6-768x1023.jpg 768w, https:\/\/turismoburgos.digital\/wp-content\/uploads\/2022\/02\/800px-Burgos_-_San_Gil_6-225x300.jpg 225w, https:\/\/turismoburgos.digital\/wp-content\/uploads\/2022\/02\/800px-Burgos_-_San_Gil_6-389x518.jpg 389w, https:\/\/turismoburgos.digital\/wp-content\/uploads\/2022\/02\/800px-Burgos_-_San_Gil_6-414x552.jpg 414w, https:\/\/turismoburgos.digital\/wp-content\/uploads\/2022\/02\/800px-Burgos_-_San_Gil_6-512x682.jpg 512w, https:\/\/turismoburgos.digital\/wp-content\/uploads\/2022\/02\/800px-Burgos_-_San_Gil_6.jpg 800w\" sizes=\"(max-width: 768px) 100vw, 768px\" \/><\/figure>\n\n\n\n<figure class=\"wp-block-image size-large\"><img loading=\"lazy\" width=\"450\" height=\"328\" data-id=\"909\"  src=\"http:\/\/turismoburgos.digital\/wp-content\/uploads\/2022\/02\/san-gil-altar-mayor.jpg\" alt=\"\" class=\"wp-image-909\" srcset=\"https:\/\/turismoburgos.digital\/wp-content\/uploads\/2022\/02\/san-gil-altar-mayor.jpg 450w, https:\/\/turismoburgos.digital\/wp-content\/uploads\/2022\/02\/san-gil-altar-mayor-300x219.jpg 300w, https:\/\/turismoburgos.digital\/wp-content\/uploads\/2022\/02\/san-gil-altar-mayor-389x284.jpg 389w, https:\/\/turismoburgos.digital\/wp-content\/uploads\/2022\/02\/san-gil-altar-mayor-414x302.jpg 414w, https:\/\/turismoburgos.digital\/wp-content\/uploads\/2022\/02\/san-gil-altar-mayor-413x300.jpg 413w\" sizes=\"(max-width: 450px) 100vw, 450px\" \/><\/figure>\n\n\n\n<figure class=\"wp-block-image size-full\"><img loading=\"lazy\" width=\"700\" height=\"525\" data-id=\"913\"  src=\"http:\/\/turismoburgos.digital\/wp-content\/uploads\/2022\/02\/cb909e32035afa9f2030fa2f4c54bf86.jpg\" alt=\"\" class=\"wp-image-913\" srcset=\"https:\/\/turismoburgos.digital\/wp-content\/uploads\/2022\/02\/cb909e32035afa9f2030fa2f4c54bf86.jpg 700w, https:\/\/turismoburgos.digital\/wp-content\/uploads\/2022\/02\/cb909e32035afa9f2030fa2f4c54bf86-300x225.jpg 300w, https:\/\/turismoburgos.digital\/wp-content\/uploads\/2022\/02\/cb909e32035afa9f2030fa2f4c54bf86-389x292.jpg 389w, https:\/\/turismoburgos.digital\/wp-content\/uploads\/2022\/02\/cb909e32035afa9f2030fa2f4c54bf86-414x311.jpg 414w, https:\/\/turismoburgos.digital\/wp-content\/uploads\/2022\/02\/cb909e32035afa9f2030fa2f4c54bf86-512x384.jpg 512w\" sizes=\"(max-width: 700px) 100vw, 700px\" \/><\/figure>\n\n\n\n<figure class=\"wp-block-image size-full\"><img loading=\"lazy\" width=\"660\" height=\"365\" data-id=\"911\"  src=\"http:\/\/turismoburgos.digital\/wp-content\/uploads\/2022\/02\/o_iglesia_san_gil_cristo_burgos_t0900547.jpg_1306973099.jpg\" alt=\"\" class=\"wp-image-911\" srcset=\"https:\/\/turismoburgos.digital\/wp-content\/uploads\/2022\/02\/o_iglesia_san_gil_cristo_burgos_t0900547.jpg_1306973099.jpg 660w, https:\/\/turismoburgos.digital\/wp-content\/uploads\/2022\/02\/o_iglesia_san_gil_cristo_burgos_t0900547.jpg_1306973099-300x166.jpg 300w, https:\/\/turismoburgos.digital\/wp-content\/uploads\/2022\/02\/o_iglesia_san_gil_cristo_burgos_t0900547.jpg_1306973099-389x215.jpg 389w, https:\/\/turismoburgos.digital\/wp-content\/uploads\/2022\/02\/o_iglesia_san_gil_cristo_burgos_t0900547.jpg_1306973099-414x229.jpg 414w, https:\/\/turismoburgos.digital\/wp-content\/uploads\/2022\/02\/o_iglesia_san_gil_cristo_burgos_t0900547.jpg_1306973099-512x283.jpg 512w\" sizes=\"(max-width: 660px) 100vw, 660px\" \/><\/figure>\n<\/figure>\n\n\n\n<hr class=\"wp-block-separator\"\/>\n\n\n\n<p><strong>Calle San Gil, 12<\/strong><br><strong>09003 Burgos<\/strong><\/p>\n\n\n\n<p><strong>947 26 11 49<\/strong><\/p>\n\n\n\n<p><a href=\"https:\/\/es.wikipedia.org\/wiki\/Iglesia_de_San_Gil_Abad_(Burgos)\" target=\"_blank\" rel=\"noreferrer noopener\">https:\/\/es.wikipedia.org\/wiki\/Iglesia_de_San_Gil_Abad_(Burgos)<\/a><\/p>\n\n\n\n<hr class=\"wp-block-separator\"\/>\n\n\n\n<div class=\"wp-container-1 wp-block-buttons\">\n<div class=\"wp-block-button\"><a class=\"wp-block-button__link\" href=\"https:\/\/www.google.com\/maps\/place\/Parroquia+de+San+Gil+Abad\/@42.3438754,-3.7020207,15z\/data=!4m2!3m1!1s0x0:0xd8ead189167d6e81?sa=X&amp;ved=2ahUKEwjD78PfkpP2AhW3iv0HHRxBCYkQ_BJ6BAgjEAU\" target=\"_blank\" rel=\"noreferrer noopener\">C\u00f3mo llegar<\/a><\/div>\n<\/div>\n\n\n\n<hr class=\"wp-block-separator\"\/>\n\n\n\n<hr class=\"wp-block-separator\"\/>\n","protected":false},"excerpt":{"rendered":"<p>Nos encontramos frente a la puerta de San Gil y escalinata del mismo nombre. Hay pocos templos tan meritorios, en la piedad y en el &hellip;<\/p>\n","protected":false},"author":1,"featured_media":1392,"parent":0,"menu_order":0,"comment_status":"closed","ping_status":"closed","template":"","meta":{"_monsterinsights_skip_tracking":false,"_monsterinsights_sitenote_active":false,"_monsterinsights_sitenote_note":"","_monsterinsights_sitenote_category":0},"_links":{"self":[{"href":"https:\/\/turismoburgos.digital\/index.php\/wp-json\/wp\/v2\/pages\/239"}],"collection":[{"href":"https:\/\/turismoburgos.digital\/index.php\/wp-json\/wp\/v2\/pages"}],"about":[{"href":"https:\/\/turismoburgos.digital\/index.php\/wp-json\/wp\/v2\/types\/page"}],"author":[{"embeddable":true,"href":"https:\/\/turismoburgos.digital\/index.php\/wp-json\/wp\/v2\/users\/1"}],"replies":[{"embeddable":true,"href":"https:\/\/turismoburgos.digital\/index.php\/wp-json\/wp\/v2\/comments?post=239"}],"version-history":[{"count":3,"href":"https:\/\/turismoburgos.digital\/index.php\/wp-json\/wp\/v2\/pages\/239\/revisions"}],"predecessor-version":[{"id":914,"href":"https:\/\/turismoburgos.digital\/index.php\/wp-json\/wp\/v2\/pages\/239\/revisions\/914"}],"wp:featuredmedia":[{"embeddable":true,"href":"https:\/\/turismoburgos.digital\/index.php\/wp-json\/wp\/v2\/media\/1392"}],"wp:attachment":[{"href":"https:\/\/turismoburgos.digital\/index.php\/wp-json\/wp\/v2\/media?parent=239"}],"curies":[{"name":"wp","href":"https:\/\/api.w.org\/{rel}","templated":true}]}}