{"id":235,"date":"2022-02-20T22:03:59","date_gmt":"2022-02-20T22:03:59","guid":{"rendered":"http:\/\/turismoburgos.digital\/?page_id=235"},"modified":"2022-03-12T08:18:33","modified_gmt":"2022-03-12T08:18:33","slug":"iglesia-de-las-salesas","status":"publish","type":"page","link":"https:\/\/turismoburgos.digital\/index.php\/iglesia-de-las-salesas\/","title":{"rendered":"Iglesia de las Salesas"},"content":{"rendered":"\n<figure class=\"wp-block-image size-large is-resized\"><img loading=\"lazy\" src=\"http:\/\/turismoburgos.digital\/wp-content\/uploads\/2022\/02\/Burgos_-_Iglesia_de_las_Salesas_2-4-1024x789.jpg\" alt=\"\" class=\"wp-image-876\" width=\"1239\" height=\"955\" srcset=\"https:\/\/turismoburgos.digital\/wp-content\/uploads\/2022\/02\/Burgos_-_Iglesia_de_las_Salesas_2-4-1024x789.jpg 1024w, https:\/\/turismoburgos.digital\/wp-content\/uploads\/2022\/02\/Burgos_-_Iglesia_de_las_Salesas_2-4-300x231.jpg 300w, https:\/\/turismoburgos.digital\/wp-content\/uploads\/2022\/02\/Burgos_-_Iglesia_de_las_Salesas_2-4-768x592.jpg 768w, https:\/\/turismoburgos.digital\/wp-content\/uploads\/2022\/02\/Burgos_-_Iglesia_de_las_Salesas_2-4-389x300.jpg 389w, https:\/\/turismoburgos.digital\/wp-content\/uploads\/2022\/02\/Burgos_-_Iglesia_de_las_Salesas_2-4-414x319.jpg 414w, https:\/\/turismoburgos.digital\/wp-content\/uploads\/2022\/02\/Burgos_-_Iglesia_de_las_Salesas_2-4-800x617.jpg 800w, https:\/\/turismoburgos.digital\/wp-content\/uploads\/2022\/02\/Burgos_-_Iglesia_de_las_Salesas_2-4-512x395.jpg 512w, https:\/\/turismoburgos.digital\/wp-content\/uploads\/2022\/02\/Burgos_-_Iglesia_de_las_Salesas_2-4.jpg 1200w\" sizes=\"(max-width: 1239px) 100vw, 1239px\" \/><figcaption>Iglesia de las Salesa<\/figcaption><\/figure>\n\n\n\n<hr class=\"wp-block-separator\"\/>\n\n\n\n<p><strong>El Convento de las Salesas fu\u00e9 dise\u00f1ado por el arquitecto Juan Bautista L\u00e1zaro a finales del siglo XIX. Las obras de la iglesia avanzaron lentamente y se concluyeron en 1920, fecha en la que el arquitecto Juan Moya dise\u00f1\u00f3 el remate de la torre.<\/strong><br><strong>&nbsp;&nbsp;&nbsp;&nbsp;&nbsp;Se trata de unos de los mejores ejemplos de arquitectura historicista de caracteres neog\u00f3ticos existentes en Burgos.<\/strong><br><strong>&nbsp;&nbsp;&nbsp;&nbsp;&nbsp;En el interior consta de tres naves, siendo la central m\u00e1s alta y ancha que las laterales, por encima de las cuales se abre un amplio triforio.<\/strong><br><strong>&nbsp;&nbsp;&nbsp;&nbsp;&nbsp;Enfrente se encuentra el Hospital de Barrantes o tambi\u00e9n conocido como de San Juli\u00e1n y San Quirce.<\/strong><\/p>\n\n\n\n<hr class=\"wp-block-separator\"\/>\n\n\n\n<figure class=\"wp-block-gallery has-nested-images columns-default is-cropped\">\n<figure class=\"wp-block-image size-large\"><img loading=\"lazy\" width=\"960\" height=\"720\" data-id=\"880\"  src=\"http:\/\/turismoburgos.digital\/wp-content\/uploads\/2022\/02\/8519bfb7feb31e2072e94b94cecf36bf.jpg\" alt=\"\" class=\"wp-image-880\" srcset=\"https:\/\/turismoburgos.digital\/wp-content\/uploads\/2022\/02\/8519bfb7feb31e2072e94b94cecf36bf.jpg 960w, https:\/\/turismoburgos.digital\/wp-content\/uploads\/2022\/02\/8519bfb7feb31e2072e94b94cecf36bf-300x225.jpg 300w, https:\/\/turismoburgos.digital\/wp-content\/uploads\/2022\/02\/8519bfb7feb31e2072e94b94cecf36bf-768x576.jpg 768w, https:\/\/turismoburgos.digital\/wp-content\/uploads\/2022\/02\/8519bfb7feb31e2072e94b94cecf36bf-389x292.jpg 389w, https:\/\/turismoburgos.digital\/wp-content\/uploads\/2022\/02\/8519bfb7feb31e2072e94b94cecf36bf-414x311.jpg 414w, https:\/\/turismoburgos.digital\/wp-content\/uploads\/2022\/02\/8519bfb7feb31e2072e94b94cecf36bf-800x600.jpg 800w, https:\/\/turismoburgos.digital\/wp-content\/uploads\/2022\/02\/8519bfb7feb31e2072e94b94cecf36bf-512x384.jpg 512w\" sizes=\"(max-width: 960px) 100vw, 960px\" \/><\/figure>\n\n\n\n<figure class=\"wp-block-image size-large\"><img loading=\"lazy\" width=\"963\" height=\"642\" data-id=\"878\"  src=\"http:\/\/turismoburgos.digital\/wp-content\/uploads\/2022\/02\/125343709.jpg\" alt=\"\" class=\"wp-image-878\" srcset=\"https:\/\/turismoburgos.digital\/wp-content\/uploads\/2022\/02\/125343709.jpg 963w, https:\/\/turismoburgos.digital\/wp-content\/uploads\/2022\/02\/125343709-300x200.jpg 300w, https:\/\/turismoburgos.digital\/wp-content\/uploads\/2022\/02\/125343709-768x512.jpg 768w, https:\/\/turismoburgos.digital\/wp-content\/uploads\/2022\/02\/125343709-389x259.jpg 389w, https:\/\/turismoburgos.digital\/wp-content\/uploads\/2022\/02\/125343709-414x276.jpg 414w, https:\/\/turismoburgos.digital\/wp-content\/uploads\/2022\/02\/125343709-800x533.jpg 800w, https:\/\/turismoburgos.digital\/wp-content\/uploads\/2022\/02\/125343709-512x341.jpg 512w\" sizes=\"(max-width: 963px) 100vw, 963px\" \/><\/figure>\n\n\n\n<figure class=\"wp-block-image size-large\"><img loading=\"lazy\" width=\"1024\" height=\"589\" data-id=\"877\"  src=\"http:\/\/turismoburgos.digital\/wp-content\/uploads\/2022\/02\/Burgos_-_Iglesia_de_las_Salesas_09-1-1024x589.jpg\" alt=\"\" class=\"wp-image-877\" srcset=\"https:\/\/turismoburgos.digital\/wp-content\/uploads\/2022\/02\/Burgos_-_Iglesia_de_las_Salesas_09-1-1024x589.jpg 1024w, https:\/\/turismoburgos.digital\/wp-content\/uploads\/2022\/02\/Burgos_-_Iglesia_de_las_Salesas_09-1-300x173.jpg 300w, https:\/\/turismoburgos.digital\/wp-content\/uploads\/2022\/02\/Burgos_-_Iglesia_de_las_Salesas_09-1-768x442.jpg 768w, https:\/\/turismoburgos.digital\/wp-content\/uploads\/2022\/02\/Burgos_-_Iglesia_de_las_Salesas_09-1-1536x884.jpg 1536w, https:\/\/turismoburgos.digital\/wp-content\/uploads\/2022\/02\/Burgos_-_Iglesia_de_las_Salesas_09-1-389x224.jpg 389w, https:\/\/turismoburgos.digital\/wp-content\/uploads\/2022\/02\/Burgos_-_Iglesia_de_las_Salesas_09-1-414x238.jpg 414w, https:\/\/turismoburgos.digital\/wp-content\/uploads\/2022\/02\/Burgos_-_Iglesia_de_las_Salesas_09-1-800x460.jpg 800w, https:\/\/turismoburgos.digital\/wp-content\/uploads\/2022\/02\/Burgos_-_Iglesia_de_las_Salesas_09-1-512x295.jpg 512w, https:\/\/turismoburgos.digital\/wp-content\/uploads\/2022\/02\/Burgos_-_Iglesia_de_las_Salesas_09-1.jpg 2013w\" sizes=\"(max-width: 1024px) 100vw, 1024px\" \/><\/figure>\n\n\n\n<figure class=\"wp-block-image size-large\"><img loading=\"lazy\" width=\"1024\" height=\"653\" data-id=\"879\"  src=\"http:\/\/turismoburgos.digital\/wp-content\/uploads\/2022\/02\/Iglesia-1905-1024x653.jpg\" alt=\"\" class=\"wp-image-879\" srcset=\"https:\/\/turismoburgos.digital\/wp-content\/uploads\/2022\/02\/Iglesia-1905-1024x653.jpg 1024w, https:\/\/turismoburgos.digital\/wp-content\/uploads\/2022\/02\/Iglesia-1905-300x191.jpg 300w, https:\/\/turismoburgos.digital\/wp-content\/uploads\/2022\/02\/Iglesia-1905-768x490.jpg 768w, https:\/\/turismoburgos.digital\/wp-content\/uploads\/2022\/02\/Iglesia-1905-1536x979.jpg 1536w, https:\/\/turismoburgos.digital\/wp-content\/uploads\/2022\/02\/Iglesia-1905-389x248.jpg 389w, https:\/\/turismoburgos.digital\/wp-content\/uploads\/2022\/02\/Iglesia-1905-414x264.jpg 414w, https:\/\/turismoburgos.digital\/wp-content\/uploads\/2022\/02\/Iglesia-1905-800x510.jpg 800w, https:\/\/turismoburgos.digital\/wp-content\/uploads\/2022\/02\/Iglesia-1905-512x326.jpg 512w, https:\/\/turismoburgos.digital\/wp-content\/uploads\/2022\/02\/Iglesia-1905.jpg 1600w\" sizes=\"(max-width: 1024px) 100vw, 1024px\" \/><\/figure>\n<\/figure>\n\n\n\n<hr class=\"wp-block-separator\"\/>\n\n\n\n<p><strong>Calle Barrantes, 4<\/strong><br><strong>09003 Burgos<\/strong><\/p>\n\n\n\n<p><strong>947 20 13 35<\/strong><\/p>\n\n\n\n<p><a href=\"https:\/\/es.wikipedia.org\/wiki\/Monasterio_de_la_Visitaci%C3%B3n_de_Santa_Mar%C3%ADa_(Burgos)\" target=\"_blank\" rel=\"noreferrer noopener\">https:\/\/es.wikipedia.org\/wiki\/Monasterio_de_la_Visitaci%C3%B3n_de_Santa_Mar%C3%ADa_(Burgos)<\/a><\/p>\n\n\n\n<hr class=\"wp-block-separator\"\/>\n\n\n\n<div class=\"wp-container-1 wp-block-buttons\">\n<div class=\"wp-block-button\"><a class=\"wp-block-button__link\" href=\"https:\/\/www.google.com\/maps\/place\/Religiosas+de+la+Visitaci%C3%B3n+de+Santa+Mar%C3%ADa\/@42.3387126,-3.7082877,15z\/data=!4m2!3m1!1s0x0:0x992e25c97c387e55?sa=X&amp;ved=2ahUKEwjjpuCrjpP2AhUe_bsIHRIGBREQ_BJ6BAglEAU\" target=\"_blank\" rel=\"noreferrer noopener\">C\u00f3mo llegar<\/a><\/div>\n<\/div>\n\n\n\n<hr class=\"wp-block-separator\"\/>\n\n\n\n<hr class=\"wp-block-separator\"\/>\n","protected":false},"excerpt":{"rendered":"<p>El Convento de las Salesas fu\u00e9 dise\u00f1ado por el arquitecto Juan Bautista L\u00e1zaro a finales del siglo XIX. Las obras de la iglesia avanzaron lentamente &hellip;<\/p>\n","protected":false},"author":1,"featured_media":1384,"parent":0,"menu_order":0,"comment_status":"closed","ping_status":"closed","template":"","meta":{"_monsterinsights_skip_tracking":false,"_monsterinsights_sitenote_active":false,"_monsterinsights_sitenote_note":"","_monsterinsights_sitenote_category":0},"_links":{"self":[{"href":"https:\/\/turismoburgos.digital\/index.php\/wp-json\/wp\/v2\/pages\/235"}],"collection":[{"href":"https:\/\/turismoburgos.digital\/index.php\/wp-json\/wp\/v2\/pages"}],"about":[{"href":"https:\/\/turismoburgos.digital\/index.php\/wp-json\/wp\/v2\/types\/page"}],"author":[{"embeddable":true,"href":"https:\/\/turismoburgos.digital\/index.php\/wp-json\/wp\/v2\/users\/1"}],"replies":[{"embeddable":true,"href":"https:\/\/turismoburgos.digital\/index.php\/wp-json\/wp\/v2\/comments?post=235"}],"version-history":[{"count":3,"href":"https:\/\/turismoburgos.digital\/index.php\/wp-json\/wp\/v2\/pages\/235\/revisions"}],"predecessor-version":[{"id":1385,"href":"https:\/\/turismoburgos.digital\/index.php\/wp-json\/wp\/v2\/pages\/235\/revisions\/1385"}],"wp:featuredmedia":[{"embeddable":true,"href":"https:\/\/turismoburgos.digital\/index.php\/wp-json\/wp\/v2\/media\/1384"}],"wp:attachment":[{"href":"https:\/\/turismoburgos.digital\/index.php\/wp-json\/wp\/v2\/media?parent=235"}],"curies":[{"name":"wp","href":"https:\/\/api.w.org\/{rel}","templated":true}]}}