{"id":231,"date":"2022-02-20T22:03:59","date_gmt":"2022-02-20T22:03:59","guid":{"rendered":"http:\/\/turismoburgos.digital\/?page_id=231"},"modified":"2022-03-12T08:05:29","modified_gmt":"2022-03-12T08:05:29","slug":"convento-santa-dorotea","status":"publish","type":"page","link":"https:\/\/turismoburgos.digital\/index.php\/convento-santa-dorotea\/","title":{"rendered":"Convento Santa Dorotea"},"content":{"rendered":"\n<hr class=\"wp-block-separator\"\/>\n\n\n\n<figure class=\"wp-block-image size-full is-resized\"><img loading=\"lazy\" src=\"http:\/\/turismoburgos.digital\/wp-content\/uploads\/2022\/02\/01192170-2.jpg\" alt=\"\" class=\"wp-image-816\" width=\"1238\" height=\"743\" srcset=\"https:\/\/turismoburgos.digital\/wp-content\/uploads\/2022\/02\/01192170-2.jpg 706w, https:\/\/turismoburgos.digital\/wp-content\/uploads\/2022\/02\/01192170-2-300x180.jpg 300w, https:\/\/turismoburgos.digital\/wp-content\/uploads\/2022\/02\/01192170-2-389x234.jpg 389w, https:\/\/turismoburgos.digital\/wp-content\/uploads\/2022\/02\/01192170-2-414x249.jpg 414w, https:\/\/turismoburgos.digital\/wp-content\/uploads\/2022\/02\/01192170-2-512x307.jpg 512w\" sizes=\"(max-width: 1238px) 100vw, 1238px\" \/><figcaption>Convento de Santa Dorotea<\/figcaption><\/figure>\n\n\n\n<hr class=\"wp-block-separator\"\/>\n\n\n\n<p><strong>Levantado en el siglo XV, la puerta de la iglesia se debe al arte de Sim\u00f3n de Colonia y dentro sobresale el espl\u00e9ndido sepulcro, labrado por Nicol\u00e1s de Vergara en 1516, de don Juan de Ortega, primer obispo de Almer\u00eda.<\/strong><br><strong>&nbsp;&nbsp;&nbsp;&nbsp;&nbsp;Junto \u00e9ste destaca tambi\u00e9n el sepulcro de su pariente don Alonso de Ortega, capell\u00e1n mayor del infante don Juan, el hijo de los Reyes Cat\u00f3licos.<\/strong><\/p>\n\n\n\n<hr class=\"wp-block-separator\"\/>\n\n\n\n<figure class=\"wp-block-gallery has-nested-images columns-default is-cropped\">\n<figure class=\"wp-block-image size-large\"><img loading=\"lazy\" width=\"600\" height=\"600\" data-id=\"818\"  src=\"http:\/\/turismoburgos.digital\/wp-content\/uploads\/2022\/02\/46_big.jpg\" alt=\"\" class=\"wp-image-818\" srcset=\"https:\/\/turismoburgos.digital\/wp-content\/uploads\/2022\/02\/46_big.jpg 600w, https:\/\/turismoburgos.digital\/wp-content\/uploads\/2022\/02\/46_big-300x300.jpg 300w, https:\/\/turismoburgos.digital\/wp-content\/uploads\/2022\/02\/46_big-150x150.jpg 150w, https:\/\/turismoburgos.digital\/wp-content\/uploads\/2022\/02\/46_big-389x389.jpg 389w, https:\/\/turismoburgos.digital\/wp-content\/uploads\/2022\/02\/46_big-414x414.jpg 414w, https:\/\/turismoburgos.digital\/wp-content\/uploads\/2022\/02\/46_big-512x512.jpg 512w\" sizes=\"(max-width: 600px) 100vw, 600px\" \/><\/figure>\n\n\n\n<figure class=\"wp-block-image size-large\"><img loading=\"lazy\" width=\"180\" height=\"240\" data-id=\"821\"  src=\"http:\/\/turismoburgos.digital\/wp-content\/uploads\/2022\/02\/180px-Burgos_-_Convento_Sta_Dorotea_09.jpg\" alt=\"\" class=\"wp-image-821\"\/><\/figure>\n\n\n\n<figure class=\"wp-block-image size-large\"><img loading=\"lazy\" width=\"260\" height=\"195\" data-id=\"817\"  src=\"http:\/\/turismoburgos.digital\/wp-content\/uploads\/2022\/02\/Burgos_-_Convento_Sta_Dorotea_05.jpg\" alt=\"\" class=\"wp-image-817\"\/><\/figure>\n\n\n\n<figure class=\"wp-block-image size-large\"><img loading=\"lazy\" width=\"300\" height=\"200\" data-id=\"819\"  src=\"http:\/\/turismoburgos.digital\/wp-content\/uploads\/2022\/02\/dorot12.jpg\" alt=\"\" class=\"wp-image-819\"\/><\/figure>\n\n\n\n<figure class=\"wp-block-image size-large\"><img loading=\"lazy\" width=\"640\" height=\"316\" data-id=\"820\"  src=\"http:\/\/turismoburgos.digital\/wp-content\/uploads\/2022\/02\/vWn611JoAByWoofnqZbUbUZb8u9Q9p.jpg\" alt=\"\" class=\"wp-image-820\" srcset=\"https:\/\/turismoburgos.digital\/wp-content\/uploads\/2022\/02\/vWn611JoAByWoofnqZbUbUZb8u9Q9p.jpg 640w, https:\/\/turismoburgos.digital\/wp-content\/uploads\/2022\/02\/vWn611JoAByWoofnqZbUbUZb8u9Q9p-300x148.jpg 300w, https:\/\/turismoburgos.digital\/wp-content\/uploads\/2022\/02\/vWn611JoAByWoofnqZbUbUZb8u9Q9p-389x192.jpg 389w, https:\/\/turismoburgos.digital\/wp-content\/uploads\/2022\/02\/vWn611JoAByWoofnqZbUbUZb8u9Q9p-414x204.jpg 414w, https:\/\/turismoburgos.digital\/wp-content\/uploads\/2022\/02\/vWn611JoAByWoofnqZbUbUZb8u9Q9p-512x253.jpg 512w\" sizes=\"(max-width: 640px) 100vw, 640px\" \/><\/figure>\n<\/figure>\n\n\n\n<hr class=\"wp-block-separator\"\/>\n\n\n\n<p><strong>Calle Sta. Dorotea, 30<\/strong><br><strong>09001 Burgos<\/strong><\/p>\n\n\n\n<p><strong>947 20 31 03<\/strong><\/p>\n\n\n\n<p><a href=\"https:\/\/es.wikipedia.org\/wiki\/Convento_de_Santa_Dorotea_(Burgos)\" target=\"_blank\" rel=\"noreferrer noopener\">https:\/\/es.wikipedia.org\/wiki\/Convento_de_Santa_Dorotea_(Burgos)<\/a><\/p>\n\n\n\n<hr class=\"wp-block-separator\"\/>\n\n\n\n<div class=\"wp-container-1 wp-block-buttons\">\n<div class=\"wp-block-button\"><a class=\"wp-block-button__link\" href=\"https:\/\/www.google.com\/maps\/place\/Convento+de+Santa+Dorotea\/@42.3335065,-3.7031587,15z\/data=!4m2!3m1!1s0x0:0xef3445318076d7ba?sa=X&amp;hl=es&amp;ved=2ahUKEwiFo-Oeg5P2AhWMuKQKHYVFD7oQ_BJ6BAgdEAU\" target=\"_blank\" rel=\"noreferrer noopener\">C\u00f3mo llegar<\/a><\/div>\n<\/div>\n\n\n\n<hr class=\"wp-block-separator\"\/>\n\n\n\n<hr class=\"wp-block-separator\"\/>\n","protected":false},"excerpt":{"rendered":"<p>Levantado en el siglo XV, la puerta de la iglesia se debe al arte de Sim\u00f3n de Colonia y dentro sobresale el espl\u00e9ndido sepulcro, labrado &hellip;<\/p>\n","protected":false},"author":1,"featured_media":1366,"parent":0,"menu_order":0,"comment_status":"closed","ping_status":"closed","template":"","meta":{"_monsterinsights_skip_tracking":false,"_monsterinsights_sitenote_active":false,"_monsterinsights_sitenote_note":"","_monsterinsights_sitenote_category":0},"_links":{"self":[{"href":"https:\/\/turismoburgos.digital\/index.php\/wp-json\/wp\/v2\/pages\/231"}],"collection":[{"href":"https:\/\/turismoburgos.digital\/index.php\/wp-json\/wp\/v2\/pages"}],"about":[{"href":"https:\/\/turismoburgos.digital\/index.php\/wp-json\/wp\/v2\/types\/page"}],"author":[{"embeddable":true,"href":"https:\/\/turismoburgos.digital\/index.php\/wp-json\/wp\/v2\/users\/1"}],"replies":[{"embeddable":true,"href":"https:\/\/turismoburgos.digital\/index.php\/wp-json\/wp\/v2\/comments?post=231"}],"version-history":[{"count":3,"href":"https:\/\/turismoburgos.digital\/index.php\/wp-json\/wp\/v2\/pages\/231\/revisions"}],"predecessor-version":[{"id":1367,"href":"https:\/\/turismoburgos.digital\/index.php\/wp-json\/wp\/v2\/pages\/231\/revisions\/1367"}],"wp:featuredmedia":[{"embeddable":true,"href":"https:\/\/turismoburgos.digital\/index.php\/wp-json\/wp\/v2\/media\/1366"}],"wp:attachment":[{"href":"https:\/\/turismoburgos.digital\/index.php\/wp-json\/wp\/v2\/media?parent=231"}],"curies":[{"name":"wp","href":"https:\/\/api.w.org\/{rel}","templated":true}]}}