{"id":230,"date":"2022-02-20T22:03:59","date_gmt":"2022-02-20T22:03:59","guid":{"rendered":"http:\/\/turismoburgos.digital\/?page_id=230"},"modified":"2022-03-12T08:03:51","modified_gmt":"2022-03-12T08:03:51","slug":"convento-santa-clara","status":"publish","type":"page","link":"https:\/\/turismoburgos.digital\/index.php\/convento-santa-clara\/","title":{"rendered":"Convento Santa Clara"},"content":{"rendered":"\n<hr class=\"wp-block-separator\"\/>\n\n\n\n<figure class=\"wp-block-image size-large is-resized\"><img loading=\"lazy\" src=\"http:\/\/turismoburgos.digital\/wp-content\/uploads\/2022\/02\/Z-Santa-Clara-Brugos-01-1024x683.jpg\" alt=\"\" class=\"wp-image-806\" width=\"1240\" height=\"827\" srcset=\"https:\/\/turismoburgos.digital\/wp-content\/uploads\/2022\/02\/Z-Santa-Clara-Brugos-01-1024x683.jpg 1024w, https:\/\/turismoburgos.digital\/wp-content\/uploads\/2022\/02\/Z-Santa-Clara-Brugos-01-300x200.jpg 300w, https:\/\/turismoburgos.digital\/wp-content\/uploads\/2022\/02\/Z-Santa-Clara-Brugos-01-768x512.jpg 768w, https:\/\/turismoburgos.digital\/wp-content\/uploads\/2022\/02\/Z-Santa-Clara-Brugos-01-389x259.jpg 389w, https:\/\/turismoburgos.digital\/wp-content\/uploads\/2022\/02\/Z-Santa-Clara-Brugos-01-414x276.jpg 414w, https:\/\/turismoburgos.digital\/wp-content\/uploads\/2022\/02\/Z-Santa-Clara-Brugos-01-800x533.jpg 800w, https:\/\/turismoburgos.digital\/wp-content\/uploads\/2022\/02\/Z-Santa-Clara-Brugos-01-512x341.jpg 512w, https:\/\/turismoburgos.digital\/wp-content\/uploads\/2022\/02\/Z-Santa-Clara-Brugos-01.jpg 1050w\" sizes=\"(max-width: 1240px) 100vw, 1240px\" \/><figcaption>Convento de Santa Clara<\/figcaption><\/figure>\n\n\n\n<hr class=\"wp-block-separator\"\/>\n\n\n\n<p><strong>&nbsp;La Calera (calle de las Eras) desemboca en el barrio de las Eras, hoy zona bullente del nuevo Burgos y cuyo centro puede ser el convento de Santa Clara, el m\u00e1s antiguo de los conventos femeninos de Burgos, establecidas las monjas franciscanas aqu\u00ed ya en el siglo XIII.<\/strong><br><strong>&nbsp;&nbsp;&nbsp;&nbsp;&nbsp;Su fundaci\u00f3n se atribuye al mism\u00edsimo San Francisco, que pas\u00f3 por la ciudad en su peregrinaci\u00f3n a Santiago de Compostela.<\/strong><br><strong>&nbsp;&nbsp;&nbsp;&nbsp;&nbsp;Su iglesia se adorna con retablos barrocos.<\/strong><\/p>\n\n\n\n<figure class=\"wp-block-gallery has-nested-images columns-default is-cropped\">\n<figure class=\"wp-block-image size-large\"><img loading=\"lazy\" width=\"1024\" height=\"680\" data-id=\"812\"  src=\"http:\/\/turismoburgos.digital\/wp-content\/uploads\/2022\/02\/89-burgos-Santa-Clara-02_resized-1.jpg\" alt=\"\" class=\"wp-image-812\" srcset=\"https:\/\/turismoburgos.digital\/wp-content\/uploads\/2022\/02\/89-burgos-Santa-Clara-02_resized-1.jpg 1024w, https:\/\/turismoburgos.digital\/wp-content\/uploads\/2022\/02\/89-burgos-Santa-Clara-02_resized-1-300x199.jpg 300w, https:\/\/turismoburgos.digital\/wp-content\/uploads\/2022\/02\/89-burgos-Santa-Clara-02_resized-1-768x510.jpg 768w, https:\/\/turismoburgos.digital\/wp-content\/uploads\/2022\/02\/89-burgos-Santa-Clara-02_resized-1-389x258.jpg 389w, https:\/\/turismoburgos.digital\/wp-content\/uploads\/2022\/02\/89-burgos-Santa-Clara-02_resized-1-414x275.jpg 414w, https:\/\/turismoburgos.digital\/wp-content\/uploads\/2022\/02\/89-burgos-Santa-Clara-02_resized-1-800x531.jpg 800w, https:\/\/turismoburgos.digital\/wp-content\/uploads\/2022\/02\/89-burgos-Santa-Clara-02_resized-1-512x340.jpg 512w\" sizes=\"(max-width: 1024px) 100vw, 1024px\" \/><\/figure>\n\n\n\n<figure class=\"wp-block-image size-large\"><img loading=\"lazy\" width=\"293\" height=\"195\" data-id=\"808\"  src=\"http:\/\/turismoburgos.digital\/wp-content\/uploads\/2022\/02\/Burgos_-_Convento_de_Santa_Clara_06-1.jpg\" alt=\"\" class=\"wp-image-808\"\/><\/figure>\n\n\n\n<figure class=\"wp-block-image size-full\"><img loading=\"lazy\" width=\"858\" height=\"646\" data-id=\"813\"  src=\"http:\/\/turismoburgos.digital\/wp-content\/uploads\/2022\/02\/Burgos-1.jpg\" alt=\"\" class=\"wp-image-813\" srcset=\"https:\/\/turismoburgos.digital\/wp-content\/uploads\/2022\/02\/Burgos-1.jpg 858w, https:\/\/turismoburgos.digital\/wp-content\/uploads\/2022\/02\/Burgos-1-300x226.jpg 300w, https:\/\/turismoburgos.digital\/wp-content\/uploads\/2022\/02\/Burgos-1-768x578.jpg 768w, https:\/\/turismoburgos.digital\/wp-content\/uploads\/2022\/02\/Burgos-1-389x293.jpg 389w, https:\/\/turismoburgos.digital\/wp-content\/uploads\/2022\/02\/Burgos-1-414x312.jpg 414w, https:\/\/turismoburgos.digital\/wp-content\/uploads\/2022\/02\/Burgos-1-800x602.jpg 800w, https:\/\/turismoburgos.digital\/wp-content\/uploads\/2022\/02\/Burgos-1-512x385.jpg 512w\" sizes=\"(max-width: 858px) 100vw, 858px\" \/><\/figure>\n\n\n\n<figure class=\"wp-block-image size-large\"><img loading=\"lazy\" width=\"293\" height=\"195\" data-id=\"811\"  src=\"http:\/\/turismoburgos.digital\/wp-content\/uploads\/2022\/02\/Burgos_-_Convento_de_Santa_Clara_18.jpg\" alt=\"\" class=\"wp-image-811\"\/><\/figure>\n\n\n\n<figure class=\"wp-block-image size-large\"><img loading=\"lazy\" width=\"195\" height=\"195\" data-id=\"810\"  src=\"http:\/\/turismoburgos.digital\/wp-content\/uploads\/2022\/02\/Convento_de_Santa_Clara_Burgos._Interior.jpg\" alt=\"\" class=\"wp-image-810\" srcset=\"https:\/\/turismoburgos.digital\/wp-content\/uploads\/2022\/02\/Convento_de_Santa_Clara_Burgos._Interior.jpg 195w, https:\/\/turismoburgos.digital\/wp-content\/uploads\/2022\/02\/Convento_de_Santa_Clara_Burgos._Interior-150x150.jpg 150w\" sizes=\"(max-width: 195px) 100vw, 195px\" \/><\/figure>\n\n\n\n<figure class=\"wp-block-image size-large\"><img loading=\"lazy\" width=\"300\" height=\"200\" data-id=\"809\"  src=\"http:\/\/turismoburgos.digital\/wp-content\/uploads\/2022\/02\/Santa-Clara-Brugos-03.jpg\" alt=\"\" class=\"wp-image-809\"\/><\/figure>\n<\/figure>\n\n\n\n<hr class=\"wp-block-separator\"\/>\n\n\n\n<p><strong>Calle Sta. Clara, 26<\/strong><br><strong>09002 Burgos<\/strong><\/p>\n\n\n\n<p><strong>947 26 79 24<\/strong><\/p>\n\n\n\n<p><a href=\"https:\/\/es.wikipedia.org\/wiki\/Convento_de_Santa_Clara_(Burgos)\" target=\"_blank\" rel=\"noreferrer noopener\">https:\/\/es.wikipedia.org\/wiki\/Convento_de_Santa_Clara_(Burgos)<\/a><\/p>\n\n\n\n<hr class=\"wp-block-separator\"\/>\n\n\n\n<div class=\"wp-container-1 wp-block-buttons\">\n<div class=\"wp-block-button\"><a class=\"wp-block-button__link\" href=\"https:\/\/www.google.com\/maps\/place\/Convento+de+Santa+Clara\/@42.3374303,-3.6950915,15z\/data=!4m2!3m1!1s0x0:0x1b963248091263c8?sa=X&amp;hl=es&amp;ved=2ahUKEwizo9v6gZP2AhWJyYUKHfaYDLsQ_BJ6BAglEAU\" target=\"_blank\" rel=\"noreferrer noopener\">C\u00f3mo llegar<\/a><\/div>\n<\/div>\n\n\n\n<hr class=\"wp-block-separator\"\/>\n\n\n\n<hr class=\"wp-block-separator\"\/>\n","protected":false},"excerpt":{"rendered":"<p>&nbsp;La Calera (calle de las Eras) desemboca en el barrio de las Eras, hoy zona bullente del nuevo Burgos y cuyo centro puede ser el &hellip;<\/p>\n","protected":false},"author":1,"featured_media":1364,"parent":0,"menu_order":0,"comment_status":"closed","ping_status":"closed","template":"","meta":{"_monsterinsights_skip_tracking":false,"_monsterinsights_sitenote_active":false,"_monsterinsights_sitenote_note":"","_monsterinsights_sitenote_category":0},"_links":{"self":[{"href":"https:\/\/turismoburgos.digital\/index.php\/wp-json\/wp\/v2\/pages\/230"}],"collection":[{"href":"https:\/\/turismoburgos.digital\/index.php\/wp-json\/wp\/v2\/pages"}],"about":[{"href":"https:\/\/turismoburgos.digital\/index.php\/wp-json\/wp\/v2\/types\/page"}],"author":[{"embeddable":true,"href":"https:\/\/turismoburgos.digital\/index.php\/wp-json\/wp\/v2\/users\/1"}],"replies":[{"embeddable":true,"href":"https:\/\/turismoburgos.digital\/index.php\/wp-json\/wp\/v2\/comments?post=230"}],"version-history":[{"count":3,"href":"https:\/\/turismoburgos.digital\/index.php\/wp-json\/wp\/v2\/pages\/230\/revisions"}],"predecessor-version":[{"id":1365,"href":"https:\/\/turismoburgos.digital\/index.php\/wp-json\/wp\/v2\/pages\/230\/revisions\/1365"}],"wp:featuredmedia":[{"embeddable":true,"href":"https:\/\/turismoburgos.digital\/index.php\/wp-json\/wp\/v2\/media\/1364"}],"wp:attachment":[{"href":"https:\/\/turismoburgos.digital\/index.php\/wp-json\/wp\/v2\/media?parent=230"}],"curies":[{"name":"wp","href":"https:\/\/api.w.org\/{rel}","templated":true}]}}