{"id":229,"date":"2022-02-20T22:03:59","date_gmt":"2022-02-20T22:03:59","guid":{"rendered":"http:\/\/turismoburgos.digital\/?page_id=229"},"modified":"2022-03-12T08:02:10","modified_gmt":"2022-03-12T08:02:10","slug":"convento-trinitarias","status":"publish","type":"page","link":"https:\/\/turismoburgos.digital\/index.php\/convento-trinitarias\/","title":{"rendered":"Convento Trinitarias"},"content":{"rendered":"\n<hr class=\"wp-block-separator\"\/>\n\n\n\n<figure class=\"wp-block-image size-large is-resized\"><img loading=\"lazy\" src=\"http:\/\/turismoburgos.digital\/wp-content\/uploads\/2022\/02\/Burgos_-_Convento_de_las_Trinitarias_1-3-1024x683.jpg\" alt=\"\" class=\"wp-image-797\" width=\"1240\" height=\"827\" srcset=\"https:\/\/turismoburgos.digital\/wp-content\/uploads\/2022\/02\/Burgos_-_Convento_de_las_Trinitarias_1-3-1024x683.jpg 1024w, https:\/\/turismoburgos.digital\/wp-content\/uploads\/2022\/02\/Burgos_-_Convento_de_las_Trinitarias_1-3-300x200.jpg 300w, https:\/\/turismoburgos.digital\/wp-content\/uploads\/2022\/02\/Burgos_-_Convento_de_las_Trinitarias_1-3-768x512.jpg 768w, https:\/\/turismoburgos.digital\/wp-content\/uploads\/2022\/02\/Burgos_-_Convento_de_las_Trinitarias_1-3-389x259.jpg 389w, https:\/\/turismoburgos.digital\/wp-content\/uploads\/2022\/02\/Burgos_-_Convento_de_las_Trinitarias_1-3-414x276.jpg 414w, https:\/\/turismoburgos.digital\/wp-content\/uploads\/2022\/02\/Burgos_-_Convento_de_las_Trinitarias_1-3-800x533.jpg 800w, https:\/\/turismoburgos.digital\/wp-content\/uploads\/2022\/02\/Burgos_-_Convento_de_las_Trinitarias_1-3-512x341.jpg 512w, https:\/\/turismoburgos.digital\/wp-content\/uploads\/2022\/02\/Burgos_-_Convento_de_las_Trinitarias_1-3.jpg 1200w\" sizes=\"(max-width: 1240px) 100vw, 1240px\" \/><figcaption>Convento de las Trinitarias<\/figcaption><\/figure>\n\n\n\n<hr class=\"wp-block-separator\"\/>\n\n\n\n<p><strong>El primitivo convento de la Trinitarias fu\u00e9 fundado en 1334. Las religiosas se instalaron, en or\u00edgen, en las cercan\u00edas del convento de la Trinidad y desde all\u00ed asist\u00edan a pobres y enfermos del hospital de San Juli\u00e1n&#8230;<\/strong><br><strong>&nbsp;&nbsp;&nbsp;&nbsp;&nbsp;&nbsp;En 1917, tras muchos avatares se trasladaron al solar donde se encuentran en la actualidad. Aqu\u00ed construyeron una iglesia de sobria factura presidida por una espada\u00f1a que luce un relieve grabado, en 1926, por Fortunato Juli\u00e1n.<\/strong><br><strong>&nbsp;&nbsp;&nbsp;&nbsp;&nbsp;El templo est\u00e1 presidido por un retablo de estilo clasicista en cuyo interior encontramos una interesante pintura realizada por Marceliano Santa Mar\u00eda en 1926.<\/strong><br><strong>&nbsp;&nbsp;&nbsp;&nbsp;&nbsp;En la actualidad se celebra el culto Rumano Ortodoxo, despu\u00e9s de haber llegado a un acuerdo con el Obispado.<\/strong><\/p>\n\n\n\n<hr class=\"wp-block-separator\"\/>\n\n\n\n<figure class=\"wp-block-gallery has-nested-images columns-default is-cropped\">\n<figure class=\"wp-block-image size-large\"><img loading=\"lazy\" width=\"800\" height=\"763\" data-id=\"800\"  src=\"http:\/\/turismoburgos.digital\/wp-content\/uploads\/2022\/02\/800px-Trinitarians_-_old_cross.jpg\" alt=\"\" class=\"wp-image-800\" srcset=\"https:\/\/turismoburgos.digital\/wp-content\/uploads\/2022\/02\/800px-Trinitarians_-_old_cross.jpg 800w, https:\/\/turismoburgos.digital\/wp-content\/uploads\/2022\/02\/800px-Trinitarians_-_old_cross-300x286.jpg 300w, https:\/\/turismoburgos.digital\/wp-content\/uploads\/2022\/02\/800px-Trinitarians_-_old_cross-768x732.jpg 768w, https:\/\/turismoburgos.digital\/wp-content\/uploads\/2022\/02\/800px-Trinitarians_-_old_cross-389x371.jpg 389w, https:\/\/turismoburgos.digital\/wp-content\/uploads\/2022\/02\/800px-Trinitarians_-_old_cross-414x395.jpg 414w, https:\/\/turismoburgos.digital\/wp-content\/uploads\/2022\/02\/800px-Trinitarians_-_old_cross-512x488.jpg 512w\" sizes=\"(max-width: 800px) 100vw, 800px\" \/><\/figure>\n\n\n\n<figure class=\"wp-block-image size-large\"><img loading=\"lazy\" width=\"180\" height=\"270\" data-id=\"801\"  src=\"http:\/\/turismoburgos.digital\/wp-content\/uploads\/2022\/02\/Burgos_-_Convento_de_las_Trinitarias_2.jpg\" alt=\"\" class=\"wp-image-801\"\/><\/figure>\n\n\n\n<figure class=\"wp-block-image size-large\"><img loading=\"lazy\" width=\"335\" height=\"251\" data-id=\"799\"  src=\"http:\/\/turismoburgos.digital\/wp-content\/uploads\/2022\/02\/Portada_de_la_capilla_de_San_Ildefonso_del_desaparecido_convento_de_la_Stma._Trinidad_de_Burgos_1.jpg\" alt=\"\" class=\"wp-image-799\" srcset=\"https:\/\/turismoburgos.digital\/wp-content\/uploads\/2022\/02\/Portada_de_la_capilla_de_San_Ildefonso_del_desaparecido_convento_de_la_Stma._Trinidad_de_Burgos_1.jpg 335w, https:\/\/turismoburgos.digital\/wp-content\/uploads\/2022\/02\/Portada_de_la_capilla_de_San_Ildefonso_del_desaparecido_convento_de_la_Stma._Trinidad_de_Burgos_1-300x225.jpg 300w\" sizes=\"(max-width: 335px) 100vw, 335px\" \/><\/figure>\n\n\n\n<figure class=\"wp-block-image size-large\"><img loading=\"lazy\" width=\"500\" height=\"208\" data-id=\"802\"  src=\"http:\/\/turismoburgos.digital\/wp-content\/uploads\/2022\/02\/15191434814_57b293c93d.jpg\" alt=\"\" class=\"wp-image-802\" srcset=\"https:\/\/turismoburgos.digital\/wp-content\/uploads\/2022\/02\/15191434814_57b293c93d.jpg 500w, https:\/\/turismoburgos.digital\/wp-content\/uploads\/2022\/02\/15191434814_57b293c93d-300x125.jpg 300w, https:\/\/turismoburgos.digital\/wp-content\/uploads\/2022\/02\/15191434814_57b293c93d-389x162.jpg 389w, https:\/\/turismoburgos.digital\/wp-content\/uploads\/2022\/02\/15191434814_57b293c93d-414x172.jpg 414w\" sizes=\"(max-width: 500px) 100vw, 500px\" \/><\/figure>\n<\/figure>\n\n\n\n<hr class=\"wp-block-separator\"\/>\n\n\n\n<p><strong>Plaza de Sta. Teresa, 5<\/strong><br><strong>09002 Burgos<\/strong><\/p>\n\n\n\n<p><strong>947 25 67 17<\/strong><\/p>\n\n\n\n<p><a href=\"https:\/\/es.wikipedia.org\/wiki\/Convento_de_la_Sant%C3%ADsima_Trinidad_(Burgos)\" target=\"_blank\" rel=\"noreferrer noopener\">https:\/\/es.wikipedia.org\/wiki\/Convento_de_la_Sant%C3%ADsima_Trinidad_(Burgos)<\/a><\/p>\n\n\n\n<hr class=\"wp-block-separator\"\/>\n\n\n\n<div class=\"wp-container-1 wp-block-buttons\">\n<div class=\"wp-block-button\"><a class=\"wp-block-button__link\" href=\"https:\/\/www.google.com\/maps\/place\/MonjasTrinitarias\/@42.3399202,-3.694868,15z\/data=!4m2!3m1!1s0x0:0xc865fb7eb29e48f0?sa=X&amp;ved=2ahUKEwjus-r8_5L2AhWerHIEHamrDdQQ_BJ6BAg_EAU\" target=\"_blank\" rel=\"noreferrer noopener\">C\u00f3mo llegar<\/a><\/div>\n<\/div>\n\n\n\n<hr class=\"wp-block-separator\"\/>\n\n\n\n<hr class=\"wp-block-separator\"\/>\n","protected":false},"excerpt":{"rendered":"<p>El primitivo convento de la Trinitarias fu\u00e9 fundado en 1334. Las religiosas se instalaron, en or\u00edgen, en las cercan\u00edas del convento de la Trinidad y &hellip;<\/p>\n","protected":false},"author":1,"featured_media":1362,"parent":0,"menu_order":0,"comment_status":"closed","ping_status":"closed","template":"","meta":{"_monsterinsights_skip_tracking":false,"_monsterinsights_sitenote_active":false,"_monsterinsights_sitenote_note":"","_monsterinsights_sitenote_category":0},"_links":{"self":[{"href":"https:\/\/turismoburgos.digital\/index.php\/wp-json\/wp\/v2\/pages\/229"}],"collection":[{"href":"https:\/\/turismoburgos.digital\/index.php\/wp-json\/wp\/v2\/pages"}],"about":[{"href":"https:\/\/turismoburgos.digital\/index.php\/wp-json\/wp\/v2\/types\/page"}],"author":[{"embeddable":true,"href":"https:\/\/turismoburgos.digital\/index.php\/wp-json\/wp\/v2\/users\/1"}],"replies":[{"embeddable":true,"href":"https:\/\/turismoburgos.digital\/index.php\/wp-json\/wp\/v2\/comments?post=229"}],"version-history":[{"count":3,"href":"https:\/\/turismoburgos.digital\/index.php\/wp-json\/wp\/v2\/pages\/229\/revisions"}],"predecessor-version":[{"id":1363,"href":"https:\/\/turismoburgos.digital\/index.php\/wp-json\/wp\/v2\/pages\/229\/revisions\/1363"}],"wp:featuredmedia":[{"embeddable":true,"href":"https:\/\/turismoburgos.digital\/index.php\/wp-json\/wp\/v2\/media\/1362"}],"wp:attachment":[{"href":"https:\/\/turismoburgos.digital\/index.php\/wp-json\/wp\/v2\/media?parent=229"}],"curies":[{"name":"wp","href":"https:\/\/api.w.org\/{rel}","templated":true}]}}