{"id":226,"date":"2022-02-20T22:03:59","date_gmt":"2022-02-20T22:03:59","guid":{"rendered":"http:\/\/turismoburgos.digital\/?page_id=226"},"modified":"2022-03-12T08:12:04","modified_gmt":"2022-03-12T08:12:04","slug":"palacio-de-castilfale","status":"publish","type":"page","link":"https:\/\/turismoburgos.digital\/index.php\/palacio-de-castilfale\/","title":{"rendered":"Palacio de Castilfal\u00e9"},"content":{"rendered":"\n<hr class=\"wp-block-separator\"\/>\n\n\n\n<figure class=\"wp-block-image size-large is-resized\"><img loading=\"lazy\" src=\"http:\/\/turismoburgos.digital\/wp-content\/uploads\/2022\/02\/Palacio_Castilfale-1024x768.jpg\" alt=\"\" class=\"wp-image-848\" width=\"1241\" height=\"931\" srcset=\"https:\/\/turismoburgos.digital\/wp-content\/uploads\/2022\/02\/Palacio_Castilfale-1024x768.jpg 1024w, https:\/\/turismoburgos.digital\/wp-content\/uploads\/2022\/02\/Palacio_Castilfale-300x225.jpg 300w, https:\/\/turismoburgos.digital\/wp-content\/uploads\/2022\/02\/Palacio_Castilfale-768x576.jpg 768w, https:\/\/turismoburgos.digital\/wp-content\/uploads\/2022\/02\/Palacio_Castilfale-1536x1152.jpg 1536w, https:\/\/turismoburgos.digital\/wp-content\/uploads\/2022\/02\/Palacio_Castilfale-2048x1536.jpg 2048w, https:\/\/turismoburgos.digital\/wp-content\/uploads\/2022\/02\/Palacio_Castilfale-389x292.jpg 389w, https:\/\/turismoburgos.digital\/wp-content\/uploads\/2022\/02\/Palacio_Castilfale-414x311.jpg 414w, https:\/\/turismoburgos.digital\/wp-content\/uploads\/2022\/02\/Palacio_Castilfale-800x600.jpg 800w, https:\/\/turismoburgos.digital\/wp-content\/uploads\/2022\/02\/Palacio_Castilfale-512x384.jpg 512w\" sizes=\"(max-width: 1241px) 100vw, 1241px\" \/><figcaption>Palacio de Castilfal\u00e9<\/figcaption><\/figure>\n\n\n\n<p><strong>El Archivo Municipal est\u00e1 ubicado en el Palacio de Castilfal\u00e9, conocido con este nombre en honor a sus \u00faltimos propietarios, los condes de Castilfal\u00e9. Solemne edificaci\u00f3n levantada a mediados del siglo XVI, responde a las caracter\u00edsticas del renacimiento burgal\u00e9s.<\/strong><br><strong>&nbsp;&nbsp;&nbsp;&nbsp;&nbsp;Construido en la calle Fern\u00e1n Gonz\u00e1lez, en pleno Camino de Santiago y en la zona m\u00e1s lujosa de la ciudad renacentista, donde los mercaderes enriquecidos y ennoblecidos situaban sus residencias.<\/strong><\/p>\n\n\n\n<hr class=\"wp-block-separator\"\/>\n\n\n\n<figure class=\"wp-block-embed is-type-video is-provider-youtube wp-block-embed-youtube wp-embed-aspect-16-9 wp-has-aspect-ratio\"><div class=\"wp-block-embed__wrapper\">\n<iframe loading=\"lazy\" title=\"Palacio de Castilfal\u00e9.\" width=\"1032\" height=\"581\" src=\"https:\/\/www.youtube.com\/embed\/2Wa4hpU6cGc?feature=oembed\" frameborder=\"0\" allow=\"accelerometer; autoplay; clipboard-write; encrypted-media; gyroscope; picture-in-picture\" allowfullscreen><\/iframe>\n<\/div><\/figure>\n\n\n\n<hr class=\"wp-block-separator\"\/>\n\n\n\n<figure class=\"wp-block-gallery has-nested-images columns-default is-cropped\">\n<figure class=\"wp-block-image size-large\"><img loading=\"lazy\" width=\"1024\" height=\"619\" data-id=\"850\"  src=\"http:\/\/turismoburgos.digital\/wp-content\/uploads\/2022\/02\/1-1024x619.jpg\" alt=\"\" class=\"wp-image-850\" srcset=\"https:\/\/turismoburgos.digital\/wp-content\/uploads\/2022\/02\/1-1024x619.jpg 1024w, https:\/\/turismoburgos.digital\/wp-content\/uploads\/2022\/02\/1-300x181.jpg 300w, https:\/\/turismoburgos.digital\/wp-content\/uploads\/2022\/02\/1-768x464.jpg 768w, https:\/\/turismoburgos.digital\/wp-content\/uploads\/2022\/02\/1-389x235.jpg 389w, https:\/\/turismoburgos.digital\/wp-content\/uploads\/2022\/02\/1-414x250.jpg 414w, https:\/\/turismoburgos.digital\/wp-content\/uploads\/2022\/02\/1-800x484.jpg 800w, https:\/\/turismoburgos.digital\/wp-content\/uploads\/2022\/02\/1-512x310.jpg 512w, https:\/\/turismoburgos.digital\/wp-content\/uploads\/2022\/02\/1.jpg 1042w\" sizes=\"(max-width: 1024px) 100vw, 1024px\" \/><\/figure>\n\n\n\n<figure class=\"wp-block-image size-large\"><img loading=\"lazy\" width=\"800\" height=\"509\" data-id=\"849\"  src=\"http:\/\/turismoburgos.digital\/wp-content\/uploads\/2022\/02\/73913_1.jpg\" alt=\"\" class=\"wp-image-849\" srcset=\"https:\/\/turismoburgos.digital\/wp-content\/uploads\/2022\/02\/73913_1.jpg 800w, https:\/\/turismoburgos.digital\/wp-content\/uploads\/2022\/02\/73913_1-300x191.jpg 300w, https:\/\/turismoburgos.digital\/wp-content\/uploads\/2022\/02\/73913_1-768x489.jpg 768w, https:\/\/turismoburgos.digital\/wp-content\/uploads\/2022\/02\/73913_1-389x248.jpg 389w, https:\/\/turismoburgos.digital\/wp-content\/uploads\/2022\/02\/73913_1-414x263.jpg 414w, https:\/\/turismoburgos.digital\/wp-content\/uploads\/2022\/02\/73913_1-512x326.jpg 512w\" sizes=\"(max-width: 800px) 100vw, 800px\" \/><\/figure>\n\n\n\n<figure class=\"wp-block-image size-large\"><img loading=\"lazy\" width=\"1024\" height=\"681\" data-id=\"853\"  src=\"http:\/\/turismoburgos.digital\/wp-content\/uploads\/2022\/02\/12496243913_6d4aa376b7_h-1024x681.jpg\" alt=\"\" class=\"wp-image-853\" srcset=\"https:\/\/turismoburgos.digital\/wp-content\/uploads\/2022\/02\/12496243913_6d4aa376b7_h-1024x681.jpg 1024w, https:\/\/turismoburgos.digital\/wp-content\/uploads\/2022\/02\/12496243913_6d4aa376b7_h-300x200.jpg 300w, https:\/\/turismoburgos.digital\/wp-content\/uploads\/2022\/02\/12496243913_6d4aa376b7_h-768x511.jpg 768w, https:\/\/turismoburgos.digital\/wp-content\/uploads\/2022\/02\/12496243913_6d4aa376b7_h-1536x1021.jpg 1536w, https:\/\/turismoburgos.digital\/wp-content\/uploads\/2022\/02\/12496243913_6d4aa376b7_h-389x259.jpg 389w, https:\/\/turismoburgos.digital\/wp-content\/uploads\/2022\/02\/12496243913_6d4aa376b7_h-414x275.jpg 414w, https:\/\/turismoburgos.digital\/wp-content\/uploads\/2022\/02\/12496243913_6d4aa376b7_h-800x532.jpg 800w, https:\/\/turismoburgos.digital\/wp-content\/uploads\/2022\/02\/12496243913_6d4aa376b7_h-512x340.jpg 512w, https:\/\/turismoburgos.digital\/wp-content\/uploads\/2022\/02\/12496243913_6d4aa376b7_h.jpg 1600w\" sizes=\"(max-width: 1024px) 100vw, 1024px\" \/><\/figure>\n\n\n\n<figure class=\"wp-block-image size-large\"><img loading=\"lazy\" width=\"1024\" height=\"664\" data-id=\"851\"  src=\"http:\/\/turismoburgos.digital\/wp-content\/uploads\/2022\/02\/12497760363_d7b2ef0fb0_b-1.jpg\" alt=\"\" class=\"wp-image-851\" srcset=\"https:\/\/turismoburgos.digital\/wp-content\/uploads\/2022\/02\/12497760363_d7b2ef0fb0_b-1.jpg 1024w, https:\/\/turismoburgos.digital\/wp-content\/uploads\/2022\/02\/12497760363_d7b2ef0fb0_b-1-300x195.jpg 300w, https:\/\/turismoburgos.digital\/wp-content\/uploads\/2022\/02\/12497760363_d7b2ef0fb0_b-1-768x498.jpg 768w, https:\/\/turismoburgos.digital\/wp-content\/uploads\/2022\/02\/12497760363_d7b2ef0fb0_b-1-389x252.jpg 389w, https:\/\/turismoburgos.digital\/wp-content\/uploads\/2022\/02\/12497760363_d7b2ef0fb0_b-1-414x268.jpg 414w, https:\/\/turismoburgos.digital\/wp-content\/uploads\/2022\/02\/12497760363_d7b2ef0fb0_b-1-800x519.jpg 800w, https:\/\/turismoburgos.digital\/wp-content\/uploads\/2022\/02\/12497760363_d7b2ef0fb0_b-1-512x332.jpg 512w\" sizes=\"(max-width: 1024px) 100vw, 1024px\" \/><\/figure>\n\n\n\n<figure class=\"wp-block-image size-large\"><img loading=\"lazy\" width=\"1024\" height=\"679\" data-id=\"852\"  src=\"http:\/\/turismoburgos.digital\/wp-content\/uploads\/2022\/02\/12498125903_5649180e4f_b.jpg\" alt=\"\" class=\"wp-image-852\" srcset=\"https:\/\/turismoburgos.digital\/wp-content\/uploads\/2022\/02\/12498125903_5649180e4f_b.jpg 1024w, https:\/\/turismoburgos.digital\/wp-content\/uploads\/2022\/02\/12498125903_5649180e4f_b-300x199.jpg 300w, https:\/\/turismoburgos.digital\/wp-content\/uploads\/2022\/02\/12498125903_5649180e4f_b-768x509.jpg 768w, https:\/\/turismoburgos.digital\/wp-content\/uploads\/2022\/02\/12498125903_5649180e4f_b-389x258.jpg 389w, https:\/\/turismoburgos.digital\/wp-content\/uploads\/2022\/02\/12498125903_5649180e4f_b-414x275.jpg 414w, https:\/\/turismoburgos.digital\/wp-content\/uploads\/2022\/02\/12498125903_5649180e4f_b-800x530.jpg 800w, https:\/\/turismoburgos.digital\/wp-content\/uploads\/2022\/02\/12498125903_5649180e4f_b-512x340.jpg 512w\" sizes=\"(max-width: 1024px) 100vw, 1024px\" \/><\/figure>\n<\/figure>\n\n\n\n<hr class=\"wp-block-separator\"\/>\n\n\n\n<p><strong>Calle de Fern\u00e1n Gonz\u00e1lez, 56<\/strong><br><strong>09003 Burgos<\/strong><\/p>\n\n\n\n<p><strong>947 28 88 12<\/strong><\/p>\n\n\n\n<figure class=\"wp-block-embed is-type-link is-provider-burgospedia-la-enciclopedia-del-conocimiento-burgales wp-block-embed-burgospedia-la-enciclopedia-del-conocimiento-burgales\"><div class=\"wp-block-embed__wrapper\">\n<a href=\"https:\/\/burgospedia1.wordpress.com\/2010\/09\/12\/palacio-de-castilfale\/\">PALACIO DE CASTILFAL\u00c9<\/a>\n<\/div><figcaption><a href=\"https:\/\/burgospedia1.wordpress.com\/2010\/09\/12\/palacio-de-castilfale\/\" target=\"_blank\" rel=\"noreferrer noopener\">https:\/\/burgospedia1.wordpress.com\/2010\/09\/12\/palacio-de-castilfale\/<\/a><\/figcaption><\/figure>\n\n\n\n<hr class=\"wp-block-separator\"\/>\n\n\n\n<div class=\"wp-container-1 wp-block-buttons\">\n<div class=\"wp-block-button\"><a class=\"wp-block-button__link\" href=\"https:\/\/www.google.com\/maps\/place\/Palacio+de+Castilfal%C3%A9\/@42.3410907,-3.7048569,15z\/data=!4m2!3m1!1s0x0:0x4adfb7ee6b6733c3?sa=X&amp;ved=2ahUKEwiW98OIiJP2AhUfrHIEHbOPDdQQ_BJ6BAgxEAU\" target=\"_blank\" rel=\"noreferrer noopener\">C\u00f3mo llegar<\/a><\/div>\n<\/div>\n\n\n\n<hr class=\"wp-block-separator\"\/>\n\n\n\n<hr class=\"wp-block-separator\"\/>\n","protected":false},"excerpt":{"rendered":"<p>El Archivo Municipal est\u00e1 ubicado en el Palacio de Castilfal\u00e9, conocido con este nombre en honor a sus \u00faltimos propietarios, los condes de Castilfal\u00e9. Solemne &hellip;<\/p>\n","protected":false},"author":1,"featured_media":1375,"parent":0,"menu_order":0,"comment_status":"closed","ping_status":"closed","template":"","meta":{"_monsterinsights_skip_tracking":false,"_monsterinsights_sitenote_active":false,"_monsterinsights_sitenote_note":"","_monsterinsights_sitenote_category":0},"_links":{"self":[{"href":"https:\/\/turismoburgos.digital\/index.php\/wp-json\/wp\/v2\/pages\/226"}],"collection":[{"href":"https:\/\/turismoburgos.digital\/index.php\/wp-json\/wp\/v2\/pages"}],"about":[{"href":"https:\/\/turismoburgos.digital\/index.php\/wp-json\/wp\/v2\/types\/page"}],"author":[{"embeddable":true,"href":"https:\/\/turismoburgos.digital\/index.php\/wp-json\/wp\/v2\/users\/1"}],"replies":[{"embeddable":true,"href":"https:\/\/turismoburgos.digital\/index.php\/wp-json\/wp\/v2\/comments?post=226"}],"version-history":[{"count":3,"href":"https:\/\/turismoburgos.digital\/index.php\/wp-json\/wp\/v2\/pages\/226\/revisions"}],"predecessor-version":[{"id":1376,"href":"https:\/\/turismoburgos.digital\/index.php\/wp-json\/wp\/v2\/pages\/226\/revisions\/1376"}],"wp:featuredmedia":[{"embeddable":true,"href":"https:\/\/turismoburgos.digital\/index.php\/wp-json\/wp\/v2\/media\/1375"}],"wp:attachment":[{"href":"https:\/\/turismoburgos.digital\/index.php\/wp-json\/wp\/v2\/media?parent=226"}],"curies":[{"name":"wp","href":"https:\/\/api.w.org\/{rel}","templated":true}]}}