{"id":225,"date":"2022-02-20T22:03:59","date_gmt":"2022-02-20T22:03:59","guid":{"rendered":"http:\/\/turismoburgos.digital\/?page_id=225"},"modified":"2022-03-12T07:58:45","modified_gmt":"2022-03-12T07:58:45","slug":"monumento-a-santo-domingo","status":"publish","type":"page","link":"https:\/\/turismoburgos.digital\/index.php\/monumento-a-santo-domingo\/","title":{"rendered":"Monumento a Santo Domingo"},"content":{"rendered":"\n<hr class=\"wp-block-separator\"\/>\n\n\n\n<figure class=\"wp-block-image size-large is-resized\"><img loading=\"lazy\" src=\"http:\/\/turismoburgos.digital\/wp-content\/uploads\/2022\/02\/Burgos_-_Monumento_a_Santo_Domingo_de_Guzman_2-1-683x1024.jpg\" alt=\"\" class=\"wp-image-784\" width=\"1239\" height=\"1856\" srcset=\"https:\/\/turismoburgos.digital\/wp-content\/uploads\/2022\/02\/Burgos_-_Monumento_a_Santo_Domingo_de_Guzman_2-1-683x1024.jpg 683w, https:\/\/turismoburgos.digital\/wp-content\/uploads\/2022\/02\/Burgos_-_Monumento_a_Santo_Domingo_de_Guzman_2-1-200x300.jpg 200w, https:\/\/turismoburgos.digital\/wp-content\/uploads\/2022\/02\/Burgos_-_Monumento_a_Santo_Domingo_de_Guzman_2-1-389x584.jpg 389w, https:\/\/turismoburgos.digital\/wp-content\/uploads\/2022\/02\/Burgos_-_Monumento_a_Santo_Domingo_de_Guzman_2-1-414x621.jpg 414w, https:\/\/turismoburgos.digital\/wp-content\/uploads\/2022\/02\/Burgos_-_Monumento_a_Santo_Domingo_de_Guzman_2-1-512x768.jpg 512w\" sizes=\"(max-width: 1239px) 100vw, 1239px\" \/><figcaption>Monumento a Santo Domingo<\/figcaption><\/figure>\n\n\n\n<hr class=\"wp-block-separator\"\/>\n\n\n\n<p><strong>Inaugurado en 1970 anima y reverencia el soleado paseo. Pero Santo Domingo a\u00f1ora la pasada gradeza de su Orden de Predicadores, cuando sus frailes ocupaban el glorioso convento de San Pablo, centro de arte, de sabidur\u00eda y de santidad.<\/strong><br><strong>Testigos presenciales tan conspicuos como Pascual de Ampudia, Francisco de Vitoria,<\/strong><br><strong>el cerebro m\u00e1s luminoso que haya nacido en Burgos y que en este convento profes\u00f3 en 1504. Hemos de mencionar al Padre fray Gonzalo de Arriaga, que ten bien histori\u00f3 el convento<\/strong><br><strong>y a Burgos. Todo se ha aventado por la invasi\u00f3n francesa<\/strong><br><strong>&nbsp;y por la desamortizaci\u00f3n de Mendiz\u00e1bal.<\/strong><\/p>\n\n\n\n<hr class=\"wp-block-separator\"\/>\n\n\n\n<figure class=\"wp-block-image size-large is-resized\"><img loading=\"lazy\" src=\"http:\/\/turismoburgos.digital\/wp-content\/uploads\/2022\/02\/Burgos_-_Monumento_a_Santo_Domingo_de_Guzman_estatua_sedente_de_Francisco_de_Vitoria-1-683x1024.jpg\" alt=\"\" class=\"wp-image-786\" width=\"1241\" height=\"1861\" srcset=\"https:\/\/turismoburgos.digital\/wp-content\/uploads\/2022\/02\/Burgos_-_Monumento_a_Santo_Domingo_de_Guzman_estatua_sedente_de_Francisco_de_Vitoria-1-683x1024.jpg 683w, https:\/\/turismoburgos.digital\/wp-content\/uploads\/2022\/02\/Burgos_-_Monumento_a_Santo_Domingo_de_Guzman_estatua_sedente_de_Francisco_de_Vitoria-1-200x300.jpg 200w, https:\/\/turismoburgos.digital\/wp-content\/uploads\/2022\/02\/Burgos_-_Monumento_a_Santo_Domingo_de_Guzman_estatua_sedente_de_Francisco_de_Vitoria-1-768x1152.jpg 768w, https:\/\/turismoburgos.digital\/wp-content\/uploads\/2022\/02\/Burgos_-_Monumento_a_Santo_Domingo_de_Guzman_estatua_sedente_de_Francisco_de_Vitoria-1-1024x1536.jpg 1024w, https:\/\/turismoburgos.digital\/wp-content\/uploads\/2022\/02\/Burgos_-_Monumento_a_Santo_Domingo_de_Guzman_estatua_sedente_de_Francisco_de_Vitoria-1-1365x2048.jpg 1365w, https:\/\/turismoburgos.digital\/wp-content\/uploads\/2022\/02\/Burgos_-_Monumento_a_Santo_Domingo_de_Guzman_estatua_sedente_de_Francisco_de_Vitoria-1-389x584.jpg 389w, https:\/\/turismoburgos.digital\/wp-content\/uploads\/2022\/02\/Burgos_-_Monumento_a_Santo_Domingo_de_Guzman_estatua_sedente_de_Francisco_de_Vitoria-1-414x621.jpg 414w, https:\/\/turismoburgos.digital\/wp-content\/uploads\/2022\/02\/Burgos_-_Monumento_a_Santo_Domingo_de_Guzman_estatua_sedente_de_Francisco_de_Vitoria-1-800x1200.jpg 800w, https:\/\/turismoburgos.digital\/wp-content\/uploads\/2022\/02\/Burgos_-_Monumento_a_Santo_Domingo_de_Guzman_estatua_sedente_de_Francisco_de_Vitoria-1-512x768.jpg 512w, https:\/\/turismoburgos.digital\/wp-content\/uploads\/2022\/02\/Burgos_-_Monumento_a_Santo_Domingo_de_Guzman_estatua_sedente_de_Francisco_de_Vitoria-1.jpg 1536w\" sizes=\"(max-width: 1241px) 100vw, 1241px\" \/><\/figure>\n\n\n\n<figure class=\"wp-block-image size-full is-resized\"><img loading=\"lazy\" src=\"http:\/\/turismoburgos.digital\/wp-content\/uploads\/2022\/02\/Ruinas_del_convento_de_San_Pablo_de_Burgos-3.jpg\" alt=\"\" class=\"wp-image-787\" width=\"1241\" height=\"885\" srcset=\"https:\/\/turismoburgos.digital\/wp-content\/uploads\/2022\/02\/Ruinas_del_convento_de_San_Pablo_de_Burgos-3.jpg 484w, https:\/\/turismoburgos.digital\/wp-content\/uploads\/2022\/02\/Ruinas_del_convento_de_San_Pablo_de_Burgos-3-300x214.jpg 300w, https:\/\/turismoburgos.digital\/wp-content\/uploads\/2022\/02\/Ruinas_del_convento_de_San_Pablo_de_Burgos-3-389x277.jpg 389w, https:\/\/turismoburgos.digital\/wp-content\/uploads\/2022\/02\/Ruinas_del_convento_de_San_Pablo_de_Burgos-3-414x295.jpg 414w\" sizes=\"(max-width: 1241px) 100vw, 1241px\" \/><\/figure>\n\n\n\n<hr class=\"wp-block-separator\"\/>\n\n\n\n<p><strong>Paseo Sierra de Atapuerca 4<\/strong><br><strong>09002 Burgos<\/strong><\/p>\n\n\n\n<p><a href=\"https:\/\/www.biodiversidadvirtual.org\/etno\/Monumento-a-Santo-Domingo-de-Guzman-Burgos-img70104.html\" target=\"_blank\" rel=\"noreferrer noopener\">https:\/\/www.biodiversidadvirtual.org\/etno\/Monumento-a-Santo-Domingo-de-Guzman-Burgos-img70104.html<\/a><\/p>\n\n\n\n<hr class=\"wp-block-separator\"\/>\n\n\n\n<div class=\"wp-container-1 wp-block-buttons\">\n<div class=\"wp-block-button\"><a class=\"wp-block-button__link\" href=\"https:\/\/www.google.com\/maps\/place\/Monumento+a+Santo+Domingo+de+Guzm%C3%A1n\/@42.340654,-3.6948061,15z\/data=!4m2!3m1!1s0x0:0x203b8a5a8c15872f?sa=X&amp;ved=2ahUKEwjfvau1_ZL2AhVihf0HHWAwBE0Q_BJ6BAgeEAU\" target=\"_blank\" rel=\"noreferrer noopener\">C\u00f3mo llegar<\/a><\/div>\n<\/div>\n\n\n\n<hr class=\"wp-block-separator\"\/>\n\n\n\n<hr class=\"wp-block-separator\"\/>\n","protected":false},"excerpt":{"rendered":"<p>Inaugurado en 1970 anima y reverencia el soleado paseo. Pero Santo Domingo a\u00f1ora la pasada gradeza de su Orden de Predicadores, cuando sus frailes ocupaban &hellip;<\/p>\n","protected":false},"author":1,"featured_media":1357,"parent":0,"menu_order":0,"comment_status":"closed","ping_status":"closed","template":"","meta":{"_monsterinsights_skip_tracking":false,"_monsterinsights_sitenote_active":false,"_monsterinsights_sitenote_note":"","_monsterinsights_sitenote_category":0},"_links":{"self":[{"href":"https:\/\/turismoburgos.digital\/index.php\/wp-json\/wp\/v2\/pages\/225"}],"collection":[{"href":"https:\/\/turismoburgos.digital\/index.php\/wp-json\/wp\/v2\/pages"}],"about":[{"href":"https:\/\/turismoburgos.digital\/index.php\/wp-json\/wp\/v2\/types\/page"}],"author":[{"embeddable":true,"href":"https:\/\/turismoburgos.digital\/index.php\/wp-json\/wp\/v2\/users\/1"}],"replies":[{"embeddable":true,"href":"https:\/\/turismoburgos.digital\/index.php\/wp-json\/wp\/v2\/comments?post=225"}],"version-history":[{"count":3,"href":"https:\/\/turismoburgos.digital\/index.php\/wp-json\/wp\/v2\/pages\/225\/revisions"}],"predecessor-version":[{"id":1358,"href":"https:\/\/turismoburgos.digital\/index.php\/wp-json\/wp\/v2\/pages\/225\/revisions\/1358"}],"wp:featuredmedia":[{"embeddable":true,"href":"https:\/\/turismoburgos.digital\/index.php\/wp-json\/wp\/v2\/media\/1357"}],"wp:attachment":[{"href":"https:\/\/turismoburgos.digital\/index.php\/wp-json\/wp\/v2\/media?parent=225"}],"curies":[{"name":"wp","href":"https:\/\/api.w.org\/{rel}","templated":true}]}}