{"id":222,"date":"2022-02-20T22:03:59","date_gmt":"2022-02-20T22:03:59","guid":{"rendered":"http:\/\/turismoburgos.digital\/?page_id=222"},"modified":"2022-03-12T07:53:40","modified_gmt":"2022-03-12T07:53:40","slug":"monumento-al-cid","status":"publish","type":"page","link":"https:\/\/turismoburgos.digital\/index.php\/monumento-al-cid\/","title":{"rendered":"Monumento al Cid"},"content":{"rendered":"\n<hr class=\"wp-block-separator\"\/>\n\n\n\n<figure class=\"wp-block-image size-full is-resized\"><img loading=\"lazy\" src=\"http:\/\/turismoburgos.digital\/wp-content\/uploads\/2022\/02\/2811212579_2a86e02ab7-1.jpg\" alt=\"\" class=\"wp-image-766\" width=\"1239\" height=\"865\" srcset=\"https:\/\/turismoburgos.digital\/wp-content\/uploads\/2022\/02\/2811212579_2a86e02ab7-1.jpg 500w, https:\/\/turismoburgos.digital\/wp-content\/uploads\/2022\/02\/2811212579_2a86e02ab7-1-300x209.jpg 300w, https:\/\/turismoburgos.digital\/wp-content\/uploads\/2022\/02\/2811212579_2a86e02ab7-1-389x272.jpg 389w, https:\/\/turismoburgos.digital\/wp-content\/uploads\/2022\/02\/2811212579_2a86e02ab7-1-414x289.jpg 414w\" sizes=\"(max-width: 1239px) 100vw, 1239px\" \/><figcaption>Monumento al Cid<\/figcaption><\/figure>\n\n\n\n<hr class=\"wp-block-separator\"\/>\n\n\n\n<p><strong>En la Plaza que lleva su nombre, atisbando lejan\u00edas infinitas, caracolea el Cid sobre Babieca, en el monumento de Juan Crist\u00f3bal.<\/strong><br><strong>&nbsp;&nbsp;&nbsp;&nbsp;&nbsp;Burgos ten\u00eda una deuda secular con su h\u00e9roe y en 1955 se sald\u00f3. El artista nos presenta a don Rodrigo con la capa al viento, la barba florida como una cascada de discursos \u00e9picos y la espada se\u00f1alando un camino de estrellas.<\/strong><\/p>\n\n\n\n<hr class=\"wp-block-separator\"\/>\n\n\n\n<figure class=\"wp-block-gallery has-nested-images columns-default is-cropped\">\n<figure class=\"wp-block-image size-large\"><img loading=\"lazy\" width=\"369\" height=\"261\" data-id=\"772\"  src=\"http:\/\/turismoburgos.digital\/wp-content\/uploads\/2022\/02\/657578.jpg\" alt=\"\" class=\"wp-image-772\" srcset=\"https:\/\/turismoburgos.digital\/wp-content\/uploads\/2022\/02\/657578.jpg 369w, https:\/\/turismoburgos.digital\/wp-content\/uploads\/2022\/02\/657578-300x212.jpg 300w\" sizes=\"(max-width: 369px) 100vw, 369px\" \/><\/figure>\n\n\n\n<figure class=\"wp-block-image size-large\"><img loading=\"lazy\" width=\"1024\" height=\"776\" data-id=\"771\"  src=\"http:\/\/turismoburgos.digital\/wp-content\/uploads\/2022\/02\/cid-2-1024x776.jpg\" alt=\"\" class=\"wp-image-771\" srcset=\"https:\/\/turismoburgos.digital\/wp-content\/uploads\/2022\/02\/cid-2-1024x776.jpg 1024w, https:\/\/turismoburgos.digital\/wp-content\/uploads\/2022\/02\/cid-2-300x227.jpg 300w, https:\/\/turismoburgos.digital\/wp-content\/uploads\/2022\/02\/cid-2-768x582.jpg 768w, https:\/\/turismoburgos.digital\/wp-content\/uploads\/2022\/02\/cid-2-389x295.jpg 389w, https:\/\/turismoburgos.digital\/wp-content\/uploads\/2022\/02\/cid-2-414x314.jpg 414w, https:\/\/turismoburgos.digital\/wp-content\/uploads\/2022\/02\/cid-2-800x607.jpg 800w, https:\/\/turismoburgos.digital\/wp-content\/uploads\/2022\/02\/cid-2-512x388.jpg 512w, https:\/\/turismoburgos.digital\/wp-content\/uploads\/2022\/02\/cid-2.jpg 1220w\" sizes=\"(max-width: 1024px) 100vw, 1024px\" \/><\/figure>\n\n\n\n<figure class=\"wp-block-image size-large\"><img loading=\"lazy\" width=\"1024\" height=\"893\" data-id=\"769\"  src=\"http:\/\/turismoburgos.digital\/wp-content\/uploads\/2022\/02\/cid-burgos-2-1024x893.jpg\" alt=\"\" class=\"wp-image-769\" srcset=\"https:\/\/turismoburgos.digital\/wp-content\/uploads\/2022\/02\/cid-burgos-2-1024x893.jpg 1024w, https:\/\/turismoburgos.digital\/wp-content\/uploads\/2022\/02\/cid-burgos-2-300x262.jpg 300w, https:\/\/turismoburgos.digital\/wp-content\/uploads\/2022\/02\/cid-burgos-2-768x670.jpg 768w, https:\/\/turismoburgos.digital\/wp-content\/uploads\/2022\/02\/cid-burgos-2-389x339.jpg 389w, https:\/\/turismoburgos.digital\/wp-content\/uploads\/2022\/02\/cid-burgos-2-414x361.jpg 414w, https:\/\/turismoburgos.digital\/wp-content\/uploads\/2022\/02\/cid-burgos-2-800x698.jpg 800w, https:\/\/turismoburgos.digital\/wp-content\/uploads\/2022\/02\/cid-burgos-2-512x447.jpg 512w, https:\/\/turismoburgos.digital\/wp-content\/uploads\/2022\/02\/cid-burgos-2.jpg 1220w\" sizes=\"(max-width: 1024px) 100vw, 1024px\" \/><\/figure>\n\n\n\n<figure class=\"wp-block-image size-large\"><img loading=\"lazy\" width=\"768\" height=\"1024\" data-id=\"770\"  src=\"http:\/\/turismoburgos.digital\/wp-content\/uploads\/2022\/02\/Monumento_al_Cid_Burgos_01.jpg\" alt=\"\" class=\"wp-image-770\" srcset=\"https:\/\/turismoburgos.digital\/wp-content\/uploads\/2022\/02\/Monumento_al_Cid_Burgos_01.jpg 768w, https:\/\/turismoburgos.digital\/wp-content\/uploads\/2022\/02\/Monumento_al_Cid_Burgos_01-225x300.jpg 225w, https:\/\/turismoburgos.digital\/wp-content\/uploads\/2022\/02\/Monumento_al_Cid_Burgos_01-389x519.jpg 389w, https:\/\/turismoburgos.digital\/wp-content\/uploads\/2022\/02\/Monumento_al_Cid_Burgos_01-414x552.jpg 414w, https:\/\/turismoburgos.digital\/wp-content\/uploads\/2022\/02\/Monumento_al_Cid_Burgos_01-512x683.jpg 512w\" sizes=\"(max-width: 768px) 100vw, 768px\" \/><\/figure>\n\n\n\n<figure class=\"wp-block-image size-large\"><img loading=\"lazy\" width=\"816\" height=\"271\" data-id=\"768\"  src=\"http:\/\/turismoburgos.digital\/wp-content\/uploads\/2022\/02\/pan-burgos-4-alcjpg-1.jpg\" alt=\"\" class=\"wp-image-768\" srcset=\"https:\/\/turismoburgos.digital\/wp-content\/uploads\/2022\/02\/pan-burgos-4-alcjpg-1.jpg 816w, https:\/\/turismoburgos.digital\/wp-content\/uploads\/2022\/02\/pan-burgos-4-alcjpg-1-300x100.jpg 300w, https:\/\/turismoburgos.digital\/wp-content\/uploads\/2022\/02\/pan-burgos-4-alcjpg-1-768x255.jpg 768w, https:\/\/turismoburgos.digital\/wp-content\/uploads\/2022\/02\/pan-burgos-4-alcjpg-1-389x129.jpg 389w, https:\/\/turismoburgos.digital\/wp-content\/uploads\/2022\/02\/pan-burgos-4-alcjpg-1-414x137.jpg 414w, https:\/\/turismoburgos.digital\/wp-content\/uploads\/2022\/02\/pan-burgos-4-alcjpg-1-800x266.jpg 800w, https:\/\/turismoburgos.digital\/wp-content\/uploads\/2022\/02\/pan-burgos-4-alcjpg-1-512x170.jpg 512w\" sizes=\"(max-width: 816px) 100vw, 816px\" \/><\/figure>\n<\/figure>\n\n\n\n<figure class=\"wp-block-image size-full is-resized\"><img loading=\"lazy\" src=\"http:\/\/turismoburgos.digital\/wp-content\/uploads\/2022\/02\/30052843.jpg\" alt=\"\" class=\"wp-image-773\" width=\"1240\" height=\"807\" srcset=\"https:\/\/turismoburgos.digital\/wp-content\/uploads\/2022\/02\/30052843.jpg 523w, https:\/\/turismoburgos.digital\/wp-content\/uploads\/2022\/02\/30052843-300x195.jpg 300w, https:\/\/turismoburgos.digital\/wp-content\/uploads\/2022\/02\/30052843-389x253.jpg 389w, https:\/\/turismoburgos.digital\/wp-content\/uploads\/2022\/02\/30052843-414x269.jpg 414w, https:\/\/turismoburgos.digital\/wp-content\/uploads\/2022\/02\/30052843-512x333.jpg 512w\" sizes=\"(max-width: 1240px) 100vw, 1240px\" \/><\/figure>\n\n\n\n<hr class=\"wp-block-separator\"\/>\n\n\n\n<p><strong>Paseo Empecinado<\/strong><br><strong>09001 Burgos<\/strong><\/p>\n\n\n\n<figure class=\"wp-block-embed is-type-link is-provider-burgospedia-la-enciclopedia-del-conocimiento-burgales wp-block-embed-burgospedia-la-enciclopedia-del-conocimiento-burgales\"><div class=\"wp-block-embed__wrapper\">\n<a href=\"https:\/\/burgospedia1.wordpress.com\/2010\/03\/06\/el-cid-campeador-la-estatua\/\">EL CID CAMPEADOR -La&nbsp;estatua-<\/a>\n<\/div><figcaption><a href=\"https:\/\/burgospedia1.wordpress.com\/2010\/03\/06\/el-cid-campeador-la-estatua\/\" target=\"_blank\" rel=\"noreferrer noopener\">https:\/\/burgospedia1.wordpress.com\/2010\/03\/06\/el-cid-campeador-la-estatua\/<\/a><\/figcaption><\/figure>\n\n\n\n<hr class=\"wp-block-separator\"\/>\n\n\n\n<div class=\"wp-container-1 wp-block-buttons\">\n<div class=\"wp-block-button\"><a class=\"wp-block-button__link\" href=\"https:\/\/www.google.com\/maps\/place\/Estatua+del+Cid+Campeador\/@42.3407121,-3.6996011,15z\/data=!4m2!3m1!1s0x0:0x40b2563b9e6e123d?sa=X&amp;ved=2ahUKEwjjy8nH-pL2AhUDuRoKHUMkAr0Q_BJ6BAguEAU\" target=\"_blank\" rel=\"noreferrer noopener\">C\u00f3mo llegar<\/a><\/div>\n<\/div>\n\n\n\n<hr class=\"wp-block-separator\"\/>\n\n\n\n<hr class=\"wp-block-separator\"\/>\n","protected":false},"excerpt":{"rendered":"<p>En la Plaza que lleva su nombre, atisbando lejan\u00edas infinitas, caracolea el Cid sobre Babieca, en el monumento de Juan Crist\u00f3bal.&nbsp;&nbsp;&nbsp;&nbsp;&nbsp;Burgos ten\u00eda una deuda secular &hellip;<\/p>\n","protected":false},"author":1,"featured_media":1351,"parent":0,"menu_order":0,"comment_status":"closed","ping_status":"closed","template":"","meta":{"_monsterinsights_skip_tracking":false,"_monsterinsights_sitenote_active":false,"_monsterinsights_sitenote_note":"","_monsterinsights_sitenote_category":0},"_links":{"self":[{"href":"https:\/\/turismoburgos.digital\/index.php\/wp-json\/wp\/v2\/pages\/222"}],"collection":[{"href":"https:\/\/turismoburgos.digital\/index.php\/wp-json\/wp\/v2\/pages"}],"about":[{"href":"https:\/\/turismoburgos.digital\/index.php\/wp-json\/wp\/v2\/types\/page"}],"author":[{"embeddable":true,"href":"https:\/\/turismoburgos.digital\/index.php\/wp-json\/wp\/v2\/users\/1"}],"replies":[{"embeddable":true,"href":"https:\/\/turismoburgos.digital\/index.php\/wp-json\/wp\/v2\/comments?post=222"}],"version-history":[{"count":3,"href":"https:\/\/turismoburgos.digital\/index.php\/wp-json\/wp\/v2\/pages\/222\/revisions"}],"predecessor-version":[{"id":1352,"href":"https:\/\/turismoburgos.digital\/index.php\/wp-json\/wp\/v2\/pages\/222\/revisions\/1352"}],"wp:featuredmedia":[{"embeddable":true,"href":"https:\/\/turismoburgos.digital\/index.php\/wp-json\/wp\/v2\/media\/1351"}],"wp:attachment":[{"href":"https:\/\/turismoburgos.digital\/index.php\/wp-json\/wp\/v2\/media?parent=222"}],"curies":[{"name":"wp","href":"https:\/\/api.w.org\/{rel}","templated":true}]}}