{"id":183,"date":"2022-02-20T21:44:04","date_gmt":"2022-02-20T21:44:04","guid":{"rendered":"http:\/\/turismoburgos.digital\/?page_id=183"},"modified":"2022-03-12T08:08:35","modified_gmt":"2022-03-12T08:08:35","slug":"casa-del-cordon","status":"publish","type":"page","link":"https:\/\/turismoburgos.digital\/index.php\/casa-del-cordon\/","title":{"rendered":"Casa del Cord\u00f3n"},"content":{"rendered":"\n<hr class=\"wp-block-separator\"\/>\n\n\n\n<figure class=\"wp-block-image size-full is-resized\"><img loading=\"lazy\" src=\"http:\/\/turismoburgos.digital\/wp-content\/uploads\/2022\/02\/7319563216_e6d308f1ab_b-1.jpg\" alt=\"\" class=\"wp-image-823\" width=\"1241\" height=\"824\" srcset=\"https:\/\/turismoburgos.digital\/wp-content\/uploads\/2022\/02\/7319563216_e6d308f1ab_b-1.jpg 1024w, https:\/\/turismoburgos.digital\/wp-content\/uploads\/2022\/02\/7319563216_e6d308f1ab_b-1-300x199.jpg 300w, https:\/\/turismoburgos.digital\/wp-content\/uploads\/2022\/02\/7319563216_e6d308f1ab_b-1-768x510.jpg 768w, https:\/\/turismoburgos.digital\/wp-content\/uploads\/2022\/02\/7319563216_e6d308f1ab_b-1-389x258.jpg 389w, https:\/\/turismoburgos.digital\/wp-content\/uploads\/2022\/02\/7319563216_e6d308f1ab_b-1-414x275.jpg 414w, https:\/\/turismoburgos.digital\/wp-content\/uploads\/2022\/02\/7319563216_e6d308f1ab_b-1-800x531.jpg 800w, https:\/\/turismoburgos.digital\/wp-content\/uploads\/2022\/02\/7319563216_e6d308f1ab_b-1-512x340.jpg 512w\" sizes=\"(max-width: 1241px) 100vw, 1241px\" \/><figcaption>Casa del Cord\u00f3n<\/figcaption><\/figure>\n\n\n\n<hr class=\"wp-block-separator\"\/>\n\n\n\n<p><strong>La Casa del Cord\u00f3n o Palacio de los Condestables de Castilla se encuentra en la Plaza de Calvo Sotelo, antigua Plaza del Mercado Mayor.<\/strong><br><strong>&nbsp;&nbsp;&nbsp;&nbsp;&nbsp;Es el m\u00e1s significativo de los edificios civiles burgaleses. Debe su nombre al cord\u00f3n franciscano que enmarca la portada. Edificado a finales del siglo XV por Sim\u00f3n de Colonia para el Condestable don Pedro Fern\u00e1ndez de Velasco, los balcones neog\u00f3ticos que adornan su fachada fueron realizados por Vicente Lamp\u00e9rez a principios del siglo XX.<\/strong><br><strong>&nbsp;&nbsp;&nbsp;&nbsp;&nbsp;En \u00e9l recibieron los Reyes Cat\u00f3licos a Crist\u00f3bal Col\u00f3n a la vuelta de su segundo viaje a Am\u00e9rica, en 1497. Col\u00f3n, vestido con h\u00e1bito franciscano, brind\u00f3 a los reyes un nuevo mundo y oro&#8230; Oro que los reyes destinaron para dorar el altar de la Cartuja de Miraflores y los alfarjes de Aljafer\u00eda de Zaragoza.<\/strong><br><strong>&nbsp;&nbsp;&nbsp;&nbsp;&nbsp;En ese mismo a\u00f1o, y en el mismo egregio lugar, se celebraron las bodas del pr\u00edncipe don Juan, primog\u00e9nito de los Reyes, con do\u00f1a Margarita de Austria. A\u00f1os m\u00e1s tarde, en septiembre de 1506 fallec\u00eda en sus aposentos Felipe I, el Hermoso, esposo de la reina do\u00f1a Juana.<\/strong><\/p>\n\n\n\n<hr class=\"wp-block-separator\"\/>\n\n\n\n<figure class=\"wp-block-embed is-type-video is-provider-youtube wp-block-embed-youtube wp-embed-aspect-4-3 wp-has-aspect-ratio\"><div class=\"wp-block-embed__wrapper\">\n<iframe loading=\"lazy\" title=\"Casa del Cord\u00f3n\" width=\"1032\" height=\"774\" src=\"https:\/\/www.youtube.com\/embed\/-3Xe-gF0HIA?feature=oembed\" frameborder=\"0\" allow=\"accelerometer; autoplay; clipboard-write; encrypted-media; gyroscope; picture-in-picture\" allowfullscreen><\/iframe>\n<\/div><\/figure>\n\n\n\n<hr class=\"wp-block-separator\"\/>\n\n\n\n<figure class=\"wp-block-gallery has-nested-images columns-default is-cropped\">\n<figure class=\"wp-block-image size-large\"><img loading=\"lazy\" width=\"660\" height=\"365\" data-id=\"828\"  src=\"http:\/\/turismoburgos.digital\/wp-content\/uploads\/2022\/02\/casa_cordon_burgos_t0900494.jpg_1306973099.jpg\" alt=\"\" class=\"wp-image-828\" srcset=\"https:\/\/turismoburgos.digital\/wp-content\/uploads\/2022\/02\/casa_cordon_burgos_t0900494.jpg_1306973099.jpg 660w, https:\/\/turismoburgos.digital\/wp-content\/uploads\/2022\/02\/casa_cordon_burgos_t0900494.jpg_1306973099-300x166.jpg 300w, https:\/\/turismoburgos.digital\/wp-content\/uploads\/2022\/02\/casa_cordon_burgos_t0900494.jpg_1306973099-389x215.jpg 389w, https:\/\/turismoburgos.digital\/wp-content\/uploads\/2022\/02\/casa_cordon_burgos_t0900494.jpg_1306973099-414x229.jpg 414w, https:\/\/turismoburgos.digital\/wp-content\/uploads\/2022\/02\/casa_cordon_burgos_t0900494.jpg_1306973099-512x283.jpg 512w\" sizes=\"(max-width: 660px) 100vw, 660px\" \/><\/figure>\n\n\n\n<figure class=\"wp-block-image size-large\"><img loading=\"lazy\" width=\"660\" height=\"365\" data-id=\"825\"  src=\"http:\/\/turismoburgos.digital\/wp-content\/uploads\/2022\/02\/casa_del_cordon_burgos_t0900492.jpg_1306973099.jpg\" alt=\"\" class=\"wp-image-825\" srcset=\"https:\/\/turismoburgos.digital\/wp-content\/uploads\/2022\/02\/casa_del_cordon_burgos_t0900492.jpg_1306973099.jpg 660w, https:\/\/turismoburgos.digital\/wp-content\/uploads\/2022\/02\/casa_del_cordon_burgos_t0900492.jpg_1306973099-300x166.jpg 300w, https:\/\/turismoburgos.digital\/wp-content\/uploads\/2022\/02\/casa_del_cordon_burgos_t0900492.jpg_1306973099-389x215.jpg 389w, https:\/\/turismoburgos.digital\/wp-content\/uploads\/2022\/02\/casa_del_cordon_burgos_t0900492.jpg_1306973099-414x229.jpg 414w, https:\/\/turismoburgos.digital\/wp-content\/uploads\/2022\/02\/casa_del_cordon_burgos_t0900492.jpg_1306973099-512x283.jpg 512w\" sizes=\"(max-width: 660px) 100vw, 660px\" \/><\/figure>\n\n\n\n<figure class=\"wp-block-image size-large\"><img loading=\"lazy\" width=\"627\" height=\"462\" data-id=\"826\"  src=\"http:\/\/turismoburgos.digital\/wp-content\/uploads\/2022\/02\/CasadelCordon.jpg\" alt=\"\" class=\"wp-image-826\" srcset=\"https:\/\/turismoburgos.digital\/wp-content\/uploads\/2022\/02\/CasadelCordon.jpg 627w, https:\/\/turismoburgos.digital\/wp-content\/uploads\/2022\/02\/CasadelCordon-300x221.jpg 300w, https:\/\/turismoburgos.digital\/wp-content\/uploads\/2022\/02\/CasadelCordon-389x287.jpg 389w, https:\/\/turismoburgos.digital\/wp-content\/uploads\/2022\/02\/CasadelCordon-414x305.jpg 414w, https:\/\/turismoburgos.digital\/wp-content\/uploads\/2022\/02\/CasadelCordon-512x377.jpg 512w\" sizes=\"(max-width: 627px) 100vw, 627px\" \/><\/figure>\n\n\n\n<figure class=\"wp-block-image size-large\"><img loading=\"lazy\" width=\"1024\" height=\"768\" data-id=\"827\"  src=\"http:\/\/turismoburgos.digital\/wp-content\/uploads\/2022\/02\/edw-1.jpg\" alt=\"\" class=\"wp-image-827\" srcset=\"https:\/\/turismoburgos.digital\/wp-content\/uploads\/2022\/02\/edw-1.jpg 1024w, https:\/\/turismoburgos.digital\/wp-content\/uploads\/2022\/02\/edw-1-300x225.jpg 300w, https:\/\/turismoburgos.digital\/wp-content\/uploads\/2022\/02\/edw-1-768x576.jpg 768w, https:\/\/turismoburgos.digital\/wp-content\/uploads\/2022\/02\/edw-1-389x292.jpg 389w, https:\/\/turismoburgos.digital\/wp-content\/uploads\/2022\/02\/edw-1-414x311.jpg 414w, https:\/\/turismoburgos.digital\/wp-content\/uploads\/2022\/02\/edw-1-800x600.jpg 800w, https:\/\/turismoburgos.digital\/wp-content\/uploads\/2022\/02\/edw-1-512x384.jpg 512w\" sizes=\"(max-width: 1024px) 100vw, 1024px\" \/><\/figure>\n<\/figure>\n\n\n\n<figure class=\"wp-block-image size-full is-resized\"><img loading=\"lazy\" src=\"http:\/\/turismoburgos.digital\/wp-content\/uploads\/2022\/02\/31386388.jpg\" alt=\"\" class=\"wp-image-829\" width=\"1238\" height=\"776\" srcset=\"https:\/\/turismoburgos.digital\/wp-content\/uploads\/2022\/02\/31386388.jpg 550w, https:\/\/turismoburgos.digital\/wp-content\/uploads\/2022\/02\/31386388-300x188.jpg 300w, https:\/\/turismoburgos.digital\/wp-content\/uploads\/2022\/02\/31386388-389x244.jpg 389w, https:\/\/turismoburgos.digital\/wp-content\/uploads\/2022\/02\/31386388-414x260.jpg 414w, https:\/\/turismoburgos.digital\/wp-content\/uploads\/2022\/02\/31386388-512x321.jpg 512w\" sizes=\"(max-width: 1238px) 100vw, 1238px\" \/><\/figure>\n\n\n\n<hr class=\"wp-block-separator\"\/>\n\n\n\n<p><strong>Plaza de la Libertad<\/strong><br><strong>09004 Burgos<\/strong><\/p>\n\n\n\n<p><strong>947 25 81 00<\/strong><\/p>\n\n\n\n<p><a href=\"https:\/\/es.wikipedia.org\/wiki\/Casa_del_Cord%C3%B3n_(Burgos)\" target=\"_blank\" rel=\"noreferrer noopener\">https:\/\/es.wikipedia.org\/wiki\/Casa_del_Cord%C3%B3n_(Burgos)<\/a><\/p>\n\n\n\n<hr class=\"wp-block-separator\"\/>\n\n\n\n<div class=\"wp-container-1 wp-block-buttons\">\n<div class=\"wp-block-button\"><a class=\"wp-block-button__link\" href=\"https:\/\/www.google.com\/maps\/place\/Casa+del+Cord%C3%B3n+-+Sala+de+exposiciones+de+Fundaci%C3%B3n+Caja+de+Burgos\/@42.3417878,-3.6998485,15z\/data=!4m2!3m1!1s0x0:0x21e503107549b524?sa=X&amp;ved=2ahUKEwjwl5bAhJP2AhX_mHIEHa0eDJ8Q_BJ6BAg0EAU\" target=\"_blank\" rel=\"noreferrer noopener\">C\u00f3mo llegar<\/a><\/div>\n<\/div>\n\n\n\n<hr class=\"wp-block-separator\"\/>\n\n\n\n<hr class=\"wp-block-separator\"\/>\n","protected":false},"excerpt":{"rendered":"<p>La Casa del Cord\u00f3n o Palacio de los Condestables de Castilla se encuentra en la Plaza de Calvo Sotelo, antigua Plaza del Mercado Mayor.&nbsp;&nbsp;&nbsp;&nbsp;&nbsp;Es el &hellip;<\/p>\n","protected":false},"author":1,"featured_media":1369,"parent":0,"menu_order":0,"comment_status":"closed","ping_status":"closed","template":"","meta":{"_monsterinsights_skip_tracking":false,"_monsterinsights_sitenote_active":false,"_monsterinsights_sitenote_note":"","_monsterinsights_sitenote_category":0},"_links":{"self":[{"href":"https:\/\/turismoburgos.digital\/index.php\/wp-json\/wp\/v2\/pages\/183"}],"collection":[{"href":"https:\/\/turismoburgos.digital\/index.php\/wp-json\/wp\/v2\/pages"}],"about":[{"href":"https:\/\/turismoburgos.digital\/index.php\/wp-json\/wp\/v2\/types\/page"}],"author":[{"embeddable":true,"href":"https:\/\/turismoburgos.digital\/index.php\/wp-json\/wp\/v2\/users\/1"}],"replies":[{"embeddable":true,"href":"https:\/\/turismoburgos.digital\/index.php\/wp-json\/wp\/v2\/comments?post=183"}],"version-history":[{"count":3,"href":"https:\/\/turismoburgos.digital\/index.php\/wp-json\/wp\/v2\/pages\/183\/revisions"}],"predecessor-version":[{"id":1370,"href":"https:\/\/turismoburgos.digital\/index.php\/wp-json\/wp\/v2\/pages\/183\/revisions\/1370"}],"wp:featuredmedia":[{"embeddable":true,"href":"https:\/\/turismoburgos.digital\/index.php\/wp-json\/wp\/v2\/media\/1369"}],"wp:attachment":[{"href":"https:\/\/turismoburgos.digital\/index.php\/wp-json\/wp\/v2\/media?parent=183"}],"curies":[{"name":"wp","href":"https:\/\/api.w.org\/{rel}","templated":true}]}}