{"id":181,"date":"2022-02-20T21:44:04","date_gmt":"2022-02-20T21:44:04","guid":{"rendered":"http:\/\/turismoburgos.digital\/?page_id=181"},"modified":"2022-03-12T07:51:32","modified_gmt":"2022-03-12T07:51:32","slug":"monasterio-de-san-juan","status":"publish","type":"page","link":"https:\/\/turismoburgos.digital\/index.php\/monasterio-de-san-juan\/","title":{"rendered":"Monasterio de San Juan"},"content":{"rendered":"\n<hr class=\"wp-block-separator\"\/>\n\n\n\n<figure class=\"wp-block-image size-full is-resized\"><img loading=\"lazy\" src=\"http:\/\/turismoburgos.digital\/wp-content\/uploads\/2022\/02\/2015112405-1024x683-1.jpg\" alt=\"\" class=\"wp-image-757\" width=\"1240\" height=\"827\" srcset=\"https:\/\/turismoburgos.digital\/wp-content\/uploads\/2022\/02\/2015112405-1024x683-1.jpg 1024w, https:\/\/turismoburgos.digital\/wp-content\/uploads\/2022\/02\/2015112405-1024x683-1-300x200.jpg 300w, https:\/\/turismoburgos.digital\/wp-content\/uploads\/2022\/02\/2015112405-1024x683-1-768x512.jpg 768w, https:\/\/turismoburgos.digital\/wp-content\/uploads\/2022\/02\/2015112405-1024x683-1-389x259.jpg 389w, https:\/\/turismoburgos.digital\/wp-content\/uploads\/2022\/02\/2015112405-1024x683-1-414x276.jpg 414w, https:\/\/turismoburgos.digital\/wp-content\/uploads\/2022\/02\/2015112405-1024x683-1-800x534.jpg 800w, https:\/\/turismoburgos.digital\/wp-content\/uploads\/2022\/02\/2015112405-1024x683-1-512x342.jpg 512w\" sizes=\"(max-width: 1240px) 100vw, 1240px\" \/><figcaption>Monasterio de San Juan<\/figcaption><\/figure>\n\n\n\n<hr class=\"wp-block-separator\"\/>\n\n\n\n<p><strong>Este monasterio se fund\u00f3 en el a\u00f1o 1091 cuando los reyes Alfonso VI y Constanza de Borgo\u00f1a hicieron donaci\u00f3n de un peque\u00f1o centro asistencial al monje Lesmes, venido de la abad\u00eda de Chaise-Dieu. \u00c9l fu\u00e9 el primer prior y a su muerte fu\u00e9 venerado como santo en la capilla de San Juan, predecesora de la actual iglesia de San Lesmes.<\/strong><br><strong>&nbsp;&nbsp;&nbsp;&nbsp;&nbsp;El convento, bajo el aliento de los Reyes Cat\u00f3licos, se hizo enorme y bien labrado. Pero como otras obras magn\u00edficas, tambi\u00e9n \u00e9sta ha sido mordida por la incuria de los tiempos. Sobre parte del solar se alza la Casa de Cultura. De lo que fuera el monasterio una desnuda torre y la nave desarbolada; dentro de ella ha colocado el Ayuntamiento la puerta de la casa de los Sarmiento y la del monasterio de San Pedro de Arlanza, ambas platerescas. Se han salvado el gran claustro procesional, cerrado y la llamada Sala Capitular. En la presunta sacrist\u00eda se ha reunido una parte del bot\u00e1men de la farmacia conventual, almireces y libros.<\/strong><\/p>\n\n\n\n<hr class=\"wp-block-separator\"\/>\n\n\n\n<figure class=\"wp-block-gallery has-nested-images columns-default is-cropped\">\n<figure class=\"wp-block-image size-large\"><img loading=\"lazy\" width=\"1024\" height=\"900\" data-id=\"760\"  src=\"http:\/\/turismoburgos.digital\/wp-content\/uploads\/2022\/02\/1539174308_333498_1539260003_noticia_normal-1024x900.jpg\" alt=\"\" class=\"wp-image-760\" srcset=\"https:\/\/turismoburgos.digital\/wp-content\/uploads\/2022\/02\/1539174308_333498_1539260003_noticia_normal-1024x900.jpg 1024w, https:\/\/turismoburgos.digital\/wp-content\/uploads\/2022\/02\/1539174308_333498_1539260003_noticia_normal-300x264.jpg 300w, https:\/\/turismoburgos.digital\/wp-content\/uploads\/2022\/02\/1539174308_333498_1539260003_noticia_normal-768x675.jpg 768w, https:\/\/turismoburgos.digital\/wp-content\/uploads\/2022\/02\/1539174308_333498_1539260003_noticia_normal-389x342.jpg 389w, https:\/\/turismoburgos.digital\/wp-content\/uploads\/2022\/02\/1539174308_333498_1539260003_noticia_normal-414x364.jpg 414w, https:\/\/turismoburgos.digital\/wp-content\/uploads\/2022\/02\/1539174308_333498_1539260003_noticia_normal-800x703.jpg 800w, https:\/\/turismoburgos.digital\/wp-content\/uploads\/2022\/02\/1539174308_333498_1539260003_noticia_normal-512x450.jpg 512w, https:\/\/turismoburgos.digital\/wp-content\/uploads\/2022\/02\/1539174308_333498_1539260003_noticia_normal.jpg 1080w\" sizes=\"(max-width: 1024px) 100vw, 1024px\" \/><\/figure>\n\n\n\n<figure class=\"wp-block-image size-large\"><img loading=\"lazy\" width=\"1024\" height=\"647\" data-id=\"759\"  src=\"http:\/\/turismoburgos.digital\/wp-content\/uploads\/2022\/02\/2015112402-1024x647-1.jpg\" alt=\"\" class=\"wp-image-759\" srcset=\"https:\/\/turismoburgos.digital\/wp-content\/uploads\/2022\/02\/2015112402-1024x647-1.jpg 1024w, https:\/\/turismoburgos.digital\/wp-content\/uploads\/2022\/02\/2015112402-1024x647-1-300x190.jpg 300w, https:\/\/turismoburgos.digital\/wp-content\/uploads\/2022\/02\/2015112402-1024x647-1-768x485.jpg 768w, https:\/\/turismoburgos.digital\/wp-content\/uploads\/2022\/02\/2015112402-1024x647-1-389x246.jpg 389w, https:\/\/turismoburgos.digital\/wp-content\/uploads\/2022\/02\/2015112402-1024x647-1-414x262.jpg 414w, https:\/\/turismoburgos.digital\/wp-content\/uploads\/2022\/02\/2015112402-1024x647-1-800x505.jpg 800w, https:\/\/turismoburgos.digital\/wp-content\/uploads\/2022\/02\/2015112402-1024x647-1-512x324.jpg 512w\" sizes=\"(max-width: 1024px) 100vw, 1024px\" \/><\/figure>\n\n\n\n<figure class=\"wp-block-image size-large\"><img loading=\"lazy\" width=\"793\" height=\"527\" data-id=\"761\"  src=\"http:\/\/turismoburgos.digital\/wp-content\/uploads\/2022\/02\/CSCP101472-1.jpg\" alt=\"\" class=\"wp-image-761\" srcset=\"https:\/\/turismoburgos.digital\/wp-content\/uploads\/2022\/02\/CSCP101472-1.jpg 793w, https:\/\/turismoburgos.digital\/wp-content\/uploads\/2022\/02\/CSCP101472-1-300x199.jpg 300w, https:\/\/turismoburgos.digital\/wp-content\/uploads\/2022\/02\/CSCP101472-1-768x510.jpg 768w, https:\/\/turismoburgos.digital\/wp-content\/uploads\/2022\/02\/CSCP101472-1-389x259.jpg 389w, https:\/\/turismoburgos.digital\/wp-content\/uploads\/2022\/02\/CSCP101472-1-414x275.jpg 414w, https:\/\/turismoburgos.digital\/wp-content\/uploads\/2022\/02\/CSCP101472-1-512x340.jpg 512w\" sizes=\"(max-width: 793px) 100vw, 793px\" \/><\/figure>\n\n\n\n<figure class=\"wp-block-image size-large\"><img loading=\"lazy\" width=\"972\" height=\"427\" data-id=\"762\"  src=\"http:\/\/turismoburgos.digital\/wp-content\/uploads\/2022\/02\/94346_1-1.jpg\" alt=\"\" class=\"wp-image-762\" srcset=\"https:\/\/turismoburgos.digital\/wp-content\/uploads\/2022\/02\/94346_1-1.jpg 972w, https:\/\/turismoburgos.digital\/wp-content\/uploads\/2022\/02\/94346_1-1-300x132.jpg 300w, https:\/\/turismoburgos.digital\/wp-content\/uploads\/2022\/02\/94346_1-1-768x337.jpg 768w, https:\/\/turismoburgos.digital\/wp-content\/uploads\/2022\/02\/94346_1-1-389x171.jpg 389w, https:\/\/turismoburgos.digital\/wp-content\/uploads\/2022\/02\/94346_1-1-414x182.jpg 414w, https:\/\/turismoburgos.digital\/wp-content\/uploads\/2022\/02\/94346_1-1-800x351.jpg 800w, https:\/\/turismoburgos.digital\/wp-content\/uploads\/2022\/02\/94346_1-1-512x225.jpg 512w\" sizes=\"(max-width: 972px) 100vw, 972px\" \/><\/figure>\n\n\n\n<figure class=\"wp-block-image size-large\"><img loading=\"lazy\" width=\"793\" height=\"527\" data-id=\"763\"  src=\"http:\/\/turismoburgos.digital\/wp-content\/uploads\/2022\/02\/CSCP101472-2.jpg\" alt=\"\" class=\"wp-image-763\" srcset=\"https:\/\/turismoburgos.digital\/wp-content\/uploads\/2022\/02\/CSCP101472-2.jpg 793w, https:\/\/turismoburgos.digital\/wp-content\/uploads\/2022\/02\/CSCP101472-2-300x199.jpg 300w, https:\/\/turismoburgos.digital\/wp-content\/uploads\/2022\/02\/CSCP101472-2-768x510.jpg 768w, https:\/\/turismoburgos.digital\/wp-content\/uploads\/2022\/02\/CSCP101472-2-389x259.jpg 389w, https:\/\/turismoburgos.digital\/wp-content\/uploads\/2022\/02\/CSCP101472-2-414x275.jpg 414w, https:\/\/turismoburgos.digital\/wp-content\/uploads\/2022\/02\/CSCP101472-2-512x340.jpg 512w\" sizes=\"(max-width: 793px) 100vw, 793px\" \/><\/figure>\n\n\n\n<figure class=\"wp-block-image size-large\"><img loading=\"lazy\" width=\"400\" height=\"300\" data-id=\"764\"  src=\"http:\/\/turismoburgos.digital\/wp-content\/uploads\/2022\/02\/dscf2517_fhdr-1.jpg\" alt=\"\" class=\"wp-image-764\" srcset=\"https:\/\/turismoburgos.digital\/wp-content\/uploads\/2022\/02\/dscf2517_fhdr-1.jpg 400w, https:\/\/turismoburgos.digital\/wp-content\/uploads\/2022\/02\/dscf2517_fhdr-1-300x225.jpg 300w, https:\/\/turismoburgos.digital\/wp-content\/uploads\/2022\/02\/dscf2517_fhdr-1-389x292.jpg 389w\" sizes=\"(max-width: 400px) 100vw, 400px\" \/><\/figure>\n<\/figure>\n\n\n\n<hr class=\"wp-block-separator\"\/>\n\n\n\n<p><strong>Plaza San Juan, s\/n<\/strong><br><strong>09004 Burgos<\/strong><\/p>\n\n\n\n<p><strong>947 25 57 58<\/strong><\/p>\n\n\n\n<figure class=\"wp-block-embed is-type-link is-provider-burgospedia-la-enciclopedia-del-conocimiento-burgales wp-block-embed-burgospedia-la-enciclopedia-del-conocimiento-burgales\"><div class=\"wp-block-embed__wrapper\">\n<a href=\"https:\/\/burgospedia1.wordpress.com\/2010\/09\/15\/monasterio-de-san-juan\/\">MONASTERIO DE SAN&nbsp;JUAN<\/a>\n<\/div><figcaption><a href=\"https:\/\/burgospedia1.wordpress.com\/2010\/09\/15\/monasterio-de-san-juan\/\" target=\"_blank\" rel=\"noreferrer noopener\">https:\/\/burgospedia1.wordpress.com\/2010\/09\/15\/monasterio-de-san-juan\/<\/a><\/figcaption><\/figure>\n\n\n\n<hr class=\"wp-block-separator\"\/>\n\n\n\n<div class=\"wp-container-1 wp-block-buttons\">\n<div class=\"wp-block-button\"><a class=\"wp-block-button__link\" href=\"https:\/\/www.google.com\/maps\/place\/Monasterio+de+San+Juan\/@42.342823,-3.6954488,15z\/data=!4m2!3m1!1s0x0:0x3db6384b5555b9bd?sa=X&amp;ved=2ahUKEwjUxqn3-JL2AhWrk_0HHaOwCcAQ_BJ6BAgrEAU\" target=\"_blank\" rel=\"noreferrer noopener\">C\u00f3mo llegar<\/a><\/div>\n<\/div>\n\n\n\n<hr class=\"wp-block-separator\"\/>\n\n\n\n<hr class=\"wp-block-separator\"\/>\n","protected":false},"excerpt":{"rendered":"<p>Este monasterio se fund\u00f3 en el a\u00f1o 1091 cuando los reyes Alfonso VI y Constanza de Borgo\u00f1a hicieron donaci\u00f3n de un peque\u00f1o centro asistencial al &hellip;<\/p>\n","protected":false},"author":1,"featured_media":1349,"parent":0,"menu_order":0,"comment_status":"closed","ping_status":"closed","template":"","meta":{"_monsterinsights_skip_tracking":false,"_monsterinsights_sitenote_active":false,"_monsterinsights_sitenote_note":"","_monsterinsights_sitenote_category":0},"_links":{"self":[{"href":"https:\/\/turismoburgos.digital\/index.php\/wp-json\/wp\/v2\/pages\/181"}],"collection":[{"href":"https:\/\/turismoburgos.digital\/index.php\/wp-json\/wp\/v2\/pages"}],"about":[{"href":"https:\/\/turismoburgos.digital\/index.php\/wp-json\/wp\/v2\/types\/page"}],"author":[{"embeddable":true,"href":"https:\/\/turismoburgos.digital\/index.php\/wp-json\/wp\/v2\/users\/1"}],"replies":[{"embeddable":true,"href":"https:\/\/turismoburgos.digital\/index.php\/wp-json\/wp\/v2\/comments?post=181"}],"version-history":[{"count":3,"href":"https:\/\/turismoburgos.digital\/index.php\/wp-json\/wp\/v2\/pages\/181\/revisions"}],"predecessor-version":[{"id":1350,"href":"https:\/\/turismoburgos.digital\/index.php\/wp-json\/wp\/v2\/pages\/181\/revisions\/1350"}],"wp:featuredmedia":[{"embeddable":true,"href":"https:\/\/turismoburgos.digital\/index.php\/wp-json\/wp\/v2\/media\/1349"}],"wp:attachment":[{"href":"https:\/\/turismoburgos.digital\/index.php\/wp-json\/wp\/v2\/media?parent=181"}],"curies":[{"name":"wp","href":"https:\/\/api.w.org\/{rel}","templated":true}]}}