{"id":180,"date":"2022-02-20T21:44:04","date_gmt":"2022-02-20T21:44:04","guid":{"rendered":"http:\/\/turismoburgos.digital\/?page_id=180"},"modified":"2022-03-12T07:50:11","modified_gmt":"2022-03-12T07:50:11","slug":"monasterio-de-san-agustin","status":"publish","type":"page","link":"https:\/\/turismoburgos.digital\/index.php\/monasterio-de-san-agustin\/","title":{"rendered":"Monasterio de San Agust\u00edn"},"content":{"rendered":"\n<hr class=\"wp-block-separator\"\/>\n\n\n\n<figure class=\"wp-block-image size-large is-resized\"><img loading=\"lazy\" src=\"http:\/\/turismoburgos.digital\/wp-content\/uploads\/2022\/02\/FACHADAB-1-1024x297.jpg\" alt=\"\" class=\"wp-image-747\" width=\"1240\" height=\"360\" srcset=\"https:\/\/turismoburgos.digital\/wp-content\/uploads\/2022\/02\/FACHADAB-1-1024x297.jpg 1024w, https:\/\/turismoburgos.digital\/wp-content\/uploads\/2022\/02\/FACHADAB-1-300x87.jpg 300w, https:\/\/turismoburgos.digital\/wp-content\/uploads\/2022\/02\/FACHADAB-1-768x223.jpg 768w, https:\/\/turismoburgos.digital\/wp-content\/uploads\/2022\/02\/FACHADAB-1-1536x446.jpg 1536w, https:\/\/turismoburgos.digital\/wp-content\/uploads\/2022\/02\/FACHADAB-1-2048x594.jpg 2048w, https:\/\/turismoburgos.digital\/wp-content\/uploads\/2022\/02\/FACHADAB-1-389x113.jpg 389w, https:\/\/turismoburgos.digital\/wp-content\/uploads\/2022\/02\/FACHADAB-1-414x120.jpg 414w, https:\/\/turismoburgos.digital\/wp-content\/uploads\/2022\/02\/FACHADAB-1-800x232.jpg 800w, https:\/\/turismoburgos.digital\/wp-content\/uploads\/2022\/02\/FACHADAB-1-512x149.jpg 512w\" sizes=\"(max-width: 1240px) 100vw, 1240px\" \/><figcaption>Monasterio de San Agust\u00edn<\/figcaption><\/figure>\n\n\n\n<hr class=\"wp-block-separator\"\/>\n\n\n\n<p><strong>El Monasterio de San Agust\u00edn de Burgos perteneci\u00f3 a la comunidad de agustinos de la ciudad. La tradici\u00f3n afirma que fue el primer convento que existi\u00f3 en Burgos y fija su establecimiento en el siglo IX, en torno a los a\u00f1os de la fundaci\u00f3n de la ciudad de Burgos.<\/strong><br><strong>&nbsp;&nbsp;&nbsp;&nbsp;&nbsp;El convento tuvo su \u00e9poca de esplendor en el siglo XVI, de modo especial bajo la autoridad de Santo Tom\u00e1s de Villanueva. Lleg\u00f3 a contar con 60 religiosos. La vida conventual se extingui\u00f3 en 1828, despu\u00e9s de que los frailes repararan m\u00ednimamente la pr\u00e1ctica destrucci\u00f3n causada por las tropas francesas. La desamortizaci\u00f3n dio el golpe definitivo al que fuera durante siglos c\u00e9lebre cenobio agustino.<\/strong><br><strong>&nbsp;&nbsp;&nbsp;&nbsp;&nbsp;&nbsp;En 1863 la Diputaci\u00f3n Provincial de Burgos adquiri\u00f3 los restos del convento, que fueron reutilizados con destinos diversos hasta la rehabilitaci\u00f3n definitiva del edificio, la cual fue coordinada por la arquitecta Marina Escribano, y concluida en el a\u00f1o 2002 cuando se produjo su inauguraci\u00f3n.<\/strong><\/p>\n\n\n\n<hr class=\"wp-block-separator\"\/>\n\n\n\n<figure class=\"wp-block-gallery has-nested-images columns-default is-cropped\">\n<figure class=\"wp-block-image size-large\"><img loading=\"lazy\" width=\"795\" height=\"596\" data-id=\"751\"  src=\"http:\/\/turismoburgos.digital\/wp-content\/uploads\/2022\/02\/01-san-agustin.jpg\" alt=\"\" class=\"wp-image-751\" srcset=\"https:\/\/turismoburgos.digital\/wp-content\/uploads\/2022\/02\/01-san-agustin.jpg 795w, https:\/\/turismoburgos.digital\/wp-content\/uploads\/2022\/02\/01-san-agustin-300x225.jpg 300w, https:\/\/turismoburgos.digital\/wp-content\/uploads\/2022\/02\/01-san-agustin-768x576.jpg 768w, https:\/\/turismoburgos.digital\/wp-content\/uploads\/2022\/02\/01-san-agustin-389x292.jpg 389w, https:\/\/turismoburgos.digital\/wp-content\/uploads\/2022\/02\/01-san-agustin-414x310.jpg 414w, https:\/\/turismoburgos.digital\/wp-content\/uploads\/2022\/02\/01-san-agustin-512x384.jpg 512w\" sizes=\"(max-width: 795px) 100vw, 795px\" \/><\/figure>\n\n\n\n<figure class=\"wp-block-image size-large\"><img loading=\"lazy\" width=\"500\" height=\"334\" data-id=\"750\"  src=\"http:\/\/turismoburgos.digital\/wp-content\/uploads\/2022\/02\/Bilioteca-019w.jpg\" alt=\"\" class=\"wp-image-750\" srcset=\"https:\/\/turismoburgos.digital\/wp-content\/uploads\/2022\/02\/Bilioteca-019w.jpg 500w, https:\/\/turismoburgos.digital\/wp-content\/uploads\/2022\/02\/Bilioteca-019w-300x200.jpg 300w, https:\/\/turismoburgos.digital\/wp-content\/uploads\/2022\/02\/Bilioteca-019w-389x260.jpg 389w, https:\/\/turismoburgos.digital\/wp-content\/uploads\/2022\/02\/Bilioteca-019w-414x277.jpg 414w\" sizes=\"(max-width: 500px) 100vw, 500px\" \/><\/figure>\n\n\n\n<figure class=\"wp-block-image size-large\"><img loading=\"lazy\" width=\"1024\" height=\"635\" data-id=\"753\"  src=\"http:\/\/turismoburgos.digital\/wp-content\/uploads\/2022\/02\/Burgos_-_Monasterio_de_San_Agustin_02a-1024x635.jpg\" alt=\"\" class=\"wp-image-753\" srcset=\"https:\/\/turismoburgos.digital\/wp-content\/uploads\/2022\/02\/Burgos_-_Monasterio_de_San_Agustin_02a-1024x635.jpg 1024w, https:\/\/turismoburgos.digital\/wp-content\/uploads\/2022\/02\/Burgos_-_Monasterio_de_San_Agustin_02a-300x186.jpg 300w, https:\/\/turismoburgos.digital\/wp-content\/uploads\/2022\/02\/Burgos_-_Monasterio_de_San_Agustin_02a-768x476.jpg 768w, https:\/\/turismoburgos.digital\/wp-content\/uploads\/2022\/02\/Burgos_-_Monasterio_de_San_Agustin_02a-389x241.jpg 389w, https:\/\/turismoburgos.digital\/wp-content\/uploads\/2022\/02\/Burgos_-_Monasterio_de_San_Agustin_02a-414x257.jpg 414w, https:\/\/turismoburgos.digital\/wp-content\/uploads\/2022\/02\/Burgos_-_Monasterio_de_San_Agustin_02a-800x496.jpg 800w, https:\/\/turismoburgos.digital\/wp-content\/uploads\/2022\/02\/Burgos_-_Monasterio_de_San_Agustin_02a-512x317.jpg 512w, https:\/\/turismoburgos.digital\/wp-content\/uploads\/2022\/02\/Burgos_-_Monasterio_de_San_Agustin_02a.jpg 1500w\" sizes=\"(max-width: 1024px) 100vw, 1024px\" \/><\/figure>\n\n\n\n<figure class=\"wp-block-image size-large\"><img loading=\"lazy\" width=\"1024\" height=\"731\" data-id=\"752\"  src=\"http:\/\/turismoburgos.digital\/wp-content\/uploads\/2022\/02\/Burgos_-_Monasterio_de_San_Agustin_03-1024x731.jpg\" alt=\"\" class=\"wp-image-752\" srcset=\"https:\/\/turismoburgos.digital\/wp-content\/uploads\/2022\/02\/Burgos_-_Monasterio_de_San_Agustin_03-1024x731.jpg 1024w, https:\/\/turismoburgos.digital\/wp-content\/uploads\/2022\/02\/Burgos_-_Monasterio_de_San_Agustin_03-300x214.jpg 300w, https:\/\/turismoburgos.digital\/wp-content\/uploads\/2022\/02\/Burgos_-_Monasterio_de_San_Agustin_03-768x548.jpg 768w, https:\/\/turismoburgos.digital\/wp-content\/uploads\/2022\/02\/Burgos_-_Monasterio_de_San_Agustin_03-389x278.jpg 389w, https:\/\/turismoburgos.digital\/wp-content\/uploads\/2022\/02\/Burgos_-_Monasterio_de_San_Agustin_03-414x296.jpg 414w, https:\/\/turismoburgos.digital\/wp-content\/uploads\/2022\/02\/Burgos_-_Monasterio_de_San_Agustin_03-800x571.jpg 800w, https:\/\/turismoburgos.digital\/wp-content\/uploads\/2022\/02\/Burgos_-_Monasterio_de_San_Agustin_03-512x366.jpg 512w, https:\/\/turismoburgos.digital\/wp-content\/uploads\/2022\/02\/Burgos_-_Monasterio_de_San_Agustin_03.jpg 1088w\" sizes=\"(max-width: 1024px) 100vw, 1024px\" \/><\/figure>\n\n\n\n<figure class=\"wp-block-image size-large\"><img loading=\"lazy\" width=\"350\" height=\"234\" data-id=\"754\"  src=\"http:\/\/turismoburgos.digital\/wp-content\/uploads\/2022\/02\/Monasterio-de-San-Agustin_de_Burgos.jpg\" alt=\"\" class=\"wp-image-754\" srcset=\"https:\/\/turismoburgos.digital\/wp-content\/uploads\/2022\/02\/Monasterio-de-San-Agustin_de_Burgos.jpg 350w, https:\/\/turismoburgos.digital\/wp-content\/uploads\/2022\/02\/Monasterio-de-San-Agustin_de_Burgos-300x201.jpg 300w\" sizes=\"(max-width: 350px) 100vw, 350px\" \/><\/figure>\n\n\n\n<figure class=\"wp-block-image size-large\"><img loading=\"lazy\" width=\"500\" height=\"333\" data-id=\"749\"  src=\"http:\/\/turismoburgos.digital\/wp-content\/uploads\/2022\/02\/mosa-1.jpeg\" alt=\"\" class=\"wp-image-749\" srcset=\"https:\/\/turismoburgos.digital\/wp-content\/uploads\/2022\/02\/mosa-1.jpeg 500w, https:\/\/turismoburgos.digital\/wp-content\/uploads\/2022\/02\/mosa-1-300x200.jpeg 300w, https:\/\/turismoburgos.digital\/wp-content\/uploads\/2022\/02\/mosa-1-389x259.jpeg 389w, https:\/\/turismoburgos.digital\/wp-content\/uploads\/2022\/02\/mosa-1-414x276.jpeg 414w\" sizes=\"(max-width: 500px) 100vw, 500px\" \/><\/figure>\n<\/figure>\n\n\n\n<figure class=\"wp-block-image size-full is-resized\"><img loading=\"lazy\" src=\"http:\/\/turismoburgos.digital\/wp-content\/uploads\/2022\/02\/unnamed.jpg\" alt=\"\" class=\"wp-image-755\" width=\"1239\" height=\"868\" srcset=\"https:\/\/turismoburgos.digital\/wp-content\/uploads\/2022\/02\/unnamed.jpg 507w, https:\/\/turismoburgos.digital\/wp-content\/uploads\/2022\/02\/unnamed-300x210.jpg 300w, https:\/\/turismoburgos.digital\/wp-content\/uploads\/2022\/02\/unnamed-389x272.jpg 389w, https:\/\/turismoburgos.digital\/wp-content\/uploads\/2022\/02\/unnamed-414x290.jpg 414w\" sizes=\"(max-width: 1239px) 100vw, 1239px\" \/><\/figure>\n\n\n\n<hr class=\"wp-block-separator\"\/>\n\n\n\n<p><strong>C\/ Madrid, 24<\/strong><br><strong>09002 Burgos<\/strong><\/p>\n\n\n\n<p><strong>947 25 57 58<\/strong><\/p>\n\n\n\n<p><a href=\"https:\/\/es.wikipedia.org\/wiki\/Real_Monasterio_de_San_Agust%C3%ADn\" target=\"_blank\" rel=\"noreferrer noopener\">https:\/\/es.wikipedia.org\/wiki\/Real_Monasterio_de_San_Agust%C3%ADn<\/a><\/p>\n\n\n\n<hr class=\"wp-block-separator\"\/>\n\n\n\n<div class=\"wp-container-1 wp-block-buttons\">\n<div class=\"wp-block-button\"><a class=\"wp-block-button__link\" href=\"https:\/\/www.google.com\/maps\/place\/Real+Monasterio+de+San+Agust%C3%ADn.+Diputaci%C3%B3n+Provincial+de+Burgos\/@42.3343338,-3.6997252,15z\/data=!4m2!3m1!1s0x0:0xdbdf148d95481c69?sa=X&amp;ved=2ahUKEwjxmrre95L2AhUQgXIEHckrBTUQ_BJ6BAgTEAU\" target=\"_blank\" rel=\"noreferrer noopener\">C\u00f3mo llegar<\/a><\/div>\n<\/div>\n\n\n\n<hr class=\"wp-block-separator\"\/>\n\n\n\n<hr class=\"wp-block-separator\"\/>\n","protected":false},"excerpt":{"rendered":"<p>El Monasterio de San Agust\u00edn de Burgos perteneci\u00f3 a la comunidad de agustinos de la ciudad. La tradici\u00f3n afirma que fue el primer convento que &hellip;<\/p>\n","protected":false},"author":1,"featured_media":1347,"parent":0,"menu_order":0,"comment_status":"closed","ping_status":"closed","template":"","meta":{"_monsterinsights_skip_tracking":false,"_monsterinsights_sitenote_active":false,"_monsterinsights_sitenote_note":"","_monsterinsights_sitenote_category":0},"_links":{"self":[{"href":"https:\/\/turismoburgos.digital\/index.php\/wp-json\/wp\/v2\/pages\/180"}],"collection":[{"href":"https:\/\/turismoburgos.digital\/index.php\/wp-json\/wp\/v2\/pages"}],"about":[{"href":"https:\/\/turismoburgos.digital\/index.php\/wp-json\/wp\/v2\/types\/page"}],"author":[{"embeddable":true,"href":"https:\/\/turismoburgos.digital\/index.php\/wp-json\/wp\/v2\/users\/1"}],"replies":[{"embeddable":true,"href":"https:\/\/turismoburgos.digital\/index.php\/wp-json\/wp\/v2\/comments?post=180"}],"version-history":[{"count":3,"href":"https:\/\/turismoburgos.digital\/index.php\/wp-json\/wp\/v2\/pages\/180\/revisions"}],"predecessor-version":[{"id":1348,"href":"https:\/\/turismoburgos.digital\/index.php\/wp-json\/wp\/v2\/pages\/180\/revisions\/1348"}],"wp:featuredmedia":[{"embeddable":true,"href":"https:\/\/turismoburgos.digital\/index.php\/wp-json\/wp\/v2\/media\/1347"}],"wp:attachment":[{"href":"https:\/\/turismoburgos.digital\/index.php\/wp-json\/wp\/v2\/media?parent=180"}],"curies":[{"name":"wp","href":"https:\/\/api.w.org\/{rel}","templated":true}]}}