{"id":178,"date":"2022-02-20T21:44:04","date_gmt":"2022-02-20T21:44:04","guid":{"rendered":"http:\/\/turismoburgos.digital\/?page_id=178"},"modified":"2022-03-12T07:37:04","modified_gmt":"2022-03-12T07:37:04","slug":"huelgas-reales","status":"publish","type":"page","link":"https:\/\/turismoburgos.digital\/index.php\/huelgas-reales\/","title":{"rendered":"Huelgas Reales"},"content":{"rendered":"\n<hr class=\"wp-block-separator\"\/>\n\n\n\n<figure class=\"wp-block-image size-large is-resized\"><img loading=\"lazy\" src=\"http:\/\/turismoburgos.digital\/wp-content\/uploads\/2022\/02\/1200px-Burgos_monasterio_huelgas_lou-1024x683.jpg\" alt=\"\" class=\"wp-image-703\" width=\"1241\" height=\"828\" srcset=\"https:\/\/turismoburgos.digital\/wp-content\/uploads\/2022\/02\/1200px-Burgos_monasterio_huelgas_lou-1024x683.jpg 1024w, https:\/\/turismoburgos.digital\/wp-content\/uploads\/2022\/02\/1200px-Burgos_monasterio_huelgas_lou-300x200.jpg 300w, https:\/\/turismoburgos.digital\/wp-content\/uploads\/2022\/02\/1200px-Burgos_monasterio_huelgas_lou-768x512.jpg 768w, https:\/\/turismoburgos.digital\/wp-content\/uploads\/2022\/02\/1200px-Burgos_monasterio_huelgas_lou-389x259.jpg 389w, https:\/\/turismoburgos.digital\/wp-content\/uploads\/2022\/02\/1200px-Burgos_monasterio_huelgas_lou-414x276.jpg 414w, https:\/\/turismoburgos.digital\/wp-content\/uploads\/2022\/02\/1200px-Burgos_monasterio_huelgas_lou-800x533.jpg 800w, https:\/\/turismoburgos.digital\/wp-content\/uploads\/2022\/02\/1200px-Burgos_monasterio_huelgas_lou-512x341.jpg 512w, https:\/\/turismoburgos.digital\/wp-content\/uploads\/2022\/02\/1200px-Burgos_monasterio_huelgas_lou.jpg 1200w\" sizes=\"(max-width: 1241px) 100vw, 1241px\" \/><figcaption>Huelgas Reales<\/figcaption><\/figure>\n\n\n\n<hr class=\"wp-block-separator\"\/>\n\n\n\n<p><strong>Es un monasterio amplio y complejo, con aspecto de fortaleza, con dependencias que se fueron a\u00f1adiendo a lo largo de los siglos, como las viviendas tradicionales de los criados y los cl\u00e9rigos, las casas de la administraci\u00f3n y las escuelas. Todo el recinto estuvo amurallado. Se conservan dos puertas: una para el p\u00fablico, que conduce al Comp\u00e1s de Afuera, y otra llamada de Alfonso XI, que conduce al Comp\u00e1s de Adentro; esta parte se utiliz\u00f3 como servicio para las monjas.<\/strong><br><strong>&nbsp;&nbsp;&nbsp;&nbsp;&nbsp;Comenzaron las obras a finales del siglo XII y continuaron en el XIII. Existen documentos en que se nombra a un maestro Ricardo que intervino en su construcci\u00f3n. La parte m\u00e1s antigua corresponde al claustro rom\u00e1nico conocido con el nombre de las claustrillas, despu\u00e9s le sigue en el tiempo la iglesia, de corriente protog\u00f3tica, y el claustro de San Fernando que es ya de claro estilo g\u00f3tico, con b\u00f3vedas de yeser\u00edas mud\u00e9jares.<\/strong><br><strong>&nbsp;&nbsp;&nbsp;&nbsp;&nbsp;Puede verse por distintos puntos del complejo mon\u00e1stico el emblema her\u00e1ldico del rey constructor, el castillo, que aparece en la torre, en t\u00edmpanos y jambas de las puertas.<\/strong><\/p>\n\n\n\n<hr class=\"wp-block-separator\"\/>\n\n\n\n<figure class=\"wp-block-embed is-type-video is-provider-youtube wp-block-embed-youtube wp-embed-aspect-16-9 wp-has-aspect-ratio\"><div class=\"wp-block-embed__wrapper\">\n<iframe loading=\"lazy\" title=\"MONASTERIO DE LAS HUELGAS , BURGOS\" width=\"1032\" height=\"581\" src=\"https:\/\/www.youtube.com\/embed\/pB1uo2QiRIU?feature=oembed\" frameborder=\"0\" allow=\"accelerometer; autoplay; clipboard-write; encrypted-media; gyroscope; picture-in-picture\" allowfullscreen><\/iframe>\n<\/div><\/figure>\n\n\n\n<hr class=\"wp-block-separator\"\/>\n\n\n\n<figure class=\"wp-block-gallery has-nested-images columns-default is-cropped\">\n<figure class=\"wp-block-image size-large\"><img loading=\"lazy\" width=\"737\" height=\"280\" data-id=\"706\"  src=\"http:\/\/turismoburgos.digital\/wp-content\/uploads\/2022\/02\/huelgas_738x130_0.jpg\" alt=\"\" class=\"wp-image-706\" srcset=\"https:\/\/turismoburgos.digital\/wp-content\/uploads\/2022\/02\/huelgas_738x130_0.jpg 737w, https:\/\/turismoburgos.digital\/wp-content\/uploads\/2022\/02\/huelgas_738x130_0-300x114.jpg 300w, https:\/\/turismoburgos.digital\/wp-content\/uploads\/2022\/02\/huelgas_738x130_0-389x148.jpg 389w, https:\/\/turismoburgos.digital\/wp-content\/uploads\/2022\/02\/huelgas_738x130_0-414x157.jpg 414w, https:\/\/turismoburgos.digital\/wp-content\/uploads\/2022\/02\/huelgas_738x130_0-512x195.jpg 512w\" sizes=\"(max-width: 737px) 100vw, 737px\" \/><\/figure>\n\n\n\n<figure class=\"wp-block-image size-large\"><img loading=\"lazy\" width=\"980\" height=\"611\" data-id=\"707\"  src=\"http:\/\/turismoburgos.digital\/wp-content\/uploads\/2022\/02\/monasterio-huelgas-burgos-3-jpg.jpg\" alt=\"\" class=\"wp-image-707\" srcset=\"https:\/\/turismoburgos.digital\/wp-content\/uploads\/2022\/02\/monasterio-huelgas-burgos-3-jpg.jpg 980w, https:\/\/turismoburgos.digital\/wp-content\/uploads\/2022\/02\/monasterio-huelgas-burgos-3-jpg-300x187.jpg 300w, https:\/\/turismoburgos.digital\/wp-content\/uploads\/2022\/02\/monasterio-huelgas-burgos-3-jpg-768x479.jpg 768w, https:\/\/turismoburgos.digital\/wp-content\/uploads\/2022\/02\/monasterio-huelgas-burgos-3-jpg-389x243.jpg 389w, https:\/\/turismoburgos.digital\/wp-content\/uploads\/2022\/02\/monasterio-huelgas-burgos-3-jpg-414x258.jpg 414w, https:\/\/turismoburgos.digital\/wp-content\/uploads\/2022\/02\/monasterio-huelgas-burgos-3-jpg-800x499.jpg 800w, https:\/\/turismoburgos.digital\/wp-content\/uploads\/2022\/02\/monasterio-huelgas-burgos-3-jpg-512x319.jpg 512w\" sizes=\"(max-width: 980px) 100vw, 980px\" \/><\/figure>\n\n\n\n<figure class=\"wp-block-image size-large\"><img loading=\"lazy\" width=\"660\" height=\"365\" data-id=\"705\"  src=\"http:\/\/turismoburgos.digital\/wp-content\/uploads\/2022\/02\/real_monasterio_huelgas_coro_burgos_t0900579.jpg_1306973099.jpg\" alt=\"\" class=\"wp-image-705\" srcset=\"https:\/\/turismoburgos.digital\/wp-content\/uploads\/2022\/02\/real_monasterio_huelgas_coro_burgos_t0900579.jpg_1306973099.jpg 660w, https:\/\/turismoburgos.digital\/wp-content\/uploads\/2022\/02\/real_monasterio_huelgas_coro_burgos_t0900579.jpg_1306973099-300x166.jpg 300w, https:\/\/turismoburgos.digital\/wp-content\/uploads\/2022\/02\/real_monasterio_huelgas_coro_burgos_t0900579.jpg_1306973099-389x215.jpg 389w, https:\/\/turismoburgos.digital\/wp-content\/uploads\/2022\/02\/real_monasterio_huelgas_coro_burgos_t0900579.jpg_1306973099-414x229.jpg 414w, https:\/\/turismoburgos.digital\/wp-content\/uploads\/2022\/02\/real_monasterio_huelgas_coro_burgos_t0900579.jpg_1306973099-512x283.jpg 512w\" sizes=\"(max-width: 660px) 100vw, 660px\" \/><\/figure>\n\n\n\n<figure class=\"wp-block-image size-large\"><img loading=\"lazy\" width=\"600\" height=\"450\" data-id=\"708\"  src=\"http:\/\/turismoburgos.digital\/wp-content\/uploads\/2022\/02\/visita-al-monasterio-de-las-huelgas2903.jpg\" alt=\"\" class=\"wp-image-708\" srcset=\"https:\/\/turismoburgos.digital\/wp-content\/uploads\/2022\/02\/visita-al-monasterio-de-las-huelgas2903.jpg 600w, https:\/\/turismoburgos.digital\/wp-content\/uploads\/2022\/02\/visita-al-monasterio-de-las-huelgas2903-300x225.jpg 300w, https:\/\/turismoburgos.digital\/wp-content\/uploads\/2022\/02\/visita-al-monasterio-de-las-huelgas2903-389x292.jpg 389w, https:\/\/turismoburgos.digital\/wp-content\/uploads\/2022\/02\/visita-al-monasterio-de-las-huelgas2903-414x311.jpg 414w, https:\/\/turismoburgos.digital\/wp-content\/uploads\/2022\/02\/visita-al-monasterio-de-las-huelgas2903-512x384.jpg 512w\" sizes=\"(max-width: 600px) 100vw, 600px\" \/><\/figure>\n<\/figure>\n\n\n\n<hr class=\"wp-block-separator\"\/>\n\n\n\n<p><strong>Plaza Comp\u00e1s, s\/n<\/strong><br><strong>09001 Burgos<\/strong><\/p>\n\n\n\n<p><strong>947 20 16 30<\/strong><\/p>\n\n\n\n<p><a href=\"https:\/\/es.wikipedia.org\/wiki\/Monasterio_de_las_Huelgas_(Burgos)\" target=\"_blank\" rel=\"noreferrer noopener\">https:\/\/es.wikipedia.org\/wiki\/Monasterio_de_las_Huelgas_(Burgos)<\/a><\/p>\n\n\n\n<hr class=\"wp-block-separator\"\/>\n\n\n\n<div class=\"wp-container-1 wp-block-buttons\">\n<div class=\"wp-block-button\"><a class=\"wp-block-button__link\" href=\"\" target=\"_blank\" rel=\"noreferrer noopener\">C\u00f3mo llegar<\/a><\/div>\n<\/div>\n\n\n\n<hr class=\"wp-block-separator\"\/>\n\n\n\n<hr class=\"wp-block-separator\"\/>\n","protected":false},"excerpt":{"rendered":"<p>Es un monasterio amplio y complejo, con aspecto de fortaleza, con dependencias que se fueron a\u00f1adiendo a lo largo de los siglos, como las viviendas &hellip;<\/p>\n","protected":false},"author":1,"featured_media":1332,"parent":0,"menu_order":0,"comment_status":"closed","ping_status":"closed","template":"","meta":{"_monsterinsights_skip_tracking":false,"_monsterinsights_sitenote_active":false,"_monsterinsights_sitenote_note":"","_monsterinsights_sitenote_category":0},"_links":{"self":[{"href":"https:\/\/turismoburgos.digital\/index.php\/wp-json\/wp\/v2\/pages\/178"}],"collection":[{"href":"https:\/\/turismoburgos.digital\/index.php\/wp-json\/wp\/v2\/pages"}],"about":[{"href":"https:\/\/turismoburgos.digital\/index.php\/wp-json\/wp\/v2\/types\/page"}],"author":[{"embeddable":true,"href":"https:\/\/turismoburgos.digital\/index.php\/wp-json\/wp\/v2\/users\/1"}],"replies":[{"embeddable":true,"href":"https:\/\/turismoburgos.digital\/index.php\/wp-json\/wp\/v2\/comments?post=178"}],"version-history":[{"count":3,"href":"https:\/\/turismoburgos.digital\/index.php\/wp-json\/wp\/v2\/pages\/178\/revisions"}],"predecessor-version":[{"id":1003,"href":"https:\/\/turismoburgos.digital\/index.php\/wp-json\/wp\/v2\/pages\/178\/revisions\/1003"}],"wp:featuredmedia":[{"embeddable":true,"href":"https:\/\/turismoburgos.digital\/index.php\/wp-json\/wp\/v2\/media\/1332"}],"wp:attachment":[{"href":"https:\/\/turismoburgos.digital\/index.php\/wp-json\/wp\/v2\/media?parent=178"}],"curies":[{"name":"wp","href":"https:\/\/api.w.org\/{rel}","templated":true}]}}