{"id":177,"date":"2022-02-20T21:44:04","date_gmt":"2022-02-20T21:44:04","guid":{"rendered":"http:\/\/turismoburgos.digital\/?page_id=177"},"modified":"2022-03-12T07:35:12","modified_gmt":"2022-03-12T07:35:12","slug":"cartuja-de-miraflores","status":"publish","type":"page","link":"https:\/\/turismoburgos.digital\/index.php\/cartuja-de-miraflores\/","title":{"rendered":"Cartuja de Miraflores"},"content":{"rendered":"\n<hr class=\"wp-block-separator\"\/>\n\n\n\n<figure class=\"wp-block-image size-full is-resized\"><img loading=\"lazy\" src=\"http:\/\/turismoburgos.digital\/wp-content\/uploads\/2022\/02\/cartuja-miraflores-burgos-1.jpg\" alt=\"\" class=\"wp-image-694\" width=\"1240\" height=\"787\" srcset=\"https:\/\/turismoburgos.digital\/wp-content\/uploads\/2022\/02\/cartuja-miraflores-burgos-1.jpg 630w, https:\/\/turismoburgos.digital\/wp-content\/uploads\/2022\/02\/cartuja-miraflores-burgos-1-300x190.jpg 300w, https:\/\/turismoburgos.digital\/wp-content\/uploads\/2022\/02\/cartuja-miraflores-burgos-1-389x247.jpg 389w, https:\/\/turismoburgos.digital\/wp-content\/uploads\/2022\/02\/cartuja-miraflores-burgos-1-414x263.jpg 414w, https:\/\/turismoburgos.digital\/wp-content\/uploads\/2022\/02\/cartuja-miraflores-burgos-1-512x325.jpg 512w\" sizes=\"(max-width: 1240px) 100vw, 1240px\" \/><figcaption>Cartuja de Miraflores<\/figcaption><\/figure>\n\n\n\n<hr class=\"wp-block-separator\"\/>\n\n\n\n<p><strong>&nbsp;Construida a finales del siglo XV, con los \u00faltimos esplendores del arte g\u00f3tico, la obra de la iglesia se debe a Juan y Sim\u00f3n de Colonia, quien la concluir\u00eda en 1484. Su interior, de una sola nave, se cubre con elegante b\u00f3veda de crucer\u00eda estrellada que, a modo de fuegos de artificio se abren a lo largo de la iglesia y cuya traca final estalla en el \u00e1bside, cayendo, a modo de cascada de caladas y fin\u00edsimas nervaturas sobre el altar mayor, obra espl\u00e9ndida construida por Gil de Silo\u00e9. Suyos son tambi\u00e9n los sepulcros de los reyes, don Juan II y do\u00f1a Isabel de Portugal, padres de la Reina Cat\u00f3lica.<\/strong><\/p>\n\n\n\n<hr class=\"wp-block-separator\"\/>\n\n\n\n<figure class=\"wp-block-embed is-type-video is-provider-youtube wp-block-embed-youtube wp-embed-aspect-16-9 wp-has-aspect-ratio\"><div class=\"wp-block-embed__wrapper\">\n<iframe loading=\"lazy\" title=\"CARTUJA DE MIRAFLORES\" width=\"1032\" height=\"581\" src=\"https:\/\/www.youtube.com\/embed\/MEb_1FWAQEE?feature=oembed\" frameborder=\"0\" allow=\"accelerometer; autoplay; clipboard-write; encrypted-media; gyroscope; picture-in-picture\" allowfullscreen><\/iframe>\n<\/div><\/figure>\n\n\n\n<hr class=\"wp-block-separator\"\/>\n\n\n\n<figure class=\"wp-block-gallery has-nested-images columns-default is-cropped\">\n<figure class=\"wp-block-image size-large\"><img loading=\"lazy\" width=\"1024\" height=\"576\" data-id=\"697\"  src=\"http:\/\/turismoburgos.digital\/wp-content\/uploads\/2022\/02\/22671767682_2cee655a6c_b.jpg\" alt=\"\" class=\"wp-image-697\" srcset=\"https:\/\/turismoburgos.digital\/wp-content\/uploads\/2022\/02\/22671767682_2cee655a6c_b.jpg 1024w, https:\/\/turismoburgos.digital\/wp-content\/uploads\/2022\/02\/22671767682_2cee655a6c_b-300x169.jpg 300w, https:\/\/turismoburgos.digital\/wp-content\/uploads\/2022\/02\/22671767682_2cee655a6c_b-768x432.jpg 768w, https:\/\/turismoburgos.digital\/wp-content\/uploads\/2022\/02\/22671767682_2cee655a6c_b-389x219.jpg 389w, https:\/\/turismoburgos.digital\/wp-content\/uploads\/2022\/02\/22671767682_2cee655a6c_b-414x233.jpg 414w, https:\/\/turismoburgos.digital\/wp-content\/uploads\/2022\/02\/22671767682_2cee655a6c_b-800x450.jpg 800w, https:\/\/turismoburgos.digital\/wp-content\/uploads\/2022\/02\/22671767682_2cee655a6c_b-512x288.jpg 512w\" sizes=\"(max-width: 1024px) 100vw, 1024px\" \/><\/figure>\n\n\n\n<figure class=\"wp-block-image size-large\"><img loading=\"lazy\" width=\"963\" height=\"1024\" data-id=\"699\"  src=\"http:\/\/turismoburgos.digital\/wp-content\/uploads\/2022\/02\/cartuja_de_moraflores_burgos_-_retablo_mayor-963x1024.jpg\" alt=\"\" class=\"wp-image-699\" srcset=\"https:\/\/turismoburgos.digital\/wp-content\/uploads\/2022\/02\/cartuja_de_moraflores_burgos_-_retablo_mayor-963x1024.jpg 963w, https:\/\/turismoburgos.digital\/wp-content\/uploads\/2022\/02\/cartuja_de_moraflores_burgos_-_retablo_mayor-282x300.jpg 282w, https:\/\/turismoburgos.digital\/wp-content\/uploads\/2022\/02\/cartuja_de_moraflores_burgos_-_retablo_mayor-768x817.jpg 768w, https:\/\/turismoburgos.digital\/wp-content\/uploads\/2022\/02\/cartuja_de_moraflores_burgos_-_retablo_mayor-1444x1536.jpg 1444w, https:\/\/turismoburgos.digital\/wp-content\/uploads\/2022\/02\/cartuja_de_moraflores_burgos_-_retablo_mayor-1925x2048.jpg 1925w, https:\/\/turismoburgos.digital\/wp-content\/uploads\/2022\/02\/cartuja_de_moraflores_burgos_-_retablo_mayor-389x414.jpg 389w, https:\/\/turismoburgos.digital\/wp-content\/uploads\/2022\/02\/cartuja_de_moraflores_burgos_-_retablo_mayor-414x440.jpg 414w, https:\/\/turismoburgos.digital\/wp-content\/uploads\/2022\/02\/cartuja_de_moraflores_burgos_-_retablo_mayor-800x851.jpg 800w, https:\/\/turismoburgos.digital\/wp-content\/uploads\/2022\/02\/cartuja_de_moraflores_burgos_-_retablo_mayor-512x545.jpg 512w\" sizes=\"(max-width: 963px) 100vw, 963px\" \/><\/figure>\n\n\n\n<figure class=\"wp-block-image size-large\"><img loading=\"lazy\" width=\"1024\" height=\"576\" data-id=\"698\"  src=\"http:\/\/turismoburgos.digital\/wp-content\/uploads\/2022\/02\/Cartuja_de_Santa_Maria_de_Miraflores._Estancia_de_los_fieles-1024x576.jpg\" alt=\"\" class=\"wp-image-698\" srcset=\"https:\/\/turismoburgos.digital\/wp-content\/uploads\/2022\/02\/Cartuja_de_Santa_Maria_de_Miraflores._Estancia_de_los_fieles-1024x576.jpg 1024w, https:\/\/turismoburgos.digital\/wp-content\/uploads\/2022\/02\/Cartuja_de_Santa_Maria_de_Miraflores._Estancia_de_los_fieles-300x169.jpg 300w, https:\/\/turismoburgos.digital\/wp-content\/uploads\/2022\/02\/Cartuja_de_Santa_Maria_de_Miraflores._Estancia_de_los_fieles-768x432.jpg 768w, https:\/\/turismoburgos.digital\/wp-content\/uploads\/2022\/02\/Cartuja_de_Santa_Maria_de_Miraflores._Estancia_de_los_fieles-389x219.jpg 389w, https:\/\/turismoburgos.digital\/wp-content\/uploads\/2022\/02\/Cartuja_de_Santa_Maria_de_Miraflores._Estancia_de_los_fieles-414x233.jpg 414w, https:\/\/turismoburgos.digital\/wp-content\/uploads\/2022\/02\/Cartuja_de_Santa_Maria_de_Miraflores._Estancia_de_los_fieles-800x450.jpg 800w, https:\/\/turismoburgos.digital\/wp-content\/uploads\/2022\/02\/Cartuja_de_Santa_Maria_de_Miraflores._Estancia_de_los_fieles-512x288.jpg 512w, https:\/\/turismoburgos.digital\/wp-content\/uploads\/2022\/02\/Cartuja_de_Santa_Maria_de_Miraflores._Estancia_de_los_fieles.jpg 1280w\" sizes=\"(max-width: 1024px) 100vw, 1024px\" \/><\/figure>\n\n\n\n<figure class=\"wp-block-image size-large\"><img loading=\"lazy\" width=\"620\" height=\"400\" data-id=\"700\"  src=\"http:\/\/turismoburgos.digital\/wp-content\/uploads\/2022\/02\/cartuja-de-miraflores.jpg\" alt=\"\" class=\"wp-image-700\" srcset=\"https:\/\/turismoburgos.digital\/wp-content\/uploads\/2022\/02\/cartuja-de-miraflores.jpg 620w, https:\/\/turismoburgos.digital\/wp-content\/uploads\/2022\/02\/cartuja-de-miraflores-300x194.jpg 300w, https:\/\/turismoburgos.digital\/wp-content\/uploads\/2022\/02\/cartuja-de-miraflores-389x251.jpg 389w, https:\/\/turismoburgos.digital\/wp-content\/uploads\/2022\/02\/cartuja-de-miraflores-414x267.jpg 414w, https:\/\/turismoburgos.digital\/wp-content\/uploads\/2022\/02\/cartuja-de-miraflores-512x330.jpg 512w\" sizes=\"(max-width: 620px) 100vw, 620px\" \/><\/figure>\n\n\n\n<figure class=\"wp-block-image size-large\"><img loading=\"lazy\" width=\"665\" height=\"600\" data-id=\"696\"  src=\"http:\/\/turismoburgos.digital\/wp-content\/uploads\/2022\/02\/claustro-monasterio-las-huelgas-burgos-400x361-1.jpg\" alt=\"\" class=\"wp-image-696\" srcset=\"https:\/\/turismoburgos.digital\/wp-content\/uploads\/2022\/02\/claustro-monasterio-las-huelgas-burgos-400x361-1.jpg 665w, https:\/\/turismoburgos.digital\/wp-content\/uploads\/2022\/02\/claustro-monasterio-las-huelgas-burgos-400x361-1-300x271.jpg 300w, https:\/\/turismoburgos.digital\/wp-content\/uploads\/2022\/02\/claustro-monasterio-las-huelgas-burgos-400x361-1-389x351.jpg 389w, https:\/\/turismoburgos.digital\/wp-content\/uploads\/2022\/02\/claustro-monasterio-las-huelgas-burgos-400x361-1-414x374.jpg 414w, https:\/\/turismoburgos.digital\/wp-content\/uploads\/2022\/02\/claustro-monasterio-las-huelgas-burgos-400x361-1-512x462.jpg 512w\" sizes=\"(max-width: 665px) 100vw, 665px\" \/><figcaption>Exif_JPEG_422<\/figcaption><\/figure>\n<\/figure>\n\n\n\n<hr class=\"wp-block-separator\"\/>\n\n\n\n<p><strong>Carretera de Fuentes Blancas, Km 3.5<\/strong><br><strong>09002 Burgos<\/strong><\/p>\n\n\n\n<figure class=\"wp-block-embed is-type-wp-embed is-provider-cartuja-de-miraflores wp-block-embed-cartuja-de-miraflores\"><div class=\"wp-block-embed__wrapper\">\n<blockquote class=\"wp-embedded-content\" data-secret=\"SU0F8dHBNM\"><a href=\"https:\/\/www.cartuja.org\/\">Home<\/a><\/blockquote><iframe class=\"wp-embedded-content\" sandbox=\"allow-scripts\" security=\"restricted\" style=\"position: absolute; clip: rect(1px, 1px, 1px, 1px);\" title=\"&#171;Home&#187; &#8212; Cartuja de Miraflores\" src=\"https:\/\/www.cartuja.org\/embed\/#?secret=SU0F8dHBNM\" data-secret=\"SU0F8dHBNM\" width=\"600\" height=\"338\" frameborder=\"0\" marginwidth=\"0\" marginheight=\"0\" scrolling=\"no\"><\/iframe>\n<\/div><figcaption><a href=\"https:\/\/www.cartuja.org\/\" target=\"_blank\" rel=\"noreferrer noopener\">https:\/\/www.cartuja.org\/<\/a><\/figcaption><\/figure>\n\n\n\n<hr class=\"wp-block-separator\"\/>\n\n\n\n<div class=\"wp-container-1 wp-block-buttons\">\n<div class=\"wp-block-button\"><a class=\"wp-block-button__link\" href=\"\" target=\"_blank\" rel=\"noreferrer noopener\">C\u00f3mo llegar<\/a><\/div>\n<\/div>\n\n\n\n<hr class=\"wp-block-separator\"\/>\n\n\n\n<hr class=\"wp-block-separator\"\/>\n","protected":false},"excerpt":{"rendered":"<p>&nbsp;Construida a finales del siglo XV, con los \u00faltimos esplendores del arte g\u00f3tico, la obra de la iglesia se debe a Juan y Sim\u00f3n de &hellip;<\/p>\n","protected":false},"author":1,"featured_media":1330,"parent":0,"menu_order":0,"comment_status":"closed","ping_status":"closed","template":"","meta":{"_monsterinsights_skip_tracking":false,"_monsterinsights_sitenote_active":false,"_monsterinsights_sitenote_note":"","_monsterinsights_sitenote_category":0},"_links":{"self":[{"href":"https:\/\/turismoburgos.digital\/index.php\/wp-json\/wp\/v2\/pages\/177"}],"collection":[{"href":"https:\/\/turismoburgos.digital\/index.php\/wp-json\/wp\/v2\/pages"}],"about":[{"href":"https:\/\/turismoburgos.digital\/index.php\/wp-json\/wp\/v2\/types\/page"}],"author":[{"embeddable":true,"href":"https:\/\/turismoburgos.digital\/index.php\/wp-json\/wp\/v2\/users\/1"}],"replies":[{"embeddable":true,"href":"https:\/\/turismoburgos.digital\/index.php\/wp-json\/wp\/v2\/comments?post=177"}],"version-history":[{"count":3,"href":"https:\/\/turismoburgos.digital\/index.php\/wp-json\/wp\/v2\/pages\/177\/revisions"}],"predecessor-version":[{"id":1331,"href":"https:\/\/turismoburgos.digital\/index.php\/wp-json\/wp\/v2\/pages\/177\/revisions\/1331"}],"wp:featuredmedia":[{"embeddable":true,"href":"https:\/\/turismoburgos.digital\/index.php\/wp-json\/wp\/v2\/media\/1330"}],"wp:attachment":[{"href":"https:\/\/turismoburgos.digital\/index.php\/wp-json\/wp\/v2\/media?parent=177"}],"curies":[{"name":"wp","href":"https:\/\/api.w.org\/{rel}","templated":true}]}}