{"id":176,"date":"2022-02-20T21:44:04","date_gmt":"2022-02-20T21:44:04","guid":{"rendered":"http:\/\/turismoburgos.digital\/?page_id=176"},"modified":"2022-03-12T07:33:08","modified_gmt":"2022-03-12T07:33:08","slug":"catedral","status":"publish","type":"page","link":"https:\/\/turismoburgos.digital\/index.php\/catedral\/","title":{"rendered":"Catedral"},"content":{"rendered":"\n<hr class=\"wp-block-separator\"\/>\n\n\n\n<figure class=\"wp-block-image size-full is-resized\"><img loading=\"lazy\" src=\"http:\/\/turismoburgos.digital\/wp-content\/uploads\/2022\/02\/catedral-burgos-1.jpg\" alt=\"\" class=\"wp-image-684\" width=\"1240\" height=\"831\" srcset=\"https:\/\/turismoburgos.digital\/wp-content\/uploads\/2022\/02\/catedral-burgos-1.jpg 800w, https:\/\/turismoburgos.digital\/wp-content\/uploads\/2022\/02\/catedral-burgos-1-300x201.jpg 300w, https:\/\/turismoburgos.digital\/wp-content\/uploads\/2022\/02\/catedral-burgos-1-768x515.jpg 768w, https:\/\/turismoburgos.digital\/wp-content\/uploads\/2022\/02\/catedral-burgos-1-389x261.jpg 389w, https:\/\/turismoburgos.digital\/wp-content\/uploads\/2022\/02\/catedral-burgos-1-414x277.jpg 414w, https:\/\/turismoburgos.digital\/wp-content\/uploads\/2022\/02\/catedral-burgos-1-512x343.jpg 512w\" sizes=\"(max-width: 1240px) 100vw, 1240px\" \/><figcaption>Catedral de Burgos<\/figcaption><\/figure>\n\n\n\n<hr class=\"wp-block-separator\"\/>\n\n\n\n<p><strong>Recortadas sobre el azul del cielo, las flechas de las torres y pin\u00e1culos de la catedral semejan un bosque de calados caprichos y ensue\u00f1os de piedra. Esta es, a menudo, la primera imagen que recibe el viajero que llega a Burgos. La de su catedral.<\/strong><\/p>\n\n\n\n<p><strong>Constru\u00edda sobre otra anterior rom\u00e1nica, erigida por Alfonso VI en el siglo XI, se puso la primera piedra del actual templo g\u00f3tico en 1221, bajo el reinado de Fernande III &#8220;el Santo&#8221;, siendo obispo de la ciudad don Mauricio, principal impulsor del del cambio. En 1238 se abr\u00eda al culto la nave central y pocos a\u00f1os despu\u00e9s, en 1260, se consagraba la nueva catedral. No obstante la conclusi\u00f3n defiinitiva de la bas\u00edlica, tal y como la conocemos hoy tardar\u00eda varios siglos, sucedi\u00e9ndose las obras a lo largo de los siglos XIV, XV y XVI, principalmente, hasta el siglo XVIII, que con la edificaci\u00f3n de la capilla de Santa Teresa, podemos por dar como finalizada la construcci\u00f3n.<\/strong><br><strong>&nbsp;&nbsp;&nbsp;&nbsp;&nbsp;&nbsp;En el templo intervinieron numerosos artistas entre los que podemos destacar al maestro Enrique Juan P\u00e9rez, Pedro S\u00e1nchez, Hans, Juan, Sim\u00f3n y Francisco de Colonia y Juan Vallejo, los escultores Gil de Silo\u00e9 y Felipe Vigarny, el pintor Alonso de Sedano y los vidrieros Arnao de Flandes y Santillana.<\/strong><\/p>\n\n\n\n<hr class=\"wp-block-separator\"\/>\n\n\n\n<figure class=\"wp-block-embed is-type-video is-provider-youtube wp-block-embed-youtube wp-embed-aspect-16-9 wp-has-aspect-ratio\"><div class=\"wp-block-embed__wrapper\">\n<iframe loading=\"lazy\" title=\"Video Oficial Catedral de Burgos\" width=\"1032\" height=\"581\" src=\"https:\/\/www.youtube.com\/embed\/yqVAuJ6OmY0?feature=oembed\" frameborder=\"0\" allow=\"accelerometer; autoplay; clipboard-write; encrypted-media; gyroscope; picture-in-picture\" allowfullscreen><\/iframe>\n<\/div><\/figure>\n\n\n\n<hr class=\"wp-block-separator\"\/>\n\n\n\n<figure class=\"wp-block-gallery has-nested-images columns-default is-cropped\">\n<figure class=\"wp-block-image size-large\"><img loading=\"lazy\" width=\"600\" height=\"450\" data-id=\"688\"  src=\"http:\/\/turismoburgos.digital\/wp-content\/uploads\/2022\/02\/2384-catedral-de-burgos.jpg\" alt=\"\" class=\"wp-image-688\" srcset=\"https:\/\/turismoburgos.digital\/wp-content\/uploads\/2022\/02\/2384-catedral-de-burgos.jpg 600w, https:\/\/turismoburgos.digital\/wp-content\/uploads\/2022\/02\/2384-catedral-de-burgos-300x225.jpg 300w, https:\/\/turismoburgos.digital\/wp-content\/uploads\/2022\/02\/2384-catedral-de-burgos-389x292.jpg 389w, https:\/\/turismoburgos.digital\/wp-content\/uploads\/2022\/02\/2384-catedral-de-burgos-414x311.jpg 414w, https:\/\/turismoburgos.digital\/wp-content\/uploads\/2022\/02\/2384-catedral-de-burgos-512x384.jpg 512w\" sizes=\"(max-width: 600px) 100vw, 600px\" \/><figcaption>Coro<\/figcaption><\/figure>\n\n\n\n<figure class=\"wp-block-image size-large\"><img loading=\"lazy\" width=\"750\" height=\"499\" data-id=\"687\"  src=\"http:\/\/turismoburgos.digital\/wp-content\/uploads\/2022\/02\/capilla-del-condestable-750x499-1.jpg\" alt=\"\" class=\"wp-image-687\" srcset=\"https:\/\/turismoburgos.digital\/wp-content\/uploads\/2022\/02\/capilla-del-condestable-750x499-1.jpg 750w, https:\/\/turismoburgos.digital\/wp-content\/uploads\/2022\/02\/capilla-del-condestable-750x499-1-300x200.jpg 300w, https:\/\/turismoburgos.digital\/wp-content\/uploads\/2022\/02\/capilla-del-condestable-750x499-1-389x259.jpg 389w, https:\/\/turismoburgos.digital\/wp-content\/uploads\/2022\/02\/capilla-del-condestable-750x499-1-414x275.jpg 414w, https:\/\/turismoburgos.digital\/wp-content\/uploads\/2022\/02\/capilla-del-condestable-750x499-1-512x341.jpg 512w\" sizes=\"(max-width: 750px) 100vw, 750px\" \/><figcaption>Capilla del Condestable<\/figcaption><\/figure>\n\n\n\n<figure class=\"wp-block-image size-large\"><img loading=\"lazy\" width=\"660\" height=\"365\" data-id=\"686\"  src=\"http:\/\/turismoburgos.digital\/wp-content\/uploads\/2022\/02\/escalera_dorada_catedral_burgos_t0900564.jpg_1306973099.jpg\" alt=\"\" class=\"wp-image-686\" srcset=\"https:\/\/turismoburgos.digital\/wp-content\/uploads\/2022\/02\/escalera_dorada_catedral_burgos_t0900564.jpg_1306973099.jpg 660w, https:\/\/turismoburgos.digital\/wp-content\/uploads\/2022\/02\/escalera_dorada_catedral_burgos_t0900564.jpg_1306973099-300x166.jpg 300w, https:\/\/turismoburgos.digital\/wp-content\/uploads\/2022\/02\/escalera_dorada_catedral_burgos_t0900564.jpg_1306973099-389x215.jpg 389w, https:\/\/turismoburgos.digital\/wp-content\/uploads\/2022\/02\/escalera_dorada_catedral_burgos_t0900564.jpg_1306973099-414x229.jpg 414w, https:\/\/turismoburgos.digital\/wp-content\/uploads\/2022\/02\/escalera_dorada_catedral_burgos_t0900564.jpg_1306973099-512x283.jpg 512w\" sizes=\"(max-width: 660px) 100vw, 660px\" \/><figcaption>Escalera Dorada<\/figcaption><\/figure>\n\n\n\n<figure class=\"wp-block-image size-large\"><img loading=\"lazy\" width=\"800\" height=\"532\" data-id=\"689\"  src=\"http:\/\/turismoburgos.digital\/wp-content\/uploads\/2022\/02\/1098c.jpg\" alt=\"\" class=\"wp-image-689\" srcset=\"https:\/\/turismoburgos.digital\/wp-content\/uploads\/2022\/02\/1098c.jpg 800w, https:\/\/turismoburgos.digital\/wp-content\/uploads\/2022\/02\/1098c-300x200.jpg 300w, https:\/\/turismoburgos.digital\/wp-content\/uploads\/2022\/02\/1098c-768x511.jpg 768w, https:\/\/turismoburgos.digital\/wp-content\/uploads\/2022\/02\/1098c-389x259.jpg 389w, https:\/\/turismoburgos.digital\/wp-content\/uploads\/2022\/02\/1098c-414x275.jpg 414w, https:\/\/turismoburgos.digital\/wp-content\/uploads\/2022\/02\/1098c-512x340.jpg 512w\" sizes=\"(max-width: 800px) 100vw, 800px\" \/><\/figure>\n\n\n\n<figure class=\"wp-block-image size-large\"><img loading=\"lazy\" width=\"1024\" height=\"976\" data-id=\"690\"  src=\"http:\/\/turismoburgos.digital\/wp-content\/uploads\/2022\/02\/20190502_2145271-1024x976.jpg\" alt=\"\" class=\"wp-image-690\" srcset=\"https:\/\/turismoburgos.digital\/wp-content\/uploads\/2022\/02\/20190502_2145271-1024x976.jpg 1024w, https:\/\/turismoburgos.digital\/wp-content\/uploads\/2022\/02\/20190502_2145271-300x286.jpg 300w, https:\/\/turismoburgos.digital\/wp-content\/uploads\/2022\/02\/20190502_2145271-768x732.jpg 768w, https:\/\/turismoburgos.digital\/wp-content\/uploads\/2022\/02\/20190502_2145271-1536x1464.jpg 1536w, https:\/\/turismoburgos.digital\/wp-content\/uploads\/2022\/02\/20190502_2145271-389x371.jpg 389w, https:\/\/turismoburgos.digital\/wp-content\/uploads\/2022\/02\/20190502_2145271-414x395.jpg 414w, https:\/\/turismoburgos.digital\/wp-content\/uploads\/2022\/02\/20190502_2145271-800x762.jpg 800w, https:\/\/turismoburgos.digital\/wp-content\/uploads\/2022\/02\/20190502_2145271-512x488.jpg 512w, https:\/\/turismoburgos.digital\/wp-content\/uploads\/2022\/02\/20190502_2145271.jpg 1869w\" sizes=\"(max-width: 1024px) 100vw, 1024px\" \/><\/figure>\n<\/figure>\n\n\n\n<hr class=\"wp-block-separator\"\/>\n\n\n\n<figure class=\"wp-block-image size-full is-resized\"><img loading=\"lazy\" src=\"http:\/\/turismoburgos.digital\/wp-content\/uploads\/2022\/02\/Catedral-de-Burgos1.jpg\" alt=\"\" class=\"wp-image-691\" width=\"1239\" height=\"1027\" srcset=\"https:\/\/turismoburgos.digital\/wp-content\/uploads\/2022\/02\/Catedral-de-Burgos1.jpg 413w, https:\/\/turismoburgos.digital\/wp-content\/uploads\/2022\/02\/Catedral-de-Burgos1-300x248.jpg 300w, https:\/\/turismoburgos.digital\/wp-content\/uploads\/2022\/02\/Catedral-de-Burgos1-389x322.jpg 389w\" sizes=\"(max-width: 1239px) 100vw, 1239px\" \/><\/figure>\n\n\n\n<hr class=\"wp-block-separator\"\/>\n\n\n\n<p><strong>Plaza de Santa Mar\u00eda, s\/n<\/strong><br><strong>09003 Burgos<\/strong><\/p>\n\n\n\n<p><a href=\"http:\/\/catedraldeburgos.es\/\" target=\"_blank\" rel=\"noreferrer noopener\">http:\/\/catedraldeburgos.es\/<\/a><\/p>\n\n\n\n<div class=\"wp-container-1 wp-block-buttons\">\n<div class=\"wp-block-button\"><a class=\"wp-block-button__link\" href=\"\" target=\"_blank\" rel=\"noreferrer noopener\">C\u00f3mo llegar<\/a><\/div>\n<\/div>\n\n\n\n<hr class=\"wp-block-separator\"\/>\n\n\n\n<hr class=\"wp-block-separator\"\/>\n","protected":false},"excerpt":{"rendered":"<p>Recortadas sobre el azul del cielo, las flechas de las torres y pin\u00e1culos de la catedral semejan un bosque de calados caprichos y ensue\u00f1os de &hellip;<\/p>\n","protected":false},"author":1,"featured_media":1328,"parent":0,"menu_order":0,"comment_status":"closed","ping_status":"closed","template":"","meta":{"_monsterinsights_skip_tracking":false,"_monsterinsights_sitenote_active":false,"_monsterinsights_sitenote_note":"","_monsterinsights_sitenote_category":0},"_links":{"self":[{"href":"https:\/\/turismoburgos.digital\/index.php\/wp-json\/wp\/v2\/pages\/176"}],"collection":[{"href":"https:\/\/turismoburgos.digital\/index.php\/wp-json\/wp\/v2\/pages"}],"about":[{"href":"https:\/\/turismoburgos.digital\/index.php\/wp-json\/wp\/v2\/types\/page"}],"author":[{"embeddable":true,"href":"https:\/\/turismoburgos.digital\/index.php\/wp-json\/wp\/v2\/users\/1"}],"replies":[{"embeddable":true,"href":"https:\/\/turismoburgos.digital\/index.php\/wp-json\/wp\/v2\/comments?post=176"}],"version-history":[{"count":3,"href":"https:\/\/turismoburgos.digital\/index.php\/wp-json\/wp\/v2\/pages\/176\/revisions"}],"predecessor-version":[{"id":1329,"href":"https:\/\/turismoburgos.digital\/index.php\/wp-json\/wp\/v2\/pages\/176\/revisions\/1329"}],"wp:featuredmedia":[{"embeddable":true,"href":"https:\/\/turismoburgos.digital\/index.php\/wp-json\/wp\/v2\/media\/1328"}],"wp:attachment":[{"href":"https:\/\/turismoburgos.digital\/index.php\/wp-json\/wp\/v2\/media?parent=176"}],"curies":[{"name":"wp","href":"https:\/\/api.w.org\/{rel}","templated":true}]}}