{"id":175,"date":"2022-02-20T21:44:04","date_gmt":"2022-02-20T21:44:04","guid":{"rendered":"http:\/\/turismoburgos.digital\/?page_id=175"},"modified":"2022-03-12T07:46:38","modified_gmt":"2022-03-12T07:46:38","slug":"arco-de-santa-maria","status":"publish","type":"page","link":"https:\/\/turismoburgos.digital\/index.php\/arco-de-santa-maria\/","title":{"rendered":"Arco de Santa Mar\u00eda"},"content":{"rendered":"\n<hr class=\"wp-block-separator\"\/>\n\n\n\n<figure class=\"wp-block-image size-full is-resized\"><img loading=\"lazy\" src=\"http:\/\/turismoburgos.digital\/wp-content\/uploads\/2022\/02\/arco-santa-maria-burgos-2-jpg-1.jpg\" alt=\"\" class=\"wp-image-741\" width=\"1241\" height=\"819\" srcset=\"https:\/\/turismoburgos.digital\/wp-content\/uploads\/2022\/02\/arco-santa-maria-burgos-2-jpg-1.jpg 1024w, https:\/\/turismoburgos.digital\/wp-content\/uploads\/2022\/02\/arco-santa-maria-burgos-2-jpg-1-300x198.jpg 300w, https:\/\/turismoburgos.digital\/wp-content\/uploads\/2022\/02\/arco-santa-maria-burgos-2-jpg-1-768x507.jpg 768w, https:\/\/turismoburgos.digital\/wp-content\/uploads\/2022\/02\/arco-santa-maria-burgos-2-jpg-1-389x257.jpg 389w, https:\/\/turismoburgos.digital\/wp-content\/uploads\/2022\/02\/arco-santa-maria-burgos-2-jpg-1-414x273.jpg 414w, https:\/\/turismoburgos.digital\/wp-content\/uploads\/2022\/02\/arco-santa-maria-burgos-2-jpg-1-800x528.jpg 800w, https:\/\/turismoburgos.digital\/wp-content\/uploads\/2022\/02\/arco-santa-maria-burgos-2-jpg-1-512x338.jpg 512w\" sizes=\"(max-width: 1241px) 100vw, 1241px\" \/><figcaption>Arco de Santa Mar\u00eda<\/figcaption><\/figure>\n\n\n\n<hr class=\"wp-block-separator\"\/>\n\n\n\n<p><strong>Frente al puente de Santa Mar\u00eda, hecho y rehecho en varias ocasiones, se alzan la torre y el arco del mismo nombre. Fu\u00e9 la puerta m\u00e1s famosa y familiar de la ciudad. Por ella sali\u00f3 el Cid para el destierro: &#8220;Sali\u00f3 por la puerta e Arlanz\u00f3n pasaba&#8221;&#8230;<\/strong><br><strong>&nbsp;&nbsp;&nbsp;&nbsp;&nbsp;Su n\u00facleo se rehizo enteramente en el siglo XIV y sirvi\u00f3 de sede de la administraci\u00f3n, justicia y archivo burgaleses, adem\u00e1s de punto defensivo.<\/strong><\/p>\n\n\n\n<hr class=\"wp-block-separator\"\/>\n\n\n\n<figure class=\"wp-block-gallery has-nested-images columns-default is-cropped\">\n<figure class=\"wp-block-image size-large\"><img loading=\"lazy\" width=\"337\" height=\"450\" data-id=\"744\"  src=\"http:\/\/turismoburgos.digital\/wp-content\/uploads\/2022\/02\/arco-de-santa-maria-burgos.jpg\" alt=\"\" class=\"wp-image-744\" srcset=\"https:\/\/turismoburgos.digital\/wp-content\/uploads\/2022\/02\/arco-de-santa-maria-burgos.jpg 337w, https:\/\/turismoburgos.digital\/wp-content\/uploads\/2022\/02\/arco-de-santa-maria-burgos-225x300.jpg 225w\" sizes=\"(max-width: 337px) 100vw, 337px\" \/><\/figure>\n\n\n\n<figure class=\"wp-block-image size-large\"><img loading=\"lazy\" width=\"702\" height=\"341\" data-id=\"743\"  src=\"http:\/\/turismoburgos.digital\/wp-content\/uploads\/2022\/02\/ARCO-SANTA-MARIA-2.jpg\" alt=\"\" class=\"wp-image-743\" srcset=\"https:\/\/turismoburgos.digital\/wp-content\/uploads\/2022\/02\/ARCO-SANTA-MARIA-2.jpg 702w, https:\/\/turismoburgos.digital\/wp-content\/uploads\/2022\/02\/ARCO-SANTA-MARIA-2-300x146.jpg 300w, https:\/\/turismoburgos.digital\/wp-content\/uploads\/2022\/02\/ARCO-SANTA-MARIA-2-389x189.jpg 389w, https:\/\/turismoburgos.digital\/wp-content\/uploads\/2022\/02\/ARCO-SANTA-MARIA-2-414x201.jpg 414w, https:\/\/turismoburgos.digital\/wp-content\/uploads\/2022\/02\/ARCO-SANTA-MARIA-2-512x249.jpg 512w\" sizes=\"(max-width: 702px) 100vw, 702px\" \/><\/figure>\n<\/figure>\n\n\n\n<figure class=\"wp-block-image size-full is-resized\"><img loading=\"lazy\" src=\"http:\/\/turismoburgos.digital\/wp-content\/uploads\/2022\/02\/12971550.jpg\" alt=\"\" class=\"wp-image-745\" width=\"1244\" height=\"932\" srcset=\"https:\/\/turismoburgos.digital\/wp-content\/uploads\/2022\/02\/12971550.jpg 550w, https:\/\/turismoburgos.digital\/wp-content\/uploads\/2022\/02\/12971550-300x225.jpg 300w, https:\/\/turismoburgos.digital\/wp-content\/uploads\/2022\/02\/12971550-389x291.jpg 389w, https:\/\/turismoburgos.digital\/wp-content\/uploads\/2022\/02\/12971550-414x310.jpg 414w, https:\/\/turismoburgos.digital\/wp-content\/uploads\/2022\/02\/12971550-512x384.jpg 512w\" sizes=\"(max-width: 1244px) 100vw, 1244px\" \/><\/figure>\n\n\n\n<hr class=\"wp-block-separator\"\/>\n\n\n\n<p><strong>Plaza Rey San Fernando, s\/n<\/strong><br><strong>09003 Burgos<\/strong><\/p>\n\n\n\n<p><a href=\"https:\/\/es.wikipedia.org\/wiki\/Arco_de_Santa_Mar%C3%ADa\" target=\"_blank\" rel=\"noreferrer noopener\">https:\/\/es.wikipedia.org\/wiki\/Arco_de_Santa_Mar%C3%ADa<\/a><\/p>\n\n\n\n<hr class=\"wp-block-separator\"\/>\n\n\n\n<div class=\"wp-container-1 wp-block-buttons\">\n<div class=\"wp-block-button\"><a class=\"wp-block-button__link\" href=\"https:\/\/www.google.com\/maps\/place\/Arco+de+Santa+Mar%C3%ADa\/@42.3397626,-3.7038379,15z\/data=!4m2!3m1!1s0x0:0xd7c96d435c8bf9e7?sa=X&amp;ved=2ahUKEwijgPPf9pL2AhX5hXIEHZWuAjMQ_BJ6BAguEAU\" target=\"_blank\" rel=\"noreferrer noopener\">C\u00f3mo llegar<\/a><\/div>\n<\/div>\n\n\n\n<hr class=\"wp-block-separator\"\/>\n\n\n\n<hr class=\"wp-block-separator\"\/>\n","protected":false},"excerpt":{"rendered":"<p>Frente al puente de Santa Mar\u00eda, hecho y rehecho en varias ocasiones, se alzan la torre y el arco del mismo nombre. Fu\u00e9 la puerta &hellip;<\/p>\n","protected":false},"author":1,"featured_media":1344,"parent":0,"menu_order":0,"comment_status":"closed","ping_status":"closed","template":"","meta":{"_monsterinsights_skip_tracking":false,"_monsterinsights_sitenote_active":false,"_monsterinsights_sitenote_note":"","_monsterinsights_sitenote_category":0},"_links":{"self":[{"href":"https:\/\/turismoburgos.digital\/index.php\/wp-json\/wp\/v2\/pages\/175"}],"collection":[{"href":"https:\/\/turismoburgos.digital\/index.php\/wp-json\/wp\/v2\/pages"}],"about":[{"href":"https:\/\/turismoburgos.digital\/index.php\/wp-json\/wp\/v2\/types\/page"}],"author":[{"embeddable":true,"href":"https:\/\/turismoburgos.digital\/index.php\/wp-json\/wp\/v2\/users\/1"}],"replies":[{"embeddable":true,"href":"https:\/\/turismoburgos.digital\/index.php\/wp-json\/wp\/v2\/comments?post=175"}],"version-history":[{"count":3,"href":"https:\/\/turismoburgos.digital\/index.php\/wp-json\/wp\/v2\/pages\/175\/revisions"}],"predecessor-version":[{"id":1345,"href":"https:\/\/turismoburgos.digital\/index.php\/wp-json\/wp\/v2\/pages\/175\/revisions\/1345"}],"wp:featuredmedia":[{"embeddable":true,"href":"https:\/\/turismoburgos.digital\/index.php\/wp-json\/wp\/v2\/media\/1344"}],"wp:attachment":[{"href":"https:\/\/turismoburgos.digital\/index.php\/wp-json\/wp\/v2\/media?parent=175"}],"curies":[{"name":"wp","href":"https:\/\/api.w.org\/{rel}","templated":true}]}}