{"id":172,"date":"2022-02-20T21:44:04","date_gmt":"2022-02-20T21:44:04","guid":{"rendered":"http:\/\/turismoburgos.digital\/?page_id=172"},"modified":"2022-03-12T07:42:34","modified_gmt":"2022-03-12T07:42:34","slug":"arco-de-san-gil","status":"publish","type":"page","link":"https:\/\/turismoburgos.digital\/index.php\/arco-de-san-gil\/","title":{"rendered":"Arco de San Gil"},"content":{"rendered":"\n<hr class=\"wp-block-separator\"\/>\n\n\n\n<figure class=\"wp-block-image size-large is-resized\"><img loading=\"lazy\" src=\"http:\/\/turismoburgos.digital\/wp-content\/uploads\/2022\/02\/Burgos-arco-de-San-Gil-2-1024x768.jpg\" alt=\"\" class=\"wp-image-723\" width=\"1240\" height=\"931\" srcset=\"https:\/\/turismoburgos.digital\/wp-content\/uploads\/2022\/02\/Burgos-arco-de-San-Gil-2-1024x768.jpg 1024w, https:\/\/turismoburgos.digital\/wp-content\/uploads\/2022\/02\/Burgos-arco-de-San-Gil-2-300x225.jpg 300w, https:\/\/turismoburgos.digital\/wp-content\/uploads\/2022\/02\/Burgos-arco-de-San-Gil-2-768x576.jpg 768w, https:\/\/turismoburgos.digital\/wp-content\/uploads\/2022\/02\/Burgos-arco-de-San-Gil-2-1536x1152.jpg 1536w, https:\/\/turismoburgos.digital\/wp-content\/uploads\/2022\/02\/Burgos-arco-de-San-Gil-2-389x292.jpg 389w, https:\/\/turismoburgos.digital\/wp-content\/uploads\/2022\/02\/Burgos-arco-de-San-Gil-2-414x311.jpg 414w, https:\/\/turismoburgos.digital\/wp-content\/uploads\/2022\/02\/Burgos-arco-de-San-Gil-2-800x600.jpg 800w, https:\/\/turismoburgos.digital\/wp-content\/uploads\/2022\/02\/Burgos-arco-de-San-Gil-2-512x384.jpg 512w, https:\/\/turismoburgos.digital\/wp-content\/uploads\/2022\/02\/Burgos-arco-de-San-Gil-2.jpg 1600w\" sizes=\"(max-width: 1240px) 100vw, 1240px\" \/><figcaption>Arco de San Gil<\/figcaption><\/figure>\n\n\n\n<hr class=\"wp-block-separator\"\/>\n\n\n\n<p><strong>Puerta de la muralla, reformada en el siglo XVI.<\/strong><br><strong>&nbsp;&nbsp;&nbsp;&nbsp;&nbsp;El arco de San Gil se levanta junto a la iglesia de San Gil Abad.<\/strong><br><strong>&nbsp;&nbsp;&nbsp;&nbsp;&nbsp;Uno de sus torreones, hoy sedaparecido, estaba adosado a la iglesia y en \u00e9l eran acogidas las &#8220;emparedadas&#8221;, mujeres que tomaban la decisi\u00f3n de alejarse del mundo llevando una vida de penitencia y oraci\u00f3n. Se comunicaban con la iglesia por una escalera de caracol situada en forma de cubo en la capilla del Sant\u00edsimo Cristo.<\/strong><br><strong>&nbsp;&nbsp;&nbsp;&nbsp;&nbsp;El Arco de San Gil es una antigua puerta de la muralla de la ciudad que desempe\u00f1aba funciones de torre defensiva y de prisi\u00f3n. En el sector contiguo a este arco era donde la muralla alcanzaba mayor altura y donde m\u00e1s torres efensivas hab\u00eda.<\/strong><br><strong>&nbsp;&nbsp;&nbsp;&nbsp;&nbsp;La actual configuraci\u00f3n del arco data de la reforma realizada en el siglo XVI y es obra de Juan Vallejo y cuenta con el escudo de la ciudad.<\/strong><\/p>\n\n\n\n<hr class=\"wp-block-separator\"\/>\n\n\n\n<figure class=\"wp-block-image size-full is-resized\"><img loading=\"lazy\" src=\"http:\/\/turismoburgos.digital\/wp-content\/uploads\/2022\/02\/arco-de-san-gil.jpg\" alt=\"\" class=\"wp-image-725\" width=\"1243\" height=\"1662\" srcset=\"https:\/\/turismoburgos.digital\/wp-content\/uploads\/2022\/02\/arco-de-san-gil.jpg 337w, https:\/\/turismoburgos.digital\/wp-content\/uploads\/2022\/02\/arco-de-san-gil-225x300.jpg 225w\" sizes=\"(max-width: 1243px) 100vw, 1243px\" \/><\/figure>\n\n\n\n<figure class=\"wp-block-image size-full is-resized\"><img loading=\"lazy\" src=\"http:\/\/turismoburgos.digital\/wp-content\/uploads\/2022\/02\/puerta-de-san-gil.jpg\" alt=\"\" class=\"wp-image-726\" width=\"1240\" height=\"699\" srcset=\"https:\/\/turismoburgos.digital\/wp-content\/uploads\/2022\/02\/puerta-de-san-gil.jpg 320w, https:\/\/turismoburgos.digital\/wp-content\/uploads\/2022\/02\/puerta-de-san-gil-300x169.jpg 300w\" sizes=\"(max-width: 1240px) 100vw, 1240px\" \/><\/figure>\n\n\n\n<hr class=\"wp-block-separator\"\/>\n\n\n\n<p><strong>Calle San Francisco, 6<\/strong><br><strong>09003 Burgos<\/strong><\/p>\n\n\n\n<figure class=\"wp-block-embed is-type-link is-provider-burgospedia-la-enciclopedia-del-conocimiento-burgales wp-block-embed-burgospedia-la-enciclopedia-del-conocimiento-burgales\"><div class=\"wp-block-embed__wrapper\">\n<a href=\"https:\/\/burgospedia1.wordpress.com\/2010\/03\/05\/arco-de-san-gil\/\">ARCO DE SAN&nbsp;GIL<\/a>\n<\/div><figcaption><a href=\"https:\/\/burgospedia1.wordpress.com\/2010\/03\/05\/arco-de-san-gil\/\" target=\"_blank\" rel=\"noreferrer noopener\">https:\/\/burgospedia1.wordpress.com\/2010\/03\/05\/arco-de-san-gil\/<\/a><\/figcaption><\/figure>\n\n\n\n<hr class=\"wp-block-separator\"\/>\n\n\n\n<div class=\"wp-container-1 wp-block-buttons\">\n<div class=\"wp-block-button\"><a class=\"wp-block-button__link\" href=\"https:\/\/www.google.com\/maps\/place\/Arco+de+San+Gil\/@42.3436606,-3.7026283,15z\/data=!4m2!3m1!1s0x0:0xfa9cd7dc07398054?sa=X&amp;ved=2ahUKEwi-4cKn8ZL2AhUmknIEHXvmDY0Q_BJ6BAgyEAU\" target=\"_blank\" rel=\"noreferrer noopener\">C\u00f3mo llegar<\/a><\/div>\n<\/div>\n\n\n\n<hr class=\"wp-block-separator\"\/>\n\n\n\n<hr class=\"wp-block-separator\"\/>\n","protected":false},"excerpt":{"rendered":"<p>Puerta de la muralla, reformada en el siglo XVI.&nbsp;&nbsp;&nbsp;&nbsp;&nbsp;El arco de San Gil se levanta junto a la iglesia de San Gil Abad.&nbsp;&nbsp;&nbsp;&nbsp;&nbsp;Uno de sus &hellip;<\/p>\n","protected":false},"author":1,"featured_media":1338,"parent":0,"menu_order":0,"comment_status":"closed","ping_status":"closed","template":"","meta":{"_monsterinsights_skip_tracking":false,"_monsterinsights_sitenote_active":false,"_monsterinsights_sitenote_note":"","_monsterinsights_sitenote_category":0},"_links":{"self":[{"href":"https:\/\/turismoburgos.digital\/index.php\/wp-json\/wp\/v2\/pages\/172"}],"collection":[{"href":"https:\/\/turismoburgos.digital\/index.php\/wp-json\/wp\/v2\/pages"}],"about":[{"href":"https:\/\/turismoburgos.digital\/index.php\/wp-json\/wp\/v2\/types\/page"}],"author":[{"embeddable":true,"href":"https:\/\/turismoburgos.digital\/index.php\/wp-json\/wp\/v2\/users\/1"}],"replies":[{"embeddable":true,"href":"https:\/\/turismoburgos.digital\/index.php\/wp-json\/wp\/v2\/comments?post=172"}],"version-history":[{"count":3,"href":"https:\/\/turismoburgos.digital\/index.php\/wp-json\/wp\/v2\/pages\/172\/revisions"}],"predecessor-version":[{"id":1339,"href":"https:\/\/turismoburgos.digital\/index.php\/wp-json\/wp\/v2\/pages\/172\/revisions\/1339"}],"wp:featuredmedia":[{"embeddable":true,"href":"https:\/\/turismoburgos.digital\/index.php\/wp-json\/wp\/v2\/media\/1338"}],"wp:attachment":[{"href":"https:\/\/turismoburgos.digital\/index.php\/wp-json\/wp\/v2\/media?parent=172"}],"curies":[{"name":"wp","href":"https:\/\/api.w.org\/{rel}","templated":true}]}}